{"id":18505,"date":"2022-05-30T16:14:53","date_gmt":"2022-05-30T14:14:53","guid":{"rendered":"https:\/\/www.v-label.com\/branches\/"},"modified":"2023-01-12T09:52:34","modified_gmt":"2023-01-12T08:52:34","slug":"informacion-general","status":"publish","type":"page","link":"https:\/\/www.v-label.com\/arg\/informacion-general\/","title":{"rendered":"Informaci\u00f3n general"},"content":{"rendered":"\n<p>El mercado global de ingredientes a base plantas ha alcanzado un r\u00e9cord de ventas durante muchos a\u00f1os y se espera que crezca un 8,94% anual durante el periodo 2019-2025. Mientras que en 2018, estaba valorado en unas ventas de 10.660 millones USD, se espera que alcance los 27.980 millones en 2027.<\/p>\n\n\n\n<p>A nivel mundial, los consumidores est\u00e1n buscando cada vez m\u00e1s productos saludables, \u00e9ticos y asequibles con un impacto ambiental, lo cual motiva la alta demanda de alternativas veganas y vegetarianas. Cada vez m\u00e1s empresas reconocen los beneficios de satisfacer la creciente necesidad del mercado y ofrecer un rango de productos diverso de origen no animal y de alta calidad.<\/p>\n\n\n\n<p>Los consumidores tambi\u00e9n reclaman cada vez m\u00e1s transparencia en el etiquetado. Desean poder identificar los productos veganos y vegetarianos r\u00e1pidamente y con confianza. G\u00fctesiegel Monitor calific\u00f3 V-Label como uno de los tres sellos alimentarios que generan mayor confianza en Alemania en 2020. El etiquetado por parte de organizaciones independientes ofrece mayor confianza a los consumidores que las etiquetas propias del fabricante \u2013 solo en Alemania, el 60% piensa que una instituci\u00f3n medioambiental realiza inspecciones m\u00e1s congruentes que las etiquetas privadas.<\/p>\n\n\n\r\n<ul id=\"pagelinks-block_aef6457b66e71e9239daf6ce3f81b42f\" class=\"wp-block-pagelinks alignwide\">\r\n\t\t\t\t\t\t<li>\r\n\t\t\t\t<article>\r\n\t\t\t\t\t\t\t\t\t\t\t<a href=\"https:\/\/www.v-label.com\/arg\/informacion-general\/non-food\/\" class=\"post_thumbnail\">\r\n\t\t\t\t\t\t\t<img decoding=\"async\" width=\"904\" height=\"692\" src=\"https:\/\/www.v-label.com\/wp-content\/uploads\/2022\/12\/v-label-non-food-sectors-904x692.jpg\" class=\"attachment-preview size-preview wp-post-image\" alt=\"\" \/>\t\t\t\t\t\t<\/a>\r\n\t\t\t\t\t\t\t\t\t\t<div class=\"inner\">\r\n\t\t\t\t\t\t<div class=\"inner_top\">\r\n\t\t\t\t\t\t\t<header>\r\n\t\t\t\t\t\t\t\t<h3>\r\n\t\t\t\t\t\t\t\t\t<a href=\"https:\/\/www.v-label.com\/arg\/informacion-general\/non-food\/\">No Alimentos<\/a>\r\n\t\t\t\t\t\t\t\t<\/h3>\r\n\t\t\t\t\t\t\t\t\t\t\t\t\t\t\t<\/header>\r\n\t\t\t\t\t\t\t\t\t\t\t\t\t\t\t<div class=\"excerpt\">\r\n\t\t\t\t\t\t\t\t\t<p>Una industria en auge durante los pr\u00f3ximos a\u00f1os, la moda vegana y libre de crueldad ya se considera genial y lujosa. El mercado mundial de la moda femenina vegana se valor\u00f3 en 396.300 millones de d\u00f3lares en 2019 y se espera que crezca a un ritmo del 13,6% hacia 2027, seg\u00fan Statista.com. El mercado del [&hellip;]<\/p>\r\n\t\t\t\t\t\t\t\t<\/div>\r\n\t\t\t\t\t\t\t\t\t\t\t\t\t<\/div>\r\n\t\t\t\t\t\t<a href=\"https:\/\/www.v-label.com\/arg\/informacion-general\/non-food\/\" class=\"read_more\">Read more<\/a>\r\n\t\t\t\t\t<\/div>\r\n\t\t\t\t<\/article>\r\n\t\t\t<\/li>\r\n\t\t\t\t\t<li>\r\n\t\t\t\t<article>\r\n\t\t\t\t\t\t\t\t\t\t\t<a href=\"https:\/\/www.v-label.com\/arg\/informacion-general\/gastronomy\/\" class=\"post_thumbnail\">\r\n\t\t\t\t\t\t\t<img decoding=\"async\" width=\"904\" height=\"720\" src=\"https:\/\/www.v-label.com\/wp-content\/uploads\/2022\/12\/gastronomy-1280-904x720.jpg\" class=\"attachment-preview size-preview wp-post-image\" alt=\"\" \/>\t\t\t\t\t\t<\/a>\r\n\t\t\t\t\t\t\t\t\t\t<div class=\"inner\">\r\n\t\t\t\t\t\t<div class=\"inner_top\">\r\n\t\t\t\t\t\t\t<header>\r\n\t\t\t\t\t\t\t\t<h3>\r\n\t\t\t\t\t\t\t\t\t<a href=\"https:\/\/www.v-label.com\/arg\/informacion-general\/gastronomy\/\">Gastronom\u00eda<\/a>\r\n\t\t\t\t\t\t\t\t<\/h3>\r\n\t\t\t\t\t\t\t\t\t\t\t\t\t\t\t<\/header>\r\n\t\t\t\t\t\t\t\t\t\t\t\t\t\t\t<div class=\"excerpt\">\r\n\t\t\t\t\t\t\t\t\t<p>Desde cafeter\u00edas hasta restaurantes de alta gama, bistr\u00f3s y tiendas pop-up, la industria de servicios de alimentos es casi igual en tama\u00f1o a la venta al por menor de alimentos. Durante la \u00faltima d\u00e9cada, los consumidores menores de 40 a\u00f1os han aumentado su ingesta de vegetales frescos en un 52%, seg\u00fan el Global Variability in [&hellip;]<\/p>\r\n\t\t\t\t\t\t\t\t<\/div>\r\n\t\t\t\t\t\t\t\t\t\t\t\t\t<\/div>\r\n\t\t\t\t\t\t<a href=\"https:\/\/www.v-label.com\/arg\/informacion-general\/gastronomy\/\" class=\"read_more\">Read more<\/a>\r\n\t\t\t\t\t<\/div>\r\n\t\t\t\t<\/article>\r\n\t\t\t<\/li>\r\n\t\t\t\t\t<li>\r\n\t\t\t\t<article>\r\n\t\t\t\t\t\t\t\t\t\t\t<a href=\"https:\/\/www.v-label.com\/arg\/informacion-general\/cosmetics\/\" class=\"post_thumbnail\">\r\n\t\t\t\t\t\t\t<img decoding=\"async\" width=\"904\" height=\"720\" src=\"https:\/\/www.v-label.com\/wp-content\/uploads\/2022\/12\/cosmetics-1280-904x720.jpg\" class=\"attachment-preview size-preview wp-post-image\" alt=\"\" \/>\t\t\t\t\t\t<\/a>\r\n\t\t\t\t\t\t\t\t\t\t<div class=\"inner\">\r\n\t\t\t\t\t\t<div class=\"inner_top\">\r\n\t\t\t\t\t\t\t<header>\r\n\t\t\t\t\t\t\t\t<h3>\r\n\t\t\t\t\t\t\t\t\t<a href=\"https:\/\/www.v-label.com\/arg\/informacion-general\/cosmetics\/\">Cosm\u00e9ticos y productos de limpieza<\/a>\r\n\t\t\t\t\t\t\t\t<\/h3>\r\n\t\t\t\t\t\t\t\t\t\t\t\t\t\t\t<\/header>\r\n\t\t\t\t\t\t\t\t\t\t\t\t\t\t\t<div class=\"excerpt\">\r\n\t\t\t\t\t\t\t\t\t<p>Comodidad, cuidar la propia salud, y una demanda de productos libres de crueldad. Esas son las tres razones principales por las que el mercado global de cosm\u00e9tica vegana se espera que alcance los 20.800 millones de d\u00f3lares en 2025, creciendo a un ritmo del 6,3%, seg\u00fan el informe de 2018 Vegan Cosmetics Market Size, Share [&hellip;]<\/p>\r\n\t\t\t\t\t\t\t\t<\/div>\r\n\t\t\t\t\t\t\t\t\t\t\t\t\t<\/div>\r\n\t\t\t\t\t\t<a href=\"https:\/\/www.v-label.com\/arg\/informacion-general\/cosmetics\/\" class=\"read_more\">Read more<\/a>\r\n\t\t\t\t\t<\/div>\r\n\t\t\t\t<\/article>\r\n\t\t\t<\/li>\r\n\t\t\t\t\t<li>\r\n\t\t\t\t<article>\r\n\t\t\t\t\t\t\t\t\t\t\t<a href=\"https:\/\/www.v-label.com\/arg\/informacion-general\/food\/\" class=\"post_thumbnail\">\r\n\t\t\t\t\t\t\t<img decoding=\"async\" width=\"904\" height=\"720\" src=\"https:\/\/www.v-label.com\/wp-content\/uploads\/2022\/12\/v-label-food-sector-904x720.jpg\" class=\"attachment-preview size-preview wp-post-image\" alt=\"\" \/>\t\t\t\t\t\t<\/a>\r\n\t\t\t\t\t\t\t\t\t\t<div class=\"inner\">\r\n\t\t\t\t\t\t<div class=\"inner_top\">\r\n\t\t\t\t\t\t\t<header>\r\n\t\t\t\t\t\t\t\t<h3>\r\n\t\t\t\t\t\t\t\t\t<a href=\"https:\/\/www.v-label.com\/arg\/informacion-general\/food\/\">Alimentaci\u00f3n<\/a>\r\n\t\t\t\t\t\t\t\t<\/h3>\r\n\t\t\t\t\t\t\t\t\t\t\t\t\t\t\t<\/header>\r\n\t\t\t\t\t\t\t\t\t\t\t\t\t\t\t<div class=\"excerpt\">\r\n\t\t\t\t\t\t\t\t\t<p>\u00bfSab\u00eda que, seg\u00fan Euromonitor International, el mercado de productos de base vegetal en Europa Occidental ha duplicado su volumen en la \u00faltima d\u00e9cada, representando el 38,5% del total de ventas globales? Mientras que el mercado global de alimentos de base vegetal se espera que crezca a un ritmo del 8,94%, el propio sector de la [&hellip;]<\/p>\r\n\t\t\t\t\t\t\t\t<\/div>\r\n\t\t\t\t\t\t\t\t\t\t\t\t\t<\/div>\r\n\t\t\t\t\t\t<a href=\"https:\/\/www.v-label.com\/arg\/informacion-general\/food\/\" class=\"read_more\">Read more<\/a>\r\n\t\t\t\t\t<\/div>\r\n\t\t\t\t<\/article>\r\n\t\t\t<\/li>\r\n\t\t\t<\/ul>","protected":false},"excerpt":{"rendered":"<p>El mercado global de ingredientes a base plantas ha alcanzado un r\u00e9cord de ventas durante muchos a\u00f1os y se espera que crezca un 8,94% anual durante el periodo 2019-2025. Mientras que en 2018, estaba valorado en unas ventas de 10.660 millones USD, se espera que alcance los 27.980 millones en 2027. A nivel mundial, los [&hellip;]<\/p>\n","protected":false},"author":5,"featured_media":18507,"parent":0,"menu_order":0,"comment_status":"closed","ping_status":"closed","template":"","meta":{"_acf_changed":false,"_editorskit_title_hidden":false,"_editorskit_reading_time":0,"_editorskit_is_block_options_detached":false,"_editorskit_block_options_position":"{}","inline_featured_image":false,"_uag_custom_page_level_css":"","footnotes":""},"categories":[],"tags":[],"class_list":["post-18505","page","type-page","status-publish","has-post-thumbnail","hentry"],"acf":[],"uagb_featured_image_src":{"full":["https:\/\/www.v-label.com\/wp-content\/uploads\/2022\/12\/v-label-general-info-sectors.jpg",1280,716,false],"thumbnail":["https:\/\/www.v-label.com\/wp-content\/uploads\/2022\/12\/v-label-general-info-sectors-500x280.jpg",500,280,true],"medium":["https:\/\/www.v-label.com\/wp-content\/uploads\/2022\/12\/v-label-general-info-sectors-300x168.jpg",300,168,true],"medium_large":["https:\/\/www.v-label.com\/wp-content\/uploads\/2022\/12\/v-label-general-info-sectors-768x430.jpg",768,430,true],"large":["https:\/\/www.v-label.com\/wp-content\/uploads\/2022\/12\/v-label-general-info-sectors-1024x573.jpg",1024,573,true],"1536x1536":["https:\/\/www.v-label.com\/wp-content\/uploads\/2022\/12\/v-label-general-info-sectors.jpg",1280,716,false],"2048x2048":["https:\/\/www.v-label.com\/wp-content\/uploads\/2022\/12\/v-label-general-info-sectors.jpg",1280,716,false],"preview":["https:\/\/www.v-label.com\/wp-content\/uploads\/2022\/12\/v-label-general-info-sectors-904x716.jpg",904,716,true],"header":["https:\/\/www.v-label.com\/wp-content\/uploads\/2022\/12\/v-label-general-info-sectors.jpg",1280,716,false],"gform-image-choice-sm":["https:\/\/www.v-label.com\/wp-content\/uploads\/2022\/12\/v-label-general-info-sectors.jpg",300,168,false],"gform-image-choice-md":["https:\/\/www.v-label.com\/wp-content\/uploads\/2022\/12\/v-label-general-info-sectors.jpg",400,224,false],"gform-image-choice-lg":["https:\/\/www.v-label.com\/wp-content\/uploads\/2022\/12\/v-label-general-info-sectors.jpg",600,336,false]},"uagb_author_info":{"display_name":"Can Aslan","author_link":"https:\/\/www.v-label.com\/arg"},"uagb_comment_info":0,"uagb_excerpt":"El mercado global de ingredientes a base plantas ha alcanzado un r\u00e9cord de ventas durante muchos a\u00f1os y se espera que crezca un 8,94% anual durante el periodo 2019-2025. Mientras que en 2018, estaba valorado en unas ventas de 10.660 millones USD, se espera que alcance los 27.980 millones en 2027. A nivel mundial, los&hellip;","_links":{"self":[{"href":"https:\/\/www.v-label.com\/arg\/wp-json\/wp\/v2\/pages\/18505","targetHints":{"allow":["GET"]}}],"collection":[{"href":"https:\/\/www.v-label.com\/arg\/wp-json\/wp\/v2\/pages"}],"about":[{"href":"https:\/\/www.v-label.com\/arg\/wp-json\/wp\/v2\/types\/page"}],"author":[{"embeddable":true,"href":"https:\/\/www.v-label.com\/arg\/wp-json\/wp\/v2\/users\/5"}],"replies":[{"embeddable":true,"href":"https:\/\/www.v-label.com\/arg\/wp-json\/wp\/v2\/comments?post=18505"}],"version-history":[{"count":2,"href":"https:\/\/www.v-label.com\/arg\/wp-json\/wp\/v2\/pages\/18505\/revisions"}],"predecessor-version":[{"id":41724,"href":"https:\/\/www.v-label.com\/arg\/wp-json\/wp\/v2\/pages\/18505\/revisions\/41724"}],"wp:featuredmedia":[{"embeddable":true,"href":"https:\/\/www.v-label.com\/arg\/wp-json\/wp\/v2\/media\/18507"}],"wp:attachment":[{"href":"https:\/\/www.v-label.com\/arg\/wp-json\/wp\/v2\/media?parent=18505"}],"wp:term":[{"taxonomy":"category","embeddable":true,"href":"https:\/\/www.v-label.com\/arg\/wp-json\/wp\/v2\/categories?post=18505"},{"taxonomy":"post_tag","embeddable":true,"href":"https:\/\/www.v-label.com\/arg\/wp-json\/wp\/v2\/tags?post=18505"}],"curies":[{"name":"wp","href":"https:\/\/api.w.org\/{rel}","templated":true}]}}