{"id":18520,"date":"2022-09-09T10:47:40","date_gmt":"2022-09-09T08:47:40","guid":{"rendered":"https:\/\/www.v-label.com\/general-information\/certified-products\/"},"modified":"2024-07-09T12:50:38","modified_gmt":"2024-07-09T10:50:38","slug":"certified-products","status":"publish","type":"page","link":"https:\/\/www.v-label.com\/arg\/informacion-general-para-consumidores\/certified-products\/","title":{"rendered":"Productos Certificados"},"content":{"rendered":"\n<p>Siendo la producci\u00f3n de alimentos responsable de una cuarta parte de las emisiones de gases de efecto invernadero del mundo, y con cada vez m\u00e1s personas preocupadas por el cambio clim\u00e1tico, estudios recientes muestran que si deseas reducir las emisiones de gases de efecto invernadero a nivel personal, deber\u00edas <strong>concentrarte en qu\u00e9 comes m\u00e1s que en si tu comida es local<\/strong>.<a href=\"https:\/\/ourworldindata.org\/food-choice-vs-eating-local#licence\" target=\"_blank\" rel=\"noopener\"><sup>1<\/sup><\/a><\/p>\n\n\n\n<p>Puedes, pero no tienes que hacerlo, ser 100% vegano para disfrutar de la creciente variedad de opciones a base de vegetales. La comida vegana y vegetariana es saludable, saciante, pr\u00e1ctica, f\u00e1cil de preparar y atractiva. Adem\u00e1s de ser \u00e9tica y sostenible, es una expresi\u00f3n de la propia identidad.<\/p>\n\n\n\n<p>Actualmente m\u00e1s de 70.000 productos llevan la V-Label. Te presentamos una excelente selecci\u00f3n de algunos de los productos certificados para inspirar tu pr\u00f3xima compra.<\/p>\n\n\n\n<h3 class=\"wp-block-heading has-text-align-center\"><strong>Haz que tu compra cuente<\/strong><\/h3>\n\n\n\n<div class=\"wp-block-group alignwide is-content-justification-center is-nowrap is-layout-flex wp-container-core-group-is-layout-499140ed wp-block-group-is-layout-flex\">\n<figure class=\"wp-block-image size-thumbnail is-resized\"><img decoding=\"async\" width=\"500\" height=\"500\" src=\"https:\/\/www.v-label.com\/wp-content\/uploads\/2022\/07\/logo-vlabel-favicon-500x500.png\" alt=\"\" class=\"wp-image-331\" style=\"width:50px;height:50px\" srcset=\"https:\/\/www.v-label.com\/wp-content\/uploads\/2022\/07\/logo-vlabel-favicon-500x500.png 500w, https:\/\/www.v-label.com\/wp-content\/uploads\/2022\/07\/logo-vlabel-favicon-300x300.png 300w, https:\/\/www.v-label.com\/wp-content\/uploads\/2022\/07\/logo-vlabel-favicon-768x768.png 768w, https:\/\/www.v-label.com\/wp-content\/uploads\/2022\/07\/logo-vlabel-favicon.png 852w\" sizes=\"(max-width: 500px) 100vw, 500px\" \/><\/figure>\n<\/div>\n\n\n\n<div class=\"wp-block-columns is-layout-flex wp-container-core-columns-is-layout-9d6595d7 wp-block-columns-is-layout-flex\">\n<div class=\"wp-block-column is-layout-flow wp-block-column-is-layout-flow\">\n<figure class=\"wp-block-image size-medium\"><img decoding=\"async\" width=\"300\" height=\"200\" src=\"https:\/\/www.v-label.com\/wp-content\/uploads\/2022\/12\/meat-alternatives-1280-300x200.jpg\" alt=\"\" class=\"wp-image-18603\" srcset=\"https:\/\/www.v-label.com\/wp-content\/uploads\/2022\/12\/meat-alternatives-1280-300x200.jpg 300w, https:\/\/www.v-label.com\/wp-content\/uploads\/2022\/12\/meat-alternatives-1280-1024x682.jpg 1024w, https:\/\/www.v-label.com\/wp-content\/uploads\/2022\/12\/meat-alternatives-1280-500x333.jpg 500w, https:\/\/www.v-label.com\/wp-content\/uploads\/2022\/12\/meat-alternatives-1280-768x511.jpg 768w, https:\/\/www.v-label.com\/wp-content\/uploads\/2022\/12\/meat-alternatives-1280.jpg 1280w\" sizes=\"(max-width: 300px) 100vw, 300px\" \/><\/figure>\n\n\n\n<h2 class=\"wp-block-heading\"><a href=\"https:\/\/www.v-label.com\/arg\/general-information\/certified-products\/meat-alternatives\/\" data-type=\"page\" data-id=\"1016\"><strong>Alternativas de la carne<\/strong><\/a><\/h2>\n\n\n\n<p>Avances en los ingredientes, reconocimiento popular e infinitas posibilidades de aumento. Tres razones por las que las alternativas a la carne no solo est\u00e1n creciendo exponencialmente, sino que tambi\u00e9n acercan mucho m\u00e1s el futuro de c\u00f3mo consumiremos los alimentos. \u00a1Navega y satisface tu paladar!<\/p>\n<\/div>\n\n\n\n<div class=\"wp-block-column is-layout-flow wp-block-column-is-layout-flow\">\n<figure class=\"wp-block-image size-medium\"><img decoding=\"async\" width=\"300\" height=\"200\" src=\"https:\/\/www.v-label.com\/wp-content\/uploads\/2022\/12\/ready-meals-1280-300x200.jpg\" alt=\"\" class=\"wp-image-18572\" srcset=\"https:\/\/www.v-label.com\/wp-content\/uploads\/2022\/12\/ready-meals-1280-300x200.jpg 300w, https:\/\/www.v-label.com\/wp-content\/uploads\/2022\/12\/ready-meals-1280-1024x682.jpg 1024w, https:\/\/www.v-label.com\/wp-content\/uploads\/2022\/12\/ready-meals-1280-500x333.jpg 500w, https:\/\/www.v-label.com\/wp-content\/uploads\/2022\/12\/ready-meals-1280-768x511.jpg 768w, https:\/\/www.v-label.com\/wp-content\/uploads\/2022\/12\/ready-meals-1280.jpg 1280w\" sizes=\"(max-width: 300px) 100vw, 300px\" \/><\/figure>\n\n\n\n<h2 class=\"wp-block-heading\"><a href=\"https:\/\/www.v-label.com\/arg\/general-information\/certified-products\/ready-made-meals\/\" data-type=\"page\" data-id=\"1327\"><strong>Platos preparados<\/strong><\/a><\/h2>\n\n\n\n<p>Los almuerzos para llevar ya no tienen que ser un sacrificio. Saludable, sabroso y vegetariano es el lema de la mayor\u00eda de los minoristas principales, que llenan las secciones de congelados con pizzas a base de vegetales y ofrecen una amplia gama de cocinas, desde sopas dahl preparadas hasta chilli sin carne.<\/p>\n<\/div>\n\n\n\n<div class=\"wp-block-column is-layout-flow wp-block-column-is-layout-flow\">\n<figure class=\"wp-block-image size-medium\"><img decoding=\"async\" width=\"300\" height=\"200\" src=\"https:\/\/www.v-label.com\/wp-content\/uploads\/2022\/12\/sweets-1280-300x200.jpg\" alt=\"\" class=\"wp-image-18566\" srcset=\"https:\/\/www.v-label.com\/wp-content\/uploads\/2022\/12\/sweets-1280-300x200.jpg 300w, https:\/\/www.v-label.com\/wp-content\/uploads\/2022\/12\/sweets-1280-1024x682.jpg 1024w, https:\/\/www.v-label.com\/wp-content\/uploads\/2022\/12\/sweets-1280-500x333.jpg 500w, https:\/\/www.v-label.com\/wp-content\/uploads\/2022\/12\/sweets-1280-768x512.jpg 768w, https:\/\/www.v-label.com\/wp-content\/uploads\/2022\/12\/sweets-1280.jpg 1280w\" sizes=\"(max-width: 300px) 100vw, 300px\" \/><\/figure>\n\n\n\n<h2 class=\"wp-block-heading\"><a href=\"https:\/\/www.v-label.com\/arg\/general-information\/certified-products\/sweets\/\" data-type=\"page\" data-id=\"1329\"><strong>Dulces<\/strong><\/a><\/h2>\n\n\n\n<p>\u00a1Comprueba si tus tentempi\u00e9s favoritos son verdaderamente vegetarianos o veganos y llena la despensa con chocolate, galletas, patatas fritas y barritas de origen vegetal! Y espera, a\u00fan hay m\u00e1s: no hay que quitarle el ojo al mercado de productos horneados, con pasteles veganos, croissants o incluso rollos de salchicha con un sabor aut\u00e9ntico.<\/p>\n<\/div>\n<\/div>\n\n\n\n<div class=\"wp-block-columns is-layout-flex wp-container-core-columns-is-layout-9d6595d7 wp-block-columns-is-layout-flex\">\n<div class=\"wp-block-column is-layout-flow wp-block-column-is-layout-flow\">\n<figure class=\"wp-block-image size-medium\"><img decoding=\"async\" width=\"300\" height=\"200\" src=\"https:\/\/www.v-label.com\/wp-content\/uploads\/2022\/12\/beverages-1280-300x200.jpg\" alt=\"\" class=\"wp-image-18564\" srcset=\"https:\/\/www.v-label.com\/wp-content\/uploads\/2022\/12\/beverages-1280-300x200.jpg 300w, https:\/\/www.v-label.com\/wp-content\/uploads\/2022\/12\/beverages-1280-1024x682.jpg 1024w, https:\/\/www.v-label.com\/wp-content\/uploads\/2022\/12\/beverages-1280-500x333.jpg 500w, https:\/\/www.v-label.com\/wp-content\/uploads\/2022\/12\/beverages-1280-768x512.jpg 768w, https:\/\/www.v-label.com\/wp-content\/uploads\/2022\/12\/beverages-1280.jpg 1280w\" sizes=\"(max-width: 300px) 100vw, 300px\" \/><\/figure>\n\n\n\n<h2 class=\"wp-block-heading\"><a href=\"https:\/\/www.v-label.com\/arg\/general-information\/certified-products\/beverages\/\" data-type=\"page\" data-id=\"1331\"><strong>Bebidas<\/strong><\/a><\/h2>\n\n\n\n<p>\u00a1Atenci\u00f3n a los animales escondidos en tu bebida favorita! Descubre qu\u00e9 zumos no contienen D3 no vegana, qu\u00e9 vinos no han sido refinados ni filtrados con prote\u00ednas animales, y aseg\u00farate de que tu refresco tambi\u00e9n es 100% vegetal.<\/p>\n<\/div>\n\n\n\n<div class=\"wp-block-column is-layout-flow wp-block-column-is-layout-flow\">\n<figure class=\"wp-block-image size-medium\"><img decoding=\"async\" width=\"300\" height=\"203\" src=\"https:\/\/www.v-label.com\/wp-content\/uploads\/2022\/12\/cosmetics-1280-300x203.jpg\" alt=\"\" class=\"wp-image-18627\" srcset=\"https:\/\/www.v-label.com\/wp-content\/uploads\/2022\/12\/cosmetics-1280-300x203.jpg 300w, https:\/\/www.v-label.com\/wp-content\/uploads\/2022\/12\/cosmetics-1280-1024x694.jpg 1024w, https:\/\/www.v-label.com\/wp-content\/uploads\/2022\/12\/cosmetics-1280-500x339.jpg 500w, https:\/\/www.v-label.com\/wp-content\/uploads\/2022\/12\/cosmetics-1280-768x521.jpg 768w, https:\/\/www.v-label.com\/wp-content\/uploads\/2022\/12\/cosmetics-1280.jpg 1280w\" sizes=\"(max-width: 300px) 100vw, 300px\" \/><\/figure>\n\n\n\n<h2 class=\"wp-block-heading\"><a href=\"https:\/\/www.v-label.com\/arg\/general-information\/certified-products\/cosmetics\/\" data-type=\"page\" data-id=\"1333\"><strong>Productos cosm\u00e9ticos<\/strong><\/a><\/h2>\n\n\n\n<p>Haz tu rutina de belleza con nuestra selecci\u00f3n de productos veganos para el cuidado del cabello y la piel. Desde cremas hidratantes hasta r\u00edmel, elige marcas que utilicen ingredientes puramente minerales o vegetales.<\/p>\n<\/div>\n\n\n\n<div class=\"wp-block-column is-layout-flow wp-block-column-is-layout-flow\">\n<figure class=\"wp-block-image size-medium\"><img decoding=\"async\" width=\"300\" height=\"200\" src=\"https:\/\/www.v-label.com\/wp-content\/uploads\/2022\/12\/non-foods-1280-300x200.jpg\" alt=\"\" class=\"wp-image-18533\" srcset=\"https:\/\/www.v-label.com\/wp-content\/uploads\/2022\/12\/non-foods-1280-300x200.jpg 300w, https:\/\/www.v-label.com\/wp-content\/uploads\/2022\/12\/non-foods-1280-1024x683.jpg 1024w, https:\/\/www.v-label.com\/wp-content\/uploads\/2022\/12\/non-foods-1280-500x334.jpg 500w, https:\/\/www.v-label.com\/wp-content\/uploads\/2022\/12\/non-foods-1280-768x512.jpg 768w, https:\/\/www.v-label.com\/wp-content\/uploads\/2022\/12\/non-foods-1280.jpg 1280w\" sizes=\"(max-width: 300px) 100vw, 300px\" \/><\/figure>\n\n\n\n<h2 class=\"wp-block-heading\"><a href=\"https:\/\/www.v-label.com\/arg\/general-information\/certified-products\/non-food\/\" data-type=\"page\" data-id=\"1337\"><strong>No alimentos<\/strong><\/a><\/h2>\n\n\n\n<p>Ampl\u00eda tu mundo con nuestra gu\u00eda para la vida vegana: desde los libros que lees hasta las imprentas, peluquer\u00edas, esteticistas o incluso salones de tatuajes locales.<\/p>\n<\/div>\n<\/div>\n","protected":false},"excerpt":{"rendered":"<p>Siendo la producci\u00f3n de alimentos responsable de una cuarta parte de las emisiones de gases de efecto invernadero del mundo, y con cada vez m\u00e1s personas preocupadas por el cambio clim\u00e1tico, estudios recientes muestran que si deseas reducir las emisiones de gases de efecto invernadero a nivel personal, deber\u00edas concentrarte en qu\u00e9 comes m\u00e1s que [&hellip;]<\/p>\n","protected":false},"author":5,"featured_media":18521,"parent":18503,"menu_order":0,"comment_status":"closed","ping_status":"closed","template":"","meta":{"_acf_changed":false,"_editorskit_title_hidden":false,"_editorskit_reading_time":0,"_editorskit_is_block_options_detached":false,"_editorskit_block_options_position":"{}","inline_featured_image":false,"_uag_custom_page_level_css":"","footnotes":""},"categories":[],"tags":[],"class_list":["post-18520","page","type-page","status-publish","has-post-thumbnail","hentry"],"acf":[],"uagb_featured_image_src":{"full":["https:\/\/www.v-label.com\/wp-content\/uploads\/2022\/12\/v-label-cert-products.jpg",2000,1339,false],"thumbnail":["https:\/\/www.v-label.com\/wp-content\/uploads\/2022\/12\/v-label-cert-products-500x335.jpg",500,335,true],"medium":["https:\/\/www.v-label.com\/wp-content\/uploads\/2022\/12\/v-label-cert-products-300x201.jpg",300,201,true],"medium_large":["https:\/\/www.v-label.com\/wp-content\/uploads\/2022\/12\/v-label-cert-products-768x514.jpg",768,514,true],"large":["https:\/\/www.v-label.com\/wp-content\/uploads\/2022\/12\/v-label-cert-products-1024x686.jpg",1024,686,true],"1536x1536":["https:\/\/www.v-label.com\/wp-content\/uploads\/2022\/12\/v-label-cert-products-1536x1028.jpg",1536,1028,true],"2048x2048":["https:\/\/www.v-label.com\/wp-content\/uploads\/2022\/12\/v-label-cert-products.jpg",2000,1339,false],"preview":["https:\/\/www.v-label.com\/wp-content\/uploads\/2022\/12\/v-label-cert-products-904x720.jpg",904,720,true],"header":["https:\/\/www.v-label.com\/wp-content\/uploads\/2022\/12\/v-label-cert-products-2000x720.jpg",2000,720,true],"gform-image-choice-sm":["https:\/\/www.v-label.com\/wp-content\/uploads\/2022\/12\/v-label-cert-products.jpg",300,201,false],"gform-image-choice-md":["https:\/\/www.v-label.com\/wp-content\/uploads\/2022\/12\/v-label-cert-products.jpg",400,268,false],"gform-image-choice-lg":["https:\/\/www.v-label.com\/wp-content\/uploads\/2022\/12\/v-label-cert-products.jpg",600,402,false]},"uagb_author_info":{"display_name":"Can Aslan","author_link":"https:\/\/www.v-label.com\/arg"},"uagb_comment_info":0,"uagb_excerpt":"Siendo la producci\u00f3n de alimentos responsable de una cuarta parte de las emisiones de gases de efecto invernadero del mundo, y con cada vez m\u00e1s personas preocupadas por el cambio clim\u00e1tico, estudios recientes muestran que si deseas reducir las emisiones de gases de efecto invernadero a nivel personal, deber\u00edas concentrarte en qu\u00e9 comes m\u00e1s que&hellip;","_links":{"self":[{"href":"https:\/\/www.v-label.com\/arg\/wp-json\/wp\/v2\/pages\/18520","targetHints":{"allow":["GET"]}}],"collection":[{"href":"https:\/\/www.v-label.com\/arg\/wp-json\/wp\/v2\/pages"}],"about":[{"href":"https:\/\/www.v-label.com\/arg\/wp-json\/wp\/v2\/types\/page"}],"author":[{"embeddable":true,"href":"https:\/\/www.v-label.com\/arg\/wp-json\/wp\/v2\/users\/5"}],"replies":[{"embeddable":true,"href":"https:\/\/www.v-label.com\/arg\/wp-json\/wp\/v2\/comments?post=18520"}],"version-history":[{"count":2,"href":"https:\/\/www.v-label.com\/arg\/wp-json\/wp\/v2\/pages\/18520\/revisions"}],"predecessor-version":[{"id":83807,"href":"https:\/\/www.v-label.com\/arg\/wp-json\/wp\/v2\/pages\/18520\/revisions\/83807"}],"up":[{"embeddable":true,"href":"https:\/\/www.v-label.com\/arg\/wp-json\/wp\/v2\/pages\/18503"}],"wp:featuredmedia":[{"embeddable":true,"href":"https:\/\/www.v-label.com\/arg\/wp-json\/wp\/v2\/media\/18521"}],"wp:attachment":[{"href":"https:\/\/www.v-label.com\/arg\/wp-json\/wp\/v2\/media?parent=18520"}],"wp:term":[{"taxonomy":"category","embeddable":true,"href":"https:\/\/www.v-label.com\/arg\/wp-json\/wp\/v2\/categories?post=18520"},{"taxonomy":"post_tag","embeddable":true,"href":"https:\/\/www.v-label.com\/arg\/wp-json\/wp\/v2\/tags?post=18520"}],"curies":[{"name":"wp","href":"https:\/\/api.w.org\/{rel}","templated":true}]}}