{"id":18633,"date":"2022-05-30T16:15:11","date_gmt":"2022-05-30T14:15:11","guid":{"rendered":"https:\/\/www.v-label.com\/branches\/food\/"},"modified":"2022-12-25T09:59:16","modified_gmt":"2022-12-25T08:59:16","slug":"food","status":"publish","type":"page","link":"https:\/\/www.v-label.com\/arg\/informacion-general\/food\/","title":{"rendered":"Alimentaci\u00f3n"},"content":{"rendered":"\n<p>\u00bfSab\u00eda que, seg\u00fan Euromonitor International, el mercado de productos de base vegetal en Europa Occidental ha duplicado su volumen en la \u00faltima d\u00e9cada, representando el 38,5% del total de ventas globales?<\/p>\n\n\n\n<p>Mientras que el mercado global de alimentos de base vegetal se espera que crezca a un ritmo del 8,94%, el propio sector de la prote\u00edna va a acelerarse en un 18%, alcanzando el umbral de los 28.000 millones de d\u00f3lares en 2025. La continua aparici\u00f3n de emprendedores veganos ya apoya las estad\u00edsticas: se centran en satisfacer la creciente demanda de alternativas veganas de carne, pescado, queso, leche, yogur, huevos, pasteler\u00eda, vitaminas y suplementos, todos ellos nichos florecientes. Adem\u00e1s, los productos de estos nichos se han abierto camino en las cadenas tradicionales de alimentaci\u00f3n, y productores consolidados est\u00e1n introduciendo l\u00edneas veganas y vegetarianas.<\/p>\n\n\n\n<p>Curiosamente, esto es solo el comienzo. Seg\u00fan ProVeg International, las crecientes inversiones en innovaci\u00f3n tecnol\u00f3gica garantizan que el sabor, la textura y la sensaci\u00f3n en la boca de estos productos seguir\u00e1n mejorando con m\u00e1s avances en los ingredientes y su proceso. Como la etiqueta vegana y vegetariana m\u00e1s reconocida en el segmento de alimentos, tener la V-Label significa que se beneficia de este crecimiento de mercado sin precedentes.<\/p>\n\n\n\n<div class=\"wp-block-buttons is-content-justification-center is-layout-flex wp-container-core-buttons-is-layout-16018d1d wp-block-buttons-is-layout-flex\">\n<div class=\"wp-block-button\"><a class=\"wp-block-button__link wp-element-button\" href=\"https:\/\/www.v-label.com\/arg\/for-business\/get-certified\/\">Obtenga su certificaci\u00f3n V-Label<\/a><\/div>\n<\/div>\n","protected":false},"excerpt":{"rendered":"<p>\u00bfSab\u00eda que, seg\u00fan Euromonitor International, el mercado de productos de base vegetal en Europa Occidental ha duplicado su volumen en la \u00faltima d\u00e9cada, representando el 38,5% del total de ventas globales? Mientras que el mercado global de alimentos de base vegetal se espera que crezca a un ritmo del 8,94%, el propio sector de la [&hellip;]<\/p>\n","protected":false},"author":5,"featured_media":18634,"parent":18505,"menu_order":0,"comment_status":"closed","ping_status":"closed","template":"","meta":{"_acf_changed":false,"_editorskit_title_hidden":false,"_editorskit_reading_time":0,"_editorskit_is_block_options_detached":false,"_editorskit_block_options_position":"{}","inline_featured_image":false,"_uag_custom_page_level_css":"","footnotes":""},"categories":[],"tags":[],"class_list":["post-18633","page","type-page","status-publish","has-post-thumbnail","hentry"],"acf":[],"uagb_featured_image_src":{"full":["https:\/\/www.v-label.com\/wp-content\/uploads\/2022\/12\/v-label-food-sector.jpg",1280,857,false],"thumbnail":["https:\/\/www.v-label.com\/wp-content\/uploads\/2022\/12\/v-label-food-sector-500x335.jpg",500,335,true],"medium":["https:\/\/www.v-label.com\/wp-content\/uploads\/2022\/12\/v-label-food-sector-300x201.jpg",300,201,true],"medium_large":["https:\/\/www.v-label.com\/wp-content\/uploads\/2022\/12\/v-label-food-sector-768x514.jpg",768,514,true],"large":["https:\/\/www.v-label.com\/wp-content\/uploads\/2022\/12\/v-label-food-sector-1024x686.jpg",1024,686,true],"1536x1536":["https:\/\/www.v-label.com\/wp-content\/uploads\/2022\/12\/v-label-food-sector.jpg",1280,857,false],"2048x2048":["https:\/\/www.v-label.com\/wp-content\/uploads\/2022\/12\/v-label-food-sector.jpg",1280,857,false],"preview":["https:\/\/www.v-label.com\/wp-content\/uploads\/2022\/12\/v-label-food-sector-904x720.jpg",904,720,true],"header":["https:\/\/www.v-label.com\/wp-content\/uploads\/2022\/12\/v-label-food-sector-1280x720.jpg",1280,720,true],"gform-image-choice-sm":["https:\/\/www.v-label.com\/wp-content\/uploads\/2022\/12\/v-label-food-sector.jpg",300,201,false],"gform-image-choice-md":["https:\/\/www.v-label.com\/wp-content\/uploads\/2022\/12\/v-label-food-sector.jpg",400,268,false],"gform-image-choice-lg":["https:\/\/www.v-label.com\/wp-content\/uploads\/2022\/12\/v-label-food-sector.jpg",600,402,false]},"uagb_author_info":{"display_name":"Can Aslan","author_link":"https:\/\/www.v-label.com\/arg"},"uagb_comment_info":0,"uagb_excerpt":"\u00bfSab\u00eda que, seg\u00fan Euromonitor International, el mercado de productos de base vegetal en Europa Occidental ha duplicado su volumen en la \u00faltima d\u00e9cada, representando el 38,5% del total de ventas globales? Mientras que el mercado global de alimentos de base vegetal se espera que crezca a un ritmo del 8,94%, el propio sector de la&hellip;","_links":{"self":[{"href":"https:\/\/www.v-label.com\/arg\/wp-json\/wp\/v2\/pages\/18633","targetHints":{"allow":["GET"]}}],"collection":[{"href":"https:\/\/www.v-label.com\/arg\/wp-json\/wp\/v2\/pages"}],"about":[{"href":"https:\/\/www.v-label.com\/arg\/wp-json\/wp\/v2\/types\/page"}],"author":[{"embeddable":true,"href":"https:\/\/www.v-label.com\/arg\/wp-json\/wp\/v2\/users\/5"}],"replies":[{"embeddable":true,"href":"https:\/\/www.v-label.com\/arg\/wp-json\/wp\/v2\/comments?post=18633"}],"version-history":[{"count":3,"href":"https:\/\/www.v-label.com\/arg\/wp-json\/wp\/v2\/pages\/18633\/revisions"}],"predecessor-version":[{"id":34972,"href":"https:\/\/www.v-label.com\/arg\/wp-json\/wp\/v2\/pages\/18633\/revisions\/34972"}],"up":[{"embeddable":true,"href":"https:\/\/www.v-label.com\/arg\/wp-json\/wp\/v2\/pages\/18505"}],"wp:featuredmedia":[{"embeddable":true,"href":"https:\/\/www.v-label.com\/arg\/wp-json\/wp\/v2\/media\/18634"}],"wp:attachment":[{"href":"https:\/\/www.v-label.com\/arg\/wp-json\/wp\/v2\/media?parent=18633"}],"wp:term":[{"taxonomy":"category","embeddable":true,"href":"https:\/\/www.v-label.com\/arg\/wp-json\/wp\/v2\/categories?post=18633"},{"taxonomy":"post_tag","embeddable":true,"href":"https:\/\/www.v-label.com\/arg\/wp-json\/wp\/v2\/tags?post=18633"}],"curies":[{"name":"wp","href":"https:\/\/api.w.org\/{rel}","templated":true}]}}