{"id":18681,"date":"2022-05-30T16:18:01","date_gmt":"2022-05-30T14:18:01","guid":{"rendered":"https:\/\/www.v-label.com\/report-a-misuse\/"},"modified":"2024-04-22T12:57:06","modified_gmt":"2024-04-22T10:57:06","slug":"falschverwendung-melden","status":"publish","type":"page","link":"https:\/\/www.v-label.com\/at\/falschverwendung-melden\/","title":{"rendered":"Falschverwendung melden"},"content":{"rendered":"\n<p>Haben Sie das V-Label auf einem Produkt entdeckt, das anhand der Zutatenliste eindeutig nicht vegan oder vegetarisch ist? Oder haben Sie gesehen, dass das V-Label auf eine eher ungew\u00f6hnliche Weise verwendet wird?<\/p>\n\n\n\n<p>Teilen Sie uns gerne mit, falls Ihnen etwas aufgefallen ist.<\/p>\n\n\n\n<p>Eine falsche Verwendung kann verschiedene Ursachen haben. Oft ist es Unkenntnis dar\u00fcber, dass das V-Label ein eingetragenes Markenzeichen ist und daher nicht frei verwendet werden kann oder dass alle lizenzierten Produkte einer genauen Pr\u00fcfung unterliegen m\u00fcssen.<\/p>\n\n\n\n<p>Denn: Das V-Label setzt sich f\u00fcr eine Welt ein, in der vegane und vegetarische Produkte weit verbreitet und leicht erkennbar sind. Bevor wir Produkte lizenzieren, unterziehen wir sie einer Reihe von Pr\u00fcfungen, nach standardisierten Kriterien. Regelm\u00e4\u00dfige Kontrollen durch unabh\u00e4ngige Kontrollstellen garantieren die Einhaltung der Kriterien und tragen so zur Qualit\u00e4tssicherung bei. Erst nach erfolgreicher Pr\u00fcfung darf das V-Label verwendet werden.<\/p>\n\n\n\n<script charset=\"utf-8\" type=\"text\/javascript\" src=\"\/\/js-eu1.hsforms.net\/forms\/embed\/v2.js\"><\/script>\n<script>\n  hbspt.forms.create({\n    region: \"eu1\",\n    portalId: \"9342260\",\n    formId: \"fd1d49a1-7485-43de-92bc-da0959bd7ccc\"\n  });\n<\/script>\n","protected":false},"excerpt":{"rendered":"<p>Haben Sie das V-Label auf einem Produkt entdeckt, das anhand der Zutatenliste eindeutig nicht vegan oder vegetarisch ist? Oder haben Sie gesehen, dass das V-Label auf eine eher ungew\u00f6hnliche Weise verwendet wird? Teilen Sie uns gerne mit, falls Ihnen etwas aufgefallen ist. Eine falsche Verwendung kann verschiedene Ursachen haben. Oft ist es Unkenntnis dar\u00fcber, dass [&hellip;]<\/p>\n","protected":false},"author":5,"featured_media":18682,"parent":0,"menu_order":0,"comment_status":"closed","ping_status":"closed","template":"","meta":{"_acf_changed":false,"_editorskit_title_hidden":false,"_editorskit_reading_time":0,"_editorskit_is_block_options_detached":false,"_editorskit_block_options_position":"{}","inline_featured_image":false,"_uag_custom_page_level_css":"","footnotes":""},"categories":[],"tags":[],"class_list":["post-18681","page","type-page","status-publish","has-post-thumbnail","hentry"],"acf":[],"uagb_featured_image_src":{"full":["https:\/\/www.v-label.com\/wp-content\/uploads\/2022\/12\/v-label-report-misuse-1.jpg",1280,651,false],"thumbnail":["https:\/\/www.v-label.com\/wp-content\/uploads\/2022\/12\/v-label-report-misuse-1-500x254.jpg",500,254,true],"medium":["https:\/\/www.v-label.com\/wp-content\/uploads\/2022\/12\/v-label-report-misuse-1-300x153.jpg",300,153,true],"medium_large":["https:\/\/www.v-label.com\/wp-content\/uploads\/2022\/12\/v-label-report-misuse-1-768x391.jpg",768,391,true],"large":["https:\/\/www.v-label.com\/wp-content\/uploads\/2022\/12\/v-label-report-misuse-1-1024x521.jpg",1024,521,true],"1536x1536":["https:\/\/www.v-label.com\/wp-content\/uploads\/2022\/12\/v-label-report-misuse-1.jpg",1280,651,false],"2048x2048":["https:\/\/www.v-label.com\/wp-content\/uploads\/2022\/12\/v-label-report-misuse-1.jpg",1280,651,false],"preview":["https:\/\/www.v-label.com\/wp-content\/uploads\/2022\/12\/v-label-report-misuse-1-904x651.jpg",904,651,true],"header":["https:\/\/www.v-label.com\/wp-content\/uploads\/2022\/12\/v-label-report-misuse-1.jpg",1280,651,false],"gform-image-choice-sm":["https:\/\/www.v-label.com\/wp-content\/uploads\/2022\/12\/v-label-report-misuse-1.jpg",300,153,false],"gform-image-choice-md":["https:\/\/www.v-label.com\/wp-content\/uploads\/2022\/12\/v-label-report-misuse-1.jpg",400,203,false],"gform-image-choice-lg":["https:\/\/www.v-label.com\/wp-content\/uploads\/2022\/12\/v-label-report-misuse-1.jpg",600,305,false]},"uagb_author_info":{"display_name":"Can Aslan","author_link":"https:\/\/www.v-label.com\/at"},"uagb_comment_info":0,"uagb_excerpt":"Haben Sie das V-Label auf einem Produkt entdeckt, das anhand der Zutatenliste eindeutig nicht vegan oder vegetarisch ist? Oder haben Sie gesehen, dass das V-Label auf eine eher ungew\u00f6hnliche Weise verwendet wird? Teilen Sie uns gerne mit, falls Ihnen etwas aufgefallen ist. Eine falsche Verwendung kann verschiedene Ursachen haben. Oft ist es Unkenntnis dar\u00fcber, dass&hellip;","_links":{"self":[{"href":"https:\/\/www.v-label.com\/at\/wp-json\/wp\/v2\/pages\/18681","targetHints":{"allow":["GET"]}}],"collection":[{"href":"https:\/\/www.v-label.com\/at\/wp-json\/wp\/v2\/pages"}],"about":[{"href":"https:\/\/www.v-label.com\/at\/wp-json\/wp\/v2\/types\/page"}],"author":[{"embeddable":true,"href":"https:\/\/www.v-label.com\/at\/wp-json\/wp\/v2\/users\/5"}],"replies":[{"embeddable":true,"href":"https:\/\/www.v-label.com\/at\/wp-json\/wp\/v2\/comments?post=18681"}],"version-history":[{"count":10,"href":"https:\/\/www.v-label.com\/at\/wp-json\/wp\/v2\/pages\/18681\/revisions"}],"predecessor-version":[{"id":78377,"href":"https:\/\/www.v-label.com\/at\/wp-json\/wp\/v2\/pages\/18681\/revisions\/78377"}],"wp:featuredmedia":[{"embeddable":true,"href":"https:\/\/www.v-label.com\/at\/wp-json\/wp\/v2\/media\/18682"}],"wp:attachment":[{"href":"https:\/\/www.v-label.com\/at\/wp-json\/wp\/v2\/media?parent=18681"}],"wp:term":[{"taxonomy":"category","embeddable":true,"href":"https:\/\/www.v-label.com\/at\/wp-json\/wp\/v2\/categories?post=18681"},{"taxonomy":"post_tag","embeddable":true,"href":"https:\/\/www.v-label.com\/at\/wp-json\/wp\/v2\/tags?post=18681"}],"curies":[{"name":"wp","href":"https:\/\/api.w.org\/{rel}","templated":true}]}}