{"id":18694,"date":"2022-05-30T16:16:29","date_gmt":"2022-05-30T14:16:29","guid":{"rendered":"https:\/\/www.v-label.com\/benefits\/"},"modified":"2024-07-09T14:12:39","modified_gmt":"2024-07-09T12:12:39","slug":"vorteile","status":"publish","type":"page","link":"https:\/\/www.v-label.com\/at\/informationen-fur-unternehmen\/vorteile\/","title":{"rendered":"Vorteile"},"content":{"rendered":"\n<p>Verbraucherinnen und Verbraucher auf der ganzen Welt entscheiden sich zunehmend f\u00fcr pflanzliche Produkte &#8211; aus gesundheitlichen Gr\u00fcnden, aus Gr\u00fcnden des Umweltschutzes, wegen Unvertr\u00e4glichkeiten, aus Bequemlichkeit, aus ethischen Gr\u00fcnden, aus Genuss oder einfach, weil die Kinder es m\u00f6gen. Mit der zunehmenden Verbreitung vegetarischer und veganer Produkte werden auch Regierungen und Organisationen darauf aufmerksam. Es wird immer deutlicher, dass die Ziele des Pariser Klimaabkommens, zu denen sich fast alle Regierungen verpflichtet haben, nicht erreicht werden k\u00f6nnen, ohne den Verbrauch tierischer Produkte zu reduzieren. All dies treibt Unternehmen dazu an, innovative und nachhaltige Alternativen zu entwickeln. Sichern Sie sich heute und f\u00fcr die kommenden Jahre mit dem V-Label einen starken Anteil an diesem stetig wachsenden Markt.<\/p>\n\n\n\n<div class=\"wp-block-media-text is-stacked-on-mobile is-vertically-aligned-center is-image-fill\"><figure class=\"wp-block-media-text__media\" style=\"background-image:url(https:\/\/www.v-label.com\/wp-content\/uploads\/2022\/12\/v-label-consumers-favorite.jpg);background-position:62% 53%\"><img decoding=\"async\" src=\"https:\/\/www.v-label.com\/wp-content\/uploads\/2022\/12\/v-label-consumers-favorite.jpg\" alt=\"\" class=\"wp-image-39649 size-full\"\/><\/figure><div class=\"wp-block-media-text__content\">\n<h3 class=\"wp-block-heading\"><strong><strong>Favorit der Kundschaft<\/strong><\/strong><\/h3>\n\n\n\n<p>In Deutschland ist das V-Label laut dem renommierten G\u00fctesiegel Monitor 2020 das 8. bekannteste und das 3. vertrauensw\u00fcrdigste aller untersuchten Lebensmittelg\u00fctesiegel. In der Europ\u00e4ischen Union ist V-Label mittlerweile das meistgenutzte G\u00fctesiegel f\u00fcr vegane und vegetarische Produkte. Das V-Label hat weltweit \u00fcber 70.000 Produkte zertifiziert und hat eine breite Unterst\u00fctzung in der veganen und vegetarischen Community. Durch die Kategorisierung von Produkten als vegan oder vegetarisch ist das V-Label eine schnelle und zuverl\u00e4ssige M\u00f6glichkeit, den Menschen genau zu zeigen, was sie kaufen.<\/p>\n<\/div><\/div>\n\n\n\n<div style=\"height:30px\" aria-hidden=\"true\" class=\"wp-block-spacer\"><\/div>\n\n\n\n<div class=\"wp-block-media-text is-stacked-on-mobile is-vertically-aligned-center is-image-fill\"><figure class=\"wp-block-media-text__media\" style=\"background-image:url(https:\/\/www.v-label.com\/wp-content\/uploads\/2022\/12\/v-label-global-recognition.jpg);background-position:50% 50%\"><img decoding=\"async\" width=\"1280\" height=\"959\" src=\"https:\/\/www.v-label.com\/wp-content\/uploads\/2022\/12\/v-label-global-recognition.jpg\" alt=\"\" class=\"wp-image-17595 size-full\" srcset=\"https:\/\/www.v-label.com\/wp-content\/uploads\/2022\/12\/v-label-global-recognition.jpg 1280w, https:\/\/www.v-label.com\/wp-content\/uploads\/2022\/12\/v-label-global-recognition-300x225.jpg 300w, https:\/\/www.v-label.com\/wp-content\/uploads\/2022\/12\/v-label-global-recognition-1024x767.jpg 1024w, https:\/\/www.v-label.com\/wp-content\/uploads\/2022\/12\/v-label-global-recognition-500x375.jpg 500w, https:\/\/www.v-label.com\/wp-content\/uploads\/2022\/12\/v-label-global-recognition-768x575.jpg 768w\" sizes=\"(max-width: 1280px) 100vw, 1280px\" \/><\/figure><div class=\"wp-block-media-text__content\">\n<h3 class=\"wp-block-heading\"><strong><strong>Global anerkannt<\/strong><\/strong><\/h3>\n\n\n\n<p>Vor 25 Jahren in der Schweiz entwickelt, hat sich das V-Label einen f\u00fchrenden Platz als G\u00fctesiegel von veganen und vegetarischen Produkten und Dienstleistungen erarbeitet. Mit dem V-Label haben Sie eine einzige Zertifizierung, die auf allen M\u00e4rkten eine hohe Anerkennung geniesst. Von Berlin bis Buenos Aires ist die charakteristisch gelbe Farbgebung, welche sich gut von gr\u00fcnen und erdigen Farben hervorhebt, die oft bei nachhaltigen Produkten verwendet werden, kaum zu \u00fcbersehen.<\/p>\n<\/div><\/div>\n\n\n\n<div style=\"height:30px\" aria-hidden=\"true\" class=\"wp-block-spacer\"><\/div>\n\n\n\n<div class=\"wp-block-media-text is-stacked-on-mobile is-vertically-aligned-center is-image-fill\"><figure class=\"wp-block-media-text__media\" style=\"background-image:url(https:\/\/www.v-label.com\/wp-content\/uploads\/2022\/12\/v-label-business-partnerships.jpg);background-position:50% 50%\"><img decoding=\"async\" width=\"1280\" height=\"853\" src=\"https:\/\/www.v-label.com\/wp-content\/uploads\/2022\/12\/v-label-business-partnerships.jpg\" alt=\"\" class=\"wp-image-17615 size-full\" srcset=\"https:\/\/www.v-label.com\/wp-content\/uploads\/2022\/12\/v-label-business-partnerships.jpg 1280w, https:\/\/www.v-label.com\/wp-content\/uploads\/2022\/12\/v-label-business-partnerships-300x200.jpg 300w, https:\/\/www.v-label.com\/wp-content\/uploads\/2022\/12\/v-label-business-partnerships-1024x682.jpg 1024w, https:\/\/www.v-label.com\/wp-content\/uploads\/2022\/12\/v-label-business-partnerships-500x333.jpg 500w, https:\/\/www.v-label.com\/wp-content\/uploads\/2022\/12\/v-label-business-partnerships-768x512.jpg 768w\" sizes=\"(max-width: 1280px) 100vw, 1280px\" \/><\/figure><div class=\"wp-block-media-text__content\">\n<h3 class=\"wp-block-heading\"><strong><strong>Gesch\u00e4ftspartnerschaft<\/strong><\/strong><\/h3>\n\n\n\n<p>Als einzige weltweite Zertifizierung mit lokalen Vertretungen in mehr als 50 L\u00e4ndern (und Kundenservice in mehr als 30 Sprachen) l\u00e4dt das V-Label Sie auf eine Zusammenarbeit ein, die weit \u00fcber die Zertifizierung hinausgeht. Was w\u00fcrde es f\u00fcr Ihr Unternehmen bedeuten, wenn Sie Dienstleistungen wie Markteinblicke, Analysen, Beratung zu Inhaltsstoffen, Kontakt zu Werbepartnern und andere Unterst\u00fctzung erhalten w\u00fcrden? F\u00fchren Sie ein neues Produkt ein oder betreten Sie zum ersten Mal den veganen Markt? Wir vermitteln Ihnen gerne Fachleute f\u00fcr Lebensmitteltechnologie, Lebensmittelrecht, Qualit\u00e4tsmanagement, Kosmetologie, Marketing, Biotechnologie, Ern\u00e4hrung, Markt- und Verbraucherforschung und Kontakte in die veganen Industrie und Community.<\/p>\n<\/div><\/div>\n\n\n\n<div style=\"height:30px\" aria-hidden=\"true\" class=\"wp-block-spacer\"><\/div>\n\n\n\n<div class=\"wp-block-media-text is-stacked-on-mobile is-vertically-aligned-center is-image-fill\"><figure class=\"wp-block-media-text__media\" style=\"background-image:url(https:\/\/www.v-label.com\/wp-content\/uploads\/2022\/12\/v-label-inclusive-approach.jpg);background-position:12% 52%\"><img decoding=\"async\" width=\"1280\" height=\"854\" src=\"https:\/\/www.v-label.com\/wp-content\/uploads\/2022\/12\/v-label-inclusive-approach.jpg\" alt=\"\" class=\"wp-image-17635 size-full\" srcset=\"https:\/\/www.v-label.com\/wp-content\/uploads\/2022\/12\/v-label-inclusive-approach.jpg 1280w, https:\/\/www.v-label.com\/wp-content\/uploads\/2022\/12\/v-label-inclusive-approach-300x200.jpg 300w, https:\/\/www.v-label.com\/wp-content\/uploads\/2022\/12\/v-label-inclusive-approach-1024x683.jpg 1024w, https:\/\/www.v-label.com\/wp-content\/uploads\/2022\/12\/v-label-inclusive-approach-500x334.jpg 500w, https:\/\/www.v-label.com\/wp-content\/uploads\/2022\/12\/v-label-inclusive-approach-768x512.jpg 768w\" sizes=\"(max-width: 1280px) 100vw, 1280px\" \/><\/figure><div class=\"wp-block-media-text__content\">\n<h3 class=\"wp-block-heading\"><strong><strong>Integrativer Ansatz<\/strong><\/strong><\/h3>\n\n\n\n<p>Das V-Label bietet Unternehmen sowohl eine vegane als auch eine vegetarische Zertifizierung, die auf gr\u00fcndlichen Qualit\u00e4tsmanagement und Kontrollen basiert. Es ist f\u00fcr jede Art von Unternehmen geeignet, von veganen Start-ups bis hin zu internationalen t\u00e4tigen Konzernen wie Unilever, Nestl\u00e9 oder Danone. Zusammen mit unseren Markteinblicken ist es eine praktikable Option f\u00fcr Unternehmen, die nicht \u00fcberwiegend im pflanzlichen Bereich t\u00e4tig sind, aber die steigende flexitarische Bev\u00f6lkerung bedienen wollen. Abgesehen von Lebensmitteln ist es auch f\u00fcr Branchen wie Mode, Kosmetik, Gastronomie, Reinigungsmittel und mehr verf\u00fcgbar.<\/p>\n<\/div><\/div>\n","protected":false},"excerpt":{"rendered":"<p>Verbraucherinnen und Verbraucher auf der ganzen Welt entscheiden sich zunehmend f\u00fcr pflanzliche Produkte &#8211; aus gesundheitlichen Gr\u00fcnden, aus Gr\u00fcnden des Umweltschutzes, wegen Unvertr\u00e4glichkeiten, aus Bequemlichkeit, aus ethischen Gr\u00fcnden, aus Genuss oder einfach, weil die Kinder es m\u00f6gen. Mit der zunehmenden Verbreitung vegetarischer und veganer Produkte werden auch Regierungen und Organisationen darauf aufmerksam. Es wird immer [&hellip;]<\/p>\n","protected":false},"author":5,"featured_media":18695,"parent":18698,"menu_order":0,"comment_status":"closed","ping_status":"closed","template":"","meta":{"_acf_changed":false,"_editorskit_title_hidden":false,"_editorskit_reading_time":0,"_editorskit_is_block_options_detached":false,"_editorskit_block_options_position":"{}","inline_featured_image":false,"_uag_custom_page_level_css":"","footnotes":""},"categories":[],"tags":[],"class_list":["post-18694","page","type-page","status-publish","has-post-thumbnail","hentry"],"acf":[],"uagb_featured_image_src":{"full":["https:\/\/www.v-label.com\/wp-content\/uploads\/2022\/12\/v-label-benefits.jpg",1280,878,false],"thumbnail":["https:\/\/www.v-label.com\/wp-content\/uploads\/2022\/12\/v-label-benefits-500x343.jpg",500,343,true],"medium":["https:\/\/www.v-label.com\/wp-content\/uploads\/2022\/12\/v-label-benefits-300x206.jpg",300,206,true],"medium_large":["https:\/\/www.v-label.com\/wp-content\/uploads\/2022\/12\/v-label-benefits-768x527.jpg",768,527,true],"large":["https:\/\/www.v-label.com\/wp-content\/uploads\/2022\/12\/v-label-benefits-1024x702.jpg",1024,702,true],"1536x1536":["https:\/\/www.v-label.com\/wp-content\/uploads\/2022\/12\/v-label-benefits.jpg",1280,878,false],"2048x2048":["https:\/\/www.v-label.com\/wp-content\/uploads\/2022\/12\/v-label-benefits.jpg",1280,878,false],"preview":["https:\/\/www.v-label.com\/wp-content\/uploads\/2022\/12\/v-label-benefits-904x720.jpg",904,720,true],"header":["https:\/\/www.v-label.com\/wp-content\/uploads\/2022\/12\/v-label-benefits-1280x720.jpg",1280,720,true],"gform-image-choice-sm":["https:\/\/www.v-label.com\/wp-content\/uploads\/2022\/12\/v-label-benefits.jpg",300,206,false],"gform-image-choice-md":["https:\/\/www.v-label.com\/wp-content\/uploads\/2022\/12\/v-label-benefits.jpg",400,274,false],"gform-image-choice-lg":["https:\/\/www.v-label.com\/wp-content\/uploads\/2022\/12\/v-label-benefits.jpg",600,412,false]},"uagb_author_info":{"display_name":"Can Aslan","author_link":"https:\/\/www.v-label.com\/at"},"uagb_comment_info":0,"uagb_excerpt":"Verbraucherinnen und Verbraucher auf der ganzen Welt entscheiden sich zunehmend f\u00fcr pflanzliche Produkte &#8211; aus gesundheitlichen Gr\u00fcnden, aus Gr\u00fcnden des Umweltschutzes, wegen Unvertr\u00e4glichkeiten, aus Bequemlichkeit, aus ethischen Gr\u00fcnden, aus Genuss oder einfach, weil die Kinder es m\u00f6gen. Mit der zunehmenden Verbreitung vegetarischer und veganer Produkte werden auch Regierungen und Organisationen darauf aufmerksam. Es wird immer&hellip;","_links":{"self":[{"href":"https:\/\/www.v-label.com\/at\/wp-json\/wp\/v2\/pages\/18694","targetHints":{"allow":["GET"]}}],"collection":[{"href":"https:\/\/www.v-label.com\/at\/wp-json\/wp\/v2\/pages"}],"about":[{"href":"https:\/\/www.v-label.com\/at\/wp-json\/wp\/v2\/types\/page"}],"author":[{"embeddable":true,"href":"https:\/\/www.v-label.com\/at\/wp-json\/wp\/v2\/users\/5"}],"replies":[{"embeddable":true,"href":"https:\/\/www.v-label.com\/at\/wp-json\/wp\/v2\/comments?post=18694"}],"version-history":[{"count":3,"href":"https:\/\/www.v-label.com\/at\/wp-json\/wp\/v2\/pages\/18694\/revisions"}],"predecessor-version":[{"id":83814,"href":"https:\/\/www.v-label.com\/at\/wp-json\/wp\/v2\/pages\/18694\/revisions\/83814"}],"up":[{"embeddable":true,"href":"https:\/\/www.v-label.com\/at\/wp-json\/wp\/v2\/pages\/18698"}],"wp:featuredmedia":[{"embeddable":true,"href":"https:\/\/www.v-label.com\/at\/wp-json\/wp\/v2\/media\/18695"}],"wp:attachment":[{"href":"https:\/\/www.v-label.com\/at\/wp-json\/wp\/v2\/media?parent=18694"}],"wp:term":[{"taxonomy":"category","embeddable":true,"href":"https:\/\/www.v-label.com\/at\/wp-json\/wp\/v2\/categories?post=18694"},{"taxonomy":"post_tag","embeddable":true,"href":"https:\/\/www.v-label.com\/at\/wp-json\/wp\/v2\/tags?post=18694"}],"curies":[{"name":"wp","href":"https:\/\/api.w.org\/{rel}","templated":true}]}}