{"id":18725,"date":"2022-09-09T10:47:40","date_gmt":"2022-09-09T08:47:40","guid":{"rendered":"https:\/\/www.v-label.com\/general-information\/certified-products\/"},"modified":"2024-07-09T14:13:14","modified_gmt":"2024-07-09T12:13:14","slug":"zertifizierte-produkte","status":"publish","type":"page","link":"https:\/\/www.v-label.com\/at\/allgemeine-informationen-fur-konsument\/zertifizierte-produkte\/","title":{"rendered":"Zertifizierte Produkte"},"content":{"rendered":"\n<p>Die Lebensmittelproduktion ist f\u00fcr ein Viertel der weltweiten Treibhausgasemissionen verantwortlich und immer mehr Menschen machen sich Gedanken \u00fcber den Klimawandel. J\u00fcngste Studien zeigen, dass wenn Sie Ihre pers\u00f6nlichen Treibhausgasemissionen reduzieren wollen, darauf achten sollten, was Sie essen und nicht, ob Ihre Lebensmittel aus der Region stammen.<a href=\"https:\/\/ourworldindata.org\/food-choice-vs-eating-local#licence\" target=\"_blank\" rel=\"noopener\"><sup>1<\/sup><\/a><\/p>\n\n\n\n<p>Sie k\u00f6nnen, m\u00fcssen aber nicht 100 % vegan werden, um die boomende Vielfalt an pflanzlichen Optionen zu genie\u00dfen. Veganes und vegetarisches Essen ist gesund, s\u00e4ttigend, bequem, einfach zuzubereiten und ansprechend. Abgesehen davon, dass es ethisch und nachhaltig ist, ist es ein Ausdruck von Selbstidentit\u00e4t.<\/p>\n\n\n\n<p>Das V-Label wird derzeit auf mehr als 70.000 Produkten gef\u00fchrt. Hier ist eine feine Auswahl an zertifizierten Produkten. Lassen Sie sich bei Ihrem n\u00e4chsten Einkauf inspirieren.<\/p>\n\n\n\n<h3 class=\"wp-block-heading has-text-align-center\">Lassen Sie Ihren Einkauf z\u00e4hlen<\/h3>\n\n\n\n<div class=\"wp-block-group alignwide is-content-justification-center is-nowrap is-layout-flex wp-container-core-group-is-layout-499140ed wp-block-group-is-layout-flex\">\n<figure class=\"wp-block-image size-thumbnail is-resized\"><img decoding=\"async\" width=\"500\" height=\"500\" src=\"https:\/\/www.v-label.com\/wp-content\/uploads\/2022\/07\/logo-vlabel-favicon-500x500.png\" alt=\"\" class=\"wp-image-331\" style=\"width:50px;height:50px\" srcset=\"https:\/\/www.v-label.com\/wp-content\/uploads\/2022\/07\/logo-vlabel-favicon-500x500.png 500w, https:\/\/www.v-label.com\/wp-content\/uploads\/2022\/07\/logo-vlabel-favicon-300x300.png 300w, https:\/\/www.v-label.com\/wp-content\/uploads\/2022\/07\/logo-vlabel-favicon-768x768.png 768w, https:\/\/www.v-label.com\/wp-content\/uploads\/2022\/07\/logo-vlabel-favicon.png 852w\" sizes=\"(max-width: 500px) 100vw, 500px\" \/><\/figure>\n<\/div>\n\n\n\n<div class=\"wp-block-columns is-layout-flex wp-container-core-columns-is-layout-9d6595d7 wp-block-columns-is-layout-flex\">\n<div class=\"wp-block-column is-layout-flow wp-block-column-is-layout-flow\">\n<figure class=\"wp-block-image size-medium\"><img decoding=\"async\" width=\"300\" height=\"200\" src=\"https:\/\/www.v-label.com\/wp-content\/uploads\/2022\/12\/meat-alternatives-1280-300x200.jpg\" alt=\"\" class=\"wp-image-18776\" srcset=\"https:\/\/www.v-label.com\/wp-content\/uploads\/2022\/12\/meat-alternatives-1280-300x200.jpg 300w, https:\/\/www.v-label.com\/wp-content\/uploads\/2022\/12\/meat-alternatives-1280-1024x682.jpg 1024w, https:\/\/www.v-label.com\/wp-content\/uploads\/2022\/12\/meat-alternatives-1280-500x333.jpg 500w, https:\/\/www.v-label.com\/wp-content\/uploads\/2022\/12\/meat-alternatives-1280-768x511.jpg 768w, https:\/\/www.v-label.com\/wp-content\/uploads\/2022\/12\/meat-alternatives-1280.jpg 1280w\" sizes=\"(max-width: 300px) 100vw, 300px\" \/><\/figure>\n\n\n\n<h2 class=\"wp-block-heading\"><a href=\"https:\/\/www.v-label.com\/at\/general-information\/certified-products\/meat-alternatives\/\" data-type=\"page\" data-id=\"1016\"><strong>Fleisch-Alternativen<\/strong><\/a><\/h2>\n\n\n\n<p>Durchbr\u00fcche bei den Inhaltsstoffen, Anerkennung durch den Mainstream und endlose Skalierungsm\u00f6glichkeiten. Drei Gr\u00fcnde, warum Fleischalternativen nicht nur exponentiell wachsen, sondern auch die Zukunft unseres Lebensmittelkonsums in greifbare N\u00e4he r\u00fccken lassen. St\u00f6bern Sie und befriedigen Sie Ihren Geschmacksknospen!<\/p>\n<\/div>\n\n\n\n<div class=\"wp-block-column is-layout-flow wp-block-column-is-layout-flow\">\n<figure class=\"wp-block-image size-medium\"><img decoding=\"async\" width=\"300\" height=\"200\" src=\"https:\/\/www.v-label.com\/wp-content\/uploads\/2022\/12\/fish-alternatives-1280-300x200.jpg\" alt=\"\" class=\"wp-image-18770\" srcset=\"https:\/\/www.v-label.com\/wp-content\/uploads\/2022\/12\/fish-alternatives-1280-300x200.jpg 300w, https:\/\/www.v-label.com\/wp-content\/uploads\/2022\/12\/fish-alternatives-1280-1024x682.jpg 1024w, https:\/\/www.v-label.com\/wp-content\/uploads\/2022\/12\/fish-alternatives-1280-500x333.jpg 500w, https:\/\/www.v-label.com\/wp-content\/uploads\/2022\/12\/fish-alternatives-1280-768x512.jpg 768w, https:\/\/www.v-label.com\/wp-content\/uploads\/2022\/12\/fish-alternatives-1280.jpg 1280w\" sizes=\"(max-width: 300px) 100vw, 300px\" \/><\/figure>\n\n\n\n<h2 class=\"wp-block-heading\"><a href=\"https:\/\/www.v-label.com\/at\/general-information\/certified-products\/fish-alternatives\/\" data-type=\"page\" data-id=\"1323\"><strong>Fisch-Alternativen<\/strong><\/a><\/h2>\n\n\n\n<p>Fisch und Meeresfr\u00fcchte auf pflanzlicher Basis sind nicht nur fischfreie Filets auf Ihrem Weihnachtstisch. Dieser spannende Markt, bietet eine Vielfalt an proteinreichen Gerichten, von allt\u00e4glich bis ausgefallen.<\/p>\n<\/div>\n\n\n\n<div class=\"wp-block-column is-layout-flow wp-block-column-is-layout-flow\">\n<figure class=\"wp-block-image size-medium\"><img decoding=\"async\" width=\"300\" height=\"200\" src=\"https:\/\/www.v-label.com\/wp-content\/uploads\/2022\/12\/milk-alternatives-1280-300x200.jpg\" alt=\"\" class=\"wp-image-18762\" srcset=\"https:\/\/www.v-label.com\/wp-content\/uploads\/2022\/12\/milk-alternatives-1280-300x200.jpg 300w, https:\/\/www.v-label.com\/wp-content\/uploads\/2022\/12\/milk-alternatives-1280-1024x682.jpg 1024w, https:\/\/www.v-label.com\/wp-content\/uploads\/2022\/12\/milk-alternatives-1280-500x333.jpg 500w, https:\/\/www.v-label.com\/wp-content\/uploads\/2022\/12\/milk-alternatives-1280-768x512.jpg 768w, https:\/\/www.v-label.com\/wp-content\/uploads\/2022\/12\/milk-alternatives-1280.jpg 1280w\" sizes=\"(max-width: 300px) 100vw, 300px\" \/><\/figure>\n\n\n\n<h2 class=\"wp-block-heading\"><a href=\"https:\/\/www.v-label.com\/at\/general-information\/certified-products\/dairy-alternatives\/\" data-type=\"page\" data-id=\"1325\"><strong>Milch-Alternativen<\/strong><\/a><\/h2>\n\n\n\n<p>Der Wechsel von Soja- zu Hafer-, Mandel- und Kokosmilch war erst der Anfang der pflanzlichen Milchrevolution. W\u00e4hlen Sie nach Belieben: Joghurts in praktischen Formaten, von griechisch bis trinkbar. K\u00f6stliche und umweltfreundliche Eiscremes, Buttersorten und Aufstriche f\u00fcr Ihr Fr\u00fchst\u00fcck und K\u00e4se obendrauf!<\/p>\n<\/div>\n<\/div>\n\n\n\n<div class=\"wp-block-columns is-layout-flex wp-container-core-columns-is-layout-9d6595d7 wp-block-columns-is-layout-flex\">\n<div class=\"wp-block-column is-layout-flow wp-block-column-is-layout-flow\">\n<figure class=\"wp-block-image size-medium\"><img decoding=\"async\" width=\"300\" height=\"200\" src=\"https:\/\/www.v-label.com\/wp-content\/uploads\/2022\/12\/sweets-1280-300x200.jpg\" alt=\"\" class=\"wp-image-18754\" srcset=\"https:\/\/www.v-label.com\/wp-content\/uploads\/2022\/12\/sweets-1280-300x200.jpg 300w, https:\/\/www.v-label.com\/wp-content\/uploads\/2022\/12\/sweets-1280-1024x682.jpg 1024w, https:\/\/www.v-label.com\/wp-content\/uploads\/2022\/12\/sweets-1280-500x333.jpg 500w, https:\/\/www.v-label.com\/wp-content\/uploads\/2022\/12\/sweets-1280-768x512.jpg 768w, https:\/\/www.v-label.com\/wp-content\/uploads\/2022\/12\/sweets-1280.jpg 1280w\" sizes=\"(max-width: 300px) 100vw, 300px\" \/><\/figure>\n\n\n\n<h2 class=\"wp-block-heading\"><a href=\"https:\/\/www.v-label.com\/at\/general-information\/certified-products\/sweets\/\" data-type=\"page\" data-id=\"1329\"><strong>S\u00fc\u00dfigkeiten<\/strong><\/a><\/h2>\n\n\n\n<p>Pr\u00fcfen Sie, ob Ihre Lieblingssnacks wirklich vegetarisch oder vegan sind und decken Sie Ihren Vorratsschrank mit pflanzlicher Schokolade, Keksen, Chips und Riegeln ein! Und warten Sie, es gibt noch mehr: Der Backwarenmarkt ist derjenige, den man beobachten sollte, mit veganen Kuchen, Croissants oder sogar Wurstsemmeln, die wie das echte Zeug schmecken.<\/p>\n<\/div>\n\n\n\n<div class=\"wp-block-column is-layout-flow wp-block-column-is-layout-flow\">\n<figure class=\"wp-block-image size-medium\"><img decoding=\"async\" width=\"300\" height=\"200\" src=\"https:\/\/www.v-label.com\/wp-content\/uploads\/2022\/12\/beverages-1280-300x200.jpg\" alt=\"\" class=\"wp-image-18752\" srcset=\"https:\/\/www.v-label.com\/wp-content\/uploads\/2022\/12\/beverages-1280-300x200.jpg 300w, https:\/\/www.v-label.com\/wp-content\/uploads\/2022\/12\/beverages-1280-1024x682.jpg 1024w, https:\/\/www.v-label.com\/wp-content\/uploads\/2022\/12\/beverages-1280-500x333.jpg 500w, https:\/\/www.v-label.com\/wp-content\/uploads\/2022\/12\/beverages-1280-768x512.jpg 768w, https:\/\/www.v-label.com\/wp-content\/uploads\/2022\/12\/beverages-1280.jpg 1280w\" sizes=\"(max-width: 300px) 100vw, 300px\" \/><\/figure>\n\n\n\n<h2 class=\"wp-block-heading\"><a href=\"https:\/\/www.v-label.com\/at\/general-information\/certified-products\/beverages\/\" data-type=\"page\" data-id=\"1331\"><strong>Getr\u00e4nke<\/strong><\/a><\/h2>\n\n\n\n<p>Achten Sie auf versteckte Tiere in Ihrem Lieblingsgetr\u00e4nk! Finden Sie heraus, welche S\u00e4fte frei von nicht-veganem D3 sind, welche Weine nicht durch tierische Proteine verfeinert oder gefiltert werden, und stellen Sie sicher, dass auch Ihre Limo zu 100 % pflanzlich ist.<\/p>\n<\/div>\n\n\n\n<div class=\"wp-block-column is-layout-flow wp-block-column-is-layout-flow\">\n<figure class=\"wp-block-image size-medium\"><img decoding=\"async\" width=\"300\" height=\"203\" src=\"https:\/\/www.v-label.com\/wp-content\/uploads\/2022\/12\/cosmetics-1280-300x203.jpg\" alt=\"\" class=\"wp-image-18789\" srcset=\"https:\/\/www.v-label.com\/wp-content\/uploads\/2022\/12\/cosmetics-1280-300x203.jpg 300w, https:\/\/www.v-label.com\/wp-content\/uploads\/2022\/12\/cosmetics-1280-1024x694.jpg 1024w, https:\/\/www.v-label.com\/wp-content\/uploads\/2022\/12\/cosmetics-1280-500x339.jpg 500w, https:\/\/www.v-label.com\/wp-content\/uploads\/2022\/12\/cosmetics-1280-768x521.jpg 768w, https:\/\/www.v-label.com\/wp-content\/uploads\/2022\/12\/cosmetics-1280.jpg 1280w\" sizes=\"(max-width: 300px) 100vw, 300px\" \/><\/figure>\n\n\n\n<h2 class=\"wp-block-heading\"><a href=\"https:\/\/www.v-label.com\/at\/general-information\/certified-products\/cosmetics\/\" data-type=\"page\" data-id=\"1333\"><strong>Kosmetika<\/strong><\/a><\/h2>\n\n\n\n<p>Gestalten Sie Ihre Beauty-Routine mit unserer Auswahl an veganer Haar- und Hautpflege. Von der Feuchtigkeitscreme bis zur Wimperntusche, w\u00e4hlen Sie aus Marken mit rein mineralischen oder pflanzlichen Inhaltsstoffen.<\/p>\n<\/div>\n<\/div>\n\n\n\n<div class=\"wp-block-columns is-layout-flex wp-container-core-columns-is-layout-9d6595d7 wp-block-columns-is-layout-flex\">\n<div class=\"wp-block-column is-layout-flow wp-block-column-is-layout-flow\">\n<figure class=\"wp-block-image size-medium\"><img decoding=\"async\" width=\"300\" height=\"200\" src=\"https:\/\/www.v-label.com\/wp-content\/uploads\/2022\/12\/fashion-and-textile-1280-300x200.jpg\" alt=\"\" class=\"wp-image-18738\" srcset=\"https:\/\/www.v-label.com\/wp-content\/uploads\/2022\/12\/fashion-and-textile-1280-300x200.jpg 300w, https:\/\/www.v-label.com\/wp-content\/uploads\/2022\/12\/fashion-and-textile-1280-1024x682.jpg 1024w, https:\/\/www.v-label.com\/wp-content\/uploads\/2022\/12\/fashion-and-textile-1280-500x333.jpg 500w, https:\/\/www.v-label.com\/wp-content\/uploads\/2022\/12\/fashion-and-textile-1280-768x512.jpg 768w, https:\/\/www.v-label.com\/wp-content\/uploads\/2022\/12\/fashion-and-textile-1280.jpg 1280w\" sizes=\"(max-width: 300px) 100vw, 300px\" \/><\/figure>\n\n\n\n<h2 class=\"wp-block-heading\"><a href=\"https:\/\/www.v-label.com\/at\/general-information\/certified-products\/fashion-textile\/\" data-type=\"page\" data-id=\"1335\"><strong>Mode &amp; Textil<\/strong><\/a><\/h2>\n\n\n\n<p>Stellen Sie sicher, dass Ihre Garderobe (und Ihr Zuhause!) frei von tierischen Produkten ist. Von veganen Schuhen und Leder bis hin zu Bettw\u00e4sche und Reinigungsmitteln &#8211; finden Sie heraus, wie Sie Ihr Outfit von Kopf bis Fu\u00df zu 100 % vegan und Ihr Haus vom Teppich bis zum Dach sicher machen k\u00f6nnen.<\/p>\n<\/div>\n\n\n\n<div class=\"wp-block-column is-layout-flow wp-block-column-is-layout-flow\">\n<figure class=\"wp-block-image size-medium\"><img decoding=\"async\" width=\"300\" height=\"200\" src=\"https:\/\/www.v-label.com\/wp-content\/uploads\/2022\/12\/non-foods-1280-300x200.jpg\" alt=\"\" class=\"wp-image-18734\" srcset=\"https:\/\/www.v-label.com\/wp-content\/uploads\/2022\/12\/non-foods-1280-300x200.jpg 300w, https:\/\/www.v-label.com\/wp-content\/uploads\/2022\/12\/non-foods-1280-1024x683.jpg 1024w, https:\/\/www.v-label.com\/wp-content\/uploads\/2022\/12\/non-foods-1280-500x334.jpg 500w, https:\/\/www.v-label.com\/wp-content\/uploads\/2022\/12\/non-foods-1280-768x512.jpg 768w, https:\/\/www.v-label.com\/wp-content\/uploads\/2022\/12\/non-foods-1280.jpg 1280w\" sizes=\"(max-width: 300px) 100vw, 300px\" \/><\/figure>\n\n\n\n<h2 class=\"wp-block-heading\"><a href=\"https:\/\/www.v-label.com\/at\/general-information\/certified-products\/non-food\/\" data-type=\"page\" data-id=\"1337\"><strong>Bedarfsgegenst\u00e4nde<\/strong><\/a><\/h2>\n\n\n\n<p>Erweitern Sie Ihre Welt mit unserem Leitfaden f\u00fcr eine vegane Lebensweise: von den B\u00fcchern, die Sie lesen, bis hin zu Ihren \u00f6rtlichen Druckereien, Friseuren, Kosmetikerinnen oder sogar Tattoo-Studios.<\/p>\n<\/div>\n\n\n\n<div class=\"wp-block-column is-layout-flow wp-block-column-is-layout-flow\">\n<figure class=\"wp-block-image size-medium\"><img decoding=\"async\" width=\"300\" height=\"200\" src=\"https:\/\/www.v-label.com\/wp-content\/uploads\/2022\/12\/gastronomy-1280-300x200.jpg\" alt=\"\" class=\"wp-image-18730\" srcset=\"https:\/\/www.v-label.com\/wp-content\/uploads\/2022\/12\/gastronomy-1280-300x200.jpg 300w, https:\/\/www.v-label.com\/wp-content\/uploads\/2022\/12\/gastronomy-1280-1024x683.jpg 1024w, https:\/\/www.v-label.com\/wp-content\/uploads\/2022\/12\/gastronomy-1280-500x334.jpg 500w, https:\/\/www.v-label.com\/wp-content\/uploads\/2022\/12\/gastronomy-1280-768x512.jpg 768w, https:\/\/www.v-label.com\/wp-content\/uploads\/2022\/12\/gastronomy-1280.jpg 1280w\" sizes=\"(max-width: 300px) 100vw, 300px\" \/><\/figure>\n\n\n\n<h2 class=\"wp-block-heading\"><a href=\"https:\/\/www.v-label.com\/at\/general-information\/certified-products\/gastronomy\/\" data-type=\"page\" data-id=\"1339\"><strong>Gastronomie<\/strong><\/a><\/h2>\n\n\n\n<p>Unterwegs sein, ohne Kompromisse eingehen zu m\u00fcssen: Wir sagen Ihnen, welche Restaurants, Bistros und Caf\u00e9s vegane und vegetarische Produkte anbieten (und es sich lohnt, sie auszuprobieren!) und wohin Sie f\u00fcr ein veganes Hotel oder Erlebnis reisen k\u00f6nnen.<\/p>\n<\/div>\n<\/div>\n","protected":false},"excerpt":{"rendered":"<p>Die Lebensmittelproduktion ist f\u00fcr ein Viertel der weltweiten Treibhausgasemissionen verantwortlich und immer mehr Menschen machen sich Gedanken \u00fcber den Klimawandel. J\u00fcngste Studien zeigen, dass wenn Sie Ihre pers\u00f6nlichen Treibhausgasemissionen reduzieren wollen, darauf achten sollten, was Sie essen und nicht, ob Ihre Lebensmittel aus der Region stammen.1 Sie k\u00f6nnen, m\u00fcssen aber nicht 100 % vegan werden, [&hellip;]<\/p>\n","protected":false},"author":5,"featured_media":18726,"parent":18712,"menu_order":0,"comment_status":"closed","ping_status":"closed","template":"","meta":{"_acf_changed":false,"_editorskit_title_hidden":false,"_editorskit_reading_time":0,"_editorskit_is_block_options_detached":false,"_editorskit_block_options_position":"{}","inline_featured_image":false,"_uag_custom_page_level_css":"","footnotes":""},"categories":[],"tags":[],"class_list":["post-18725","page","type-page","status-publish","has-post-thumbnail","hentry"],"acf":[],"uagb_featured_image_src":{"full":["https:\/\/www.v-label.com\/wp-content\/uploads\/2022\/12\/v-label-cert-products.jpg",2000,1339,false],"thumbnail":["https:\/\/www.v-label.com\/wp-content\/uploads\/2022\/12\/v-label-cert-products-500x335.jpg",500,335,true],"medium":["https:\/\/www.v-label.com\/wp-content\/uploads\/2022\/12\/v-label-cert-products-300x201.jpg",300,201,true],"medium_large":["https:\/\/www.v-label.com\/wp-content\/uploads\/2022\/12\/v-label-cert-products-768x514.jpg",768,514,true],"large":["https:\/\/www.v-label.com\/wp-content\/uploads\/2022\/12\/v-label-cert-products-1024x686.jpg",1024,686,true],"1536x1536":["https:\/\/www.v-label.com\/wp-content\/uploads\/2022\/12\/v-label-cert-products-1536x1028.jpg",1536,1028,true],"2048x2048":["https:\/\/www.v-label.com\/wp-content\/uploads\/2022\/12\/v-label-cert-products.jpg",2000,1339,false],"preview":["https:\/\/www.v-label.com\/wp-content\/uploads\/2022\/12\/v-label-cert-products-904x720.jpg",904,720,true],"header":["https:\/\/www.v-label.com\/wp-content\/uploads\/2022\/12\/v-label-cert-products-2000x720.jpg",2000,720,true],"gform-image-choice-sm":["https:\/\/www.v-label.com\/wp-content\/uploads\/2022\/12\/v-label-cert-products.jpg",300,201,false],"gform-image-choice-md":["https:\/\/www.v-label.com\/wp-content\/uploads\/2022\/12\/v-label-cert-products.jpg",400,268,false],"gform-image-choice-lg":["https:\/\/www.v-label.com\/wp-content\/uploads\/2022\/12\/v-label-cert-products.jpg",600,402,false]},"uagb_author_info":{"display_name":"Can Aslan","author_link":"https:\/\/www.v-label.com\/at"},"uagb_comment_info":0,"uagb_excerpt":"Die Lebensmittelproduktion ist f\u00fcr ein Viertel der weltweiten Treibhausgasemissionen verantwortlich und immer mehr Menschen machen sich Gedanken \u00fcber den Klimawandel. J\u00fcngste Studien zeigen, dass wenn Sie Ihre pers\u00f6nlichen Treibhausgasemissionen reduzieren wollen, darauf achten sollten, was Sie essen und nicht, ob Ihre Lebensmittel aus der Region stammen.1 Sie k\u00f6nnen, m\u00fcssen aber nicht 100 % vegan werden,&hellip;","_links":{"self":[{"href":"https:\/\/www.v-label.com\/at\/wp-json\/wp\/v2\/pages\/18725","targetHints":{"allow":["GET"]}}],"collection":[{"href":"https:\/\/www.v-label.com\/at\/wp-json\/wp\/v2\/pages"}],"about":[{"href":"https:\/\/www.v-label.com\/at\/wp-json\/wp\/v2\/types\/page"}],"author":[{"embeddable":true,"href":"https:\/\/www.v-label.com\/at\/wp-json\/wp\/v2\/users\/5"}],"replies":[{"embeddable":true,"href":"https:\/\/www.v-label.com\/at\/wp-json\/wp\/v2\/comments?post=18725"}],"version-history":[{"count":3,"href":"https:\/\/www.v-label.com\/at\/wp-json\/wp\/v2\/pages\/18725\/revisions"}],"predecessor-version":[{"id":83815,"href":"https:\/\/www.v-label.com\/at\/wp-json\/wp\/v2\/pages\/18725\/revisions\/83815"}],"up":[{"embeddable":true,"href":"https:\/\/www.v-label.com\/at\/wp-json\/wp\/v2\/pages\/18712"}],"wp:featuredmedia":[{"embeddable":true,"href":"https:\/\/www.v-label.com\/at\/wp-json\/wp\/v2\/media\/18726"}],"wp:attachment":[{"href":"https:\/\/www.v-label.com\/at\/wp-json\/wp\/v2\/media?parent=18725"}],"wp:term":[{"taxonomy":"category","embeddable":true,"href":"https:\/\/www.v-label.com\/at\/wp-json\/wp\/v2\/categories?post=18725"},{"taxonomy":"post_tag","embeddable":true,"href":"https:\/\/www.v-label.com\/at\/wp-json\/wp\/v2\/tags?post=18725"}],"curies":[{"name":"wp","href":"https:\/\/api.w.org\/{rel}","templated":true}]}}