{"id":18733,"date":"2022-09-13T11:08:39","date_gmt":"2022-09-13T09:08:39","guid":{"rendered":"https:\/\/www.v-label.com\/general-information\/certified-products\/non-food\/"},"modified":"2023-01-09T10:28:26","modified_gmt":"2023-01-09T09:28:26","slug":"bedarfsgegenstande","status":"publish","type":"page","link":"https:\/\/www.v-label.com\/at\/allgemeine-informationen-fur-konsument\/zertifizierte-produkte\/bedarfsgegenstande\/","title":{"rendered":"Bedarfsgegenst\u00e4nde"},"content":{"rendered":"\n<p>Erweitern Sie Ihre Welt mit unserem Leitfaden f\u00fcr eine vegane Lebensweise: von den B\u00fcchern, die Sie lesen, bis hin zu Ihren \u00f6rtlichen Druckereien, Friseuren, Kosmetikerinnen oder sogar Tattoo-Studios.<\/p>\n\n\n\n<div class=\"wp-block-columns are-vertically-aligned-center is-layout-flex wp-container-core-columns-is-layout-9d6595d7 wp-block-columns-is-layout-flex\">\n<div class=\"wp-block-column is-vertically-aligned-center is-layout-flow wp-block-column-is-layout-flow\">\n<figure class=\"wp-block-image aligncenter size-medium\"><a href=\"https:\/\/www.planetpure.com\/\" target=\"_blank\" rel=\"noreferrer noopener\"><img decoding=\"async\" width=\"280\" height=\"300\" src=\"https:\/\/www.v-label.com\/wp-content\/uploads\/2022\/12\/planetpure-280x300.png\" alt=\"\" class=\"wp-image-36851\" srcset=\"https:\/\/www.v-label.com\/wp-content\/uploads\/2022\/12\/planetpure-280x300.png 280w, https:\/\/www.v-label.com\/wp-content\/uploads\/2022\/12\/planetpure.png 400w\" sizes=\"(max-width: 280px) 100vw, 280px\" \/><\/a><\/figure>\n<\/div>\n<\/div>\n","protected":false},"excerpt":{"rendered":"<p>Erweitern Sie Ihre Welt mit unserem Leitfaden f\u00fcr eine vegane Lebensweise: von den B\u00fcchern, die Sie lesen, bis hin zu Ihren \u00f6rtlichen Druckereien, Friseuren, Kosmetikerinnen oder sogar Tattoo-Studios.<\/p>\n","protected":false},"author":5,"featured_media":18734,"parent":18725,"menu_order":0,"comment_status":"closed","ping_status":"closed","template":"","meta":{"_acf_changed":false,"_editorskit_title_hidden":false,"_editorskit_reading_time":0,"_editorskit_is_block_options_detached":false,"_editorskit_block_options_position":"{}","inline_featured_image":false,"_uag_custom_page_level_css":"","footnotes":""},"categories":[],"tags":[],"class_list":["post-18733","page","type-page","status-publish","has-post-thumbnail","hentry"],"acf":[],"uagb_featured_image_src":{"full":["https:\/\/www.v-label.com\/wp-content\/uploads\/2022\/12\/non-foods-1280.jpg",1280,854,false],"thumbnail":["https:\/\/www.v-label.com\/wp-content\/uploads\/2022\/12\/non-foods-1280-500x334.jpg",500,334,true],"medium":["https:\/\/www.v-label.com\/wp-content\/uploads\/2022\/12\/non-foods-1280-300x200.jpg",300,200,true],"medium_large":["https:\/\/www.v-label.com\/wp-content\/uploads\/2022\/12\/non-foods-1280-768x512.jpg",768,512,true],"large":["https:\/\/www.v-label.com\/wp-content\/uploads\/2022\/12\/non-foods-1280-1024x683.jpg",1024,683,true],"1536x1536":["https:\/\/www.v-label.com\/wp-content\/uploads\/2022\/12\/non-foods-1280.jpg",1280,854,false],"2048x2048":["https:\/\/www.v-label.com\/wp-content\/uploads\/2022\/12\/non-foods-1280.jpg",1280,854,false],"preview":["https:\/\/www.v-label.com\/wp-content\/uploads\/2022\/12\/non-foods-1280-904x720.jpg",904,720,true],"header":["https:\/\/www.v-label.com\/wp-content\/uploads\/2022\/12\/non-foods-1280-1280x720.jpg",1280,720,true],"gform-image-choice-sm":["https:\/\/www.v-label.com\/wp-content\/uploads\/2022\/12\/non-foods-1280.jpg",300,200,false],"gform-image-choice-md":["https:\/\/www.v-label.com\/wp-content\/uploads\/2022\/12\/non-foods-1280.jpg",400,267,false],"gform-image-choice-lg":["https:\/\/www.v-label.com\/wp-content\/uploads\/2022\/12\/non-foods-1280.jpg",600,400,false]},"uagb_author_info":{"display_name":"Can Aslan","author_link":"https:\/\/www.v-label.com\/at"},"uagb_comment_info":0,"uagb_excerpt":"Erweitern Sie Ihre Welt mit unserem Leitfaden f\u00fcr eine vegane Lebensweise: von den B\u00fcchern, die Sie lesen, bis hin zu Ihren \u00f6rtlichen Druckereien, Friseuren, Kosmetikerinnen oder sogar Tattoo-Studios.","_links":{"self":[{"href":"https:\/\/www.v-label.com\/at\/wp-json\/wp\/v2\/pages\/18733","targetHints":{"allow":["GET"]}}],"collection":[{"href":"https:\/\/www.v-label.com\/at\/wp-json\/wp\/v2\/pages"}],"about":[{"href":"https:\/\/www.v-label.com\/at\/wp-json\/wp\/v2\/types\/page"}],"author":[{"embeddable":true,"href":"https:\/\/www.v-label.com\/at\/wp-json\/wp\/v2\/users\/5"}],"replies":[{"embeddable":true,"href":"https:\/\/www.v-label.com\/at\/wp-json\/wp\/v2\/comments?post=18733"}],"version-history":[{"count":1,"href":"https:\/\/www.v-label.com\/at\/wp-json\/wp\/v2\/pages\/18733\/revisions"}],"predecessor-version":[{"id":36881,"href":"https:\/\/www.v-label.com\/at\/wp-json\/wp\/v2\/pages\/18733\/revisions\/36881"}],"up":[{"embeddable":true,"href":"https:\/\/www.v-label.com\/at\/wp-json\/wp\/v2\/pages\/18725"}],"wp:featuredmedia":[{"embeddable":true,"href":"https:\/\/www.v-label.com\/at\/wp-json\/wp\/v2\/media\/18734"}],"wp:attachment":[{"href":"https:\/\/www.v-label.com\/at\/wp-json\/wp\/v2\/media?parent=18733"}],"wp:term":[{"taxonomy":"category","embeddable":true,"href":"https:\/\/www.v-label.com\/at\/wp-json\/wp\/v2\/categories?post=18733"},{"taxonomy":"post_tag","embeddable":true,"href":"https:\/\/www.v-label.com\/at\/wp-json\/wp\/v2\/tags?post=18733"}],"curies":[{"name":"wp","href":"https:\/\/api.w.org\/{rel}","templated":true}]}}