{"id":18774,"date":"2022-09-09T11:07:38","date_gmt":"2022-09-09T09:07:38","guid":{"rendered":"https:\/\/www.v-label.com\/general-information\/certified-products\/meat-alternatives\/"},"modified":"2023-01-09T10:28:52","modified_gmt":"2023-01-09T09:28:52","slug":"fleisch-alternativen","status":"publish","type":"page","link":"https:\/\/www.v-label.com\/at\/allgemeine-informationen-fur-konsument\/zertifizierte-produkte\/fleisch-alternativen\/","title":{"rendered":"Fleisch-Alternativen"},"content":{"rendered":"\n<p>Durchbr\u00fcche bei den Inhaltsstoffen, Anerkennung durch den Mainstream und endlose Skalierungsm\u00f6glichkeiten. Drei Gr\u00fcnde, warum Fleischalternativen nicht nur exponentiell wachsen, sondern auch die Zukunft unseres Lebensmittelkonsums in greifbare N\u00e4he r\u00fccken lassen. St\u00f6bern Sie und befriedigen Sie Ihren Geschmacksknospen!<\/p>\n\n\n\n<div class=\"wp-block-columns are-vertically-aligned-center is-layout-flex wp-container-core-columns-is-layout-9d6595d7 wp-block-columns-is-layout-flex\">\n<div class=\"wp-block-column is-vertically-aligned-center is-layout-flow wp-block-column-is-layout-flow\">\n<figure class=\"wp-block-image aligncenter size-medium\"><a href=\"https:\/\/www.die-ohne.at\/\" target=\"_blank\" rel=\"noreferrer noopener\"><img decoding=\"async\" src=\"https:\/\/www.v-label.com\/wp-content\/uploads\/2022\/12\/die-ohne-300x171.png\" alt=\"\" class=\"wp-image-36270\"\/><\/a><\/figure>\n<\/div>\n\n\n\n<div class=\"wp-block-column is-vertically-aligned-center is-layout-flow wp-block-column-is-layout-flow\">\n<figure class=\"wp-block-image aligncenter size-medium\"><a href=\"https:\/\/www.vegini.at\/\" target=\"_blank\" rel=\"noreferrer noopener\"><img decoding=\"async\" src=\"https:\/\/www.v-label.com\/wp-content\/uploads\/2022\/12\/vegini-300x123.png\" alt=\"\" class=\"wp-image-36300\"\/><\/a><\/figure>\n<\/div>\n<\/div>\n","protected":false},"excerpt":{"rendered":"<p>Durchbr\u00fcche bei den Inhaltsstoffen, Anerkennung durch den Mainstream und endlose Skalierungsm\u00f6glichkeiten. Drei Gr\u00fcnde, warum Fleischalternativen nicht nur exponentiell wachsen, sondern auch die Zukunft unseres Lebensmittelkonsums in greifbare N\u00e4he r\u00fccken lassen. St\u00f6bern Sie und befriedigen Sie Ihren Geschmacksknospen!<\/p>\n","protected":false},"author":5,"featured_media":18776,"parent":18725,"menu_order":0,"comment_status":"closed","ping_status":"closed","template":"","meta":{"_acf_changed":false,"_editorskit_title_hidden":false,"_editorskit_reading_time":0,"_editorskit_is_block_options_detached":false,"_editorskit_block_options_position":"{}","inline_featured_image":false,"_uag_custom_page_level_css":"","footnotes":""},"categories":[],"tags":[],"class_list":["post-18774","page","type-page","status-publish","has-post-thumbnail","hentry"],"acf":[],"uagb_featured_image_src":{"full":["https:\/\/www.v-label.com\/wp-content\/uploads\/2022\/12\/meat-alternatives-1280.jpg",1280,852,false],"thumbnail":["https:\/\/www.v-label.com\/wp-content\/uploads\/2022\/12\/meat-alternatives-1280-500x333.jpg",500,333,true],"medium":["https:\/\/www.v-label.com\/wp-content\/uploads\/2022\/12\/meat-alternatives-1280-300x200.jpg",300,200,true],"medium_large":["https:\/\/www.v-label.com\/wp-content\/uploads\/2022\/12\/meat-alternatives-1280-768x511.jpg",768,511,true],"large":["https:\/\/www.v-label.com\/wp-content\/uploads\/2022\/12\/meat-alternatives-1280-1024x682.jpg",1024,682,true],"1536x1536":["https:\/\/www.v-label.com\/wp-content\/uploads\/2022\/12\/meat-alternatives-1280.jpg",1280,852,false],"2048x2048":["https:\/\/www.v-label.com\/wp-content\/uploads\/2022\/12\/meat-alternatives-1280.jpg",1280,852,false],"preview":["https:\/\/www.v-label.com\/wp-content\/uploads\/2022\/12\/meat-alternatives-1280-904x720.jpg",904,720,true],"header":["https:\/\/www.v-label.com\/wp-content\/uploads\/2022\/12\/meat-alternatives-1280-1280x720.jpg",1280,720,true],"gform-image-choice-sm":["https:\/\/www.v-label.com\/wp-content\/uploads\/2022\/12\/meat-alternatives-1280.jpg",300,200,false],"gform-image-choice-md":["https:\/\/www.v-label.com\/wp-content\/uploads\/2022\/12\/meat-alternatives-1280.jpg",400,266,false],"gform-image-choice-lg":["https:\/\/www.v-label.com\/wp-content\/uploads\/2022\/12\/meat-alternatives-1280.jpg",600,399,false]},"uagb_author_info":{"display_name":"Can Aslan","author_link":"https:\/\/www.v-label.com\/at"},"uagb_comment_info":0,"uagb_excerpt":"Durchbr\u00fcche bei den Inhaltsstoffen, Anerkennung durch den Mainstream und endlose Skalierungsm\u00f6glichkeiten. Drei Gr\u00fcnde, warum Fleischalternativen nicht nur exponentiell wachsen, sondern auch die Zukunft unseres Lebensmittelkonsums in greifbare N\u00e4he r\u00fccken lassen. St\u00f6bern Sie und befriedigen Sie Ihren Geschmacksknospen!","_links":{"self":[{"href":"https:\/\/www.v-label.com\/at\/wp-json\/wp\/v2\/pages\/18774","targetHints":{"allow":["GET"]}}],"collection":[{"href":"https:\/\/www.v-label.com\/at\/wp-json\/wp\/v2\/pages"}],"about":[{"href":"https:\/\/www.v-label.com\/at\/wp-json\/wp\/v2\/types\/page"}],"author":[{"embeddable":true,"href":"https:\/\/www.v-label.com\/at\/wp-json\/wp\/v2\/users\/5"}],"replies":[{"embeddable":true,"href":"https:\/\/www.v-label.com\/at\/wp-json\/wp\/v2\/comments?post=18774"}],"version-history":[{"count":1,"href":"https:\/\/www.v-label.com\/at\/wp-json\/wp\/v2\/pages\/18774\/revisions"}],"predecessor-version":[{"id":36330,"href":"https:\/\/www.v-label.com\/at\/wp-json\/wp\/v2\/pages\/18774\/revisions\/36330"}],"up":[{"embeddable":true,"href":"https:\/\/www.v-label.com\/at\/wp-json\/wp\/v2\/pages\/18725"}],"wp:featuredmedia":[{"embeddable":true,"href":"https:\/\/www.v-label.com\/at\/wp-json\/wp\/v2\/media\/18776"}],"wp:attachment":[{"href":"https:\/\/www.v-label.com\/at\/wp-json\/wp\/v2\/media?parent=18774"}],"wp:term":[{"taxonomy":"category","embeddable":true,"href":"https:\/\/www.v-label.com\/at\/wp-json\/wp\/v2\/categories?post=18774"},{"taxonomy":"post_tag","embeddable":true,"href":"https:\/\/www.v-label.com\/at\/wp-json\/wp\/v2\/tags?post=18774"}],"curies":[{"name":"wp","href":"https:\/\/api.w.org\/{rel}","templated":true}]}}