{"id":18244,"date":"2022-05-30T16:56:50","date_gmt":"2022-05-30T14:56:50","guid":{"rendered":"https:\/\/www.v-label.com\/press-materials\/"},"modified":"2023-10-16T13:32:20","modified_gmt":"2023-10-16T11:32:20","slug":"materiel-de-presse","status":"publish","type":"page","link":"https:\/\/www.v-label.com\/be_fr\/materiel-de-presse\/","title":{"rendered":"Mat\u00e9riel de presse"},"content":{"rendered":"\n<h3 class=\"wp-block-heading has-text-align-center\">Utilisez notre s\u00e9lection d&#8217;images et de logos li\u00e9s au V-Label pour vos activit\u00e9s m\u00e9diatiques.<\/h3>\n\n\n\n<h2 class=\"wp-block-heading has-text-align-center\">Versions V-Label<\/h2>\n\n\n\n<div class=\"wp-block-columns is-layout-flex wp-container-core-columns-is-layout-9d6595d7 wp-block-columns-is-layout-flex\">\n<div class=\"wp-block-column is-layout-flow wp-block-column-is-layout-flow\">\n<section id=\"download-block_3d0bad2a0304c383e04ed38ec1b0a97a\" class=\"wp-block-download\">\n\t\t\t<div class=\"inner\">\n\t\t\t\t\t\t<a href=\"https:\/\/www.v-label.com\/wp-content\/uploads\/2022\/12\/v-label-vegan-vegane-multilingual-color.pdf\" class=\"post_thumbnail\" download>\n\t\t\t\t<img decoding=\"async\" src=\"https:\/\/www.v-label.com\/wp-content\/uploads\/2022\/12\/v-label-vegan-vegane-multilingual-color-323x500.png\" alt=\"V-Label Vegane\">\n\t\t\t<\/a>\n\t\t\t<h4>V-Label Vegane<\/h4>\n\t\t\t<p class=\"meta\">\n\t\t\t\tPDF, 30.51 KB\t\t\t<\/p>\n\t\t<\/div>\n\t\t<a href=\"https:\/\/www.v-label.com\/wp-content\/uploads\/2022\/12\/v-label-vegan-vegane-multilingual-color.pdf\" download>\n\t\t\t<button class=\"wp-block-button__link\">Download<\/button>\n\t\t<\/a>\n\t<\/section><\/div>\n\n\n\n<div class=\"wp-block-column is-layout-flow wp-block-column-is-layout-flow\">\n<section id=\"download-block_942101f38c7e5a6da12b1d9a5ade0e40\" class=\"wp-block-download\">\n\t\t\t<div class=\"inner\">\n\t\t\t\t\t\t<a href=\"https:\/\/www.v-label.com\/wp-content\/uploads\/2022\/12\/v-label-vegan-vegane-multilingual-color.eps\" class=\"post_thumbnail\" download>\n\t\t\t\t<img decoding=\"async\" src=\"https:\/\/www.v-label.com\/wp-content\/uploads\/2022\/12\/v-label-vegan-vegane-multilingual-color-323x500.png\" alt=\"V-Label Vegane\">\n\t\t\t<\/a>\n\t\t\t<h4>V-Label Vegane<\/h4>\n\t\t\t<p class=\"meta\">\n\t\t\t\tEPS, 423.21 KB\t\t\t<\/p>\n\t\t<\/div>\n\t\t<a href=\"https:\/\/www.v-label.com\/wp-content\/uploads\/2022\/12\/v-label-vegan-vegane-multilingual-color.eps\" download>\n\t\t\t<button class=\"wp-block-button__link\">Download<\/button>\n\t\t<\/a>\n\t<\/section><\/div>\n\n\n\n<div class=\"wp-block-column is-layout-flow wp-block-column-is-layout-flow\">\n<section id=\"download-block_e3a5e2e20d61a27e272f069f871af0c5\" class=\"wp-block-download\">\n\t\t\t<div class=\"inner\">\n\t\t\t\t\t\t<a href=\"https:\/\/www.v-label.com\/wp-content\/uploads\/2022\/12\/v-label-vegan-vegane-multilingual-color.png\" class=\"post_thumbnail\" download>\n\t\t\t\t<img decoding=\"async\" src=\"https:\/\/www.v-label.com\/wp-content\/uploads\/2022\/12\/v-label-vegan-vegane-multilingual-color-323x500.png\" alt=\"V-Label Vegane\">\n\t\t\t<\/a>\n\t\t\t<h4>V-Label Vegane<\/h4>\n\t\t\t<p class=\"meta\">\n\t\t\t\tPNG, 38.97 KB\t\t\t<\/p>\n\t\t<\/div>\n\t\t<a href=\"https:\/\/www.v-label.com\/wp-content\/uploads\/2022\/12\/v-label-vegan-vegane-multilingual-color.png\" download>\n\t\t\t<button class=\"wp-block-button__link\">Download<\/button>\n\t\t<\/a>\n\t<\/section><\/div>\n<\/div>\n\n\n\n<div class=\"wp-block-columns is-layout-flex wp-container-core-columns-is-layout-9d6595d7 wp-block-columns-is-layout-flex\">\n<div class=\"wp-block-column is-layout-flow wp-block-column-is-layout-flow\">\n<section id=\"download-block_e08a06d1b3a2fbbadebf78549f5c9db5\" class=\"wp-block-download\">\n\t\t\t<div class=\"inner\">\n\t\t\t\t\t\t<a href=\"https:\/\/www.v-label.com\/wp-content\/uploads\/2022\/12\/v-label-vegetarian-vegetarien-multilingual-color.png\" class=\"post_thumbnail\" download>\n\t\t\t\t<img decoding=\"async\" src=\"https:\/\/www.v-label.com\/wp-content\/uploads\/2022\/12\/v-label-vegetarian-vegetarien-multilingual-color-366x500.png\" alt=\"V-Label Vegetarien Bilingual\">\n\t\t\t<\/a>\n\t\t\t<h4>V-Label Vegetarien Bilingual<\/h4>\n\t\t\t<p class=\"meta\">\n\t\t\t\tPNG, 42.64 KB\t\t\t<\/p>\n\t\t<\/div>\n\t\t<a href=\"https:\/\/www.v-label.com\/wp-content\/uploads\/2022\/12\/v-label-vegetarian-vegetarien-multilingual-color.png\" download>\n\t\t\t<button class=\"wp-block-button__link\">Download<\/button>\n\t\t<\/a>\n\t<\/section><\/div>\n\n\n\n<div class=\"wp-block-column is-layout-flow wp-block-column-is-layout-flow\">\n<section id=\"download-block_a66a8e4b5e3cac497a021fab742c06fd\" class=\"wp-block-download\">\n\t\t\t<div class=\"inner\">\n\t\t\t\t\t\t<a href=\"https:\/\/www.v-label.com\/wp-content\/uploads\/2022\/12\/v-label-vegetarian-vegetarien-multilingual-color.pdf\" class=\"post_thumbnail\" download>\n\t\t\t\t<img decoding=\"async\" src=\"https:\/\/www.v-label.com\/wp-content\/uploads\/2022\/12\/v-label-vegetarian-vegetarien-multilingual-color-366x500.png\" alt=\"V-Label Vegetarien Bilingual\">\n\t\t\t<\/a>\n\t\t\t<h4>V-Label Vegetarien Bilingual<\/h4>\n\t\t\t<p class=\"meta\">\n\t\t\t\tPDF, 31.23 KB\t\t\t<\/p>\n\t\t<\/div>\n\t\t<a href=\"https:\/\/www.v-label.com\/wp-content\/uploads\/2022\/12\/v-label-vegetarian-vegetarien-multilingual-color.pdf\" download>\n\t\t\t<button class=\"wp-block-button__link\">Download<\/button>\n\t\t<\/a>\n\t<\/section><\/div>\n\n\n\n<div class=\"wp-block-column is-layout-flow wp-block-column-is-layout-flow\">\n<section id=\"download-block_e32e4627895e36b2dbe2382a5b16fd43\" class=\"wp-block-download\">\n\t\t\t<div class=\"inner\">\n\t\t\t\t\t\t<a href=\"https:\/\/www.v-label.com\/wp-content\/uploads\/2022\/12\/v-label-vegetarian-vegetarien-multilingual-color.eps\" class=\"post_thumbnail\" download>\n\t\t\t\t<img decoding=\"async\" src=\"https:\/\/www.v-label.com\/wp-content\/uploads\/2022\/12\/v-label-vegetarian-vegetarien-multilingual-color-366x500.png\" alt=\"V-Label Vegetarien Bilingual\">\n\t\t\t<\/a>\n\t\t\t<h4>V-Label Vegetarien Bilingual<\/h4>\n\t\t\t<p class=\"meta\">\n\t\t\t\tEPS, 427.03 KB\t\t\t<\/p>\n\t\t<\/div>\n\t\t<a href=\"https:\/\/www.v-label.com\/wp-content\/uploads\/2022\/12\/v-label-vegetarian-vegetarien-multilingual-color.eps\" download>\n\t\t\t<button class=\"wp-block-button__link\">Download<\/button>\n\t\t<\/a>\n\t<\/section><\/div>\n<\/div>\n\n\n\n<div class=\"wp-block-columns is-layout-flex wp-container-core-columns-is-layout-9d6595d7 wp-block-columns-is-layout-flex\">\n<div class=\"wp-block-column is-layout-flow wp-block-column-is-layout-flow\">\n<section id=\"download-block_b82ec48e3613ea7e4af6cdedb8bab135\" class=\"wp-block-download\">\n\t\t\t<div class=\"inner\">\n\t\t\t\t\t\t<a href=\"https:\/\/www.v-label.com\/wp-content\/uploads\/2022\/12\/v-label-color-nocategory-2.png\" class=\"post_thumbnail\" download>\n\t\t\t\t<img decoding=\"async\" src=\"https:\/\/www.v-label.com\/wp-content\/uploads\/2022\/12\/v-label-color-nocategory-2-500x500.png\" alt=\"V-Label\">\n\t\t\t<\/a>\n\t\t\t<h4>V-Label<\/h4>\n\t\t\t<p class=\"meta\">\n\t\t\t\tPNG, 50.57 KB\t\t\t<\/p>\n\t\t<\/div>\n\t\t<a href=\"https:\/\/www.v-label.com\/wp-content\/uploads\/2022\/12\/v-label-color-nocategory-2.png\" download>\n\t\t\t<button class=\"wp-block-button__link\">Download<\/button>\n\t\t<\/a>\n\t<\/section><\/div>\n\n\n\n<div class=\"wp-block-column is-layout-flow wp-block-column-is-layout-flow\">\n<section id=\"download-block_00d7b056bffa191f650a40e04378ca54\" class=\"wp-block-download\">\n\t\t\t<div class=\"inner\">\n\t\t\t\t\t\t<a href=\"https:\/\/www.v-label.com\/wp-content\/uploads\/2022\/12\/v-label-color-nocategory.pdf\" class=\"post_thumbnail\" download>\n\t\t\t\t<img decoding=\"async\" src=\"https:\/\/www.v-label.com\/wp-content\/uploads\/2022\/12\/v-label-color-nocategory-2-500x500.png\" alt=\"V-Label\">\n\t\t\t<\/a>\n\t\t\t<h4>V-Label<\/h4>\n\t\t\t<p class=\"meta\">\n\t\t\t\tPDF, 29.13 KB\t\t\t<\/p>\n\t\t<\/div>\n\t\t<a href=\"https:\/\/www.v-label.com\/wp-content\/uploads\/2022\/12\/v-label-color-nocategory.pdf\" download>\n\t\t\t<button class=\"wp-block-button__link\">Download<\/button>\n\t\t<\/a>\n\t<\/section><\/div>\n\n\n\n<div class=\"wp-block-column is-layout-flow wp-block-column-is-layout-flow\">\n<section id=\"download-block_e82d98c319ebc3ce6805b8e97d80280f\" class=\"wp-block-download\">\n\t\t\t<div class=\"inner\">\n\t\t\t\t\t\t<a href=\"https:\/\/www.v-label.com\/wp-content\/uploads\/2022\/12\/v-label-color-nocategory.eps\" class=\"post_thumbnail\" download>\n\t\t\t\t<img decoding=\"async\" src=\"https:\/\/www.v-label.com\/wp-content\/uploads\/2022\/12\/v-label-color-nocategory-2-500x500.png\" alt=\"V-Label\">\n\t\t\t<\/a>\n\t\t\t<h4>V-Label<\/h4>\n\t\t\t<p class=\"meta\">\n\t\t\t\tEPS, 414.70 KB\t\t\t<\/p>\n\t\t<\/div>\n\t\t<a href=\"https:\/\/www.v-label.com\/wp-content\/uploads\/2022\/12\/v-label-color-nocategory.eps\" download>\n\t\t\t<button class=\"wp-block-button__link\">Download<\/button>\n\t\t<\/a>\n\t<\/section><\/div>\n<\/div>\n\n\n\n<h2 class=\"wp-block-heading has-text-align-center\">Fichiers suppl\u00e9mentaires<\/h2>\n\n\n\n<div class=\"wp-block-columns is-layout-flex wp-container-core-columns-is-layout-9d6595d7 wp-block-columns-is-layout-flex\">\n<div class=\"wp-block-column is-layout-flow wp-block-column-is-layout-flow\">\n<section id=\"download-block_8b07f6246d4d8048325d656beb47146c\" class=\"wp-block-download\">\n\t\t\t<div class=\"inner\">\n\t\t\t\t\t\t<a href=\"https:\/\/www.v-label.com\/wp-content\/uploads\/2022\/09\/manual-for-licensees-int-fwcng08-v101-en-new-label.pdf\" class=\"post_thumbnail\" download>\n\t\t\t\t<img decoding=\"async\" src=\"https:\/\/www.v-label.com\/wp-content\/uploads\/2022\/09\/manual-thumbnail-352x500.png\" alt=\"V-Label Manual for Licensees\">\n\t\t\t<\/a>\n\t\t\t<h4>V-Label Manual for Licensees<\/h4>\n\t\t\t<p class=\"meta\">\n\t\t\t\tPDF, 1.35 MB\t\t\t<\/p>\n\t\t<\/div>\n\t\t<a href=\"https:\/\/www.v-label.com\/wp-content\/uploads\/2022\/09\/manual-for-licensees-int-fwcng08-v101-en-new-label.pdf\" download>\n\t\t\t<button class=\"wp-block-button__link\">Download<\/button>\n\t\t<\/a>\n\t<\/section><\/div>\n\n\n\n<div class=\"wp-block-column is-layout-flow wp-block-column-is-layout-flow\">\n<section id=\"download-block_511668d45ad8dd3192b9c0d9dcc21740\" class=\"wp-block-download\">\n\t\t\t<div class=\"inner\">\n\t\t\t\t\t\t<a href=\"https:\/\/www.v-label.com\/wp-content\/uploads\/2022\/09\/v-label-brochure-en.pdf\" class=\"post_thumbnail\" download>\n\t\t\t\t<img decoding=\"async\" src=\"https:\/\/www.v-label.com\/wp-content\/uploads\/2022\/09\/v-label-brochure-en-237x500.jpg\" alt=\"V-Label Brochure\">\n\t\t\t<\/a>\n\t\t\t<h4>V-Label Brochure<\/h4>\n\t\t\t<p class=\"meta\">\n\t\t\t\tPDF, 827.35 KB\t\t\t<\/p>\n\t\t<\/div>\n\t\t<a href=\"https:\/\/www.v-label.com\/wp-content\/uploads\/2022\/09\/v-label-brochure-en.pdf\" download>\n\t\t\t<button class=\"wp-block-button__link\">Download<\/button>\n\t\t<\/a>\n\t<\/section><\/div>\n\n\n\n<div class=\"wp-block-column is-layout-flow wp-block-column-is-layout-flow\">\n<section id=\"download-block_e4db39d02ca97a97b2a04505299137ec\" class=\"wp-block-download\">\n\t\t\t<div class=\"inner\">\n\t\t\t\t\t\t<a href=\"https:\/\/www.v-label.com\/wp-content\/uploads\/2022\/09\/traces-en.pdf\" class=\"post_thumbnail\" download>\n\t\t\t\t<img decoding=\"async\" src=\"https:\/\/www.v-label.com\/wp-content\/uploads\/2022\/09\/traces-thumbnail-356x500.png\" alt=\"Information on Traces\">\n\t\t\t<\/a>\n\t\t\t<h4>Information on Traces<\/h4>\n\t\t\t<p class=\"meta\">\n\t\t\t\tPDF, 538.09 KB\t\t\t<\/p>\n\t\t<\/div>\n\t\t<a href=\"https:\/\/www.v-label.com\/wp-content\/uploads\/2022\/09\/traces-en.pdf\" download>\n\t\t\t<button class=\"wp-block-button__link\">Download<\/button>\n\t\t<\/a>\n\t<\/section><\/div>\n<\/div>\n\n\n\n<p class=\"has-small-font-size\"><em>Les logos et \u00e9tiquettes affich\u00e9s sur cette page sont prot\u00e9g\u00e9s par des lois sur la propri\u00e9t\u00e9 intellectuelle, y compris les lois sur le droit d&#8217;auteur et les marques. Si vous souhaitez utiliser notre logo et nos \u00e9tiquettes pour les afficher ou pour tout autre usage dans vos produits alimentaires\/non alimentaires, vous devez obtenir la licence n\u00e9cessaire.<br>Toute utilisation non autoris\u00e9e est strictement interdite sans obtenir la licence appropri\u00e9e. L&#8217;utilisation non autoris\u00e9e de notre logo et de nos \u00e9tiquettes peut entra\u00eener des cons\u00e9quences juridiques, notamment mais non exclusivement une responsabilit\u00e9 civile, des dommages-int\u00e9r\u00eats financiers et une injonction. Nous nous r\u00e9servons le droit d&#8217;engager des poursuites judiciaires appropri\u00e9es contre les individus ou entit\u00e9s trouv\u00e9s en violation de nos droits de propri\u00e9t\u00e9 intellectuelle. <a href=\"https:\/\/www.v-label.com\/be_fr\/prenez-contact-avec-nous\/\" class=\"ek-link\">Veuillez nous contacter ici <\/a>pour vous renseigner sur les proc\u00e9dures de licence appropri\u00e9es ou obtenez une licence <a href=\"https:\/\/www.v-label.com\/be_fr\/obtenir-la-certification-v-label\/\" class=\"ek-link\">via ce lien<\/a>.<\/em><\/p>\n","protected":false},"excerpt":{"rendered":"<p>Utilisez notre s\u00e9lection d&#8217;images et de logos li\u00e9s au V-Label pour vos activit\u00e9s m\u00e9diatiques. Versions V-Label Fichiers suppl\u00e9mentaires Les logos et \u00e9tiquettes affich\u00e9s sur cette page sont prot\u00e9g\u00e9s par des lois sur la propri\u00e9t\u00e9 intellectuelle, y compris les lois sur le droit d&#8217;auteur et les marques. Si vous souhaitez utiliser notre logo et nos \u00e9tiquettes [&hellip;]<\/p>\n","protected":false},"author":5,"featured_media":18246,"parent":0,"menu_order":0,"comment_status":"closed","ping_status":"closed","template":"","meta":{"_acf_changed":false,"_editorskit_title_hidden":false,"_editorskit_reading_time":0,"_editorskit_is_block_options_detached":false,"_editorskit_block_options_position":"{}","inline_featured_image":false,"_uag_custom_page_level_css":"","footnotes":""},"categories":[],"tags":[],"class_list":["post-18244","page","type-page","status-publish","has-post-thumbnail","hentry"],"acf":[],"uagb_featured_image_src":{"full":["https:\/\/www.v-label.com\/wp-content\/uploads\/2022\/12\/v-label-press-materials-1.jpg",1000,667,false],"thumbnail":["https:\/\/www.v-label.com\/wp-content\/uploads\/2022\/12\/adobestock-157240659-preview-500x334.jpeg",500,334,true],"medium":["https:\/\/www.v-label.com\/wp-content\/uploads\/2022\/12\/adobestock-157240659-preview-300x200.jpeg",300,200,true],"medium_large":["https:\/\/www.v-label.com\/wp-content\/uploads\/2022\/12\/adobestock-157240659-preview-768x512.jpeg",768,512,true],"large":["https:\/\/www.v-label.com\/wp-content\/uploads\/2022\/12\/v-label-press-materials-1.jpg",1000,667,false],"1536x1536":["https:\/\/www.v-label.com\/wp-content\/uploads\/2022\/12\/v-label-press-materials-1.jpg",1000,667,false],"2048x2048":["https:\/\/www.v-label.com\/wp-content\/uploads\/2022\/12\/v-label-press-materials-1.jpg",1000,667,false],"preview":["https:\/\/www.v-label.com\/wp-content\/uploads\/2022\/12\/adobestock-157240659-preview-904x667.jpeg",904,667,true],"header":["https:\/\/www.v-label.com\/wp-content\/uploads\/2022\/12\/v-label-press-materials-1.jpg",1000,667,false],"gform-image-choice-sm":["https:\/\/www.v-label.com\/wp-content\/uploads\/2022\/12\/v-label-press-materials-1.jpg",300,200,false],"gform-image-choice-md":["https:\/\/www.v-label.com\/wp-content\/uploads\/2022\/12\/v-label-press-materials-1.jpg",400,267,false],"gform-image-choice-lg":["https:\/\/www.v-label.com\/wp-content\/uploads\/2022\/12\/v-label-press-materials-1.jpg",600,400,false]},"uagb_author_info":{"display_name":"Can Aslan","author_link":"https:\/\/www.v-label.com\/be_fr"},"uagb_comment_info":0,"uagb_excerpt":"Utilisez notre s\u00e9lection d&#8217;images et de logos li\u00e9s au V-Label pour vos activit\u00e9s m\u00e9diatiques. Versions V-Label Fichiers suppl\u00e9mentaires Les logos et \u00e9tiquettes affich\u00e9s sur cette page sont prot\u00e9g\u00e9s par des lois sur la propri\u00e9t\u00e9 intellectuelle, y compris les lois sur le droit d&#8217;auteur et les marques. Si vous souhaitez utiliser notre logo et nos \u00e9tiquettes&hellip;","_links":{"self":[{"href":"https:\/\/www.v-label.com\/be_fr\/wp-json\/wp\/v2\/pages\/18244","targetHints":{"allow":["GET"]}}],"collection":[{"href":"https:\/\/www.v-label.com\/be_fr\/wp-json\/wp\/v2\/pages"}],"about":[{"href":"https:\/\/www.v-label.com\/be_fr\/wp-json\/wp\/v2\/types\/page"}],"author":[{"embeddable":true,"href":"https:\/\/www.v-label.com\/be_fr\/wp-json\/wp\/v2\/users\/5"}],"replies":[{"embeddable":true,"href":"https:\/\/www.v-label.com\/be_fr\/wp-json\/wp\/v2\/comments?post=18244"}],"version-history":[{"count":2,"href":"https:\/\/www.v-label.com\/be_fr\/wp-json\/wp\/v2\/pages\/18244\/revisions"}],"predecessor-version":[{"id":69730,"href":"https:\/\/www.v-label.com\/be_fr\/wp-json\/wp\/v2\/pages\/18244\/revisions\/69730"}],"wp:featuredmedia":[{"embeddable":true,"href":"https:\/\/www.v-label.com\/be_fr\/wp-json\/wp\/v2\/media\/18246"}],"wp:attachment":[{"href":"https:\/\/www.v-label.com\/be_fr\/wp-json\/wp\/v2\/media?parent=18244"}],"wp:term":[{"taxonomy":"category","embeddable":true,"href":"https:\/\/www.v-label.com\/be_fr\/wp-json\/wp\/v2\/categories?post=18244"},{"taxonomy":"post_tag","embeddable":true,"href":"https:\/\/www.v-label.com\/be_fr\/wp-json\/wp\/v2\/tags?post=18244"}],"curies":[{"name":"wp","href":"https:\/\/api.w.org\/{rel}","templated":true}]}}