{"id":18258,"date":"2022-05-30T16:16:29","date_gmt":"2022-05-30T14:16:29","guid":{"rendered":"https:\/\/www.v-label.com\/benefits\/"},"modified":"2024-07-09T14:16:32","modified_gmt":"2024-07-09T12:16:32","slug":"benefits","status":"publish","type":"page","link":"https:\/\/www.v-label.com\/be_fr\/info-for-producers\/benefits\/","title":{"rendered":"Avantages"},"content":{"rendered":"\n<p>Les clients du monde entier optent de plus en plus pour des produits v\u00e9g\u00e9taux pour des raisons telles que la sant\u00e9, les intol\u00e9rences alimentaires, la praticit\u00e9, l&#8217;\u00e9thique, l&#8217;indulgence, or simplement parce que leurs enfants aiment cela. Le v\u00e9ganisme \u00e9tant de plus en plus r\u00e9pandu, les gouvernements et les organisations y pr\u00eatent attention. Cela devient \u00e9vident qu&#8217;il ne sera pas possible d&#8217;atteindre les objectifs de l&#8217;accord de Paris sur le climat, auxquels presque tous les gouvernements se sont engag\u00e9s de respecter, sans r\u00e9duire la consommation de produits animaux. Tout cela alimente un \u00e9cosyst\u00e8me vital pour que les producteurs puissent proposer des alternatives innovantes et durables. Mettez la main sur ce march\u00e9 en pleine croissance aujourd&#8217;hui et dans les ann\u00e9es \u00e0 venir avec le V-Label.<\/p>\n\n\n\n<div class=\"wp-block-media-text is-stacked-on-mobile is-vertically-aligned-center is-image-fill\"><figure class=\"wp-block-media-text__media\" style=\"background-image:url(https:\/\/www.v-label.com\/wp-content\/uploads\/2022\/12\/v-label-consumers-favorite.jpg);background-position:62% 53%\"><img decoding=\"async\" src=\"https:\/\/www.v-label.com\/wp-content\/uploads\/2022\/12\/v-label-consumers-favorite.jpg\" alt=\"\" class=\"wp-image-39649 size-full\"\/><\/figure><div class=\"wp-block-media-text__content\">\n<h3 class=\"wp-block-heading\"><strong><strong><strong>Le pr\u00e9f\u00e9r\u00e9 des consommateurs<\/strong><\/strong><\/strong><\/h3>\n\n\n\n<p>En Allemagne, selon le c\u00e9l\u00e8bre G\u00fctesiegel Monitor 2020, le V-Label est le 8e label de qualit\u00e9 alimentaire le plus connu et le 3e le plus fiable. Dans l&#8217;Union europ\u00e9enne, le V-Label est d\u00e9sormais le label le plus connu pour les produits v\u00e9g\u00e9tariens et v\u00e9ganes. Le V-Label a certifi\u00e9 plus de 70 000 produits dans le monde entier et b\u00e9n\u00e9ficie d&#8217;un large soutien dans la communaut\u00e9 v\u00e9g\u00e9tarienne et v\u00e9gane. Gr\u00e2ce \u00e0 la cat\u00e9gorisation compr\u00e9hensible des produits comme \u00e9tant v\u00e9ganes ou v\u00e9g\u00e9tariens, le V-Label est un moyen rapide et fiable de dire aux consommateurs exactement ce qu&#8217;ils ach\u00e8tent.<\/p>\n<\/div><\/div>\n\n\n\n<div style=\"height:30px\" aria-hidden=\"true\" class=\"wp-block-spacer\"><\/div>\n\n\n\n<div class=\"wp-block-media-text is-stacked-on-mobile is-vertically-aligned-center is-image-fill\"><figure class=\"wp-block-media-text__media\" style=\"background-image:url(https:\/\/www.v-label.com\/wp-content\/uploads\/2022\/12\/v-label-global-recognition.jpg);background-position:50% 50%\"><img decoding=\"async\" width=\"1280\" height=\"959\" src=\"https:\/\/www.v-label.com\/wp-content\/uploads\/2022\/12\/v-label-global-recognition.jpg\" alt=\"\" class=\"wp-image-17595 size-full\" srcset=\"https:\/\/www.v-label.com\/wp-content\/uploads\/2022\/12\/v-label-global-recognition.jpg 1280w, https:\/\/www.v-label.com\/wp-content\/uploads\/2022\/12\/v-label-global-recognition-300x225.jpg 300w, https:\/\/www.v-label.com\/wp-content\/uploads\/2022\/12\/v-label-global-recognition-1024x767.jpg 1024w, https:\/\/www.v-label.com\/wp-content\/uploads\/2022\/12\/v-label-global-recognition-500x375.jpg 500w, https:\/\/www.v-label.com\/wp-content\/uploads\/2022\/12\/v-label-global-recognition-768x575.jpg 768w\" sizes=\"(max-width: 1280px) 100vw, 1280px\" \/><\/figure><div class=\"wp-block-media-text__content\">\n<h3 class=\"wp-block-heading\"><strong><strong><strong>Mondialement reconnu<\/strong><\/strong><\/strong><\/h3>\n\n\n\n<p>Cr\u00e9\u00e9 il y a 25 ans en Suisse, le V-Label a acquis une place de leader dans la qualit\u00e9 des produits et services v\u00e9ganes et v\u00e9g\u00e9tariens. Avec le V-Label, vous disposez d&#8217;une certification unique, hautement reconnue sur tous les march\u00e9s. De Berlin \u00e0 Buenos Aires, les yeux du consommateur peuvent difficilement manquer les couleurs vives vert et jaune du logo V-Label qui contrastent avec les emballages.<\/p>\n<\/div><\/div>\n\n\n\n<div style=\"height:30px\" aria-hidden=\"true\" class=\"wp-block-spacer\"><\/div>\n\n\n\n<div class=\"wp-block-media-text is-stacked-on-mobile is-vertically-aligned-center is-image-fill\"><figure class=\"wp-block-media-text__media\" style=\"background-image:url(https:\/\/www.v-label.com\/wp-content\/uploads\/2022\/12\/v-label-business-partnerships.jpg);background-position:50% 50%\"><img decoding=\"async\" width=\"1280\" height=\"853\" src=\"https:\/\/www.v-label.com\/wp-content\/uploads\/2022\/12\/v-label-business-partnerships.jpg\" alt=\"\" class=\"wp-image-17615 size-full\" srcset=\"https:\/\/www.v-label.com\/wp-content\/uploads\/2022\/12\/v-label-business-partnerships.jpg 1280w, https:\/\/www.v-label.com\/wp-content\/uploads\/2022\/12\/v-label-business-partnerships-300x200.jpg 300w, https:\/\/www.v-label.com\/wp-content\/uploads\/2022\/12\/v-label-business-partnerships-1024x682.jpg 1024w, https:\/\/www.v-label.com\/wp-content\/uploads\/2022\/12\/v-label-business-partnerships-500x333.jpg 500w, https:\/\/www.v-label.com\/wp-content\/uploads\/2022\/12\/v-label-business-partnerships-768x512.jpg 768w\" sizes=\"(max-width: 1280px) 100vw, 1280px\" \/><\/figure><div class=\"wp-block-media-text__content\">\n<h3 class=\"wp-block-heading\"><strong><strong><strong>Partenariat commercial<\/strong><\/strong><\/strong><\/h3>\n\n\n\n<p>\u00c9tant la seule certification mondiale avec des repr\u00e9sentants locaux dans plus de 50 pays (et un service client\u00e8le dans plus de 30 langues), le V-Label vous invite \u00e0 une exp\u00e9rience qui va bien au-del\u00e0 de la certification. Qu&#8217;est-ce que cela signifierait pour votre entreprise si vous disposiez d&#8217;outils de d\u00e9veloppement commercial tels que la connaissance du march\u00e9, le conseil en ingr\u00e9dients, les partenaires publicitaires et autres conseils ? Vous lancez un nouveau produit ou vous entrez sur le march\u00e9 v\u00e9gane pour la premi\u00e8re fois ? Nous sommes heureux de vous conseiller et vous guider dans l&#8217;industrie et la communaut\u00e9 v\u00e9gane et v\u00e9g\u00e9tarienne.<\/p>\n<\/div><\/div>\n\n\n\n<div style=\"height:30px\" aria-hidden=\"true\" class=\"wp-block-spacer\"><\/div>\n\n\n\n<div class=\"wp-block-media-text is-stacked-on-mobile is-vertically-aligned-center is-image-fill\"><figure class=\"wp-block-media-text__media\" style=\"background-image:url(https:\/\/www.v-label.com\/wp-content\/uploads\/2022\/12\/v-label-inclusive-approach.jpg);background-position:12% 52%\"><img decoding=\"async\" width=\"1280\" height=\"854\" src=\"https:\/\/www.v-label.com\/wp-content\/uploads\/2022\/12\/v-label-inclusive-approach.jpg\" alt=\"\" class=\"wp-image-17635 size-full\" srcset=\"https:\/\/www.v-label.com\/wp-content\/uploads\/2022\/12\/v-label-inclusive-approach.jpg 1280w, https:\/\/www.v-label.com\/wp-content\/uploads\/2022\/12\/v-label-inclusive-approach-300x200.jpg 300w, https:\/\/www.v-label.com\/wp-content\/uploads\/2022\/12\/v-label-inclusive-approach-1024x683.jpg 1024w, https:\/\/www.v-label.com\/wp-content\/uploads\/2022\/12\/v-label-inclusive-approach-500x334.jpg 500w, https:\/\/www.v-label.com\/wp-content\/uploads\/2022\/12\/v-label-inclusive-approach-768x512.jpg 768w\" sizes=\"(max-width: 1280px) 100vw, 1280px\" \/><\/figure><div class=\"wp-block-media-text__content\">\n<h3 class=\"wp-block-heading\"><strong><strong><strong>Une approche globale<\/strong><\/strong><\/strong><\/h3>\n\n\n\n<p>Fournissant aux producteurs une certification \u00e0 la fois v\u00e9g\u00e9tarienne et v\u00e9gane bas\u00e9e sur des contr\u00f4les approfondis et une gestion de la qualit\u00e9, le V-Label s&#8217;adresse \u00e0 tous types d&#8217;entreprises, des start-ups v\u00e9ganes aux soci\u00e9t\u00e9s internationales telles qu&#8217;Unilever, Nestl\u00e9 ou Danone. Associ\u00e9 au business intelligence, il constitue une option viable pour les entreprises qui ne sont pas principalement orient\u00e9es vers le segment v\u00e9g\u00e9tal, mais qui souhaitent n\u00e9anmoins r\u00e9pondre aux besoins de la population flexitarienne croissante. Outre l&#8217;alimentation, le V-Lavel est disponible dans des secteurs tels que la mode, les cosm\u00e9tiques, la gastronomie, les produits d&#8217;entretien, etc.<\/p>\n<\/div><\/div>\n","protected":false},"excerpt":{"rendered":"<p>Les clients du monde entier optent de plus en plus pour des produits v\u00e9g\u00e9taux pour des raisons telles que la sant\u00e9, les intol\u00e9rences alimentaires, la praticit\u00e9, l&#8217;\u00e9thique, l&#8217;indulgence, or simplement parce que leurs enfants aiment cela. Le v\u00e9ganisme \u00e9tant de plus en plus r\u00e9pandu, les gouvernements et les organisations y pr\u00eatent attention. Cela devient \u00e9vident [&hellip;]<\/p>\n","protected":false},"author":5,"featured_media":18259,"parent":18260,"menu_order":0,"comment_status":"closed","ping_status":"closed","template":"","meta":{"_acf_changed":false,"_editorskit_title_hidden":false,"_editorskit_reading_time":0,"_editorskit_is_block_options_detached":false,"_editorskit_block_options_position":"{}","inline_featured_image":false,"_uag_custom_page_level_css":"","footnotes":""},"categories":[],"tags":[],"class_list":["post-18258","page","type-page","status-publish","has-post-thumbnail","hentry"],"acf":[],"uagb_featured_image_src":{"full":["https:\/\/www.v-label.com\/wp-content\/uploads\/2022\/12\/v-label-benefits.jpg",1280,878,false],"thumbnail":["https:\/\/www.v-label.com\/wp-content\/uploads\/2022\/12\/v-label-benefits-500x343.jpg",500,343,true],"medium":["https:\/\/www.v-label.com\/wp-content\/uploads\/2022\/12\/v-label-benefits-300x206.jpg",300,206,true],"medium_large":["https:\/\/www.v-label.com\/wp-content\/uploads\/2022\/12\/v-label-benefits-768x527.jpg",768,527,true],"large":["https:\/\/www.v-label.com\/wp-content\/uploads\/2022\/12\/v-label-benefits-1024x702.jpg",1024,702,true],"1536x1536":["https:\/\/www.v-label.com\/wp-content\/uploads\/2022\/12\/v-label-benefits.jpg",1280,878,false],"2048x2048":["https:\/\/www.v-label.com\/wp-content\/uploads\/2022\/12\/v-label-benefits.jpg",1280,878,false],"preview":["https:\/\/www.v-label.com\/wp-content\/uploads\/2022\/12\/v-label-benefits-904x720.jpg",904,720,true],"header":["https:\/\/www.v-label.com\/wp-content\/uploads\/2022\/12\/v-label-benefits-1280x720.jpg",1280,720,true],"gform-image-choice-sm":["https:\/\/www.v-label.com\/wp-content\/uploads\/2022\/12\/v-label-benefits.jpg",300,206,false],"gform-image-choice-md":["https:\/\/www.v-label.com\/wp-content\/uploads\/2022\/12\/v-label-benefits.jpg",400,274,false],"gform-image-choice-lg":["https:\/\/www.v-label.com\/wp-content\/uploads\/2022\/12\/v-label-benefits.jpg",600,412,false]},"uagb_author_info":{"display_name":"Can Aslan","author_link":"https:\/\/www.v-label.com\/be_fr"},"uagb_comment_info":0,"uagb_excerpt":"Les clients du monde entier optent de plus en plus pour des produits v\u00e9g\u00e9taux pour des raisons telles que la sant\u00e9, les intol\u00e9rences alimentaires, la praticit\u00e9, l&#8217;\u00e9thique, l&#8217;indulgence, or simplement parce que leurs enfants aiment cela. Le v\u00e9ganisme \u00e9tant de plus en plus r\u00e9pandu, les gouvernements et les organisations y pr\u00eatent attention. Cela devient \u00e9vident&hellip;","_links":{"self":[{"href":"https:\/\/www.v-label.com\/be_fr\/wp-json\/wp\/v2\/pages\/18258","targetHints":{"allow":["GET"]}}],"collection":[{"href":"https:\/\/www.v-label.com\/be_fr\/wp-json\/wp\/v2\/pages"}],"about":[{"href":"https:\/\/www.v-label.com\/be_fr\/wp-json\/wp\/v2\/types\/page"}],"author":[{"embeddable":true,"href":"https:\/\/www.v-label.com\/be_fr\/wp-json\/wp\/v2\/users\/5"}],"replies":[{"embeddable":true,"href":"https:\/\/www.v-label.com\/be_fr\/wp-json\/wp\/v2\/comments?post=18258"}],"version-history":[{"count":2,"href":"https:\/\/www.v-label.com\/be_fr\/wp-json\/wp\/v2\/pages\/18258\/revisions"}],"predecessor-version":[{"id":83820,"href":"https:\/\/www.v-label.com\/be_fr\/wp-json\/wp\/v2\/pages\/18258\/revisions\/83820"}],"up":[{"embeddable":true,"href":"https:\/\/www.v-label.com\/be_fr\/wp-json\/wp\/v2\/pages\/18260"}],"wp:featuredmedia":[{"embeddable":true,"href":"https:\/\/www.v-label.com\/be_fr\/wp-json\/wp\/v2\/media\/18259"}],"wp:attachment":[{"href":"https:\/\/www.v-label.com\/be_fr\/wp-json\/wp\/v2\/media?parent=18258"}],"wp:term":[{"taxonomy":"category","embeddable":true,"href":"https:\/\/www.v-label.com\/be_fr\/wp-json\/wp\/v2\/categories?post=18258"},{"taxonomy":"post_tag","embeddable":true,"href":"https:\/\/www.v-label.com\/be_fr\/wp-json\/wp\/v2\/tags?post=18258"}],"curies":[{"name":"wp","href":"https:\/\/api.w.org\/{rel}","templated":true}]}}