{"id":18263,"date":"2022-05-30T16:16:08","date_gmt":"2022-05-30T14:16:08","guid":{"rendered":"https:\/\/www.v-label.com\/faqs\/"},"modified":"2023-05-17T16:34:59","modified_gmt":"2023-05-17T14:34:59","slug":"faqs","status":"publish","type":"page","link":"https:\/\/www.v-label.com\/be_fr\/faqs\/","title":{"rendered":"Questions fr\u00e9quentes"},"content":{"rendered":"\n<h3 class=\"wp-block-heading has-text-align-center\">Trouvez les r\u00e9ponses \u00e0 certaines des questions que vous vous posez<s> <\/s>sur le V-Label.<\/h3>\n\n\n\r\n<section id=\"accordion-block_3404beefcc99b85ad81dead3b15699ce\" class=\"wp-block-accordion\">\r\n\t\t\t<button class=\"toggle_open\" id=\"button_toggle\">Expand all<\/button>\r\n\t\t<ul class=\"posts_list_accordion\">\r\n\t\t\t\t\t\t\t<li>\r\n\t\t\t\t\t\t\t\t\t\t\t\t\t\t\t\t\t<h4 id=\"\">Quels sont les avantages du V-Label par rapport \u00e0 d&#039;autres labels v\u00e9g\u00e9tariens\u00a0?<i class=\"icon-angle-down\"><\/i><\/h4>\r\n\t\t\t\t\t\t\t\t\t\t\t\t\t\t\t\t<div class=\"accordion_text\"><p>De nombreux industriels et entreprises utilisent leur propre V-Label\u00e9g\u00e9ta*ien pour leurs produits. Mais en cr\u00e9ant ces labels, ils d\u00e9finissent leurs propres crit\u00e8res pour les produits v\u00e9ganes et v\u00e9g\u00e9tariens, ce qui provoque des incoh\u00e9rences avec les autres entreprises et les autres produits. Le manque de connaissance des entreprises vis-\u00e0-vis des crit\u00e8res sur les diff\u00e9rents ingr\u00e9dients et les processus de production peut mener \u00e0 un \u00e9tiquetage erron\u00e9. Ces labels, propres \u00e0 chacun, ne sont soumis \u00e0 aucun contr\u00f4le de la part d&#8217;organismes ind\u00e9pendants\u00a0: par cons\u00e9quent, un \u00e9tiquetage incorrect peut parfois \u00e9chapper \u00e0 l&#8217;attention des consommateurs. Ces derniers r\u00e9clament de plus en plus de transparence afin de pouvoir identifier rapidement et en toute confiance les produits v\u00e9ganes et v\u00e9g\u00e9tariens.<\/p>\n<p>Actuellement, seul le V-Label offre cette transparence gr\u00e2ce \u00e0 des crit\u00e8res standardis\u00e9s pour l\u2019\u00e9tiquetage des produits v\u00e9ganes et v\u00e9g\u00e9tariens. Avec le V-Label, les entreprises externalisent la responsabilit\u00e9 li\u00e9e aux inspections de la qualit\u00e9 de leurs produits v\u00e9ganes et v\u00e9g\u00e9tariens.<\/p>\n<p>De plus, le V-Label est le seul label europ\u00e9en ind\u00e9pendant pour les cat\u00e9gories \u00ab\u00a0v\u00e9gane\u00a0\u00bb et \u00ab\u00a0v\u00e9g\u00e9tarien\u00a0\u00bb.<\/p>\n<\/div>\r\n\t\t\t\t\t\t\t\t\t<\/li>\r\n\t\t\t\t\t\t\t<li>\r\n\t\t\t\t\t\t\t\t\t\t\t\t\t\t\t\t\t<h4 id=\"\">Pourquoi la lecture de la liste des ingr\u00e9dients n&#039;est-elle pas suffisante\u00a0?<i class=\"icon-angle-down\"><\/i><\/h4>\r\n\t\t\t\t\t\t\t\t\t\t\t\t\t\t\t\t<div class=\"accordion_text\"><p>Se contenter de lire la liste des ingr\u00e9dients ne permet pas d&#8217;\u00eatre certain \u00e0 100 % qu&#8217;un produit est v\u00e9g\u00e9tarien ou v\u00e9gane. Certains ingr\u00e9dients qui sont pr\u00e9sent\u00e9s sous forme de E sont inconnus de la plupart des consommateurs tandis que d&#8217;autres n&#8217;apparaissent pas dans la liste car les mentionner n&#8217;est pas obligatoire. En outre, il n&#8217;est pas toujours facile de d\u00e9terminer si un ingr\u00e9dient est d&#8217;origine v\u00e9g\u00e9tale ou animale. \u00c0 titre d&#8217;exemple, l\u2019obligation d&#8217;inclure dans la liste les additifs utilis\u00e9s pendant le processus de production, parmi lesquels un grand nombre est d&#8217;origine animale, n\u2019est pas syst\u00e9matique. Avec un changement de recette, un produit pris\u00e9 des v\u00e9ganes ou des v\u00e9g\u00e9tariens contient parfois du jour au lendemain un produit d\u2019origine animale sans que les consommateurs le remarquent. Les produits qui portent le V-Label sont non seulement contr\u00f4l\u00e9s au niveau de leur composition, mais \u00e9galement \u00e0 chaque \u00e9tape du d\u00e9veloppement du produit. Par cons\u00e9quent, le V-Label est un indicateur de confiance simple qui \u00e9vite aux consommateurs de s&#8217;emb\u00eater \u00e0 d\u00e9crypter la liste des ingr\u00e9dients.<\/p>\n<\/div>\r\n\t\t\t\t\t\t\t\t\t<\/li>\r\n\t\t\t\t\t\t\t<li>\r\n\t\t\t\t\t\t\t\t\t\t\t\t\t\t\t\t\t<h4 id=\"\">Quels sont les crit\u00e8res permettant d\u2019\u00e9tiqueter un produit qui porte le V-Label comme v\u00e9gane ou v\u00e9g\u00e9tarien\u00a0?<i class=\"icon-angle-down\"><\/i><\/h4>\r\n\t\t\t\t\t\t\t\t\t\t\t\t\t\t\t\t<div class=\"accordion_text\"><p>La d\u00e9finition des termes \u00ab\u00a0v\u00e9gane\u00a0\u00bb et \u00ab\u00a0v\u00e9g\u00e9tarien\u00a0\u00bb, qui sont \u00e0 la base du V-Label, est conforme \u00e0 la d\u00e9finition recommand\u00e9e sp\u00e9cifi\u00e9e au cours de la douzi\u00e8me Conf\u00e9rence des ministres de la Protection des consommateurs qui s&#8217;est tenue le 22 avril 2016 en Allemagne.<\/p>\n<p><strong>V\u00e9g\u00e9tarien<\/strong><\/p>\n<p>Un aliment ou tout autre produit qui ne contient pas d&#8217;animaux ou de chair animale est consid\u00e9r\u00e9 comme v\u00e9g\u00e9tarien. Cette notion prend en compte l&#8217;ensemble des \u00e9tapes du processus de production et de transformation. Les aliments ou les autres produits \u00e9labor\u00e9s \u00e0 l&#8217;aide d&#8217;animaux vivants et de produits issus des animaux sont consid\u00e9r\u00e9s comme des produits v\u00e9g\u00e9tariens.<\/p>\n<p><strong>V\u00e9gane<\/strong><\/p>\n<p>Un aliment ou tout autre produit qui ne contient pas d\u2019animaux ou de chair animale est consid\u00e9r\u00e9 comme v\u00e9gane. Pour \u00eatre v\u00e9ganes, ces aliments et produits ne doivent pas \u00eatre \u00e9labor\u00e9s avec des animaux vivants et des produits issus des animaux. Cette notion prend en compte l\u2019ensemble des \u00e9tapes du processus de production et de transformation, en excluant l&#8217;utilisation d&#8217;animaux lors de la culture ou de la r\u00e9colte.<\/p>\n<p><strong>Autres crit\u00e8res du V-Label<\/strong><\/p>\n<p>Le V-Label n&#8217;est jamais accord\u00e9 dans les cas suivants\u00a0:<\/p>\n<ul>\n<li>pour des produits qui contiennent des OGM (Organismes G\u00e9n\u00e9tiquement Modifi\u00e9s)<\/li>\n<li>pour des produits qui contiennent des \u0153ufs de poules \u00e9lev\u00e9es en cage (incluant les cages am\u00e9nag\u00e9es et les \u00e9levages en petits groupes)<\/li>\n<\/ul>\n<p><strong>Emballage<\/strong><\/p>\n<p>Le V-Label n&#8217;exclut pas les produits dont l&#8217;emballage contient des produits d\u00e9riv\u00e9s des animaux. Les entreprises sont toutefois encourag\u00e9es \u00e0 \u00e9viter ce type d&#8217;emballages.<\/p>\n<p><strong>Fertilisation et agriculture<\/strong><\/p>\n<p>Le processus d&#8217;octroi du V-Label pour les produits et les ingr\u00e9dients couvre toutes les \u00e9tapes \u00e0 partir de la r\u00e9colte. Les fertilisants utilis\u00e9s pour le sol sur lequel les mati\u00e8res premi\u00e8res des produits labellis\u00e9s sont cultiv\u00e9es ne figurent pas parmi les crit\u00e8res retenus. Cependant, les mati\u00e8res premi\u00e8res issues d&#8217;une agriculture v\u00e9gane et organique sont \u00e0 privil\u00e9gier et les entreprises sont encourag\u00e9es \u00e0 \u00e9viter volontairement l&#8217;utilisation d&#8217;engrais contenant des substances issues des animaux.<\/p>\n<p><strong>Traces d&#8217;autres ingr\u00e9dients et agents contaminants<\/strong><\/p>\n<p>Sur l&#8217;emballage, l&#8217;indication de la pr\u00e9sence de traces d&#8217;allerg\u00e8nes ou de produits d&#8217;origine animale qui pourraient advenir pendant le processus de production reste \u00e0 la discr\u00e9tion de l&#8217;entreprise. En indiquant la pr\u00e9sence potentielle de traces de certains ingr\u00e9dients, les entreprises se pr\u00e9munissent contre toute poursuite p\u00e9nale dans le cas o\u00f9 un consommateur d\u00e9velopperait une r\u00e9action allergique. Le fait que cette information soit indiqu\u00e9e n&#8217;implique pas n\u00e9cessairement que le produit contient effectivement des produits d\u2019origine animale. L&#8217;information a simplement pour objectif d&#8217;avertir les consommateurs qu&#8217;une contamination infime pendant le processus de production est possible.<\/p>\n<p>Les produits qui portent cette indication sont conformes aux crit\u00e8res du V-Label qui exigent qu&#8217;aucun ingr\u00e9dient animal n&#8217;ait \u00e9t\u00e9 ajout\u00e9 d\u00e9lib\u00e9r\u00e9ment au cours du processus de production. Celui-ci doit \u00eatre con\u00e7u pour exclure toute contamination par des ingr\u00e9dients d\u2019origine animale. D&#8217;apr\u00e8s les crit\u00e8res d\u00e9finis par le V-Label, la contamination totale par tous les ingr\u00e9dients animaux v\u00e9rifiables dans le produit fini ne doit pas exc\u00e9der 0,1 % (1 g\/kg). Certains groupes de produits peuvent \u00eatre soumis \u00e0 d&#8217;autres r\u00e8gles bas\u00e9es sur un \u00ab\u00a0seuil de d\u00e9tection techniquement faisable\u00a0\u00bb.<\/p>\n<p><strong>Exemples<\/strong><\/p>\n<p>Le V-Label n&#8217;est jamais accord\u00e9 aux produits suivants ou aux produits qui contiennent l&#8217;un des ingr\u00e9dients suivants\u00a0:<\/p>\n<ul>\n<li>Les produits issus des abattoirs<\/li>\n<li>Les graisses issues des poissons, de morceaux de poissons ou d&#8217;autres animaux marins<\/li>\n<li>Les ar\u00f4mes d&#8217;origine animale (\u00e0 l&#8217;exception des ar\u00f4mes \u00e0 base de lait)<\/li>\n<li>Les \u0153ufs autres que les \u0153ufs de volaille (comme le caviar)<\/li>\n<li>Les produits laitiers \u00e0 base de pr\u00e9sure animale<\/li>\n<li>La gel\u00e9e royale<\/li>\n<li>Les colorants \u00e9labor\u00e9s avec des ingr\u00e9dients issus d\u2019animaux (comme la cochenille)<\/li>\n<li>Les sucres raffin\u00e9s \u00e0 l&#8217;aide de noir animal<\/li>\n<li>Les mat\u00e9riaux de substances ou additifs issus d\u2019animaux<\/li>\n<li>La clarification \u00e0 l&#8217;aide de substances issues d\u2019animaux (comme la g\u00e9latine et la colle de poisson)<\/li>\n<\/ul>\n<p>Le V-Label dans la cat\u00e9gorie \u00ab\u00a0v\u00e9gane\u00a0\u00bb n&#8217;est d\u00e9livr\u00e9 qu&#8217;aux produits qui ne contiennent absolument aucun produit d&#8217;origine animale ajout\u00e9 comme\u00a0:<\/p>\n<ul>\n<li>Les \u0153ufs<\/li>\n<li>Le miel<\/li>\n<li>Les produits laitiers<\/li>\n<li>La cire animale<\/li>\n<li>Les colorants issus de produits d\u2019origine animale<\/li>\n<li>Les mat\u00e9riaux de substances ou les additifs issus d\u2019animaux<\/li>\n<li>La clarification \u00e0 l&#8217;aide de substances issues d\u2019animaux (comme le blanc d&#8217;\u0153uf)<\/li>\n<\/ul>\n<\/div>\r\n\t\t\t\t\t\t\t\t\t<\/li>\r\n\t\t\t\t\t\t\t<li>\r\n\t\t\t\t\t\t\t\t\t\t\t\t\t\t\t\t\t<h4 id=\"\">Comment les aliments et les autres produits sont-ils class\u00e9s \u00ab\u00a0v\u00e9ganes\u00a0\u00bb ou \u00ab\u00a0v\u00e9g\u00e9tariens\u00a0\u00bb\u00a0?<i class=\"icon-angle-down\"><\/i><\/h4>\r\n\t\t\t\t\t\t\t\t\t\t\t\t\t\t\t\t<div class=\"accordion_text\"><p>Les entreprises qui souhaitent accr\u00e9diter des produits avec le V-Label doivent d\u00e9clarer au service qui d\u00e9livre la licence toute la composition de ces produits et tous les additifs utilis\u00e9s pendant la fabrication. C&#8217;est sur la base de cette d\u00e9claration r\u00e9alis\u00e9e par l&#8217;entreprise elle-m\u00eame puis d&#8217;une inspection effectu\u00e9e par l&#8217;\u00e9quipe du V-Label que les aliments et les autres produits peuvent ensuite \u00eatre class\u00e9s comme \u00ab\u00a0v\u00e9ganes\u00a0\u00bb ou \u00ab\u00a0v\u00e9g\u00e9tariens\u00a0\u00bb.<\/p>\n<\/div>\r\n\t\t\t\t\t\t\t\t\t<\/li>\r\n\t\t\t\t\t\t\t<li>\r\n\t\t\t\t\t\t\t\t\t\t\t\t\t\t\t\t\t<h4 id=\"\">Quelles sont les mesures prises pour s&#039;assurer que les entreprises se conforment aux exigences du V-Label\u00a0?<i class=\"icon-angle-down\"><\/i><\/h4>\r\n\t\t\t\t\t\t\t\t\t\t\t\t\t\t\t\t<div class=\"accordion_text\"><p>L&#8217;\u00e9quipe du V-Label se r\u00e9serve le droit de mettre en place des mesures visant \u00e0 assurer la qualit\u00e9 des produits afin de garantir la cr\u00e9dibilit\u00e9 et les avantages offerts par le V-Label.<\/p>\n<p>Toute modification apport\u00e9e \u00e0 une recette ou tout changement appliqu\u00e9 aux processus de fabrication d&#8217;aliments et d&#8217;autres produits portant le V-Label doivent \u00eatre imm\u00e9diatement notifi\u00e9s aux membres de l&#8217;\u00e9quipe du V-Label en charge de la gestion de la qualit\u00e9. Quand l&#8217;entreprise a d\u00e9clar\u00e9 les changements effectu\u00e9s, une nouvelle inspection est men\u00e9e.<\/p>\n<\/div>\r\n\t\t\t\t\t\t\t\t\t<\/li>\r\n\t\t\t\t\t\t\t<li>\r\n\t\t\t\t\t\t\t\t\t\t\t\t\t\t\t\t\t<h4 id=\"\">Existe-t-il des cas de figure dans lesquels arborer le V-Label ne fait pas sens?<i class=\"icon-angle-down\"><\/i><\/h4>\r\n\t\t\t\t\t\t\t\t\t\t\t\t\t\t\t\t<div class=\"accordion_text\"><p>Tous les aliments n\u2019ont pas besoin de porter le V-Label: les mono-produits tels que les th\u00e9s, les \u00e9pices, l\u2019eau min\u00e9rale et les mati\u00e8res premi\u00e8res comme les l\u00e9gumes sont toujours d\u2019origine v\u00e9g\u00e9tale et ne n\u00e9cessitent pas forc\u00e9ment d\u2019\u00eatre labellis\u00e9s comme tels. Bien qu\u2019il n\u2019y ait rien de pr\u00e9judiciable \u00e0 promouvoir un produit en \u00e9non\u00e7ant une \u00e9vidence, ce n\u2019est pas pertinent.<\/p>\n<\/div>\r\n\t\t\t\t\t\t\t\t\t<\/li>\r\n\t\t\t\t\t\t\t<li>\r\n\t\t\t\t\t\t\t\t\t\t\t\t\t\t\t\t\t<h4 id=\"\">\u00c0 quels co\u00fbts les entreprises doivent-elles s\u2019attendre lorsqu\u2019elles accr\u00e9ditent leurs produits avec le V-Label ?<i class=\"icon-angle-down\"><\/i><\/h4>\r\n\t\t\t\t\t\t\t\t\t\t\t\t\t\t\t\t<div class=\"accordion_text\"><p>L\u2019utilisation du V-Label est sujette \u00e0 une redevance annuelle et un paiement ponctuel pour l\u2019inspection.<\/p>\n<\/div>\r\n\t\t\t\t\t\t\t\t\t<\/li>\r\n\t\t\t\t\t\t\t<li>\r\n\t\t\t\t\t\t\t\t\t\t\t\t\t\t\t\t\t<h4 id=\"\">Combien de temps les entreprises doivent-elles attendre avant de recevoir leur licence ?<i class=\"icon-angle-down\"><\/i><\/h4>\r\n\t\t\t\t\t\t\t\t\t\t\t\t\t\t\t\t<div class=\"accordion_text\"><p>Le processus de d\u00e9livrance de la licence se d\u00e9compose en sept \u00e9tapes. Une fois que l\u2019entreprise a soumis une requ\u00eate pr\u00e9liminaire, une offre est effectu\u00e9e d\u2019apr\u00e8s les donn\u00e9es qu\u2019elle a fournies. Lorsque l\u2019offre a \u00e9t\u00e9 accept\u00e9e par l\u2019entreprise, le contrat de licence est conclu. Apr\u00e8s cela, le service qui d\u00e9livre la licence v\u00e9rifie l\u2019ensemble des d\u00e9tails des produits. Suite \u00e0 un examen minutieux, et si le fournisseur de la licence consid\u00e8re le r\u00e9sultat satisfaisant, la licence pour le V-Label est accord\u00e9e. Enfin, la pr\u00e9sentation de l\u2019emballage des produits est v\u00e9rifi\u00e9e et approuv\u00e9e.<\/p>\n<p>Dans le cadre d\u2019un processus de licence standard, le temps n\u00e9cessaire \u00e0 l\u2019obtention du V-Label peut aller de deux \u00e0 huit semaines. Il est \u00e9galement possible d\u2019avoir recours \u00e0 des processus express\u00a0: dans ces cas-l\u00e0, les requ\u00eates sont trait\u00e9es en priorit\u00e9 et les v\u00e9rifications n\u00e9cessaires sont effectu\u00e9es dans les dix jours ouvrables qui suivent la demande initiale.<\/p>\n<\/div>\r\n\t\t\t\t\t\t\t\t\t<\/li>\r\n\t\t\t\t\t\t\t<li>\r\n\t\t\t\t\t\t\t\t\t\t\t\t\t\t\t\t\t<h4 id=\"\">Quelle est la nature du contrat pour les entreprises ?<i class=\"icon-angle-down\"><\/i><\/h4>\r\n\t\t\t\t\t\t\t\t\t\t\t\t\t\t\t\t<div class=\"accordion_text\"><p><strong>P\u00e9riode de validit\u00e9<\/strong><\/p>\n<p>La relation contractuelle dure g\u00e9n\u00e9ralement une ann\u00e9e. Si les ventes fluctuant de plus ou moins 10 %, la redevance annuelle est ajust\u00e9e en cons\u00e9quence. La date de d\u00e9but du contrat est sp\u00e9cifi\u00e9e dans celui-ci. Il est \u00e9galement possible de d\u00e9terminer une date ult\u00e9rieure pour prendre en compte, par exemple, de futurs lancements de produits. Le contrat est reconduit tacitement si aucune notice \u00e9crite n\u2019y a mis fin trois mois avant la date d\u2019expiration.<\/p>\n<p><strong>Certificat de licence<\/strong><\/p>\n<p>Une fois que le processus de d\u00e9livrance de la licence est achev\u00e9, un certificat de licence est d\u00e9livr\u00e9 pour le produit dans la cat\u00e9gorie concern\u00e9e.<\/p>\n<\/div>\r\n\t\t\t\t\t\t\t\t\t<\/li>\r\n\t\t\t\t\t<\/ul>\r\n\t<\/section>","protected":false},"excerpt":{"rendered":"<p>Trouvez les r\u00e9ponses \u00e0 certaines des questions que vous vous posez sur le V-Label.<\/p>\n","protected":false},"author":5,"featured_media":18264,"parent":0,"menu_order":0,"comment_status":"closed","ping_status":"closed","template":"","meta":{"_acf_changed":false,"_editorskit_title_hidden":false,"_editorskit_reading_time":0,"_editorskit_is_block_options_detached":false,"_editorskit_block_options_position":"{}","inline_featured_image":false,"_uag_custom_page_level_css":"","footnotes":""},"categories":[],"tags":[],"class_list":["post-18263","page","type-page","status-publish","has-post-thumbnail","hentry"],"acf":[],"uagb_featured_image_src":{"full":["https:\/\/www.v-label.com\/wp-content\/uploads\/2022\/12\/v-label-faqs.jpg",1280,743,false],"thumbnail":["https:\/\/www.v-label.com\/wp-content\/uploads\/2022\/12\/v-label-faqs-500x290.jpg",500,290,true],"medium":["https:\/\/www.v-label.com\/wp-content\/uploads\/2022\/12\/v-label-faqs-300x174.jpg",300,174,true],"medium_large":["https:\/\/www.v-label.com\/wp-content\/uploads\/2022\/12\/v-label-faqs-768x446.jpg",768,446,true],"large":["https:\/\/www.v-label.com\/wp-content\/uploads\/2022\/12\/v-label-faqs-1024x594.jpg",1024,594,true],"1536x1536":["https:\/\/www.v-label.com\/wp-content\/uploads\/2022\/12\/v-label-faqs.jpg",1280,743,false],"2048x2048":["https:\/\/www.v-label.com\/wp-content\/uploads\/2022\/12\/v-label-faqs.jpg",1280,743,false],"preview":["https:\/\/www.v-label.com\/wp-content\/uploads\/2022\/12\/v-label-faqs-904x720.jpg",904,720,true],"header":["https:\/\/www.v-label.com\/wp-content\/uploads\/2022\/12\/v-label-faqs-1280x720.jpg",1280,720,true],"gform-image-choice-sm":["https:\/\/www.v-label.com\/wp-content\/uploads\/2022\/12\/v-label-faqs.jpg",300,174,false],"gform-image-choice-md":["https:\/\/www.v-label.com\/wp-content\/uploads\/2022\/12\/v-label-faqs.jpg",400,232,false],"gform-image-choice-lg":["https:\/\/www.v-label.com\/wp-content\/uploads\/2022\/12\/v-label-faqs.jpg",600,348,false]},"uagb_author_info":{"display_name":"Can Aslan","author_link":"https:\/\/www.v-label.com\/be_fr"},"uagb_comment_info":0,"uagb_excerpt":"Trouvez les r\u00e9ponses \u00e0 certaines des questions que vous vous posez sur le V-Label.","_links":{"self":[{"href":"https:\/\/www.v-label.com\/be_fr\/wp-json\/wp\/v2\/pages\/18263","targetHints":{"allow":["GET"]}}],"collection":[{"href":"https:\/\/www.v-label.com\/be_fr\/wp-json\/wp\/v2\/pages"}],"about":[{"href":"https:\/\/www.v-label.com\/be_fr\/wp-json\/wp\/v2\/types\/page"}],"author":[{"embeddable":true,"href":"https:\/\/www.v-label.com\/be_fr\/wp-json\/wp\/v2\/users\/5"}],"replies":[{"embeddable":true,"href":"https:\/\/www.v-label.com\/be_fr\/wp-json\/wp\/v2\/comments?post=18263"}],"version-history":[{"count":1,"href":"https:\/\/www.v-label.com\/be_fr\/wp-json\/wp\/v2\/pages\/18263\/revisions"}],"predecessor-version":[{"id":53823,"href":"https:\/\/www.v-label.com\/be_fr\/wp-json\/wp\/v2\/pages\/18263\/revisions\/53823"}],"wp:featuredmedia":[{"embeddable":true,"href":"https:\/\/www.v-label.com\/be_fr\/wp-json\/wp\/v2\/media\/18264"}],"wp:attachment":[{"href":"https:\/\/www.v-label.com\/be_fr\/wp-json\/wp\/v2\/media?parent=18263"}],"wp:term":[{"taxonomy":"category","embeddable":true,"href":"https:\/\/www.v-label.com\/be_fr\/wp-json\/wp\/v2\/categories?post=18263"},{"taxonomy":"post_tag","embeddable":true,"href":"https:\/\/www.v-label.com\/be_fr\/wp-json\/wp\/v2\/tags?post=18263"}],"curies":[{"name":"wp","href":"https:\/\/api.w.org\/{rel}","templated":true}]}}