{"id":18272,"date":"2022-09-09T10:47:40","date_gmt":"2022-09-09T08:47:40","guid":{"rendered":"https:\/\/www.v-label.com\/general-information\/certified-products\/"},"modified":"2024-09-26T23:49:09","modified_gmt":"2024-09-26T21:49:09","slug":"produits-certifies","status":"publish","type":"page","link":"https:\/\/www.v-label.com\/be_fr\/informations-generales-pour-les-consommateurs\/produits-certifies\/","title":{"rendered":"Produits Certifi\u00e9s"},"content":{"rendered":"\n<p>La production alimentaire \u00e9tant responsable d&#8217;un quart des \u00e9missions de gaz \u00e0 effet de serre dans le monde, un nombre croissant de personnes est de plus en plus pr\u00e9occup\u00e9 par le changement climatique. Des \u00e9tudes r\u00e9centes montrent que si vous voulez r\u00e9duire vos \u00e9missions personnelles de gaz \u00e0 effet de serre, vous devez vous concentrer sur ce que vous mangez plut\u00f4t que de vous demander si votre nourriture est locale.<a href=\"https:\/\/ourworldindata.org\/food-choice-vs-eating-local#licence\" target=\"_blank\" rel=\"noopener\"><sup>1<\/sup><\/a><\/p>\n\n\n\n<p>Vous pouvez, mais vous n&#8217;\u00eates pas oblig\u00e9s, de devenir 100% v\u00e9gane pour profiter de la vari\u00e9t\u00e9 en pleine expansion des options v\u00e9g\u00e9tales. Les aliments v\u00e9ganes et v\u00e9g\u00e9tariens sont sains, nourrissants, pratiques, faciles \u00e0 pr\u00e9parer et attrayants. En plus d&#8217;\u00eatre \u00e9thique et durable, c&#8217;est une expression de l&#8217;identit\u00e9 de chacun.<\/p>\n\n\n\n<p>Le V-Label est actuellement appos\u00e9 sur plus de 70 000 produits. Voici une belle s\u00e9lection de certains des produits certifi\u00e9s pour inspirer votre prochain achat.<\/p>\n\n\n\n<h3 class=\"wp-block-heading has-text-align-center\"><strong>Faites en sorte que votre achat compte<\/strong><\/h3>\n\n\n\n<div class=\"wp-block-group alignwide is-content-justification-center is-nowrap is-layout-flex wp-container-core-group-is-layout-499140ed wp-block-group-is-layout-flex\">\n<figure class=\"wp-block-image size-thumbnail is-resized\"><img decoding=\"async\" width=\"500\" height=\"500\" src=\"https:\/\/www.v-label.com\/wp-content\/uploads\/2022\/07\/logo-vlabel-favicon-500x500.png\" alt=\"\" class=\"wp-image-331\" style=\"width:50px;height:50px\" srcset=\"https:\/\/www.v-label.com\/wp-content\/uploads\/2022\/07\/logo-vlabel-favicon-500x500.png 500w, https:\/\/www.v-label.com\/wp-content\/uploads\/2022\/07\/logo-vlabel-favicon-300x300.png 300w, https:\/\/www.v-label.com\/wp-content\/uploads\/2022\/07\/logo-vlabel-favicon-768x768.png 768w, https:\/\/www.v-label.com\/wp-content\/uploads\/2022\/07\/logo-vlabel-favicon.png 852w\" sizes=\"(max-width: 500px) 100vw, 500px\" \/><\/figure>\n<\/div>\n\n\n\n<div class=\"wp-block-columns is-layout-flex wp-container-core-columns-is-layout-9d6595d7 wp-block-columns-is-layout-flex\">\n<div class=\"wp-block-column is-layout-flow wp-block-column-is-layout-flow\">\n<figure class=\"wp-block-image size-medium\"><img decoding=\"async\" width=\"300\" height=\"200\" src=\"https:\/\/www.v-label.com\/wp-content\/uploads\/2022\/12\/meat-alternatives-1280-300x200.jpg\" alt=\"\" class=\"wp-image-17398\" srcset=\"https:\/\/www.v-label.com\/wp-content\/uploads\/2022\/12\/meat-alternatives-1280-300x200.jpg 300w, https:\/\/www.v-label.com\/wp-content\/uploads\/2022\/12\/meat-alternatives-1280-1024x682.jpg 1024w, https:\/\/www.v-label.com\/wp-content\/uploads\/2022\/12\/meat-alternatives-1280-500x333.jpg 500w, https:\/\/www.v-label.com\/wp-content\/uploads\/2022\/12\/meat-alternatives-1280-768x511.jpg 768w, https:\/\/www.v-label.com\/wp-content\/uploads\/2022\/12\/meat-alternatives-1280.jpg 1280w\" sizes=\"(max-width: 300px) 100vw, 300px\" \/><\/figure>\n\n\n\n<h2 class=\"wp-block-heading\"><strong><a href=\"https:\/\/www.v-label.com\/be_fr\/informations-generales-pour-les-consommateurs\/produits-certifies\/les-alternatives-a-la-viande\/\" data-type=\"link\" data-id=\"https:\/\/www.v-label.com\/be_fr\/informations-generales-pour-les-consommateurs\/produits-certifies\/les-alternatives-a-la-viande\/\">Les alternatives \u00e0 la viande<\/a><\/strong><\/h2>\n\n\n\n<p>Les avanc\u00e9es en mati\u00e8re d&#8217;ingr\u00e9dients, la d\u00e9mocratisation et les possibilit\u00e9s de d\u00e9veloppement illimit\u00e9es sont trois raisons pour lesquelles les substituts de viande connaissent non seulement une croissance exponentielle, mais permettent \u00e9galement de se rapprocher de l&#8217;avenir de notre consommation alimentaire. Naviguez et r\u00e9jouissez vos papilles!<\/p>\n<\/div>\n\n\n\n<div class=\"wp-block-column is-layout-flow wp-block-column-is-layout-flow\">\n<figure class=\"wp-block-image size-medium\"><img decoding=\"async\" width=\"300\" height=\"200\" src=\"https:\/\/www.v-label.com\/wp-content\/uploads\/2022\/12\/milk-alternatives-1280-300x200.jpg\" alt=\"\" class=\"wp-image-17881\" srcset=\"https:\/\/www.v-label.com\/wp-content\/uploads\/2022\/12\/milk-alternatives-1280-300x200.jpg 300w, https:\/\/www.v-label.com\/wp-content\/uploads\/2022\/12\/milk-alternatives-1280-1024x682.jpg 1024w, https:\/\/www.v-label.com\/wp-content\/uploads\/2022\/12\/milk-alternatives-1280-500x333.jpg 500w, https:\/\/www.v-label.com\/wp-content\/uploads\/2022\/12\/milk-alternatives-1280-768x512.jpg 768w, https:\/\/www.v-label.com\/wp-content\/uploads\/2022\/12\/milk-alternatives-1280.jpg 1280w\" sizes=\"(max-width: 300px) 100vw, 300px\" \/><\/figure>\n\n\n\n<h2 class=\"wp-block-heading\"><strong><a href=\"https:\/\/www.v-label.com\/be_fr\/informations-generales-pour-les-consommateurs\/produits-certifies\/les-alternatives-aux-produits-laitiers\/\" data-type=\"link\" data-id=\"https:\/\/www.v-label.com\/be_fr\/informations-generales-pour-les-consommateurs\/produits-certifies\/les-alternatives-aux-produits-laitiers\/\">Les alternatives aux produits laitiers<\/a><\/strong><\/h2>\n\n\n\n<p>Le passage au laits de soja, d&#8217;avoine, d&#8217;amande et de noix de coco n&#8217;a \u00e9t\u00e9 que le d\u00e9but de la r\u00e9volution des laits v\u00e9g\u00e9taux. Choisissez comme vous voulez : des yaourts aux formats pratiques, allant du yaourt \u00e0 la grecque au yaourt \u00e0 boire. Des glaces savoureuses et \u00e9cologiques, des beurres et des tartinades pour le petit d\u00e9jeuner, mais aussi du fromage!<\/p>\n<\/div>\n\n\n\n<div class=\"wp-block-column is-layout-flow wp-block-column-is-layout-flow\">\n<figure class=\"wp-block-image size-medium\"><img decoding=\"async\" width=\"300\" height=\"200\" src=\"https:\/\/www.v-label.com\/wp-content\/uploads\/2022\/12\/ready-meals-1280-300x200.jpg\" alt=\"\" class=\"wp-image-17218\" srcset=\"https:\/\/www.v-label.com\/wp-content\/uploads\/2022\/12\/ready-meals-1280-300x200.jpg 300w, https:\/\/www.v-label.com\/wp-content\/uploads\/2022\/12\/ready-meals-1280-1024x682.jpg 1024w, https:\/\/www.v-label.com\/wp-content\/uploads\/2022\/12\/ready-meals-1280-500x333.jpg 500w, https:\/\/www.v-label.com\/wp-content\/uploads\/2022\/12\/ready-meals-1280-768x511.jpg 768w, https:\/\/www.v-label.com\/wp-content\/uploads\/2022\/12\/ready-meals-1280.jpg 1280w\" sizes=\"(max-width: 300px) 100vw, 300px\" \/><\/figure>\n\n\n\n<h2 class=\"wp-block-heading\"><strong><a href=\"https:\/\/www.v-label.com\/be_fr\/informations-generales-pour-les-consommateurs\/produits-certifies\/les-plats-prepares\/\" data-type=\"link\" data-id=\"https:\/\/www.v-label.com\/be_fr\/informations-generales-pour-les-consommateurs\/produits-certifies\/les-plats-prepares\/\">Les plats pr\u00e9par\u00e9s<\/a><\/strong><\/h2>\n\n\n\n<p>Plus de compromis pour les repas \u00e0 emporter. Sain, savoureux et v\u00e9ggie est la devise de la plupart des grands distributeurs, qui remplissent les rayons frais et surgel\u00e9s de pizzas v\u00e9ganes et v\u00e9g\u00e9tariennes et proposent un large \u00e9ventail de type de cuisine, des dahls au chili sin carne.<\/p>\n<\/div>\n<\/div>\n\n\n\n<div class=\"wp-block-columns is-layout-flex wp-container-core-columns-is-layout-9d6595d7 wp-block-columns-is-layout-flex\">\n<div class=\"wp-block-column is-layout-flow wp-block-column-is-layout-flow\">\n<figure class=\"wp-block-image size-medium\"><img decoding=\"async\" width=\"300\" height=\"200\" src=\"https:\/\/www.v-label.com\/wp-content\/uploads\/2022\/12\/sweets-1280-300x200.jpg\" alt=\"\" class=\"wp-image-17318\" srcset=\"https:\/\/www.v-label.com\/wp-content\/uploads\/2022\/12\/sweets-1280-300x200.jpg 300w, https:\/\/www.v-label.com\/wp-content\/uploads\/2022\/12\/sweets-1280-1024x682.jpg 1024w, https:\/\/www.v-label.com\/wp-content\/uploads\/2022\/12\/sweets-1280-500x333.jpg 500w, https:\/\/www.v-label.com\/wp-content\/uploads\/2022\/12\/sweets-1280-768x512.jpg 768w, https:\/\/www.v-label.com\/wp-content\/uploads\/2022\/12\/sweets-1280.jpg 1280w\" sizes=\"(max-width: 300px) 100vw, 300px\" \/><\/figure>\n\n\n\n<h2 class=\"wp-block-heading\"><strong><a href=\"https:\/\/www.v-label.com\/be_fr\/informations-generales-pour-les-consommateurs\/produits-certifies\/les-douceurs\/\" data-type=\"link\" data-id=\"https:\/\/www.v-label.com\/be_fr\/general-information\/produits-certifies\/les-douceurs\/\">Les douceurs<\/a><\/strong><\/h2>\n\n\n\n<p>V\u00e9rifiez si vos en-cas pr\u00e9f\u00e9r\u00e9s sont vraiment v\u00e9g\u00e9tariens ou v\u00e9ganes et approvisionnez votre garde-manger en chocolat, biscuits, chips et barres v\u00e9g\u00e9tales ! Et attendez, ce n&#8217;est pas tout : c&#8217;est le march\u00e9 des produits de boulangerie qu&#8217;il faut surveiller, avec des g\u00e2teaux, des croissants et m\u00eame des roul\u00e9s aux saucisses v\u00e9ganes au go\u00fbt authentique.<\/p>\n<\/div>\n\n\n\n<div class=\"wp-block-column is-layout-flow wp-block-column-is-layout-flow\">\n<figure class=\"wp-block-image size-medium\"><img decoding=\"async\" width=\"300\" height=\"200\" src=\"https:\/\/www.v-label.com\/wp-content\/uploads\/2022\/12\/beverages-1280-300x200.jpg\" alt=\"\" class=\"wp-image-17298\" srcset=\"https:\/\/www.v-label.com\/wp-content\/uploads\/2022\/12\/beverages-1280-300x200.jpg 300w, https:\/\/www.v-label.com\/wp-content\/uploads\/2022\/12\/beverages-1280-1024x682.jpg 1024w, https:\/\/www.v-label.com\/wp-content\/uploads\/2022\/12\/beverages-1280-500x333.jpg 500w, https:\/\/www.v-label.com\/wp-content\/uploads\/2022\/12\/beverages-1280-768x512.jpg 768w, https:\/\/www.v-label.com\/wp-content\/uploads\/2022\/12\/beverages-1280.jpg 1280w\" sizes=\"(max-width: 300px) 100vw, 300px\" \/><\/figure>\n\n\n\n<h2 class=\"wp-block-heading\"><strong><a href=\"https:\/\/www.v-label.com\/be_fr\/informations-generales-pour-les-consommateurs\/produits-certifies\/boissons\/\" data-type=\"link\" data-id=\"https:\/\/www.v-label.com\/be_fr\/general-information\/produits-certifies\/boissons\/\">Boissons<\/a><\/strong><\/h2>\n\n\n\n<p>Attention aux produits animaux cach\u00e9s dans votre boisson pr\u00e9f\u00e9r\u00e9e ! D\u00e9couvrez quels jus sont exempts de D3 non v\u00e9gane, quels vins ne sont pas raffin\u00e9s ou filtr\u00e9s par des prot\u00e9ines animales, et assurez-vous que votre soda est lui aussi 100% d&#8217;origine v\u00e9g\u00e9tale.<\/p>\n<\/div>\n\n\n\n<div class=\"wp-block-column is-layout-flow wp-block-column-is-layout-flow\">\n<figure class=\"wp-block-image size-medium\"><img decoding=\"async\" width=\"300\" height=\"203\" src=\"https:\/\/www.v-label.com\/wp-content\/uploads\/2022\/12\/cosmetics-1280-300x203.jpg\" alt=\"\" class=\"wp-image-17278\" srcset=\"https:\/\/www.v-label.com\/wp-content\/uploads\/2022\/12\/cosmetics-1280-300x203.jpg 300w, https:\/\/www.v-label.com\/wp-content\/uploads\/2022\/12\/cosmetics-1280-1024x694.jpg 1024w, https:\/\/www.v-label.com\/wp-content\/uploads\/2022\/12\/cosmetics-1280-500x339.jpg 500w, https:\/\/www.v-label.com\/wp-content\/uploads\/2022\/12\/cosmetics-1280-768x521.jpg 768w, https:\/\/www.v-label.com\/wp-content\/uploads\/2022\/12\/cosmetics-1280.jpg 1280w\" sizes=\"(max-width: 300px) 100vw, 300px\" \/><\/figure>\n\n\n\n<h2 class=\"wp-block-heading\"><strong><a href=\"https:\/\/www.v-label.com\/be_fr\/informations-generales-pour-les-consommateurs\/produits-certifies\/cosmetiques\/\" data-type=\"link\" data-id=\"https:\/\/www.v-label.com\/be_fr\/general-information\/produits-certifies\/cosmetiques\/\">Cosm\u00e9tiques<\/a><\/strong><\/h2>\n\n\n\n<p>Faites votre rituel beaut\u00e9 avec notre s\u00e9lection de soins capillaires et corporels v\u00e9ganes. Des savons et shampoings solides aux produits coiffants, choisissez parmi des marques utilisant des ingr\u00e9dients uniquement min\u00e9raux ou v\u00e9g\u00e9taux.<\/p>\n<\/div>\n<\/div>\n","protected":false},"excerpt":{"rendered":"<p>La production alimentaire \u00e9tant responsable d&#8217;un quart des \u00e9missions de gaz \u00e0 effet de serre dans le monde, un nombre croissant de personnes est de plus en plus pr\u00e9occup\u00e9 par le changement climatique. Des \u00e9tudes r\u00e9centes montrent que si vous voulez r\u00e9duire vos \u00e9missions personnelles de gaz \u00e0 effet de serre, vous devez vous concentrer [&hellip;]<\/p>\n","protected":false},"author":5,"featured_media":18273,"parent":18265,"menu_order":0,"comment_status":"closed","ping_status":"closed","template":"","meta":{"_acf_changed":false,"_editorskit_title_hidden":false,"_editorskit_reading_time":0,"_editorskit_is_block_options_detached":false,"_editorskit_block_options_position":"{}","inline_featured_image":false,"_uag_custom_page_level_css":"","footnotes":""},"categories":[],"tags":[],"class_list":["post-18272","page","type-page","status-publish","has-post-thumbnail","hentry"],"acf":[],"uagb_featured_image_src":{"full":["https:\/\/www.v-label.com\/wp-content\/uploads\/2022\/12\/v-label-cert-products.jpg",2000,1339,false],"thumbnail":["https:\/\/www.v-label.com\/wp-content\/uploads\/2022\/12\/v-label-cert-products-500x335.jpg",500,335,true],"medium":["https:\/\/www.v-label.com\/wp-content\/uploads\/2022\/12\/v-label-cert-products-300x201.jpg",300,201,true],"medium_large":["https:\/\/www.v-label.com\/wp-content\/uploads\/2022\/12\/v-label-cert-products-768x514.jpg",768,514,true],"large":["https:\/\/www.v-label.com\/wp-content\/uploads\/2022\/12\/v-label-cert-products-1024x686.jpg",1024,686,true],"1536x1536":["https:\/\/www.v-label.com\/wp-content\/uploads\/2022\/12\/v-label-cert-products-1536x1028.jpg",1536,1028,true],"2048x2048":["https:\/\/www.v-label.com\/wp-content\/uploads\/2022\/12\/v-label-cert-products.jpg",2000,1339,false],"preview":["https:\/\/www.v-label.com\/wp-content\/uploads\/2022\/12\/v-label-cert-products-904x720.jpg",904,720,true],"header":["https:\/\/www.v-label.com\/wp-content\/uploads\/2022\/12\/v-label-cert-products-2000x720.jpg",2000,720,true],"gform-image-choice-sm":["https:\/\/www.v-label.com\/wp-content\/uploads\/2022\/12\/v-label-cert-products.jpg",300,201,false],"gform-image-choice-md":["https:\/\/www.v-label.com\/wp-content\/uploads\/2022\/12\/v-label-cert-products.jpg",400,268,false],"gform-image-choice-lg":["https:\/\/www.v-label.com\/wp-content\/uploads\/2022\/12\/v-label-cert-products.jpg",600,402,false]},"uagb_author_info":{"display_name":"Can Aslan","author_link":"https:\/\/www.v-label.com\/be_fr"},"uagb_comment_info":0,"uagb_excerpt":"La production alimentaire \u00e9tant responsable d&#8217;un quart des \u00e9missions de gaz \u00e0 effet de serre dans le monde, un nombre croissant de personnes est de plus en plus pr\u00e9occup\u00e9 par le changement climatique. Des \u00e9tudes r\u00e9centes montrent que si vous voulez r\u00e9duire vos \u00e9missions personnelles de gaz \u00e0 effet de serre, vous devez vous concentrer&hellip;","_links":{"self":[{"href":"https:\/\/www.v-label.com\/be_fr\/wp-json\/wp\/v2\/pages\/18272","targetHints":{"allow":["GET"]}}],"collection":[{"href":"https:\/\/www.v-label.com\/be_fr\/wp-json\/wp\/v2\/pages"}],"about":[{"href":"https:\/\/www.v-label.com\/be_fr\/wp-json\/wp\/v2\/types\/page"}],"author":[{"embeddable":true,"href":"https:\/\/www.v-label.com\/be_fr\/wp-json\/wp\/v2\/users\/5"}],"replies":[{"embeddable":true,"href":"https:\/\/www.v-label.com\/be_fr\/wp-json\/wp\/v2\/comments?post=18272"}],"version-history":[{"count":12,"href":"https:\/\/www.v-label.com\/be_fr\/wp-json\/wp\/v2\/pages\/18272\/revisions"}],"predecessor-version":[{"id":85978,"href":"https:\/\/www.v-label.com\/be_fr\/wp-json\/wp\/v2\/pages\/18272\/revisions\/85978"}],"up":[{"embeddable":true,"href":"https:\/\/www.v-label.com\/be_fr\/wp-json\/wp\/v2\/pages\/18265"}],"wp:featuredmedia":[{"embeddable":true,"href":"https:\/\/www.v-label.com\/be_fr\/wp-json\/wp\/v2\/media\/18273"}],"wp:attachment":[{"href":"https:\/\/www.v-label.com\/be_fr\/wp-json\/wp\/v2\/media?parent=18272"}],"wp:term":[{"taxonomy":"category","embeddable":true,"href":"https:\/\/www.v-label.com\/be_fr\/wp-json\/wp\/v2\/categories?post=18272"},{"taxonomy":"post_tag","embeddable":true,"href":"https:\/\/www.v-label.com\/be_fr\/wp-json\/wp\/v2\/tags?post=18272"}],"curies":[{"name":"wp","href":"https:\/\/api.w.org\/{rel}","templated":true}]}}