{"id":18280,"date":"2022-05-30T16:15:29","date_gmt":"2022-05-30T14:15:29","guid":{"rendered":"https:\/\/www.v-label.com\/branches\/cosmetics\/"},"modified":"2022-12-25T10:04:11","modified_gmt":"2022-12-25T09:04:11","slug":"cosmetics","status":"publish","type":"page","link":"https:\/\/www.v-label.com\/be_fr\/informations-generales\/cosmetics\/","title":{"rendered":"Cosm\u00e9tiques et produits d&#8217;entretien"},"content":{"rendered":"\n<p>La facilit\u00e9, la prise en charge de sa propre sant\u00e9, et une demande grandissante pour une beaut\u00e9 sans cruaut\u00e9. Ce sont les trois principales raisons pour lesquelles la taille du march\u00e9 mondial des cosm\u00e9tiques v\u00e9ganes devrait atteindre 20,8 milliards de dollars d&#8217;ici 2025, avec un taux de croissance de 6,3 %, selon le rapport Vegan Cosmetics Market Size, Share &amp; Trends Analysis de 2018.<\/p>\n\n\n\n<p>L&#8217;Europe d\u00e9tient une part importante du march\u00e9, qui conna\u00eet une hausse fulgurante de la demande de produits n&#8217;ayant pas \u00e9t\u00e9 test\u00e9s sur des animaux. Du soin de la peau aux d\u00e9odorants en passant par les shampoings, de plus en plus de consommateurs recherchent des mots-cl\u00e9s tels que &#8221; v\u00e9gane &#8221; lors de leurs achats.<\/p>\n\n\n\n<p>Les cosm\u00e9tiques v\u00e9ganes \u00e9tant toujours plus innovants, les consommateurs sont tr\u00e8s r\u00e9ceptifs \u00e0 l&#8217;\u00e9tiquetage et aux autres signes prouvant que leur choix est v\u00e9gane ou v\u00e9g\u00e9tarien. Saviez-vous que 19 % des consommateurs v\u00e9rifient si leurs produits d&#8217;hygi\u00e8ne sont test\u00e9s sur des animaux, selon The Vegan Society ? Faites en sorte que cette caract\u00e9ristique de votre produit soit visible gr\u00e2ce au V-Label et soyez leur alli\u00e9 naturel !<\/p>\n\n\n\n<p>Apparemment, il n&#8217;y a pas que le secteur des soins d&#8217;hygi\u00e8ne et de beaut\u00e9 qui connaissent un essor des alternatives v\u00e9ganes et v\u00e9g\u00e9tariennes &#8211; c&#8217;est aussi le cas pour les produits m\u00e9nagers ! D\u00e9marquez vos produits d&#8217;entretien gr\u00e2ce aux couleurs du V-Label, qui attirent l&#8217;attention.<\/p>\n\n\n\n<div class=\"wp-block-buttons is-content-justification-center is-layout-flex wp-container-core-buttons-is-layout-16018d1d wp-block-buttons-is-layout-flex\">\n<div class=\"wp-block-button\"><a class=\"wp-block-button__link wp-element-button\" href=\"https:\/\/www.v-label.com\/be_fr\/for-business\/get-certified\/\">Obtenir la certification V-Label<\/a><\/div>\n<\/div>\n","protected":false},"excerpt":{"rendered":"<p>La facilit\u00e9, la prise en charge de sa propre sant\u00e9, et une demande grandissante pour une beaut\u00e9 sans cruaut\u00e9. Ce sont les trois principales raisons pour lesquelles la taille du march\u00e9 mondial des cosm\u00e9tiques v\u00e9ganes devrait atteindre 20,8 milliards de dollars d&#8217;ici 2025, avec un taux de croissance de 6,3 %, selon le rapport Vegan [&hellip;]<\/p>\n","protected":false},"author":5,"featured_media":18282,"parent":18267,"menu_order":0,"comment_status":"closed","ping_status":"closed","template":"","meta":{"_acf_changed":false,"_editorskit_title_hidden":false,"_editorskit_reading_time":0,"_editorskit_is_block_options_detached":false,"_editorskit_block_options_position":"{}","inline_featured_image":false,"_uag_custom_page_level_css":"","footnotes":""},"categories":[],"tags":[],"class_list":["post-18280","page","type-page","status-publish","has-post-thumbnail","hentry"],"acf":[],"uagb_featured_image_src":{"full":["https:\/\/www.v-label.com\/wp-content\/uploads\/2022\/12\/cosmetics-1280.jpg",1280,868,false],"thumbnail":["https:\/\/www.v-label.com\/wp-content\/uploads\/2022\/12\/cosmetics-1280-500x339.jpg",500,339,true],"medium":["https:\/\/www.v-label.com\/wp-content\/uploads\/2022\/12\/cosmetics-1280-300x203.jpg",300,203,true],"medium_large":["https:\/\/www.v-label.com\/wp-content\/uploads\/2022\/12\/cosmetics-1280-768x521.jpg",768,521,true],"large":["https:\/\/www.v-label.com\/wp-content\/uploads\/2022\/12\/cosmetics-1280-1024x694.jpg",1024,694,true],"1536x1536":["https:\/\/www.v-label.com\/wp-content\/uploads\/2022\/12\/cosmetics-1280.jpg",1280,868,false],"2048x2048":["https:\/\/www.v-label.com\/wp-content\/uploads\/2022\/12\/cosmetics-1280.jpg",1280,868,false],"preview":["https:\/\/www.v-label.com\/wp-content\/uploads\/2022\/12\/cosmetics-1280-904x720.jpg",904,720,true],"header":["https:\/\/www.v-label.com\/wp-content\/uploads\/2022\/12\/cosmetics-1280-1280x720.jpg",1280,720,true],"gform-image-choice-sm":["https:\/\/www.v-label.com\/wp-content\/uploads\/2022\/12\/cosmetics-1280.jpg",300,203,false],"gform-image-choice-md":["https:\/\/www.v-label.com\/wp-content\/uploads\/2022\/12\/cosmetics-1280.jpg",400,271,false],"gform-image-choice-lg":["https:\/\/www.v-label.com\/wp-content\/uploads\/2022\/12\/cosmetics-1280.jpg",600,407,false]},"uagb_author_info":{"display_name":"Can Aslan","author_link":"https:\/\/www.v-label.com\/be_fr"},"uagb_comment_info":0,"uagb_excerpt":"La facilit\u00e9, la prise en charge de sa propre sant\u00e9, et une demande grandissante pour une beaut\u00e9 sans cruaut\u00e9. Ce sont les trois principales raisons pour lesquelles la taille du march\u00e9 mondial des cosm\u00e9tiques v\u00e9ganes devrait atteindre 20,8 milliards de dollars d&#8217;ici 2025, avec un taux de croissance de 6,3 %, selon le rapport Vegan&hellip;","_links":{"self":[{"href":"https:\/\/www.v-label.com\/be_fr\/wp-json\/wp\/v2\/pages\/18280","targetHints":{"allow":["GET"]}}],"collection":[{"href":"https:\/\/www.v-label.com\/be_fr\/wp-json\/wp\/v2\/pages"}],"about":[{"href":"https:\/\/www.v-label.com\/be_fr\/wp-json\/wp\/v2\/types\/page"}],"author":[{"embeddable":true,"href":"https:\/\/www.v-label.com\/be_fr\/wp-json\/wp\/v2\/users\/5"}],"replies":[{"embeddable":true,"href":"https:\/\/www.v-label.com\/be_fr\/wp-json\/wp\/v2\/comments?post=18280"}],"version-history":[{"count":1,"href":"https:\/\/www.v-label.com\/be_fr\/wp-json\/wp\/v2\/pages\/18280\/revisions"}],"predecessor-version":[{"id":34979,"href":"https:\/\/www.v-label.com\/be_fr\/wp-json\/wp\/v2\/pages\/18280\/revisions\/34979"}],"up":[{"embeddable":true,"href":"https:\/\/www.v-label.com\/be_fr\/wp-json\/wp\/v2\/pages\/18267"}],"wp:featuredmedia":[{"embeddable":true,"href":"https:\/\/www.v-label.com\/be_fr\/wp-json\/wp\/v2\/media\/18282"}],"wp:attachment":[{"href":"https:\/\/www.v-label.com\/be_fr\/wp-json\/wp\/v2\/media?parent=18280"}],"wp:term":[{"taxonomy":"category","embeddable":true,"href":"https:\/\/www.v-label.com\/be_fr\/wp-json\/wp\/v2\/categories?post=18280"},{"taxonomy":"post_tag","embeddable":true,"href":"https:\/\/www.v-label.com\/be_fr\/wp-json\/wp\/v2\/tags?post=18280"}],"curies":[{"name":"wp","href":"https:\/\/api.w.org\/{rel}","templated":true}]}}