{"id":18283,"date":"2022-05-30T16:15:11","date_gmt":"2022-05-30T14:15:11","guid":{"rendered":"https:\/\/www.v-label.com\/branches\/food\/"},"modified":"2022-12-25T10:00:21","modified_gmt":"2022-12-25T09:00:21","slug":"food","status":"publish","type":"page","link":"https:\/\/www.v-label.com\/be_fr\/informations-generales\/food\/","title":{"rendered":"Alimentation"},"content":{"rendered":"\n<p>Saviez-vous que selon Euromonitor International, le march\u00e9 des produits v\u00e9g\u00e9taux en Europe occidentale a doubl\u00e9 de volume au cours des dix derni\u00e8res ann\u00e9es seulement, repr\u00e9sentant 38,5% du revenu mondial total ?<\/p>\n\n\n\n<p>Alors que le march\u00e9 mondial des produits v\u00e9g\u00e9taux devrait cro\u00eetre \u00e0 un taux de 8,94 %, le secteur des prot\u00e9ines lui-m\u00eame va s&#8217;<a href=\"https:\/\/www.prnewswire.com\/news-releases\/the-global-plant-based-meat-market-by-revenue-is-expected-to-grow-at-a-cagr-of-over-18-during-the-period-20192025-301123673.html\" target=\"_blank\" rel=\"noopener\">acc\u00e9l\u00e9rer de 18 %<\/a> pour atteindre le seuil des 28 milliards de dollars en 2025. Le lancement successif de start-ups v\u00e9ganes confirme d\u00e9j\u00e0 les statistiques : elles s&#8217;efforcent de r\u00e9pondre \u00e0 la demande croissante de b\u0153uf, poisson, fromage, lait, yaourt, \u0153ufs, p\u00e2tisseries, vitamines et compl\u00e9ments alimentaires v\u00e9ganes, chacun \u00e9tant une niche en plein essor. De plus, des produits de niche ont fait leur chemin dans les cha\u00eenes de vente au d\u00e9tail traditionnelles, et les producteurs alimentaires \u00e9tablis introduisent des gammes v\u00e9ganes et v\u00e9g\u00e9tariennes.<\/p>\n\n\n\n<p>Il est int\u00e9ressant de noter que ce n&#8217;est que le d\u00e9but. Selon ProVeg International, les investissements croissants dans l&#8217;innovation technologique garantissent que le go\u00fbt, la texture et la sensation en bouche de ces produits continueront \u00e0 s&#8217;am\u00e9liorer avec les progr\u00e8s r\u00e9alis\u00e9s dans le domaine des ingr\u00e9dients et de la transformation. En tant que label v\u00e9gane et v\u00e9g\u00e9tarien le plus reconnu dans le secteur alimentaire, le fait d&#8217;avoir un logo V-Label vous permet de b\u00e9n\u00e9ficier de cette croissance de march\u00e9 sans pr\u00e9c\u00e9dent.<\/p>\n\n\n\n<div class=\"wp-block-buttons is-content-justification-center is-layout-flex wp-container-core-buttons-is-layout-16018d1d wp-block-buttons-is-layout-flex\">\n<div class=\"wp-block-button\"><a class=\"wp-block-button__link wp-element-button\" href=\"https:\/\/www.v-label.com\/be_fr\/for-business\/get-certified\/\">Obtenir la certification V-Label<\/a><\/div>\n<\/div>\n","protected":false},"excerpt":{"rendered":"<p>Saviez-vous que selon Euromonitor International, le march\u00e9 des produits v\u00e9g\u00e9taux en Europe occidentale a doubl\u00e9 de volume au cours des dix derni\u00e8res ann\u00e9es seulement, repr\u00e9sentant 38,5% du revenu mondial total ? Alors que le march\u00e9 mondial des produits v\u00e9g\u00e9taux devrait cro\u00eetre \u00e0 un taux de 8,94 %, le secteur des prot\u00e9ines lui-m\u00eame va s&#8217;acc\u00e9l\u00e9rer de [&hellip;]<\/p>\n","protected":false},"author":5,"featured_media":18284,"parent":18267,"menu_order":0,"comment_status":"closed","ping_status":"closed","template":"","meta":{"_acf_changed":false,"_editorskit_title_hidden":false,"_editorskit_reading_time":0,"_editorskit_is_block_options_detached":false,"_editorskit_block_options_position":"{}","inline_featured_image":false,"_uag_custom_page_level_css":"","footnotes":""},"categories":[],"tags":[],"class_list":["post-18283","page","type-page","status-publish","has-post-thumbnail","hentry"],"acf":[],"uagb_featured_image_src":{"full":["https:\/\/www.v-label.com\/wp-content\/uploads\/2022\/12\/v-label-food-sector.jpg",1280,857,false],"thumbnail":["https:\/\/www.v-label.com\/wp-content\/uploads\/2022\/12\/v-label-food-sector-500x335.jpg",500,335,true],"medium":["https:\/\/www.v-label.com\/wp-content\/uploads\/2022\/12\/v-label-food-sector-300x201.jpg",300,201,true],"medium_large":["https:\/\/www.v-label.com\/wp-content\/uploads\/2022\/12\/v-label-food-sector-768x514.jpg",768,514,true],"large":["https:\/\/www.v-label.com\/wp-content\/uploads\/2022\/12\/v-label-food-sector-1024x686.jpg",1024,686,true],"1536x1536":["https:\/\/www.v-label.com\/wp-content\/uploads\/2022\/12\/v-label-food-sector.jpg",1280,857,false],"2048x2048":["https:\/\/www.v-label.com\/wp-content\/uploads\/2022\/12\/v-label-food-sector.jpg",1280,857,false],"preview":["https:\/\/www.v-label.com\/wp-content\/uploads\/2022\/12\/v-label-food-sector-904x720.jpg",904,720,true],"header":["https:\/\/www.v-label.com\/wp-content\/uploads\/2022\/12\/v-label-food-sector-1280x720.jpg",1280,720,true],"gform-image-choice-sm":["https:\/\/www.v-label.com\/wp-content\/uploads\/2022\/12\/v-label-food-sector.jpg",300,201,false],"gform-image-choice-md":["https:\/\/www.v-label.com\/wp-content\/uploads\/2022\/12\/v-label-food-sector.jpg",400,268,false],"gform-image-choice-lg":["https:\/\/www.v-label.com\/wp-content\/uploads\/2022\/12\/v-label-food-sector.jpg",600,402,false]},"uagb_author_info":{"display_name":"Can Aslan","author_link":"https:\/\/www.v-label.com\/be_fr"},"uagb_comment_info":0,"uagb_excerpt":"Saviez-vous que selon Euromonitor International, le march\u00e9 des produits v\u00e9g\u00e9taux en Europe occidentale a doubl\u00e9 de volume au cours des dix derni\u00e8res ann\u00e9es seulement, repr\u00e9sentant 38,5% du revenu mondial total ? Alors que le march\u00e9 mondial des produits v\u00e9g\u00e9taux devrait cro\u00eetre \u00e0 un taux de 8,94 %, le secteur des prot\u00e9ines lui-m\u00eame va s&#8217;acc\u00e9l\u00e9rer de&hellip;","_links":{"self":[{"href":"https:\/\/www.v-label.com\/be_fr\/wp-json\/wp\/v2\/pages\/18283","targetHints":{"allow":["GET"]}}],"collection":[{"href":"https:\/\/www.v-label.com\/be_fr\/wp-json\/wp\/v2\/pages"}],"about":[{"href":"https:\/\/www.v-label.com\/be_fr\/wp-json\/wp\/v2\/types\/page"}],"author":[{"embeddable":true,"href":"https:\/\/www.v-label.com\/be_fr\/wp-json\/wp\/v2\/users\/5"}],"replies":[{"embeddable":true,"href":"https:\/\/www.v-label.com\/be_fr\/wp-json\/wp\/v2\/comments?post=18283"}],"version-history":[{"count":2,"href":"https:\/\/www.v-label.com\/be_fr\/wp-json\/wp\/v2\/pages\/18283\/revisions"}],"predecessor-version":[{"id":34974,"href":"https:\/\/www.v-label.com\/be_fr\/wp-json\/wp\/v2\/pages\/18283\/revisions\/34974"}],"up":[{"embeddable":true,"href":"https:\/\/www.v-label.com\/be_fr\/wp-json\/wp\/v2\/pages\/18267"}],"wp:featuredmedia":[{"embeddable":true,"href":"https:\/\/www.v-label.com\/be_fr\/wp-json\/wp\/v2\/media\/18284"}],"wp:attachment":[{"href":"https:\/\/www.v-label.com\/be_fr\/wp-json\/wp\/v2\/media?parent=18283"}],"wp:term":[{"taxonomy":"category","embeddable":true,"href":"https:\/\/www.v-label.com\/be_fr\/wp-json\/wp\/v2\/categories?post=18283"},{"taxonomy":"post_tag","embeddable":true,"href":"https:\/\/www.v-label.com\/be_fr\/wp-json\/wp\/v2\/tags?post=18283"}],"curies":[{"name":"wp","href":"https:\/\/api.w.org\/{rel}","templated":true}]}}