{"id":18285,"date":"2022-09-13T11:09:10","date_gmt":"2022-09-13T09:09:10","guid":{"rendered":"https:\/\/www.v-label.com\/general-information\/certified-products\/gastronomy\/"},"modified":"2023-05-17T16:39:55","modified_gmt":"2023-05-17T14:39:55","slug":"gastronomie","status":"publish","type":"page","link":"https:\/\/www.v-label.com\/be_fr\/informations-generales-pour-les-consommateurs\/produits-certifies\/gastronomie\/","title":{"rendered":"Gastronomie"},"content":{"rendered":"\n<p>Sortir sans devoir faire de compromis : nous vous indiquons quels sont les restaurants v\u00e9g\u00e9tariens et v\u00e9ganes (et qui valent la peine d&#8217;\u00eatre essay\u00e9s !).<\/p>\n\n\n\n<div class=\"wp-block-columns are-vertically-aligned-center is-layout-flex wp-container-core-columns-is-layout-9d6595d7 wp-block-columns-is-layout-flex\">\n<div class=\"wp-block-column is-vertically-aligned-center is-layout-flow wp-block-column-is-layout-flow\">\n<figure class=\"wp-block-image aligncenter size-medium\"><a href=\"https:\/\/www.kfc.fr\/\" target=\"_blank\" rel=\"noreferrer noopener\"><img decoding=\"async\" width=\"300\" height=\"300\" src=\"https:\/\/www.v-label.com\/wp-content\/uploads\/2022\/12\/kfc-300x300.png\" alt=\"\" class=\"wp-image-13761\" srcset=\"https:\/\/www.v-label.com\/wp-content\/uploads\/2022\/12\/kfc-300x300.png 300w, https:\/\/www.v-label.com\/wp-content\/uploads\/2022\/12\/kfc-500x500.png 500w, https:\/\/www.v-label.com\/wp-content\/uploads\/2022\/12\/kfc.png 600w\" sizes=\"(max-width: 300px) 100vw, 300px\" \/><\/a><\/figure>\n<\/div>\n\n\n\n<div class=\"wp-block-column is-vertically-aligned-center is-layout-flow wp-block-column-is-layout-flow\">\n<figure class=\"wp-block-image aligncenter size-medium\"><a href=\"https:\/\/www.mcdonalds.fr\/\" target=\"_blank\" rel=\"noreferrer noopener\"><img decoding=\"async\" width=\"300\" height=\"300\" src=\"https:\/\/www.v-label.com\/wp-content\/uploads\/2022\/12\/logo-mcdonalds-300x300.png\" alt=\"\" class=\"wp-image-13781\" srcset=\"https:\/\/www.v-label.com\/wp-content\/uploads\/2022\/12\/logo-mcdonalds-300x300.png 300w, https:\/\/www.v-label.com\/wp-content\/uploads\/2022\/12\/logo-mcdonalds-500x498.png 500w, https:\/\/www.v-label.com\/wp-content\/uploads\/2022\/12\/logo-mcdonalds.png 600w\" sizes=\"(max-width: 300px) 100vw, 300px\" \/><\/a><\/figure>\n<\/div>\n<\/div>\n","protected":false},"excerpt":{"rendered":"<p>Sortir sans devoir faire de compromis : nous vous indiquons quels sont les restaurants v\u00e9g\u00e9tariens et v\u00e9ganes (et qui valent la peine d&#8217;\u00eatre essay\u00e9s !).<\/p>\n","protected":false},"author":5,"featured_media":18279,"parent":18272,"menu_order":0,"comment_status":"closed","ping_status":"closed","template":"","meta":{"_acf_changed":false,"_editorskit_title_hidden":false,"_editorskit_reading_time":0,"_editorskit_is_block_options_detached":false,"_editorskit_block_options_position":"{}","inline_featured_image":false,"_uag_custom_page_level_css":"","footnotes":""},"categories":[],"tags":[],"class_list":["post-18285","page","type-page","status-publish","has-post-thumbnail","hentry"],"acf":[],"uagb_featured_image_src":{"full":["https:\/\/www.v-label.com\/wp-content\/uploads\/2022\/12\/gastronomy-1280.jpg",1280,854,false],"thumbnail":["https:\/\/www.v-label.com\/wp-content\/uploads\/2022\/12\/gastronomy-1280-500x334.jpg",500,334,true],"medium":["https:\/\/www.v-label.com\/wp-content\/uploads\/2022\/12\/gastronomy-1280-300x200.jpg",300,200,true],"medium_large":["https:\/\/www.v-label.com\/wp-content\/uploads\/2022\/12\/gastronomy-1280-768x512.jpg",768,512,true],"large":["https:\/\/www.v-label.com\/wp-content\/uploads\/2022\/12\/gastronomy-1280-1024x683.jpg",1024,683,true],"1536x1536":["https:\/\/www.v-label.com\/wp-content\/uploads\/2022\/12\/gastronomy-1280.jpg",1280,854,false],"2048x2048":["https:\/\/www.v-label.com\/wp-content\/uploads\/2022\/12\/gastronomy-1280.jpg",1280,854,false],"preview":["https:\/\/www.v-label.com\/wp-content\/uploads\/2022\/12\/gastronomy-1280-904x720.jpg",904,720,true],"header":["https:\/\/www.v-label.com\/wp-content\/uploads\/2022\/12\/gastronomy-1280-1280x720.jpg",1280,720,true],"gform-image-choice-sm":["https:\/\/www.v-label.com\/wp-content\/uploads\/2022\/12\/gastronomy-1280.jpg",300,200,false],"gform-image-choice-md":["https:\/\/www.v-label.com\/wp-content\/uploads\/2022\/12\/gastronomy-1280.jpg",400,267,false],"gform-image-choice-lg":["https:\/\/www.v-label.com\/wp-content\/uploads\/2022\/12\/gastronomy-1280.jpg",600,400,false]},"uagb_author_info":{"display_name":"Can Aslan","author_link":"https:\/\/www.v-label.com\/be_fr"},"uagb_comment_info":0,"uagb_excerpt":"Sortir sans devoir faire de compromis : nous vous indiquons quels sont les restaurants v\u00e9g\u00e9tariens et v\u00e9ganes (et qui valent la peine d&#8217;\u00eatre essay\u00e9s !).","_links":{"self":[{"href":"https:\/\/www.v-label.com\/be_fr\/wp-json\/wp\/v2\/pages\/18285","targetHints":{"allow":["GET"]}}],"collection":[{"href":"https:\/\/www.v-label.com\/be_fr\/wp-json\/wp\/v2\/pages"}],"about":[{"href":"https:\/\/www.v-label.com\/be_fr\/wp-json\/wp\/v2\/types\/page"}],"author":[{"embeddable":true,"href":"https:\/\/www.v-label.com\/be_fr\/wp-json\/wp\/v2\/users\/5"}],"replies":[{"embeddable":true,"href":"https:\/\/www.v-label.com\/be_fr\/wp-json\/wp\/v2\/comments?post=18285"}],"version-history":[{"count":2,"href":"https:\/\/www.v-label.com\/be_fr\/wp-json\/wp\/v2\/pages\/18285\/revisions"}],"predecessor-version":[{"id":53826,"href":"https:\/\/www.v-label.com\/be_fr\/wp-json\/wp\/v2\/pages\/18285\/revisions\/53826"}],"up":[{"embeddable":true,"href":"https:\/\/www.v-label.com\/be_fr\/wp-json\/wp\/v2\/pages\/18272"}],"wp:featuredmedia":[{"embeddable":true,"href":"https:\/\/www.v-label.com\/be_fr\/wp-json\/wp\/v2\/media\/18279"}],"wp:attachment":[{"href":"https:\/\/www.v-label.com\/be_fr\/wp-json\/wp\/v2\/media?parent=18285"}],"wp:term":[{"taxonomy":"category","embeddable":true,"href":"https:\/\/www.v-label.com\/be_fr\/wp-json\/wp\/v2\/categories?post=18285"},{"taxonomy":"post_tag","embeddable":true,"href":"https:\/\/www.v-label.com\/be_fr\/wp-json\/wp\/v2\/tags?post=18285"}],"curies":[{"name":"wp","href":"https:\/\/api.w.org\/{rel}","templated":true}]}}