{"id":18303,"date":"2022-09-09T11:07:38","date_gmt":"2022-09-09T09:07:38","guid":{"rendered":"https:\/\/www.v-label.com\/general-information\/certified-products\/meat-alternatives\/"},"modified":"2024-09-26T23:40:25","modified_gmt":"2024-09-26T21:40:25","slug":"les-alternatives-a-la-viande","status":"publish","type":"page","link":"https:\/\/www.v-label.com\/be_fr\/informations-generales-pour-les-consommateurs\/produits-certifies\/les-alternatives-a-la-viande\/","title":{"rendered":"Les alternatives \u00e0 la viande"},"content":{"rendered":"\n<p>Les avanc\u00e9es en mati\u00e8re d\u2019ingr\u00e9dients, la d\u00e9mocratisation et les possibilit\u00e9s de d\u00e9veloppement illimit\u00e9es sont trois raisons pour lesquelles les substituts de viande connaissent non seulement une croissance exponentielle, mais permettent \u00e9galement de se rapprocher de l\u2019avenir de notre consommation alimentaire. Naviguez et r\u00e9jouissez vos papilles!<\/p>\n\n\n\n<div class=\"wp-block-columns are-vertically-aligned-center is-layout-flex wp-container-core-columns-is-layout-9d6595d7 wp-block-columns-is-layout-flex\">\n<div class=\"wp-block-column is-vertically-aligned-center is-layout-flow wp-block-column-is-layout-flow\">\n<figure class=\"wp-block-image aligncenter size-medium\"><a href=\"https:\/\/www.hari-co.com\/\" target=\"_blank\" rel=\"noreferrer noopener\"><img decoding=\"async\" width=\"300\" height=\"80\" src=\"https:\/\/www.v-label.com\/wp-content\/uploads\/2022\/12\/harico2-300x80.png\" alt=\"\" class=\"wp-image-13429\" srcset=\"https:\/\/www.v-label.com\/wp-content\/uploads\/2022\/12\/harico2-300x80.png 300w, https:\/\/www.v-label.com\/wp-content\/uploads\/2022\/12\/harico2-500x133.png 500w, https:\/\/www.v-label.com\/wp-content\/uploads\/2022\/12\/harico2.png 600w\" sizes=\"(max-width: 300px) 100vw, 300px\" \/><\/a><\/figure>\n<\/div>\n\n\n\n<div class=\"wp-block-column is-vertically-aligned-center is-layout-flow wp-block-column-is-layout-flow\">\n<figure class=\"wp-block-image aligncenter size-medium\"><a href=\"https:\/\/www.tossolia.fr\/\" target=\"_blank\" rel=\"noreferrer noopener\"><img decoding=\"async\" width=\"300\" height=\"300\" src=\"https:\/\/www.v-label.com\/wp-content\/uploads\/2022\/12\/logo-tossolia-500x500-1-300x300.png\" alt=\"\" class=\"wp-image-13449\" srcset=\"https:\/\/www.v-label.com\/wp-content\/uploads\/2022\/12\/logo-tossolia-500x500-1-300x300.png 300w, https:\/\/www.v-label.com\/wp-content\/uploads\/2022\/12\/logo-tossolia-500x500-1-500x500.png 500w, https:\/\/www.v-label.com\/wp-content\/uploads\/2022\/12\/logo-tossolia-500x500-1.png 600w\" sizes=\"(max-width: 300px) 100vw, 300px\" \/><\/a><\/figure>\n<\/div>\n\n\n\n<div class=\"wp-block-column is-vertically-aligned-center is-layout-flow wp-block-column-is-layout-flow\">\n<figure class=\"wp-block-image aligncenter size-medium\"><a href=\"https:\/\/www.sojasun.com\/\" target=\"_blank\" rel=\"noreferrer noopener\"><img decoding=\"async\" width=\"300\" height=\"168\" src=\"https:\/\/www.v-label.com\/wp-content\/uploads\/2022\/12\/olga-sojasun-300x168.png\" alt=\"\" class=\"wp-image-13469\" srcset=\"https:\/\/www.v-label.com\/wp-content\/uploads\/2022\/12\/olga-sojasun-300x168.png 300w, https:\/\/www.v-label.com\/wp-content\/uploads\/2022\/12\/olga-sojasun-500x280.png 500w, https:\/\/www.v-label.com\/wp-content\/uploads\/2022\/12\/olga-sojasun.png 600w\" sizes=\"(max-width: 300px) 100vw, 300px\" \/><\/a><\/figure>\n<\/div>\n<\/div>\n","protected":false},"excerpt":{"rendered":"<p>Les avanc\u00e9es en mati\u00e8re d\u2019ingr\u00e9dients, la d\u00e9mocratisation et les possibilit\u00e9s de d\u00e9veloppement illimit\u00e9es sont trois raisons pour lesquelles les substituts de viande connaissent non seulement une croissance exponentielle, mais permettent \u00e9galement de se rapprocher de l\u2019avenir de notre consommation alimentaire. Naviguez et r\u00e9jouissez vos papilles!<\/p>\n","protected":false},"author":5,"featured_media":18305,"parent":18272,"menu_order":0,"comment_status":"closed","ping_status":"closed","template":"","meta":{"_acf_changed":false,"_editorskit_title_hidden":false,"_editorskit_reading_time":0,"_editorskit_is_block_options_detached":false,"_editorskit_block_options_position":"{}","inline_featured_image":false,"_uag_custom_page_level_css":"","footnotes":""},"categories":[],"tags":[],"class_list":["post-18303","page","type-page","status-publish","has-post-thumbnail","hentry"],"acf":[],"uagb_featured_image_src":{"full":["https:\/\/www.v-label.com\/wp-content\/uploads\/2022\/12\/meat-alternatives-1280.jpg",1280,852,false],"thumbnail":["https:\/\/www.v-label.com\/wp-content\/uploads\/2022\/12\/meat-alternatives-1280-500x333.jpg",500,333,true],"medium":["https:\/\/www.v-label.com\/wp-content\/uploads\/2022\/12\/meat-alternatives-1280-300x200.jpg",300,200,true],"medium_large":["https:\/\/www.v-label.com\/wp-content\/uploads\/2022\/12\/meat-alternatives-1280-768x511.jpg",768,511,true],"large":["https:\/\/www.v-label.com\/wp-content\/uploads\/2022\/12\/meat-alternatives-1280-1024x682.jpg",1024,682,true],"1536x1536":["https:\/\/www.v-label.com\/wp-content\/uploads\/2022\/12\/meat-alternatives-1280.jpg",1280,852,false],"2048x2048":["https:\/\/www.v-label.com\/wp-content\/uploads\/2022\/12\/meat-alternatives-1280.jpg",1280,852,false],"preview":["https:\/\/www.v-label.com\/wp-content\/uploads\/2022\/12\/meat-alternatives-1280-904x720.jpg",904,720,true],"header":["https:\/\/www.v-label.com\/wp-content\/uploads\/2022\/12\/meat-alternatives-1280-1280x720.jpg",1280,720,true],"gform-image-choice-sm":["https:\/\/www.v-label.com\/wp-content\/uploads\/2022\/12\/meat-alternatives-1280.jpg",300,200,false],"gform-image-choice-md":["https:\/\/www.v-label.com\/wp-content\/uploads\/2022\/12\/meat-alternatives-1280.jpg",400,266,false],"gform-image-choice-lg":["https:\/\/www.v-label.com\/wp-content\/uploads\/2022\/12\/meat-alternatives-1280.jpg",600,399,false]},"uagb_author_info":{"display_name":"Can Aslan","author_link":"https:\/\/www.v-label.com\/be_fr"},"uagb_comment_info":0,"uagb_excerpt":"Les avanc\u00e9es en mati\u00e8re d\u2019ingr\u00e9dients, la d\u00e9mocratisation et les possibilit\u00e9s de d\u00e9veloppement illimit\u00e9es sont trois raisons pour lesquelles les substituts de viande connaissent non seulement une croissance exponentielle, mais permettent \u00e9galement de se rapprocher de l\u2019avenir de notre consommation alimentaire. Naviguez et r\u00e9jouissez vos papilles!","_links":{"self":[{"href":"https:\/\/www.v-label.com\/be_fr\/wp-json\/wp\/v2\/pages\/18303","targetHints":{"allow":["GET"]}}],"collection":[{"href":"https:\/\/www.v-label.com\/be_fr\/wp-json\/wp\/v2\/pages"}],"about":[{"href":"https:\/\/www.v-label.com\/be_fr\/wp-json\/wp\/v2\/types\/page"}],"author":[{"embeddable":true,"href":"https:\/\/www.v-label.com\/be_fr\/wp-json\/wp\/v2\/users\/5"}],"replies":[{"embeddable":true,"href":"https:\/\/www.v-label.com\/be_fr\/wp-json\/wp\/v2\/comments?post=18303"}],"version-history":[{"count":1,"href":"https:\/\/www.v-label.com\/be_fr\/wp-json\/wp\/v2\/pages\/18303\/revisions"}],"predecessor-version":[{"id":42338,"href":"https:\/\/www.v-label.com\/be_fr\/wp-json\/wp\/v2\/pages\/18303\/revisions\/42338"}],"up":[{"embeddable":true,"href":"https:\/\/www.v-label.com\/be_fr\/wp-json\/wp\/v2\/pages\/18272"}],"wp:featuredmedia":[{"embeddable":true,"href":"https:\/\/www.v-label.com\/be_fr\/wp-json\/wp\/v2\/media\/18305"}],"wp:attachment":[{"href":"https:\/\/www.v-label.com\/be_fr\/wp-json\/wp\/v2\/media?parent=18303"}],"wp:term":[{"taxonomy":"category","embeddable":true,"href":"https:\/\/www.v-label.com\/be_fr\/wp-json\/wp\/v2\/categories?post=18303"},{"taxonomy":"post_tag","embeddable":true,"href":"https:\/\/www.v-label.com\/be_fr\/wp-json\/wp\/v2\/tags?post=18303"}],"curies":[{"name":"wp","href":"https:\/\/api.w.org\/{rel}","templated":true}]}}