{"id":59541,"date":"2022-09-18T19:26:22","date_gmt":"2022-09-18T17:26:22","guid":{"rendered":"https:\/\/www.v-label.com\/a-propos-de-nous\/l-histoire-du-v-label\/"},"modified":"2026-01-27T18:08:45","modified_gmt":"2026-01-27T17:08:45","slug":"l-histoire-du-v-label","status":"publish","type":"page","link":"https:\/\/www.v-label.com\/be_fr\/a-propos-de-nous\/l-histoire-du-v-label\/","title":{"rendered":"L&#8217;histoire du V-Label"},"content":{"rendered":"\n<h3 class=\"wp-block-heading has-text-align-left\">Aujourd&#8217;hui, le V-Label pour les produits et services v\u00e9g\u00e9tariens et v\u00e9ganes est le label le plus connu. Comment ce label a-t-il vu le jour? <\/h3>\n\n\n\n<div class=\"wp-block-uagb-content-timeline uagb-timeline__outer-wrap uagb-block-17e4bde3-3a6d-4d71-a970-e914438b24ef uagb-timeline__content-wrap uagb-timeline__center-block  uagb-timeline__arrow-center uagb-timeline\">\n<article class=\"wp-block-uagb-content-timeline-child uagb-timeline__field uagb-timeline-child-6d4685e0-8344-4eb9-8b1c-46db909133ef uagb-timeline__right\"><div class=\"uagb-timeline__marker out-view-uagb-timeline__icon\"><svg xmlns=\"https:\/\/www.w3.org\/2000\/svg\" viewbox=\"0 0 512 512\"><path d=\"M512 165.4c0 127.9-70.05 235.3-175.3 270.1c-20.04 7.938-41.83 12.46-64.69 12.46c-64.9 0-125.2-36.51-155.7-94.47c-54.13 49.93-68.71 107-68.96 108.1C44.72 472.6 34.87 480 24.02 480c-1.844 0-3.727-.2187-5.602-.6562c-12.89-3.098-20.84-16.08-17.75-28.96c9.598-39.5 90.47-226.4 335.3-226.4C344.8 224 352 216.8 352 208S344.8 192 336 192C228.6 192 151 226.6 96.29 267.6c.1934-10.82 1.242-21.84 3.535-33.05c13.47-65.81 66.04-119 131.4-134.2c28.33-6.562 55.68-6.013 80.93-.0054c56 13.32 118.2-7.412 149.3-61.24c5.664-9.828 20.02-9.516 24.66 .8282C502.7 76.76 512 121.9 512 165.4z\"><\/path><\/svg><\/div><div class=\"uagb-timeline__day-new uagb-timeline__day-right uagb-timeline__events-inner-new\"><div class=\"uagb-timeline__events-inner--content\"><div class=\"uagb-timeline__date-hide uagb-timeline__inner-date-new\">1976<\/div><p class=\"uagb-timeline__heading\"><\/p><p class=\"uagb-timeline-desc-content\">Le V-Label a \u00e9t\u00e9 cr\u00e9\u00e9 par l&#8217;AVI, l&#8217;Association v\u00e9g\u00e9tarienne italienne, en Italie.<\/p><div class=\"uagb-timeline__arrow\"><\/div><\/div><\/div><div class=\"uagb-timeline__date-new\">1976<\/div><\/article>\n\n\n\n<article class=\"wp-block-uagb-content-timeline-child uagb-timeline__field uagb-timeline-child-e97271de-77d2-4e2c-b7a4-53238d54399b uagb-timeline__left\"><div class=\"uagb-timeline__marker out-view-uagb-timeline__icon\"><svg xmlns=\"https:\/\/www.w3.org\/2000\/svg\" viewbox=\"0 0 512 512\"><path d=\"M512 165.4c0 127.9-70.05 235.3-175.3 270.1c-20.04 7.938-41.83 12.46-64.69 12.46c-64.9 0-125.2-36.51-155.7-94.47c-54.13 49.93-68.71 107-68.96 108.1C44.72 472.6 34.87 480 24.02 480c-1.844 0-3.727-.2187-5.602-.6562c-12.89-3.098-20.84-16.08-17.75-28.96c9.598-39.5 90.47-226.4 335.3-226.4C344.8 224 352 216.8 352 208S344.8 192 336 192C228.6 192 151 226.6 96.29 267.6c.1934-10.82 1.242-21.84 3.535-33.05c13.47-65.81 66.04-119 131.4-134.2c28.33-6.562 55.68-6.013 80.93-.0054c56 13.32 118.2-7.412 149.3-61.24c5.664-9.828 20.02-9.516 24.66 .8282C502.7 76.76 512 121.9 512 165.4z\"><\/path><\/svg><\/div><div class=\"uagb-timeline__day-new uagb-timeline__day-left uagb-timeline__events-inner-new\"><div class=\"uagb-timeline__events-inner--content\"><div class=\"uagb-timeline__date-hide uagb-timeline__inner-date-new\">1985<\/div><p class=\"uagb-timeline__heading\"><\/p><p class=\"uagb-timeline-desc-content\">Le V-Label (appel\u00e9 &#8220;feuille&#8221;) a \u00e9t\u00e9 promu en tant que symbole institutionnel international pour les communaut\u00e9s v\u00e9g\u00e9tariennes et v\u00e9ganes lors du premier Congr\u00e8s v\u00e9g\u00e9tarien europ\u00e9en, qui s&#8217;est tenu en Italie, et il est depuis, utilis\u00e9 dans le logo de l&#8217;EVU.<\/p><div class=\"uagb-timeline__arrow\"><\/div><\/div><\/div><div class=\"uagb-timeline__date-new\">1985<\/div><\/article>\n\n\n\n<article class=\"wp-block-uagb-content-timeline-child uagb-timeline__field uagb-timeline-child-d36fd5a4-8fb5-4059-8f25-fd71fd822eb8 uagb-timeline__right\"><div class=\"uagb-timeline__marker out-view-uagb-timeline__icon\"><svg xmlns=\"https:\/\/www.w3.org\/2000\/svg\" viewbox=\"0 0 512 512\"><path d=\"M512 165.4c0 127.9-70.05 235.3-175.3 270.1c-20.04 7.938-41.83 12.46-64.69 12.46c-64.9 0-125.2-36.51-155.7-94.47c-54.13 49.93-68.71 107-68.96 108.1C44.72 472.6 34.87 480 24.02 480c-1.844 0-3.727-.2187-5.602-.6562c-12.89-3.098-20.84-16.08-17.75-28.96c9.598-39.5 90.47-226.4 335.3-226.4C344.8 224 352 216.8 352 208S344.8 192 336 192C228.6 192 151 226.6 96.29 267.6c.1934-10.82 1.242-21.84 3.535-33.05c13.47-65.81 66.04-119 131.4-134.2c28.33-6.562 55.68-6.013 80.93-.0054c56 13.32 118.2-7.412 149.3-61.24c5.664-9.828 20.02-9.516 24.66 .8282C502.7 76.76 512 121.9 512 165.4z\"><\/path><\/svg><\/div><div class=\"uagb-timeline__day-new uagb-timeline__day-right uagb-timeline__events-inner-new\"><div class=\"uagb-timeline__events-inner--content\"><div class=\"uagb-timeline__date-hide uagb-timeline__inner-date-new\">1996<\/div><p class=\"uagb-timeline__heading\"><\/p><p class=\"uagb-timeline-desc-content\">Le V-Label actuel est issu du V (feuille) et a \u00e9t\u00e9 utilis\u00e9 pour la premi\u00e8re fois en Suisse pour certifier les produits et services de Swissveg.<\/p><div class=\"uagb-timeline__arrow\"><\/div><\/div><\/div><div class=\"uagb-timeline__date-new\">1996<\/div><\/article>\n\n\n\n<article class=\"wp-block-uagb-content-timeline-child uagb-timeline__field uagb-timeline-child-e0ffcc9e-1cca-4715-9148-f6695a8c2cc9 uagb-timeline__left\"><div class=\"uagb-timeline__marker out-view-uagb-timeline__icon\"><svg xmlns=\"https:\/\/www.w3.org\/2000\/svg\" viewbox=\"0 0 512 512\"><path d=\"M512 165.4c0 127.9-70.05 235.3-175.3 270.1c-20.04 7.938-41.83 12.46-64.69 12.46c-64.9 0-125.2-36.51-155.7-94.47c-54.13 49.93-68.71 107-68.96 108.1C44.72 472.6 34.87 480 24.02 480c-1.844 0-3.727-.2187-5.602-.6562c-12.89-3.098-20.84-16.08-17.75-28.96c9.598-39.5 90.47-226.4 335.3-226.4C344.8 224 352 216.8 352 208S344.8 192 336 192C228.6 192 151 226.6 96.29 267.6c.1934-10.82 1.242-21.84 3.535-33.05c13.47-65.81 66.04-119 131.4-134.2c28.33-6.562 55.68-6.013 80.93-.0054c56 13.32 118.2-7.412 149.3-61.24c5.664-9.828 20.02-9.516 24.66 .8282C502.7 76.76 512 121.9 512 165.4z\"><\/path><\/svg><\/div><div class=\"uagb-timeline__day-new uagb-timeline__day-left uagb-timeline__events-inner-new\"><div class=\"uagb-timeline__events-inner--content\"><div class=\"uagb-timeline__date-hide uagb-timeline__inner-date-new\">1999<\/div><p class=\"uagb-timeline__heading\"><\/p><p class=\"uagb-timeline-desc-content\">Le V-Label a \u00e9t\u00e9 pr\u00e9sent\u00e9 lors du congr\u00e8s de l&#8217;EVU, qui s&#8217;est tenu en Suisse, afin de lancer la coop\u00e9ration europ\u00e9enne.<\/p><div class=\"uagb-timeline__arrow\"><\/div><\/div><\/div><div class=\"uagb-timeline__date-new\">1999<\/div><\/article>\n\n\n\n<article class=\"wp-block-uagb-content-timeline-child uagb-timeline__field uagb-timeline-child-19698fb5-21e5-4fe4-872d-b921f6b5d597 uagb-timeline__right\"><div class=\"uagb-timeline__marker out-view-uagb-timeline__icon\"><svg xmlns=\"https:\/\/www.w3.org\/2000\/svg\" viewbox=\"0 0 512 512\"><path d=\"M512 165.4c0 127.9-70.05 235.3-175.3 270.1c-20.04 7.938-41.83 12.46-64.69 12.46c-64.9 0-125.2-36.51-155.7-94.47c-54.13 49.93-68.71 107-68.96 108.1C44.72 472.6 34.87 480 24.02 480c-1.844 0-3.727-.2187-5.602-.6562c-12.89-3.098-20.84-16.08-17.75-28.96c9.598-39.5 90.47-226.4 335.3-226.4C344.8 224 352 216.8 352 208S344.8 192 336 192C228.6 192 151 226.6 96.29 267.6c.1934-10.82 1.242-21.84 3.535-33.05c13.47-65.81 66.04-119 131.4-134.2c28.33-6.562 55.68-6.013 80.93-.0054c56 13.32 118.2-7.412 149.3-61.24c5.664-9.828 20.02-9.516 24.66 .8282C502.7 76.76 512 121.9 512 165.4z\"><\/path><\/svg><\/div><div class=\"uagb-timeline__day-new uagb-timeline__day-right uagb-timeline__events-inner-new\"><div class=\"uagb-timeline__events-inner--content\"><div class=\"uagb-timeline__date-hide uagb-timeline__inner-date-new\">2019<\/div><p class=\"uagb-timeline__heading\"><\/p><p class=\"uagb-timeline-desc-content\">Le r\u00e9seau est devenu mondial gr\u00e2ce \u00e0 la coop\u00e9ration du V-Label GmbH et du V-Label Italia.<\/p><div class=\"uagb-timeline__arrow\"><\/div><\/div><\/div><div class=\"uagb-timeline__date-new\">2019<\/div><\/article>\n<div class=\"uagb-timeline__line\"><div class=\"uagb-timeline__line__inner\"><\/div><\/div><\/div>\n\n\n\n<h2 class=\"wp-block-heading has-text-align-center\">La naissance du c\u00e9l\u00e8bre V<\/h2>\n\n\n\n<p>D\u00e8s les ann\u00e9es 1970, le V actuel avec la feuille dans le coin sup\u00e9rieur droit a commenc\u00e9 \u00e0 \u00eatre utilis\u00e9 comme symbole du mode de vie v\u00e9g\u00e9tarien. Le &#8220;V&#8221; a \u00e9t\u00e9 utilis\u00e9 pour la premi\u00e8re fois en Italie par l&#8217;AVI comme logo de son association. Il est devenu internationalement connu principalement gr\u00e2ce \u00e0 sa pr\u00e9sentation lors du premier Congr\u00e8s v\u00e9g\u00e9tarien europ\u00e9en en 1985. La m\u00eame ann\u00e9e, l&#8217;Union v\u00e9g\u00e9tarienne europ\u00e9enne (EVU) a \u00e9t\u00e9 fond\u00e9e et a depuis fait du &#8220;V&#8221; une partie int\u00e9grante de son logo. Aujourd&#8217;hui, un nombre croissant d&#8217;institutions \u00e0 travers le monde l&#8217;utilise comme partie int\u00e9grante de leur logo.    <\/p>\n\n\n\n<h2 class=\"wp-block-heading has-text-align-center\">Premi\u00e8res certifications<\/h2>\n\n\n\n<p>En 1996, l&#8217;actuelle <a href=\"http:\/\/www.swissveg.ch\" target=\"_blank\" data-type=\"URL\" data-id=\"www.swissveg.ch\" rel=\"noreferrer noopener\">Swissveg<\/a> (\u00e0 l&#8217;\u00e9poque encore sous le nom de Schweizerische Vereinigung f\u00fcr Vegetarismus SVV) a fait le premier pas en utilisant le V pour la d\u00e9claration des produits. L&#8217;ann\u00e9e suivante, la premi\u00e8re gamme de simili-carn\u00e9 portant le V-Label est arriv\u00e9e sur le march\u00e9 suisse. Marque interne de Migros, le plus grand d\u00e9taillant de Suisse, la ligne de produits Cornatur a connu un grand succ\u00e8s avec le soutien de Swissveg. <\/p>\n\n\n\n<h2 class=\"wp-block-heading has-text-align-center\">Internationalisation<\/h2>\n\n\n\n<p>En tant que pr\u00e9sident de Swissveg et de l&#8217;EVU, et initiateur du V-Label, Renato Pichler a pr\u00e9sent\u00e9 le projet au Congr\u00e8s v\u00e9g\u00e9tarien europ\u00e9en qui s&#8217;est tenu en Suisse en 1999. Toutes les organisations ont \u00e9t\u00e9 invit\u00e9es \u00e0 introduire le projet commun dans leur pays. Depuis lors, le nombre d&#8217;organismes nationaux de certification a augment\u00e9 dans toute l&#8217;Europe. La quasi-totalit\u00e9 de ces organismes ont d\u00e9sormais rejoint le projet V-Label.   <\/p>\n\n\n\n<p>Afin de souligner le caract\u00e8re ind\u00e9pendant du V-Label, de minimiser le risque \u00e9conomique et de rendre le projet viable \u00e0 long terme, les droits de marque sont g\u00e9r\u00e9s depuis 2008 par la soci\u00e9t\u00e9 V-Label GmbH en Suisse, qui a \u00e9t\u00e9 fond\u00e9e sp\u00e9cifiquement pour cela. Cette mesure \u00e9tait \u00e9galement n\u00e9cessaire pour permettre aux organisations \u00e0 but non lucratif de mieux participer au projet (dans de nombreux pays, les r\u00e9glementations juridiques et\/ou fiscales interdisent aux organisations \u00e0 but non lucratif d&#8217;administrer des labels de qualit\u00e9). Le domaine tr\u00e8s complexe (et co\u00fbteux) de la protection internationale des marques a ainsi pu \u00eatre externalis\u00e9.  <\/p>\n\n\n\n<p>Depuis 2019, nous collaborons avec le V-Label Italia.<\/p>\n\n\n\n<h2 class=\"wp-block-heading has-text-align-center\">Situation actuelle<\/h2>\n\n\n\n<p>Le V-Label est en constante \u00e9volution. Toutes les d\u00e9cisions sont prises en collaboration avec les organisations v\u00e9g\u00e9tariennes et v\u00e9ganes participantes (par exemple Swissveg, ProVeg International, Vegan Society Austria, &#8230;). \u00c9tant donn\u00e9 que la majeure partie du travail de certification s&#8217;effectue localement dans les diff\u00e9rents pays, la majeure partie des revenus reste locale (g\u00e9n\u00e9ralement environ 90 %). De cette mani\u00e8re, le travail d&#8217;inspection peut \u00eatre effectu\u00e9 de mani\u00e8re professionnelle et les organisations locales peuvent \u00eatre soutenues. Une petite partie des recettes est vers\u00e9e \u00e0 V-Label GmbH \u00e0 Winterthur pour maintenir la protection de la marque et l&#8217;\u00e9tendre \u00e0 d&#8217;autres pays et \u00e0 d&#8217;autres cat\u00e9gories de produits. En outre, les recettes du V-Label financent la publicit\u00e9 internationale et le fonctionnement du site web international et des bases de donn\u00e9es, ainsi que la coordination n\u00e9cessaire pour garantir que les contr\u00f4les de qualit\u00e9 soient aussi stricts dans tous les pays. Un contrat avec l&#8217;EVU garantit que les relations publiques et les r\u00e9seaux internationaux de l&#8217;organisation b\u00e9n\u00e9ficient \u00e9galement du V-Label.      <\/p>\n\n\n\n<h2 class=\"wp-block-heading has-text-align-center\">L&#8217;avenir du V-Label<\/h2>\n\n\n\n<p>En Europe, le V-Label s&#8217;est \u00e9tabli principalement dans le secteur alimentaire. Selon des enqu\u00eates men\u00e9es en Suisse et en Allemagne, il est depuis des ann\u00e9es le label le plus connu dans ce secteur. Actuellement, le V-Label est \u00e9galement introduit dans les secteurs de la gastronomie et des cosm\u00e9tiques. Les produits d&#8217;entretien et d&#8217;autres produits non alimentaires suivront.   <\/p>\n\n\n\n<p>Parall\u00e8lement, le label se d\u00e9veloppe \u00e9galement en dehors de l&#8217;Europe, la demande du V-Label \u00e9tant particuli\u00e8rement \u00e9lev\u00e9e en Am\u00e9rique latine et en Asie.<\/p>\n\n\n\n<h2 class=\"wp-block-heading has-text-align-center\">Une situation triplement avantageuse<\/h2>\n\n\n\n<p>Le V-Label promeut les organisations locales orient\u00e9es vers le v\u00e9ganisme, les producteurs innovants et le mouvement europ\u00e9en et international en faveur d&#8217;un mode de vie v\u00e9g\u00e9tal, et am\u00e9liore la vie de toutes les personnes v\u00e9g\u00e9tariennes et v\u00e9ganes gr\u00e2ce \u00e0 un processus de certification transparent et contr\u00f4l\u00e9. En tant que tel, le V-Label est l&#8217;un des projets les plus pr\u00e9cieux et les plus r\u00e9ussis du mouvement v\u00e9g\u00e9tarien\/v\u00e9gane mondial.  <\/p>\n\n\n\n<p>Selon plusieurs enqu\u00eates men\u00e9es ces derni\u00e8res ann\u00e9es en Europe centrale, le V-Label est d\u00e9sormais le label le plus connu pour les produits v\u00e9g\u00e9tariens et v\u00e9ganes. En Suisse, 97 % des personnes v\u00e9ganes et 50 % de la population en g\u00e9n\u00e9ral reconnaissent le V-Label (\u00e0 titre de comparaison, la fleur v\u00e9gane n&#8217;est reconnue que par 15 % de la population). <\/p>\n","protected":false},"excerpt":{"rendered":"<p>Aujourd&#8217;hui, le V-Label pour les produits et services v\u00e9g\u00e9tariens et v\u00e9ganes est le label le plus connu. Comment ce label a-t-il vu le jour? La naissance du c\u00e9l\u00e8bre V D\u00e8s les ann\u00e9es 1970, le V actuel avec la feuille dans le coin sup\u00e9rieur droit a commenc\u00e9 \u00e0 \u00eatre utilis\u00e9 comme symbole du mode de vie [&hellip;]<\/p>\n","protected":false},"author":5,"featured_media":28951,"parent":18241,"menu_order":0,"comment_status":"closed","ping_status":"closed","template":"","meta":{"_acf_changed":false,"_editorskit_title_hidden":false,"_editorskit_reading_time":0,"_editorskit_is_block_options_detached":false,"_editorskit_block_options_position":"{}","inline_featured_image":false,"_uag_custom_page_level_css":"","footnotes":""},"categories":[],"tags":[],"class_list":["post-59541","page","type-page","status-publish","has-post-thumbnail","hentry"],"acf":[],"uagb_featured_image_src":{"full":["https:\/\/www.v-label.com\/wp-content\/uploads\/2022\/09\/shutterstock-554080540-2000x600-1.jpeg",2000,600,false],"thumbnail":["https:\/\/www.v-label.com\/wp-content\/uploads\/2022\/09\/shutterstock-554080540-2000x600-1-500x150.jpeg",500,150,true],"medium":["https:\/\/www.v-label.com\/wp-content\/uploads\/2022\/09\/shutterstock-554080540-2000x600-1-300x90.jpeg",300,90,true],"medium_large":["https:\/\/www.v-label.com\/wp-content\/uploads\/2022\/09\/shutterstock-554080540-2000x600-1-768x230.jpeg",768,230,true],"large":["https:\/\/www.v-label.com\/wp-content\/uploads\/2022\/09\/shutterstock-554080540-2000x600-1-1024x307.jpeg",1024,307,true],"1536x1536":["https:\/\/www.v-label.com\/wp-content\/uploads\/2022\/09\/shutterstock-554080540-2000x600-1-1536x461.jpeg",1536,461,true],"2048x2048":["https:\/\/www.v-label.com\/wp-content\/uploads\/2022\/09\/shutterstock-554080540-2000x600-1.jpeg",2000,600,false],"preview":["https:\/\/www.v-label.com\/wp-content\/uploads\/2022\/09\/shutterstock-554080540-2000x600-1-904x720.jpeg",904,720,true],"header":["https:\/\/www.v-label.com\/wp-content\/uploads\/2022\/09\/shutterstock-554080540-2000x600-1-2000x720.jpeg",2000,720,true],"gform-image-choice-sm":["https:\/\/www.v-label.com\/wp-content\/uploads\/2022\/09\/shutterstock-554080540-2000x600-1.jpeg",300,90,false],"gform-image-choice-md":["https:\/\/www.v-label.com\/wp-content\/uploads\/2022\/09\/shutterstock-554080540-2000x600-1.jpeg",400,120,false],"gform-image-choice-lg":["https:\/\/www.v-label.com\/wp-content\/uploads\/2022\/09\/shutterstock-554080540-2000x600-1.jpeg",600,180,false]},"uagb_author_info":{"display_name":"Can Aslan","author_link":"https:\/\/www.v-label.com\/be_fr"},"uagb_comment_info":0,"uagb_excerpt":"Aujourd&#8217;hui, le V-Label pour les produits et services v\u00e9g\u00e9tariens et v\u00e9ganes est le label le plus connu. Comment ce label a-t-il vu le jour? La naissance du c\u00e9l\u00e8bre V D\u00e8s les ann\u00e9es 1970, le V actuel avec la feuille dans le coin sup\u00e9rieur droit a commenc\u00e9 \u00e0 \u00eatre utilis\u00e9 comme symbole du mode de vie&hellip;","_links":{"self":[{"href":"https:\/\/www.v-label.com\/be_fr\/wp-json\/wp\/v2\/pages\/59541","targetHints":{"allow":["GET"]}}],"collection":[{"href":"https:\/\/www.v-label.com\/be_fr\/wp-json\/wp\/v2\/pages"}],"about":[{"href":"https:\/\/www.v-label.com\/be_fr\/wp-json\/wp\/v2\/types\/page"}],"author":[{"embeddable":true,"href":"https:\/\/www.v-label.com\/be_fr\/wp-json\/wp\/v2\/users\/5"}],"replies":[{"embeddable":true,"href":"https:\/\/www.v-label.com\/be_fr\/wp-json\/wp\/v2\/comments?post=59541"}],"version-history":[{"count":1,"href":"https:\/\/www.v-label.com\/be_fr\/wp-json\/wp\/v2\/pages\/59541\/revisions"}],"predecessor-version":[{"id":59544,"href":"https:\/\/www.v-label.com\/be_fr\/wp-json\/wp\/v2\/pages\/59541\/revisions\/59544"}],"up":[{"embeddable":true,"href":"https:\/\/www.v-label.com\/be_fr\/wp-json\/wp\/v2\/pages\/18241"}],"wp:featuredmedia":[{"embeddable":true,"href":"https:\/\/www.v-label.com\/be_fr\/wp-json\/wp\/v2\/media\/28951"}],"wp:attachment":[{"href":"https:\/\/www.v-label.com\/be_fr\/wp-json\/wp\/v2\/media?parent=59541"}],"wp:term":[{"taxonomy":"category","embeddable":true,"href":"https:\/\/www.v-label.com\/be_fr\/wp-json\/wp\/v2\/categories?post=59541"},{"taxonomy":"post_tag","embeddable":true,"href":"https:\/\/www.v-label.com\/be_fr\/wp-json\/wp\/v2\/tags?post=59541"}],"curies":[{"name":"wp","href":"https:\/\/api.w.org\/{rel}","templated":true}]}}