{"id":18800,"date":"2022-09-16T12:20:26","date_gmt":"2022-09-16T10:20:26","guid":{"rendered":"https:\/\/www.v-label.com\/about-us\/"},"modified":"2024-11-20T08:31:11","modified_gmt":"2024-11-20T07:31:11","slug":"over-ons","status":"publish","type":"page","link":"https:\/\/www.v-label.com\/be_nl\/over-ons\/","title":{"rendered":"Over ons"},"content":{"rendered":"\n<h4 class=\"wp-block-heading has-text-align-center\">Als houder van de handelsrechten co\u00f6rdineert de in Zwitserland gevestigde V-Label GmbH de internationale samenwerking rond het V-Label. Het V-Label is een internationaal erkend merk dat in 1996 geregistreerd is. <a href=\"https:\/\/www.v-label.com\/be_nl\/over-ons\/de-geschiedenis-van-v-label\/\" class=\"ek-link\">Klik hier<\/a> voor meer informatie over de geschiedenis van het V-label.<\/h4>\n\n\n\n<div style=\"height:20px\" aria-hidden=\"true\" class=\"wp-block-spacer\"><\/div>\n\n\n\n<div class=\"wp-block-group alignwide has-greenlight-background-color has-background is-layout-flow wp-block-group-is-layout-flow\">\n<h2 class=\"wp-block-heading has-text-align-center\"><a href=\"http:\/\/www.euroveg.eu\/\" target=\"_blank\" rel=\"noreferrer noopener\">European Vegetarian Union (EVU)<\/a><\/h2>\n\n\n\n<p class=\"has-text-align-center\">De European Vegetarian Union (EVU) is de iniatiefnemer van het V-Label. De EVU is een koepelorganisatie voor talrijke Europese organisaties die actief zijn op het gebied van veganisme en vegetarisme en heeft tot doel de samenwerking tussen deze organisaties te bevorderen.<\/p>\n\n\n\n<figure class=\"wp-block-image aligncenter size-full is-resized\"><a href=\"http:\/\/www.euroveg.eu\/\" target=\"_blank\" rel=\"noreferrer noopener\"><img decoding=\"async\" width=\"450\" height=\"216\" src=\"https:\/\/www.v-label.com\/wp-content\/uploads\/2022\/09\/logo-evu-weiss-1.png\" alt=\"\" class=\"wp-image-2471\" style=\"width:350px\" srcset=\"https:\/\/www.v-label.com\/wp-content\/uploads\/2022\/09\/logo-evu-weiss-1.png 450w, https:\/\/www.v-label.com\/wp-content\/uploads\/2022\/09\/logo-evu-weiss-1-300x144.png 300w\" sizes=\"(max-width: 450px) 100vw, 450px\" \/><\/a><\/figure>\n<\/div>\n\n\n\n<div class=\"wp-block-group alignwide has-greenlightultra-background-color has-background is-layout-flow wp-block-group-is-layout-flow\">\n<h2 class=\"wp-block-heading has-text-align-center\"><a href=\"https:\/\/proveg.com\/be\/\" data-type=\"URL\" data-id=\"https:\/\/proveg.com\/be\/\" target=\"_blank\" rel=\"noopener\">ProVeg Belgium<\/a><\/h2>\n\n\n\n<p class=\"has-text-align-center\">ProVeg International is de eerste internationale organisatie die zich specifiek inzet voor plantaardige voeding. Tegen 2040 willen we de wereldwijde consumptie van dierlijke producten halveren. ProVeg vzw maakt deel uit van ProVeg International en is de logische verderzetting van EVA vzw, de Belgische vzw die sinds 2000 bouwt aan plantaardige wereld. Door toe te treden aan het internationale ProVeg-netwerk kunnen we onze impact in binnen- \u00e9n buitenland vergroten.<\/p>\n\n\n\n<figure class=\"wp-block-image aligncenter size-large is-resized\"><a href=\"https:\/\/proveg.com\/be\/\" target=\"_blank\" rel=\"noopener\"><img decoding=\"async\" width=\"1024\" height=\"262\" src=\"https:\/\/www.v-label.com\/wp-content\/uploads\/2022\/12\/be-1024x262.png\" alt=\"\" class=\"wp-image-33327\" style=\"width:350px\" srcset=\"https:\/\/www.v-label.com\/wp-content\/uploads\/2022\/12\/be-1024x262.png 1024w, https:\/\/www.v-label.com\/wp-content\/uploads\/2022\/12\/be-300x77.png 300w, https:\/\/www.v-label.com\/wp-content\/uploads\/2022\/12\/be-500x128.png 500w, https:\/\/www.v-label.com\/wp-content\/uploads\/2022\/12\/be-768x196.png 768w, https:\/\/www.v-label.com\/wp-content\/uploads\/2022\/12\/be-1536x392.png 1536w, https:\/\/www.v-label.com\/wp-content\/uploads\/2022\/12\/be.png 1809w\" sizes=\"(max-width: 1024px) 100vw, 1024px\" \/><\/a><\/figure>\n\n\n\n<div style=\"height:30px\" aria-hidden=\"true\" class=\"wp-block-spacer\"><\/div>\n<\/div>\n\n\n\n<h3 class=\"wp-block-heading has-text-align-center\"><strong>Lijst van V-Label Partnerorganisaties<\/strong><\/h3>\n\n\n\n<div class=\"wp-block-columns is-layout-flex wp-container-core-columns-is-layout-9d6595d7 wp-block-columns-is-layout-flex\">\n<div class=\"wp-block-column is-layout-flow wp-block-column-is-layout-flow\">\n<p><img decoding=\"async\" width=\"20\" height=\"20\" class=\"wp-image-19746\" style=\"width: 20px;\" src=\"https:\/\/www.v-label.com\/wp-content\/uploads\/2022\/12\/argentina-96x96-32919.png\" alt=\"\"> <strong>Argentina<\/strong>:\u00a0<a aria-label=\" (opens in a new tab)\" class=\"ek-link\" href=\"https:\/\/www.unionvegana.org\/\" target=\"_blank\" rel=\"noreferrer noopener\">Uni\u00f3n Vegana Argentina<\/a><br><img decoding=\"async\" width=\"20\" height=\"20\" class=\"wp-image-19776\" style=\"width: 20px;\" src=\"https:\/\/www.v-label.com\/wp-content\/uploads\/2022\/12\/austria-96x96-32920.png\" alt=\"\"> <strong>Austria<\/strong>:\u00a0<a aria-label=\" (opens in a new tab)\" class=\"ek-link\" href=\"https:\/\/www.vegan.at\/\" target=\"_blank\" rel=\"noreferrer noopener\">Vegane Gesellschaft \u00d6sterreich<\/a><br><strong><img decoding=\"async\" width=\"20\" height=\"20\" class=\"wp-image-19806\" style=\"width: 20px;\" src=\"https:\/\/www.v-label.com\/wp-content\/uploads\/2022\/12\/belgium-96x96-32911.png\" alt=\"\"><\/strong> <strong>Belgium<\/strong>:\u00a0<a aria-label=\" (opens in a new tab)\" class=\"ek-link\" href=\"https:\/\/proveg.com\/be\/\" target=\"_blank\" rel=\"noreferrer noopener\">ProVeg Belgium<\/a><br><img decoding=\"async\" width=\"20\" height=\"20\" class=\"wp-image-19836\" style=\"width: 20px;\" src=\"https:\/\/www.v-label.com\/wp-content\/uploads\/2022\/12\/bosnia-96x96-32932.png\" alt=\"\"> <strong>Bosnia and Herzegovina<\/strong>:\u00a0<a aria-label=\" (opens in a new tab)\" class=\"ek-link\" href=\"&#109;&#x61;&#x69;l&#116;&#x6f;&#x3a;b&#97;&#x40;v&#45;&#x6c;&#x61;b&#101;&#x6c;&#46;&#101;&#x75;\" target=\"_blank\" rel=\"noreferrer noopener\">Association Eco Vegan Animals<\/a><br><img decoding=\"async\" width=\"20\" height=\"20\" class=\"wp-image-65620\" style=\"width: 20px;\" src=\"https:\/\/www.v-label.com\/wp-content\/uploads\/2022\/12\/brazil-96x96-32937.png\" alt=\"\"> <strong>Brazil<\/strong>:\u00a0<a href=\"https:\/\/web.archive.org\/web\/20231123170436\/https:\/\/ongteprotejo.org\/\" target=\"_blank\" rel=\"noreferrer noopener\"><\/a><a aria-label=\" (opens in a new tab)\" class=\"ek-link\" href=\"https:\/\/ongteprotejo.org\/\" target=\"_blank\" rel=\"noreferrer noopener\">ONG Te Protejo<\/a>\u00a0(Non-Food)<br><img decoding=\"async\" width=\"20\" height=\"20\" class=\"wp-image-19866\" style=\"width: 20px;\" src=\"https:\/\/www.v-label.com\/wp-content\/uploads\/2022\/12\/chile-96x96-32939.png\" alt=\"\"> <strong>Chile<\/strong>:\u00a0<a aria-label=\" (opens in a new tab)\" class=\"ek-link\" href=\"https:\/\/fundacionveg.org\/\" target=\"_blank\" rel=\"noreferrer noopener\">Fundaci\u00f3n Veg<\/a><br>\u21b3\u00a0<img decoding=\"async\" width=\"20\" height=\"20\" class=\"wp-image-32904\" style=\"width: 20px;\" src=\"https:\/\/www.v-label.com\/wp-content\/uploads\/2022\/12\/colombia-96x96-32946.png\" alt=\"\"> <strong>Colombia<\/strong><br>\u21b3\u00a0<img decoding=\"async\" width=\"20\" height=\"20\" class=\"wp-image-78931\" style=\"width: 20px;\" src=\"https:\/\/www.v-label.com\/wp-content\/uploads\/2022\/12\/costa-256x256-32948.png\" alt=\"\"> <strong>Costa Rica<\/strong><br>\u21b3\u00a0<img decoding=\"async\" width=\"20\" height=\"20\" class=\"wp-image-78975\" style=\"width: 20px;\" src=\"https:\/\/www.v-label.com\/wp-content\/uploads\/2022\/12\/ecuador-256x256-32962.png\" alt=\"\"> <strong>Ecuador<\/strong><br>\u21b3\u00a0<img decoding=\"async\" width=\"20\" height=\"20\" class=\"wp-image-32875\" style=\"width: 20px;\" src=\"https:\/\/www.v-label.com\/wp-content\/uploads\/2022\/12\/mexico-96x96-33133.png\" alt=\"\"> <strong><strong>M\u00e9xico<\/strong><\/strong><br><img decoding=\"async\" width=\"20\" height=\"20\" class=\"wp-image-19896\" style=\"width: 20px;\" src=\"https:\/\/www.v-label.com\/wp-content\/uploads\/2022\/12\/croatia-96x96-32995.png\" alt=\"\"> <strong>Croatia<\/strong>:\u00a0<a aria-label=\" (opens in a new tab)\" class=\"ek-link\" href=\"https:\/\/www.prijatelji-zivotinja.hr\/index.en.php\" target=\"_blank\" rel=\"noreferrer noopener\">Animal Friends Croatia<\/a><br><img decoding=\"async\" width=\"20\" height=\"20\" class=\"wp-image-19926\" style=\"width: 20px;\" src=\"https:\/\/www.v-label.com\/wp-content\/uploads\/2022\/12\/czech-96x96-32956.png\" alt=\"\"> <strong>Czechia<\/strong>:\u00a0<a aria-label=\" (opens in a new tab)\" class=\"ek-link\" href=\"https:\/\/proveg.com\/cz\/v-label\/\" target=\"_blank\" rel=\"noreferrer noopener\">ProVeg Czechia<\/a><br><img decoding=\"async\" width=\"20\" height=\"20\" class=\"wp-image-19956\" style=\"width: 20px;\" src=\"https:\/\/www.v-label.com\/wp-content\/uploads\/2022\/12\/denmark-96x96-32955.png\" alt=\"\"> <strong>Denmark<\/strong>:\u00a0<a aria-label=\" (opens in a new tab)\" class=\"ek-link\" href=\"https:\/\/www.vegetarisk.dk\/\" target=\"_blank\" rel=\"noreferrer noopener\">Dansk Vegetarisk Forening<\/a><br><img decoding=\"async\" width=\"20\" height=\"20\" class=\"wp-image-19986\" style=\"width: 20px;\" src=\"https:\/\/www.v-label.com\/wp-content\/uploads\/2022\/12\/finland-96x96-32966.png\" alt=\"\"> <strong>Finland<\/strong>:\u00a0<a aria-label=\" (opens in a new tab)\" class=\"ek-link\" href=\"https:\/\/www.vegefirma.fi\/\" target=\"_blank\" rel=\"noreferrer noopener\">Yve Oy<\/a><br><img decoding=\"async\" width=\"20\" height=\"20\" class=\"wp-image-20016\" style=\"width: 20px;\" src=\"https:\/\/www.v-label.com\/wp-content\/uploads\/2022\/12\/france-96x96-32967.png\" alt=\"\"> <strong>France<\/strong>:\u00a0<a aria-label=\" (opens in a new tab)\" class=\"ek-link\" href=\"https:\/\/www.v-label.fr\/\" target=\"_blank\" rel=\"noreferrer noopener\">Association V\u00e9g\u00e9tarienne de France<\/a><br><img decoding=\"async\" width=\"20\" height=\"20\" class=\"wp-image-20046\" style=\"width: 20px;\" src=\"https:\/\/www.v-label.com\/wp-content\/uploads\/2022\/12\/germany-96x96-32989.png\" alt=\"\"> <strong>Germany<\/strong>:\u00a0<a aria-label=\" (opens in a new tab)\" class=\"ek-link\" href=\"https:\/\/proveg.com\/de\" target=\"_blank\" rel=\"noreferrer noopener\">ProVeg Germany<\/a><br><img decoding=\"async\" width=\"20\" height=\"20\" class=\"wp-image-20076\" style=\"width: 20px;\" src=\"https:\/\/www.v-label.com\/wp-content\/uploads\/2022\/12\/greece-96x96-32991.png\" alt=\"\"> <strong>Greece<\/strong>:\u00a0<a aria-label=\" (opens in a new tab)\" class=\"ek-link\" href=\"https:\/\/www.greekexports.org\/\" target=\"_blank\" rel=\"noreferrer noopener\">Greekexports<\/a><br>\u21b3 <img decoding=\"async\" width=\"20\" height=\"20\" class=\"wp-image-32846\" style=\"width: 20px;\" src=\"https:\/\/www.v-label.com\/wp-content\/uploads\/2022\/12\/bulgaria-96x96-32973.png\" alt=\"\"> <strong>Bulgaria<\/strong><br>\u21b3\u00a0<img decoding=\"async\" width=\"20\" height=\"20\" class=\"wp-image-65836\" style=\"width: 20px;\" src=\"https:\/\/www.v-label.com\/wp-content\/uploads\/2022\/12\/cyprus-96x96-32953.png\" alt=\"\"> <strong>Cyprus<\/strong><br>\u21b3\u00a0<img decoding=\"async\" width=\"20\" height=\"20\" class=\"wp-image-32933\" style=\"width: 20px;\" src=\"https:\/\/www.v-label.com\/wp-content\/uploads\/2022\/12\/egypt-96x96-32961.png\" alt=\"\"> <strong>Egypt<\/strong><br>\u21b3\u00a0<img decoding=\"async\" width=\"20\" height=\"20\" class=\"wp-image-32962\" style=\"width: 20px;\" src=\"https:\/\/www.v-label.com\/wp-content\/uploads\/2022\/12\/flag-of-kosovo-128.png\" alt=\"\"> <strong>Kosovo<\/strong><br>\u21b3\u00a0<img decoding=\"async\" width=\"20\" height=\"20\" class=\"wp-image-33049\" style=\"width: 20px;\" src=\"https:\/\/www.v-label.com\/wp-content\/uploads\/2022\/12\/flag-of-north-macedonia-96.png\" alt=\"\"> <strong>North Macedonia<\/strong><br><img decoding=\"async\" width=\"20\" height=\"20\" class=\"wp-image-65656\" style=\"width: 20px;\" src=\"https:\/\/www.v-label.com\/wp-content\/uploads\/2022\/12\/italy-96x96-32999-1.png\" alt=\"\"> <strong>Italy<\/strong>:\u00a0<a aria-label=\" (opens in a new tab)\" class=\"ek-link\" href=\"https:\/\/www.vlabel.org\/home\/\" target=\"_blank\" rel=\"noreferrer noopener\">V-Label Italia Srl<\/a><br>\u21b3\u00a0<img decoding=\"async\" width=\"20\" height=\"20\" class=\"wp-image-65692\" style=\"width: 20px;\" src=\"https:\/\/www.v-label.com\/wp-content\/uploads\/2022\/12\/china-96x96-32942-1.png\" alt=\"\"> <strong>China<\/strong><br>\u21b3\u00a0<img decoding=\"async\" width=\"20\" height=\"20\" class=\"wp-image-65728\" style=\"width: 20px;\" src=\"https:\/\/www.v-label.com\/wp-content\/uploads\/2022\/12\/south-96x96-33086-1.png\" alt=\"\"> <strong>Republic of Korea<\/strong><br>\u21b3\u00a0<img decoding=\"async\" width=\"20\" height=\"20\" class=\"wp-image-65764\" style=\"width: 20px;\" src=\"https:\/\/www.v-label.com\/wp-content\/uploads\/2022\/12\/united-96x96-33114-1.png\" alt=\"\"> <strong>United Arab Emirates<\/strong><br>\u21b3\u00a0<img decoding=\"async\" width=\"20\" height=\"20\" class=\"wp-image-65800\" style=\"width: 20px;\" src=\"https:\/\/www.v-label.com\/wp-content\/uploads\/2022\/12\/united-96x96-33137.png\" alt=\"\"> <strong>United States of America<\/strong><\/p>\n<\/div>\n\n\n\n<div class=\"wp-block-column is-layout-flow wp-block-column-is-layout-flow\">\n<p><img decoding=\"async\" width=\"20\" height=\"20\" class=\"wp-image-86658\" style=\"width: 20px;\" src=\"https:\/\/www.v-label.com\/wp-content\/uploads\/2024\/10\/lebanon-96x96-33015.png\" alt=\"\"> <strong>Lebanon:<\/strong> <a href=\"https:\/\/www.middleeastvegansociety.org\/\" data-type=\"link\" data-id=\"https:\/\/www.middleeastvegansociety.org\/\" target=\"_blank\" rel=\"noopener\">Middle East Vegan Society (MEVS)<\/a><br>\u21b3\u00a0<img decoding=\"async\" width=\"20\" height=\"20\" class=\"wp-image-92707\" style=\"width: 20px;\" src=\"https:\/\/www.v-label.com\/wp-content\/uploads\/2025\/02\/bahrain-96x96-32974.png\" alt=\"\"> <strong>Bahrain<\/strong><br>\u21b3\u00a0<img decoding=\"async\" width=\"20\" height=\"20\" class=\"wp-image-92754\" style=\"width: 20px;\" src=\"https:\/\/www.v-label.com\/wp-content\/uploads\/2025\/02\/jordan-96x96-33005.png\" alt=\"\"> <strong>Jordan<\/strong><br>\u21b3\u00a0<img decoding=\"async\" width=\"20\" height=\"20\" class=\"wp-image-92801\" style=\"width: 20px;\" src=\"https:\/\/www.v-label.com\/wp-content\/uploads\/2025\/02\/kuwait-96x96-33013.png\" alt=\"\"> <strong>Kuwait<\/strong><br>\u21b3\u00a0<img decoding=\"async\" width=\"20\" height=\"20\" class=\"wp-image-92895\" style=\"width: 20px;\" src=\"https:\/\/www.v-label.com\/wp-content\/uploads\/2025\/02\/saudi-96x96-33076.png\" alt=\"\"> <strong>Saudi Arabia<\/strong><br>\u21b3\u00a0<img decoding=\"async\" width=\"20\" height=\"20\" class=\"wp-image-92848\" style=\"width: 20px;\" src=\"https:\/\/www.v-label.com\/wp-content\/uploads\/2025\/02\/qatar-96x96-33060.png\" alt=\"\"> <strong>Qatar<\/strong><br><img decoding=\"async\" width=\"20\" height=\"20\" class=\"wp-image-66059\" style=\"width: 20px;\" src=\"https:\/\/www.v-label.com\/wp-content\/uploads\/2022\/12\/lithuania-96x96-33043.png\" alt=\"\"> <strong>Lithuania<\/strong>:\u00a0<a href=\"https:\/\/augalyn.lt\/\" target=\"_blank\" rel=\"noreferrer noopener\">Augalyn<\/a><br>\u21b3\u00a0<img decoding=\"async\" width=\"20\" height=\"20\" class=\"wp-image-92942\" style=\"width: 20px;\" src=\"https:\/\/www.v-label.com\/wp-content\/uploads\/2025\/02\/estonia-96x96-32959.png\" alt=\"\"> <strong>Estonia<\/strong><br>\u21b3\u00a0<img decoding=\"async\" width=\"20\" height=\"20\" class=\"wp-image-92989\" style=\"width: 20px;\" src=\"https:\/\/www.v-label.com\/wp-content\/uploads\/2025\/02\/latvia-96x96-33031.png\" alt=\"\"> <strong>Latvia<\/strong><br><img decoding=\"async\" width=\"20\" height=\"20\" class=\"wp-image-65584\" style=\"width: 20px;\" src=\"https:\/\/www.v-label.com\/wp-content\/uploads\/2022\/12\/malaysia-96x96-33134.png\" alt=\"\"> <strong>Malaysia<\/strong>:\u00a0<a href=\"https:\/\/proveg.org\/my\/\" target=\"_blank\" rel=\"noopener\">ProVeg Malaysia<\/a><br><img decoding=\"async\" width=\"20\" height=\"20\" class=\"wp-image-20136\" style=\"width: 20px;\" src=\"https:\/\/www.v-label.com\/wp-content\/uploads\/2022\/12\/netherlands-96x96-33035.png\" alt=\"\"> <strong>Netherlands<\/strong>:\u00a0<a aria-label=\" (opens in a new tab)\" class=\"ek-link\" href=\"https:\/\/www.vegetariers.nl\/\" target=\"_blank\" rel=\"noreferrer noopener\">Vegetariersbond<\/a><br><img decoding=\"async\" width=\"20\" height=\"20\" class=\"wp-image-93432\" style=\"width: 20px;\" src=\"https:\/\/www.v-label.com\/wp-content\/uploads\/2025\/02\/nigeria-96x96-33039.png\" alt=\"\"> <strong>Nigeria:<\/strong>\u00a0<a href=\"https:\/\/proveg.com\/ng\/\" data-type=\"link\" data-id=\"https:\/\/proveg.com\/ng\/\" target=\"_blank\" rel=\"noreferrer noopener\">ProVeg Nigeria<\/a><br><img decoding=\"async\" width=\"20\" height=\"20\" class=\"wp-image-20166\" style=\"width: 20px;\" src=\"https:\/\/www.v-label.com\/wp-content\/uploads\/2022\/12\/norway-96x96-33155.png\" alt=\"\"> <strong>Norway<\/strong>:\u00a0<a aria-label=\" (opens in a new tab)\" class=\"ek-link\" href=\"https:\/\/gronn-framtid.no\/\" target=\"_blank\" rel=\"noreferrer noopener\">Gr\u00f8nn Framtid<\/a><br><img decoding=\"async\" width=\"20\" height=\"20\" class=\"wp-image-19385\" style=\"width: 20px;\" src=\"https:\/\/www.v-label.com\/wp-content\/uploads\/2022\/12\/peru-256x256-33051.png\" alt=\"\"> <strong>Per\u00fa<\/strong>:\u00a0<a aria-label=\" (opens in a new tab)\" class=\"ek-link\" href=\"https:\/\/uvp.org.pe\/\" target=\"_blank\" rel=\"noreferrer noopener\">Uni\u00f3n Vegetariana del Per\u00fa<\/a><br><img decoding=\"async\" width=\"20\" height=\"20\" class=\"wp-image-19415\" style=\"width: 20px;\" src=\"https:\/\/www.v-label.com\/wp-content\/uploads\/2022\/12\/poland-256x256-33057.png\" alt=\"\"> <strong>Poland<\/strong>:\u00a0<a href=\"https:\/\/proveg.com\/pl\/v-label\/\" target=\"_blank\" rel=\"noreferrer noopener\">ProVeg Polska<\/a><br>\u21b3\u00a0<img decoding=\"async\" width=\"20\" height=\"20\" class=\"wp-image-20286\" style=\"width: 20px;\" src=\"https:\/\/www.v-label.com\/wp-content\/uploads\/2022\/12\/russia-96x96-33064.png\" alt=\"\"> <strong>Russia<\/strong><br>\u21b3\u00a0<img decoding=\"async\" width=\"20\" height=\"20\" class=\"wp-image-20496\" style=\"width: 20px;\" src=\"https:\/\/www.v-label.com\/wp-content\/uploads\/2022\/12\/ukraine-96x96-33145.png\" alt=\"\"> <strong>Ukraine<\/strong><br><img decoding=\"async\" width=\"20\" height=\"20\" class=\"wp-image-20256\" style=\"width: 20px;\" src=\"https:\/\/www.v-label.com\/wp-content\/uploads\/2022\/12\/portugal-96x96-33058.png\" alt=\"\"> <strong>Portugal<\/strong>:\u00a0<a aria-label=\" (opens in a new tab)\" class=\"ek-link\" href=\"https:\/\/www.avp.org.pt\/\" target=\"_blank\" rel=\"noreferrer noopener\">Associa\u00e7\u00e3o ProVeg<\/a><br><img decoding=\"async\" width=\"20\" height=\"20\" class=\"wp-image-33078\" style=\"width: 20px;\" src=\"https:\/\/www.v-label.com\/wp-content\/uploads\/2022\/12\/romania-96x96-33063.png\" alt=\"\"> <strong>Romania<\/strong>:\u00a0<a aria-label=\" (opens in a new tab)\" class=\"ek-link\" href=\"https:\/\/www.asociatiaveganilor.ro\/\" target=\"_blank\" rel=\"noreferrer noopener\">Asocia\u021bia Veganilor din Rom\u00e2nia<\/a><br><img decoding=\"async\" width=\"20\" height=\"20\" class=\"wp-image-20316\" style=\"width: 20px;\" src=\"https:\/\/www.v-label.com\/wp-content\/uploads\/2022\/12\/serbia-96x96-33099.png\" alt=\"\"> <strong>Serbia<\/strong>:\u00a0<a aria-label=\" (opens in a new tab)\" class=\"ek-link\" href=\"https:\/\/www.sloboda-za-zivotinje.org\/\" target=\"_blank\" rel=\"noreferrer noopener\">Sloboda za \u017eivotinje<\/a><br><img decoding=\"async\" width=\"20\" height=\"20\" class=\"wp-image-20346\" style=\"width: 20px;\" src=\"https:\/\/www.v-label.com\/wp-content\/uploads\/2022\/12\/slovakia-96x96-33082.png\" alt=\"\"> <strong>Slovakia<\/strong>:\u00a0<a aria-label=\" (opens in a new tab)\" class=\"ek-link\" href=\"https:\/\/veganskaspolocnost.sk\/\" target=\"_blank\" rel=\"noreferrer noopener\">Slovensk\u00e1 Veg\u00e1nska Spolo\u010dnos\u0165<\/a><br><img decoding=\"async\" width=\"20\" height=\"20\" class=\"wp-image-20376\" style=\"width: 20px;\" src=\"https:\/\/www.v-label.com\/wp-content\/uploads\/2022\/12\/south-96x96-33130.png\" alt=\"\"> <strong>South Africa<\/strong>:\u00a0<a aria-label=\" (opens in a new tab)\" class=\"ek-link\" href=\"https:\/\/proveg.com\/za\/\" target=\"_blank\" rel=\"noreferrer noopener\">ProVeg South Africa<\/a><br><img decoding=\"async\" width=\"20\" height=\"20\" class=\"wp-image-20406\" style=\"width: 20px;\" src=\"https:\/\/www.v-label.com\/wp-content\/uploads\/2022\/12\/spain-96x96-33105.png\" alt=\"\"> <strong>Spain<\/strong>:\u00a0<a aria-label=\" (opens in a new tab)\" class=\"ek-link\" href=\"https:\/\/www.unionvegetariana.org\/\" target=\"_blank\" rel=\"noreferrer noopener\">Uni\u00f3n Vegetariana Espa\u00f1ola<\/a><br><img decoding=\"async\" width=\"20\" height=\"20\" class=\"wp-image-33136\" style=\"width: 20px;\" src=\"https:\/\/www.v-label.com\/wp-content\/uploads\/2022\/12\/sweden-96x96-33096.png\" alt=\"\"> <strong>Sweden<\/strong>:\u00a0<a aria-label=\" (opens in a new tab)\" class=\"ek-link\" href=\"https:\/\/abetterfuturenow.org\/\" target=\"_blank\" rel=\"noreferrer noopener\">A Better Future AB<\/a><br>\u21b3\u00a0<img decoding=\"async\" width=\"20\" height=\"20\" class=\"wp-image-20106\" style=\"width: 20px;\" src=\"https:\/\/www.v-label.com\/wp-content\/uploads\/2022\/12\/hungary-96x96-33019.png\" alt=\"\"> <strong>Hungary<\/strong><br><img decoding=\"async\" width=\"20\" height=\"20\" class=\"wp-image-20436\" style=\"width: 20px;\" src=\"https:\/\/www.v-label.com\/wp-content\/uploads\/2022\/12\/switzerland-96x96-33095.png\" alt=\"\"> <strong>Switzerland<\/strong>:\u00a0<a aria-label=\" (opens in a new tab)\" class=\"ek-link\" href=\"https:\/\/www.swissveg.ch\/\" target=\"_blank\" rel=\"noreferrer noopener\">Swissveg<\/a><br><img decoding=\"async\" width=\"20\" height=\"20\" class=\"wp-image-20466\" style=\"width: 20px;\" src=\"https:\/\/www.v-label.com\/wp-content\/uploads\/2022\/12\/turkey-96x96-33109.png\" alt=\"\"> <strong>T\u00fcrkiye<\/strong>:\u00a0<a aria-label=\" (opens in a new tab)\" class=\"ek-link\" href=\"https:\/\/www.tvd.org.tr\/\" target=\"_blank\" rel=\"noreferrer noopener\">Vegan Derne\u011fi T\u00fcrkiye<\/a><br><img decoding=\"async\" width=\"20\" height=\"20\" class=\"wp-image-65872\" style=\"width: 20px;\" src=\"https:\/\/www.v-label.com\/wp-content\/uploads\/2022\/12\/vietnam-96x96-33148.png\" alt=\"\"> <strong>Vietnam<\/strong>:\u00a0<a aria-label=\" (opens in a new tab)\" class=\"ek-link\" href=\"http:\/\/www.vive.org.vn\/\" target=\"_blank\" rel=\"noreferrer noopener\">Vive<\/a><\/p>\n<\/div>\n<\/div>\n","protected":false},"excerpt":{"rendered":"<p>Als houder van de handelsrechten co\u00f6rdineert de in Zwitserland gevestigde V-Label GmbH de internationale samenwerking rond het V-Label. Het V-Label is een internationaal erkend merk dat in 1996 geregistreerd is. Klik hier voor meer informatie over de geschiedenis van het V-label. European Vegetarian Union (EVU) De European Vegetarian Union (EVU) is de iniatiefnemer van het [&hellip;]<\/p>\n","protected":false},"author":5,"featured_media":18802,"parent":0,"menu_order":0,"comment_status":"closed","ping_status":"closed","template":"","meta":{"_acf_changed":false,"_editorskit_title_hidden":false,"_editorskit_reading_time":0,"_editorskit_is_block_options_detached":false,"_editorskit_block_options_position":"{}","inline_featured_image":false,"_uag_custom_page_level_css":"","footnotes":""},"categories":[],"tags":[],"class_list":["post-18800","page","type-page","status-publish","has-post-thumbnail","hentry"],"acf":[],"uagb_featured_image_src":{"full":["https:\/\/www.v-label.com\/wp-content\/uploads\/2022\/12\/v-label-about-us.jpg",1280,620,false],"thumbnail":["https:\/\/www.v-label.com\/wp-content\/uploads\/2022\/12\/v-label-about-us-500x242.jpg",500,242,true],"medium":["https:\/\/www.v-label.com\/wp-content\/uploads\/2022\/12\/v-label-about-us-300x145.jpg",300,145,true],"medium_large":["https:\/\/www.v-label.com\/wp-content\/uploads\/2022\/12\/v-label-about-us-768x372.jpg",768,372,true],"large":["https:\/\/www.v-label.com\/wp-content\/uploads\/2022\/12\/v-label-about-us-1024x496.jpg",1024,496,true],"1536x1536":["https:\/\/www.v-label.com\/wp-content\/uploads\/2022\/12\/v-label-about-us.jpg",1280,620,false],"2048x2048":["https:\/\/www.v-label.com\/wp-content\/uploads\/2022\/12\/v-label-about-us.jpg",1280,620,false],"preview":["https:\/\/www.v-label.com\/wp-content\/uploads\/2022\/12\/v-label-about-us-904x620.jpg",904,620,true],"header":["https:\/\/www.v-label.com\/wp-content\/uploads\/2022\/12\/v-label-about-us.jpg",1280,620,false],"gform-image-choice-sm":["https:\/\/www.v-label.com\/wp-content\/uploads\/2022\/12\/v-label-about-us.jpg",300,145,false],"gform-image-choice-md":["https:\/\/www.v-label.com\/wp-content\/uploads\/2022\/12\/v-label-about-us.jpg",400,194,false],"gform-image-choice-lg":["https:\/\/www.v-label.com\/wp-content\/uploads\/2022\/12\/v-label-about-us.jpg",600,291,false]},"uagb_author_info":{"display_name":"Can Aslan","author_link":"https:\/\/www.v-label.com\/be_nl"},"uagb_comment_info":0,"uagb_excerpt":"Als houder van de handelsrechten co\u00f6rdineert de in Zwitserland gevestigde V-Label GmbH de internationale samenwerking rond het V-Label. Het V-Label is een internationaal erkend merk dat in 1996 geregistreerd is. Klik hier voor meer informatie over de geschiedenis van het V-label. European Vegetarian Union (EVU) De European Vegetarian Union (EVU) is de iniatiefnemer van het&hellip;","_links":{"self":[{"href":"https:\/\/www.v-label.com\/be_nl\/wp-json\/wp\/v2\/pages\/18800","targetHints":{"allow":["GET"]}}],"collection":[{"href":"https:\/\/www.v-label.com\/be_nl\/wp-json\/wp\/v2\/pages"}],"about":[{"href":"https:\/\/www.v-label.com\/be_nl\/wp-json\/wp\/v2\/types\/page"}],"author":[{"embeddable":true,"href":"https:\/\/www.v-label.com\/be_nl\/wp-json\/wp\/v2\/users\/5"}],"replies":[{"embeddable":true,"href":"https:\/\/www.v-label.com\/be_nl\/wp-json\/wp\/v2\/comments?post=18800"}],"version-history":[{"count":6,"href":"https:\/\/www.v-label.com\/be_nl\/wp-json\/wp\/v2\/pages\/18800\/revisions"}],"predecessor-version":[{"id":88816,"href":"https:\/\/www.v-label.com\/be_nl\/wp-json\/wp\/v2\/pages\/18800\/revisions\/88816"}],"wp:featuredmedia":[{"embeddable":true,"href":"https:\/\/www.v-label.com\/be_nl\/wp-json\/wp\/v2\/media\/18802"}],"wp:attachment":[{"href":"https:\/\/www.v-label.com\/be_nl\/wp-json\/wp\/v2\/media?parent=18800"}],"wp:term":[{"taxonomy":"category","embeddable":true,"href":"https:\/\/www.v-label.com\/be_nl\/wp-json\/wp\/v2\/categories?post=18800"},{"taxonomy":"post_tag","embeddable":true,"href":"https:\/\/www.v-label.com\/be_nl\/wp-json\/wp\/v2\/tags?post=18800"}],"curies":[{"name":"wp","href":"https:\/\/api.w.org\/{rel}","templated":true}]}}