{"id":68076,"date":"2022-05-24T16:39:56","date_gmt":"2022-05-24T14:39:56","guid":{"rendered":"https:\/\/www.v-label.com\/privacidade-de-dados\/"},"modified":"2022-05-24T16:39:56","modified_gmt":"2022-05-24T14:39:56","slug":"privacidade-de-dados","status":"publish","type":"page","link":"https:\/\/www.v-label.com\/br\/privacidade-de-dados\/","title":{"rendered":"Privacidade de Dados"},"content":{"rendered":"\n<p>Este site pode ser usado a qualquer momento sem a necessidade de os utilizadores fornecerem dados pessoais. Na medida em que os dados pessoais s\u00e3o recolhidos neste site, devem ser fornecidos voluntariamente pelo utilizador. Os dados pessoais n\u00e3o ser\u00e3o divulgados a terceiros se o utilizador n\u00e3o tiver fornecido o seu consentimento expresso.<\/p>\n\n\n\n<p>Na medida em que os dados pessoais s\u00e3o recolhidos neste site, esses dados devem sempre ser recolhidos de acordo com as disposi\u00e7\u00f5es da lei su\u00ed\u00e7a de prote\u00e7\u00e3o de dados. Na medida em que os dados pessoais s\u00e3o recolhidos, esta declara\u00e7\u00e3o de privacidade de dados fornece informa\u00e7\u00f5es sobre a natureza, o escopo e a finalidade da coleta e do uso de dados pessoais.<\/p>\n\n\n\n<p>Apesar do m\u00e1ximo cuidado para proteger seus dados, a transmiss\u00e3o de dados pela Internet acarreta sempre riscos devido a falhas de seguran\u00e7a. Por conseguinte, \u00e9 imposs\u00edvel assegurar uma prote\u00e7\u00e3o de dados abrangente a todos os momentos.<\/p>\n\n\n\n<h2 class=\"has-text-align-center wp-block-heading\">Transfer\u00eancia de dados (arquivos de registo)<\/h2>\n\n\n\n<p>Quando acede ao nosso site, ele \u00e9 automaticamente transferido do seu navegador para o nosso servidor web. Esses dados incluem dados de acesso an\u00f3nimo, como data e hora, tipo de navegador, volume \/ tipo de dados acedidos e seu endere\u00e7o IP. Esses dados s\u00e3o armazenados separadamente de quaisquer outros dados recolhidos durante sua visita ao nosso site. Esses dados n\u00e3o permitem a identifica\u00e7\u00e3o da pessoa individual e s\u00e3o recolhidos apenas para registrar o comportamento do utilizador e para fins estat\u00edsticos. Ap\u00f3s os dados serem avaliados em conformidade, s\u00e3o tomadas provid\u00eancias para que os dados sejam eliminados.<\/p>\n\n\n\n<h2 class=\"has-text-align-center wp-block-heading\">Cookies<\/h2>\n\n\n\n<p>Usamos cookies neste site para fins de garantia de qualidade e para expandir o \u00e2mbito funcional da nossa oferta. Cookies s\u00e3o arquivos de texto armazenados no seu computador e usados para determinar o n\u00famero de visitas \u00e0 p\u00e1gina. Usamos essas informa\u00e7\u00f5es apenas para melhorar o nosso site.<\/p>\n\n\n\n<h2 class=\"has-text-align-center wp-block-heading\">Dados pessoais<\/h2>\n\n\n\n<p>Utilizamos e recolhemos, na medida do necess\u00e1rio, os seus dados pessoais para estabelecer, criar o conte\u00fado ou alterar uma rela\u00e7\u00e3o contratual entre n\u00f3s.<\/p>\n\n\n\n<p>Esses dados geralmente n\u00e3o s\u00e3o transmitidos a terceiros, nem qualquer informa\u00e7\u00e3o relacionada \u00e9 compartilhada com terceiros. Por ordem das autoridades competentes, somos obrigados a fornecer informa\u00e7\u00f5es sobre dados pessoais na medida em que isso seja necess\u00e1rio para fins de processo ou defesa criminal ou para o cumprimento de outras tarefas estatut\u00e1rias.<\/p>\n\n\n\n<h2 class=\"has-text-align-center wp-block-heading\">Utiliza\u00e7\u00e3o de dados<\/h2>\n\n\n\n<p>N\u00f3s recolhemos e usamos os seus \u201cdados de uso\u201d na medida do necess\u00e1rio. Os dados de uso s\u00e3o dados que permitem usar a nossa oferta e tamb\u00e9m s\u00e3o usados para fins de fatura\u00e7\u00e3o. Esses dados fornecem-nos informa\u00e7\u00f5es n\u00e3o apenas sobre o tempo e a extens\u00e3o do seu uso, mas tamb\u00e9m sobre as suas caracter\u00edsticas de identifica\u00e7\u00e3o.<\/p>\n\n\n\n<p>Observe que temos permiss\u00e3o para gerar perfis de utiliza\u00e7\u00e3o \u2013 por exemplo, uma cole\u00e7\u00e3o de dados detalhando o hist\u00f3rico de visitas ao nosso site \u2013 para fins de promo\u00e7\u00e3o, pesquisa de mercado ou otimiza\u00e7\u00e3o de sites. Esses perfis de uso n\u00e3o cont\u00eam nenhuma informa\u00e7\u00e3o pessoal e n\u00e3o s\u00e3o combinados com nenhum outro dado recolhido por n\u00f3s, o que significa que pessoas individuais n\u00e3o podem ser identificadas atrav\u00e9s da amalgama\u00e7\u00e3o de dados diferentes. Voc\u00ea tem o direito de revogar a qualquer momento o consentimento para que os seus dados sejam usados dessa maneira.<\/p>\n\n\n\n<h2 class=\"has-text-align-center wp-block-heading\">Dados da Newsletter<\/h2>\n\n\n\n<p>Quando solicitar a newsletter oferecida no nosso site, solicitaremos seu e-mail e guardaremos o seu endere\u00e7o IP. Nenhum dado adicional \u00e9 recolhido. Esses dados s\u00e3o usados exclusivamente para fins de envio das informa\u00e7\u00f5es solicitadas e n\u00e3o s\u00e3o encaminhados para terceiros.<\/p>\n\n\n\n<p>Voc\u00ea tem o direito de revogar a qualquer momento o seu consentimento para que os seus dados sejam utilizados na nossa newsletter; poder\u00e1 faz\u00ea-lo utilizando, por exemplo, o link de cancelamento de inscri\u00e7\u00e3o fornecido em cada newsletter.<\/p>\n\n\n\n<h2 class=\"has-text-align-center wp-block-heading\">Direito \u00e0 informa\u00e7\u00e3o<\/h2>\n\n\n\n<p>Observe que tem o direito de solicitar informa\u00e7\u00f5es sobre os dados armazenados e, no caso de dados incorretos, providenciar para que sejam bloqueados, exclu\u00eddos ou corrigidos. Tais informa\u00e7\u00f5es podem ser fornecidas por telefone ou e-mail.<\/p>\n\n\n\n<h2 class=\"has-text-align-center wp-block-heading\">Altera\u00e7\u00f5es aos estatutos da privacidade<\/h2>\n\n\n\n<p>No caso de futuras altera\u00e7\u00f5es \u00e0 nossa declara\u00e7\u00e3o de privacidade de dados, as altera\u00e7\u00f5es ser\u00e3o sempre divulgadas neste site.<\/p>\n\n\n\n<h2 class=\"has-text-align-center wp-block-heading\">Estatuto de privacidade de dados \u2013 Google Analytics<\/h2>\n\n\n\n<p>O nosso website usa os servi\u00e7os fornecidos pelo Google Analytics, um servi\u00e7o de an\u00e1lise da web da Google Inc. A an\u00e1lise do uso do nosso site \u00e9 ativada por meio de \u201ccookies\u201d, que s\u00e3o armazenados no seu computador, geram informa\u00e7\u00f5es sobre seu comportamento de uso e enviam os dados para a Google Inc. Em circunst\u00e2ncias normais, uma vers\u00e3o abreviada do seu endere\u00e7o IP \u00e9 enviada para os servidores do Google, embora em casos excecionais o endere\u00e7o IP completo tamb\u00e9m possa ser enviado. O Google usa estas informa\u00e7\u00f5es em nosso nome para criar um relat\u00f3rio sobre o comportamento do utilizador no nosso site. O endere\u00e7o IP identificado pelo Google Analytics n\u00e3o \u00e9 combinado com nenhum outro dado do Google. Se n\u00e3o quiser que nenhum cookie seja armazenado no seu computador, poder\u00e1 alterar as configura\u00e7\u00f5es apropriadas em seu navegador, embora isso possa impedir que beneficie de todas as funcionalidades do nosso site.<\/p>\n\n\n\n<p>Se os endere\u00e7os de IP n\u00e3o tiverem sido anonimizados de todo (mascaramento de IP) por meio da adi\u00e7\u00e3o do c\u00f3digo \u201cgat._anonymizeIp ();\u201d, os dados recolhidos ser\u00e3o processados de acordo com as disposi\u00e7\u00f5es legais relevantes estabelecidas na Lei Federal de Prote\u00e7\u00e3o de Dados e na pr\u00f3pria Google, o que significa que o encaminhamento de dados pessoais para o Google n\u00e3o \u00e9 permitido.<\/p>\n\n\n\r\n<section id=\"cta-block_fc85d0177dbb1a914131691ca3ffcbaa\" class=\"wp-block-cta alignfull aligncenter\" style=\"background-image: url(https:\/\/www.v-label.com\/wp-content\/uploads\/2022\/09\/cta-kontakt2.jpeg);\">\r\n\t<div class=\"row\">\r\n\t\t<div class=\"medium-8 medium-centered column\">\r\n\t\t\t\t\t\t\t<h2>Entre em contacto!<\/h2>\r\n\t\t\t\t\t\t\t\t\t\t<p><p>Quer esteja interessado em obter um or\u00e7amento ou apenas em colocar algumas quest\u00f5es, n\u00e3o hesite em entrar em contacto. Ficamos a aguardar as suas quest\u00f5es!<\/p>\n<\/p>\r\n\t\t\t\r\n\t\t\t<div class=\"wp-block-buttons\">\r\n\t\t\t\t\t\t\t\t\t\t<a href=\"https:\/\/www.v-label.com\/get-in-touch\/\" class=\"wp-block-button__link\">Entre em contacto<\/a>\r\n\t\t\t\t\t\t\t\t\t\t\t\t<\/div>\r\n\r\n\t\t<\/div>\r\n\t<\/div>\r\n<\/section>","protected":false},"excerpt":{"rendered":"<p>Este site pode ser usado a qualquer momento sem a necessidade de os utilizadores fornecerem dados pessoais. Na medida em que os dados pessoais s\u00e3o recolhidos neste site, devem ser fornecidos voluntariamente pelo utilizador. Os dados pessoais n\u00e3o ser\u00e3o divulgados a terceiros se o utilizador n\u00e3o tiver fornecido o seu consentimento expresso. Na medida em [&hellip;]<\/p>\n","protected":false},"author":5,"featured_media":68077,"parent":0,"menu_order":0,"comment_status":"closed","ping_status":"closed","template":"","meta":{"_acf_changed":false,"_editorskit_title_hidden":false,"_editorskit_reading_time":0,"_editorskit_is_block_options_detached":false,"_editorskit_block_options_position":"{}","inline_featured_image":false,"_uag_custom_page_level_css":"","footnotes":""},"categories":[],"tags":[],"class_list":["post-68076","page","type-page","status-publish","has-post-thumbnail","hentry"],"acf":[],"uagb_featured_image_src":{"full":["https:\/\/www.v-label.com\/wp-content\/uploads\/2022\/12\/v-label-customer-area-1.jpg",1000,610,false],"thumbnail":["https:\/\/www.v-label.com\/wp-content\/uploads\/2022\/12\/adobestock-199227716-preview-500x305.jpeg",500,305,true],"medium":["https:\/\/www.v-label.com\/wp-content\/uploads\/2022\/12\/adobestock-199227716-preview-300x183.jpeg",300,183,true],"medium_large":["https:\/\/www.v-label.com\/wp-content\/uploads\/2022\/12\/adobestock-199227716-preview-768x468.jpeg",768,468,true],"large":["https:\/\/www.v-label.com\/wp-content\/uploads\/2022\/12\/v-label-customer-area-1.jpg",1000,610,false],"1536x1536":["https:\/\/www.v-label.com\/wp-content\/uploads\/2022\/12\/v-label-customer-area-1.jpg",1000,610,false],"2048x2048":["https:\/\/www.v-label.com\/wp-content\/uploads\/2022\/12\/v-label-customer-area-1.jpg",1000,610,false],"preview":["https:\/\/www.v-label.com\/wp-content\/uploads\/2022\/12\/adobestock-199227716-preview-904x610.jpeg",904,610,true],"header":["https:\/\/www.v-label.com\/wp-content\/uploads\/2022\/12\/v-label-customer-area-1.jpg",1000,610,false],"gform-image-choice-sm":["https:\/\/www.v-label.com\/wp-content\/uploads\/2022\/12\/v-label-customer-area-1.jpg",300,183,false],"gform-image-choice-md":["https:\/\/www.v-label.com\/wp-content\/uploads\/2022\/12\/v-label-customer-area-1.jpg",400,244,false],"gform-image-choice-lg":["https:\/\/www.v-label.com\/wp-content\/uploads\/2022\/12\/v-label-customer-area-1.jpg",600,366,false]},"uagb_author_info":{"display_name":"Can Aslan","author_link":"https:\/\/www.v-label.com\/br"},"uagb_comment_info":0,"uagb_excerpt":"Este site pode ser usado a qualquer momento sem a necessidade de os utilizadores fornecerem dados pessoais. Na medida em que os dados pessoais s\u00e3o recolhidos neste site, devem ser fornecidos voluntariamente pelo utilizador. Os dados pessoais n\u00e3o ser\u00e3o divulgados a terceiros se o utilizador n\u00e3o tiver fornecido o seu consentimento expresso. Na medida em&hellip;","_links":{"self":[{"href":"https:\/\/www.v-label.com\/br\/wp-json\/wp\/v2\/pages\/68076","targetHints":{"allow":["GET"]}}],"collection":[{"href":"https:\/\/www.v-label.com\/br\/wp-json\/wp\/v2\/pages"}],"about":[{"href":"https:\/\/www.v-label.com\/br\/wp-json\/wp\/v2\/types\/page"}],"author":[{"embeddable":true,"href":"https:\/\/www.v-label.com\/br\/wp-json\/wp\/v2\/users\/5"}],"replies":[{"embeddable":true,"href":"https:\/\/www.v-label.com\/br\/wp-json\/wp\/v2\/comments?post=68076"}],"version-history":[{"count":0,"href":"https:\/\/www.v-label.com\/br\/wp-json\/wp\/v2\/pages\/68076\/revisions"}],"wp:featuredmedia":[{"embeddable":true,"href":"https:\/\/www.v-label.com\/br\/wp-json\/wp\/v2\/media\/68077"}],"wp:attachment":[{"href":"https:\/\/www.v-label.com\/br\/wp-json\/wp\/v2\/media?parent=68076"}],"wp:term":[{"taxonomy":"category","embeddable":true,"href":"https:\/\/www.v-label.com\/br\/wp-json\/wp\/v2\/categories?post=68076"},{"taxonomy":"post_tag","embeddable":true,"href":"https:\/\/www.v-label.com\/br\/wp-json\/wp\/v2\/tags?post=68076"}],"curies":[{"name":"wp","href":"https:\/\/api.w.org\/{rel}","templated":true}]}}