{"id":68084,"date":"2022-05-30T16:17:53","date_gmt":"2022-05-30T14:17:53","guid":{"rendered":"https:\/\/www.v-label.com\/entre-em-contacto\/"},"modified":"2023-07-20T11:27:28","modified_gmt":"2023-07-20T09:27:28","slug":"entre-em-contacto","status":"publish","type":"page","link":"https:\/\/www.v-label.com\/br\/entre-em-contacto\/","title":{"rendered":"Entre em contacto"},"content":{"rendered":"\n<p>Entre em contacto com um dos nossos contactos para obter respostas \u00e0s suas perguntas espec\u00edficas! Se desejar informa\u00e7\u00f5es sobre o V-Label ou tiver quaisquer outras quest\u00f5es, n\u00e3o hesite em entrar em contacto.<\/p>\n\n\n<script type=\"text\/javascript\">\n\/* <![CDATA[ *\/\nvar gform;gform||(document.addEventListener(\"gform_main_scripts_loaded\",function(){gform.scriptsLoaded=!0}),document.addEventListener(\"gform\/theme\/scripts_loaded\",function(){gform.themeScriptsLoaded=!0}),window.addEventListener(\"DOMContentLoaded\",function(){gform.domLoaded=!0}),gform={domLoaded:!1,scriptsLoaded:!1,themeScriptsLoaded:!1,isFormEditor:()=>\"function\"==typeof InitializeEditor,callIfLoaded:function(o){return!(!gform.domLoaded||!gform.scriptsLoaded||!gform.themeScriptsLoaded&&!gform.isFormEditor()||(gform.isFormEditor()&&console.warn(\"The use of gform.initializeOnLoaded() is deprecated in the form editor context and will be removed in Gravity Forms 3.1.\"),o(),0))},initializeOnLoaded:function(o){gform.callIfLoaded(o)||(document.addEventListener(\"gform_main_scripts_loaded\",()=>{gform.scriptsLoaded=!0,gform.callIfLoaded(o)}),document.addEventListener(\"gform\/theme\/scripts_loaded\",()=>{gform.themeScriptsLoaded=!0,gform.callIfLoaded(o)}),window.addEventListener(\"DOMContentLoaded\",()=>{gform.domLoaded=!0,gform.callIfLoaded(o)}))},hooks:{action:{},filter:{}},addAction:function(o,r,e,t){gform.addHook(\"action\",o,r,e,t)},addFilter:function(o,r,e,t){gform.addHook(\"filter\",o,r,e,t)},doAction:function(o){gform.doHook(\"action\",o,arguments)},applyFilters:function(o){return gform.doHook(\"filter\",o,arguments)},removeAction:function(o,r){gform.removeHook(\"action\",o,r)},removeFilter:function(o,r,e){gform.removeHook(\"filter\",o,r,e)},addHook:function(o,r,e,t,n){null==gform.hooks[o][r]&&(gform.hooks[o][r]=[]);var d=gform.hooks[o][r];null==n&&(n=r+\"_\"+d.length),gform.hooks[o][r].push({tag:n,callable:e,priority:t=null==t?10:t})},doHook:function(r,o,e){var t;if(e=Array.prototype.slice.call(e,1),null!=gform.hooks[r][o]&&((o=gform.hooks[r][o]).sort(function(o,r){return o.priority-r.priority}),o.forEach(function(o){\"function\"!=typeof(t=o.callable)&&(t=window[t]),\"action\"==r?t.apply(null,e):e[0]=t.apply(null,e)})),\"filter\"==r)return e[0]},removeHook:function(o,r,t,n){var e;null!=gform.hooks[o][r]&&(e=(e=gform.hooks[o][r]).filter(function(o,r,e){return!!(null!=n&&n!=o.tag||null!=t&&t!=o.priority)}),gform.hooks[o][r]=e)}});\n\/* ]]> *\/\n<\/script>\n\n                <div class='gf_browser_gecko gform_wrapper gravity-theme gform-theme--no-framework' data-form-theme='gravity-theme' data-form-index='0' id='gform_wrapper_86' style='display:none'>\n                        <div class='gform_heading'>\n\t\t\t\t\t\t\t<p class='gform_required_legend'>&quot;<span class=\"gfield_required gfield_required_asterisk\">*<\/span>&quot; indicates required fields<\/p>\n                        <\/div><form method='post' enctype='multipart\/form-data' target='gform_ajax_frame_86' id='gform_86'  action='\/br\/wp-json\/wp\/v2\/pages\/68084' data-formid='86' novalidate> \r\n <input type='hidden' class='gforms-pum' value='{\"closepopup\":false,\"closedelay\":0,\"openpopup\":false,\"openpopup_id\":0}' \/>\n                        <div class='gform-body gform_body'><div id='gform_fields_86' class='gform_fields top_label form_sublabel_below description_below validation_below'><div id=\"field_86_12\" class=\"gfield gfield--type-honeypot gform_validation_container field_sublabel_below gfield--has-description field_description_below field_validation_below gfield_visibility_visible\"  ><label class='gfield_label gform-field-label' for='input_86_12'>Phone<\/label><div class='ginput_container'><input name='input_12' id='input_86_12' type='text' value='' autocomplete='new-password'\/><\/div><div class='gfield_description' id='gfield_description_86_12'>This field is for validation purposes and should be left unchanged.<\/div><\/div><div id=\"field_86_11\" class=\"gfield gfield--type-post_custom_field gfield--input-type-text gfield--width-full field_sublabel_below gfield--no-description field_description_below field_validation_below gfield_visibility_hidden\"  ><div class=\"admin-hidden-markup\"><i class=\"gform-icon gform-icon--hidden\" aria-hidden=\"true\" title=\"This field is hidden when viewing the form\"><\/i><span>This field is hidden when viewing the form<\/span><\/div><label class='gfield_label gform-field-label' for='input_86_11'>GF form type<\/label><div class='ginput_container ginput_container_text'><input name='input_11' id='input_86_11' type='text' value='contact' class='large'      aria-invalid=\"false\"   \/><\/div><\/div><div id=\"field_86_4\" class=\"gfield gfield--type-select gfield--input-type-select half_width gfield_contains_required field_sublabel_below gfield--no-description field_description_below field_validation_below gfield_visibility_visible\"  ><label class='gfield_label gform-field-label' for='input_86_4'>Titulo da pessoa de contacto<span class=\"gfield_required\"><span class=\"gfield_required gfield_required_asterisk\">*<\/span><\/span><\/label><div class='ginput_container ginput_container_select'><select name='input_4' id='input_86_4' class='large gfield_select'    aria-required=\"true\" aria-invalid=\"false\" ><option value='' ><\/option><option value='Sr.' >Sr.<\/option><option value='Sra.' >Sra.<\/option><\/select><\/div><\/div><div id=\"field_86_5\" class=\"gfield gfield--type-text gfield--input-type-text half_width gfield_contains_required field_sublabel_below gfield--has-description field_description_above field_validation_below gfield_visibility_visible\"  ><label class='gfield_label gform-field-label' for='input_86_5'>Nome da pessoa de contacto<span class=\"gfield_required\"><span class=\"gfield_required gfield_required_asterisk\">*<\/span><\/span><\/label><div class='gfield_description' id='gfield_description_86_5'>Preencha o seu nome.<\/div><div class='ginput_container ginput_container_text'><input name='input_5' id='input_86_5' type='text' value='' class='large'  aria-describedby=\"gfield_description_86_5\"   aria-required=\"true\" aria-invalid=\"false\"   \/><\/div><\/div><div id=\"field_86_6\" class=\"gfield gfield--type-text gfield--input-type-text half_width gfield_contains_required field_sublabel_below gfield--no-description field_description_below field_validation_below gfield_visibility_visible\"  ><label class='gfield_label gform-field-label' for='input_86_6'>Nome da empresa\/entidade<span class=\"gfield_required\"><span class=\"gfield_required gfield_required_asterisk\">*<\/span><\/span><\/label><div class='ginput_container ginput_container_text'><input name='input_6' id='input_86_6' type='text' value='' class='large'     aria-required=\"true\" aria-invalid=\"false\"   \/><\/div><\/div><div id=\"field_86_2\" class=\"gfield gfield--type-email gfield--input-type-email half_width gfield_contains_required field_sublabel_below gfield--no-description field_description_below field_validation_below gfield_visibility_visible\"  ><label class='gfield_label gform-field-label' for='input_86_2'>E-mail da pessoa de contacto\/empresa\/entidade<span class=\"gfield_required\"><span class=\"gfield_required gfield_required_asterisk\">*<\/span><\/span><\/label><div class='ginput_container ginput_container_email'>\n                            <input name='input_2' id='input_86_2' type='email' value='' class='large'    aria-required=\"true\" aria-invalid=\"false\"  \/>\n                        <\/div><\/div><div id=\"field_86_8\" class=\"gfield gfield--type-text gfield--input-type-text field_sublabel_below gfield--no-description field_description_below field_validation_below gfield_visibility_visible\"  ><label class='gfield_label gform-field-label' for='input_86_8'>N.\u00ba de Telefone da pessoa de contacto\/empresa\/entidade<\/label><div class='ginput_container ginput_container_text'><input name='input_8' id='input_86_8' type='text' value='' class='medium'      aria-invalid=\"false\"   \/><\/div><\/div><div id=\"field_86_9\" class=\"gfield gfield--type-select gfield--input-type-select gfield_contains_required field_sublabel_below gfield--no-description field_description_below field_validation_below gfield_visibility_visible\"  ><label class='gfield_label gform-field-label' for='input_86_9'>Pa\u00eds<span class=\"gfield_required\"><span class=\"gfield_required gfield_required_asterisk\">*<\/span><\/span><\/label><div class='ginput_container ginput_container_select'><select name='input_9' id='input_86_9' class='medium gfield_select'    aria-required=\"true\" aria-invalid=\"false\" ><option value='Choose your country' >Choose your country<\/option><option value='Argentina' >Argentina<\/option><option value='Austria' >Austria<\/option><option value='Bahrain' >Bahrain<\/option><option value='Belgium' >Belgium<\/option><option value='Bosnia' >Bosnia and Herzegovina<\/option><option value='Brazil' >Brazil<\/option><option value='Bulgaria' >Bulgaria<\/option><option value='Chile' >Chile<\/option><option value='Colombia' >Colombia<\/option><option value='Costa Rica' >Costa Rica<\/option><option value='Croatia' >Croatia<\/option><option value='Cyprus' >Cyprus<\/option><option value='Czechia' >Czech Republic<\/option><option value='Denmark' >Denmark<\/option><option value='Ecuador' >Ecuador<\/option><option value='Egypt' >Egypt<\/option><option value='Estonia' >Estonia<\/option><option value='Finland' >Finland<\/option><option value='France' >France<\/option><option value='Germany' >Germany<\/option><option value='Greece' >Greece<\/option><option value='Hungary' >Hungary<\/option><option value='Italy' >Italy<\/option><option value='Jordan' >Jordan<\/option><option value='Kosovo' >Kosovo<\/option><option value='Kuwait' >Kuwait<\/option><option value='Latvia' >Latvia<\/option><option value='Lebanon' >Lebanon<\/option><option value='Lithuania' >Lithuania<\/option><option value='Malaysia' >Malaysia<\/option><option value='Mexico' >Mexico<\/option><option value='Netherlands' >Netherlands<\/option><option value='Macedonia' >North Macedonia<\/option><option value='Norway' >Norway<\/option><option value='Peru' >Peru<\/option><option value='Poland' >Poland<\/option><option value='Portugal' >Portugal<\/option><option value='Qatar' >Qatar<\/option><option value='Romania' >Romania<\/option><option value='Russia' >Russia<\/option><option value='Saudi Arabia' >Saudi Arabia<\/option><option value='Serbia' >Serbia<\/option><option value='Slovakia' >Slovakia<\/option><option value='Slovenia' >Slovenia<\/option><option value='South Africa' >South Africa<\/option><option value='Spain' >Spain<\/option><option value='Sweden' >Sweden<\/option><option value='Switzerland' >Switzerland<\/option><option value='Turkey' >Turkey<\/option><option value='Ukraine' >Ukraine<\/option><option value='Vietnam' >Vietnam<\/option><option value='Other' >Other<\/option><\/select><\/div><\/div><fieldset id=\"field_86_10\" class=\"gfield gfield--type-radio gfield--type-choice gfield--input-type-radio gfield--width-full gfield_contains_required field_sublabel_below gfield--no-description field_description_below field_validation_below gfield_visibility_visible\"  ><legend class='gfield_label gform-field-label' >Categoria sobre a qual deseja consultar?<span class=\"gfield_required\"><span class=\"gfield_required gfield_required_asterisk\">*<\/span><\/span><\/legend><div class='ginput_container ginput_container_radio'><div class='gfield_radio' id='input_86_10'>\n\t\t\t<div class='gchoice gchoice_86_10_0'>\n\t\t\t\t\t<input class='gfield-choice-input' name='input_10' type='radio' value='Cosm\u00e9ticos, produtos de limpeza dom\u00e9stica, n\u00e3o aliment\u00edcios'  id='choice_86_10_0' onchange='gformToggleRadioOther( this )'    \/>\n\t\t\t\t\t<label for='choice_86_10_0' id='label_86_10_0' class='gform-field-label gform-field-label--type-inline'>Cosm\u00e9ticos, produtos de limpeza dom\u00e9stica, n\u00e3o aliment\u00edcios<\/label>\n\t\t\t<\/div>\n\t\t\t<div class='gchoice gchoice_86_10_1'>\n\t\t\t\t\t<input class='gfield-choice-input' name='input_10' type='radio' value='Alimentos, bebidas, vinhos, gastronomia'  id='choice_86_10_1' onchange='gformToggleRadioOther( this )'    \/>\n\t\t\t\t\t<label for='choice_86_10_1' id='label_86_10_1' class='gform-field-label gform-field-label--type-inline'>Alimentos, bebidas, vinhos, gastronomia<\/label>\n\t\t\t<\/div><\/div><\/div><\/fieldset><div id=\"field_86_1\" class=\"gfield gfield--type-textarea gfield--input-type-textarea gfield_contains_required field_sublabel_below gfield--no-description field_description_below field_validation_below gfield_visibility_visible\"  ><label class='gfield_label gform-field-label' for='input_86_1'>A sua mensagem<span class=\"gfield_required\"><span class=\"gfield_required gfield_required_asterisk\">*<\/span><\/span><\/label><div class='ginput_container ginput_container_textarea'><textarea name='input_1' id='input_86_1' class='textarea large'     aria-required=\"true\" aria-invalid=\"false\"   rows='10' cols='50'><\/textarea><\/div><\/div><\/div><\/div>\n        <div class='gform-footer gform_footer top_label'> <input type='submit' id='gform_submit_button_86' class='gform_button button' onclick='gform.submission.handleButtonClick(this);' data-submission-type='submit' value='Enviar mensagem'  \/> <input type='hidden' name='gform_ajax' value='form_id=86&amp;title=&amp;description=&amp;tabindex=0&amp;theme=gravity-theme&amp;styles=[]&amp;hash=f737ff32d5bf7670bc934ebf7ca62afc' \/>\n            <input type='hidden' class='gform_hidden' name='gform_submission_method' data-js='gform_submission_method_86' value='iframe' \/>\n            <input type='hidden' class='gform_hidden' name='gform_theme' data-js='gform_theme_86' id='gform_theme_86' value='gravity-theme' \/>\n            <input type='hidden' class='gform_hidden' name='gform_style_settings' data-js='gform_style_settings_86' id='gform_style_settings_86' value='[]' \/>\n            <input type='hidden' class='gform_hidden' name='is_submit_86' value='1' \/>\n            <input type='hidden' class='gform_hidden' name='gform_submit' value='86' \/>\n            \n            <input type='hidden' class='gform_hidden' name='gform_currency' data-currency='EUR' value='KD9yYEbS5F6FCSQQieW46\/gr0zca3VZiLhs701FZFQmoAeJl99D03AEfJYifVB43EEtQsZbMyl\/mEWx1G1Ihovj1OyfvN99cJnMw9Oae199TIds=' \/>\n            <input type='hidden' class='gform_hidden' name='gform_unique_id' value='' \/>\n            <input type='hidden' class='gform_hidden' name='state_86' value='WyJ7XCIxMFwiOltcIjBmMWE2MjYxZGYwN2UzNDk4ZDhkMWE1NmYwZjNhZDJkXCIsXCI2Nzk5M2RjMTgzNjFhNDBmYzRmZTEwZDY4OTIyOWZmZVwiXX0iLCIwMDUxMGFkY2NkOTljZWVhNWZiNWFkMzUwMDc3YWJlMyJd' \/>\n            <input type='hidden' autocomplete='off' class='gform_hidden' name='gform_target_page_number_86' id='gform_target_page_number_86' value='0' \/>\n            <input type='hidden' autocomplete='off' class='gform_hidden' name='gform_source_page_number_86' id='gform_source_page_number_86' value='1' \/>\n            <input type='hidden' name='gform_field_values' value='' \/>\n            \n        <\/div>\n                        <\/form>\n                        <\/div>\n\t\t                <iframe style='display:none;width:0px;height:0px;' src='about:blank' name='gform_ajax_frame_86' id='gform_ajax_frame_86' title='This iframe contains the logic required to handle Ajax powered Gravity Forms.'><\/iframe>\n\t\t                <script type=\"text\/javascript\">\n\/* <![CDATA[ *\/\n gform.initializeOnLoaded( function() {gformInitSpinner( 86, 'https:\/\/www.v-label.com\/wp-content\/plugins\/gravityforms\/images\/spinner.svg', true );jQuery('#gform_ajax_frame_86').on('load',function(){var contents = jQuery(this).contents().find('*').html();var is_postback = contents.indexOf('GF_AJAX_POSTBACK') >= 0;if(!is_postback){return;}var form_content = jQuery(this).contents().find('#gform_wrapper_86');var is_confirmation = jQuery(this).contents().find('#gform_confirmation_wrapper_86').length > 0;var is_redirect = contents.indexOf('gformRedirect(){') >= 0;var is_form = form_content.length > 0 && ! is_redirect && ! is_confirmation;var mt = parseInt(jQuery('html').css('margin-top'), 10) + parseInt(jQuery('body').css('margin-top'), 10) + 100;if(is_form){form_content.find('form').css('opacity', 0);jQuery('#gform_wrapper_86').html(form_content.html());if(form_content.hasClass('gform_validation_error')){jQuery('#gform_wrapper_86').addClass('gform_validation_error');} else {jQuery('#gform_wrapper_86').removeClass('gform_validation_error');}setTimeout( function() { \/* delay the scroll by 50 milliseconds to fix a bug in chrome *\/  }, 50 );if(window['gformInitDatepicker']) {gformInitDatepicker();}if(window['gformInitPriceFields']) {gformInitPriceFields();}var current_page = jQuery('#gform_source_page_number_86').val();gformInitSpinner( 86, 'https:\/\/www.v-label.com\/wp-content\/plugins\/gravityforms\/images\/spinner.svg', true );jQuery(document).trigger('gform_page_loaded', [86, current_page]);window['gf_submitting_86'] = false;}else if(!is_redirect){var confirmation_content = jQuery(this).contents().find('.GF_AJAX_POSTBACK').html();if(!confirmation_content){confirmation_content = contents;}jQuery('#gform_wrapper_86').replaceWith(confirmation_content);jQuery(document).trigger('gform_confirmation_loaded', [86]);window['gf_submitting_86'] = false;wp.a11y.speak(jQuery('#gform_confirmation_message_86').text());}else{jQuery('#gform_86').append(contents);if(window['gformRedirect']) {gformRedirect();}}jQuery(document).trigger(\"gform_pre_post_render\", [{ formId: \"86\", currentPage: \"current_page\", abort: function() { this.preventDefault(); } }]);        if (event && event.defaultPrevented) {                return;        }        const gformWrapperDiv = document.getElementById( \"gform_wrapper_86\" );        if ( gformWrapperDiv ) {            const visibilitySpan = document.createElement( \"span\" );            visibilitySpan.id = \"gform_visibility_test_86\";            gformWrapperDiv.insertAdjacentElement( \"afterend\", visibilitySpan );        }        const visibilityTestDiv = document.getElementById( \"gform_visibility_test_86\" );        let postRenderFired = false;        function triggerPostRender() {            if ( postRenderFired ) {                return;            }            postRenderFired = true;            gform.core.triggerPostRenderEvents( 86, current_page );            if ( visibilityTestDiv ) {                visibilityTestDiv.parentNode.removeChild( visibilityTestDiv );            }        }        function debounce( func, wait, immediate ) {            var timeout;            return function() {                var context = this, args = arguments;                var later = function() {                    timeout = null;                    if ( !immediate ) func.apply( context, args );                };                var callNow = immediate && !timeout;                clearTimeout( timeout );                timeout = setTimeout( later, wait );                if ( callNow ) func.apply( context, args );            };        }        const debouncedTriggerPostRender = debounce( function() {            triggerPostRender();        }, 200 );        if ( visibilityTestDiv && visibilityTestDiv.offsetParent === null ) {            const observer = new MutationObserver( ( mutations ) => {                mutations.forEach( ( mutation ) => {                    if ( mutation.type === 'attributes' && visibilityTestDiv.offsetParent !== null ) {                        debouncedTriggerPostRender();                        observer.disconnect();                    }                });            });            observer.observe( document.body, {                attributes: true,                childList: false,                subtree: true,                attributeFilter: [ 'style', 'class' ],            });        } else {            triggerPostRender();        }    } );} ); \n\/* ]]> *\/\n<\/script>\n","protected":false},"excerpt":{"rendered":"<p>Entre em contacto com um dos nossos contactos para obter respostas \u00e0s suas perguntas espec\u00edficas! Se desejar informa\u00e7\u00f5es sobre o V-Label ou tiver quaisquer outras quest\u00f5es, n\u00e3o hesite em entrar em contacto.<\/p>\n","protected":false},"author":5,"featured_media":68086,"parent":0,"menu_order":0,"comment_status":"closed","ping_status":"closed","template":"","meta":{"_acf_changed":false,"_editorskit_title_hidden":false,"_editorskit_reading_time":0,"_editorskit_is_block_options_detached":false,"_editorskit_block_options_position":"{}","inline_featured_image":false,"_uag_custom_page_level_css":"","footnotes":""},"categories":[],"tags":[],"class_list":["post-68084","page","type-page","status-publish","has-post-thumbnail","hentry"],"acf":[],"uagb_featured_image_src":{"full":["https:\/\/www.v-label.com\/wp-content\/uploads\/2022\/12\/v-label-get-in-touch.jpg",1280,854,false],"thumbnail":["https:\/\/www.v-label.com\/wp-content\/uploads\/2022\/12\/v-label-get-in-touch-500x334.jpg",500,334,true],"medium":["https:\/\/www.v-label.com\/wp-content\/uploads\/2022\/12\/v-label-get-in-touch-300x200.jpg",300,200,true],"medium_large":["https:\/\/www.v-label.com\/wp-content\/uploads\/2022\/12\/v-label-get-in-touch-768x512.jpg",768,512,true],"large":["https:\/\/www.v-label.com\/wp-content\/uploads\/2022\/12\/v-label-get-in-touch-1024x683.jpg",1024,683,true],"1536x1536":["https:\/\/www.v-label.com\/wp-content\/uploads\/2022\/12\/v-label-get-in-touch.jpg",1280,854,false],"2048x2048":["https:\/\/www.v-label.com\/wp-content\/uploads\/2022\/12\/v-label-get-in-touch.jpg",1280,854,false],"preview":["https:\/\/www.v-label.com\/wp-content\/uploads\/2022\/12\/v-label-get-in-touch-904x720.jpg",904,720,true],"header":["https:\/\/www.v-label.com\/wp-content\/uploads\/2022\/12\/v-label-get-in-touch-1280x720.jpg",1280,720,true],"gform-image-choice-sm":["https:\/\/www.v-label.com\/wp-content\/uploads\/2022\/12\/v-label-get-in-touch.jpg",300,200,false],"gform-image-choice-md":["https:\/\/www.v-label.com\/wp-content\/uploads\/2022\/12\/v-label-get-in-touch.jpg",400,267,false],"gform-image-choice-lg":["https:\/\/www.v-label.com\/wp-content\/uploads\/2022\/12\/v-label-get-in-touch.jpg",600,400,false]},"uagb_author_info":{"display_name":"Can Aslan","author_link":"https:\/\/www.v-label.com\/br"},"uagb_comment_info":0,"uagb_excerpt":"Entre em contacto com um dos nossos contactos para obter respostas \u00e0s suas perguntas espec\u00edficas! Se desejar informa\u00e7\u00f5es sobre o V-Label ou tiver quaisquer outras quest\u00f5es, n\u00e3o hesite em entrar em contacto.","_links":{"self":[{"href":"https:\/\/www.v-label.com\/br\/wp-json\/wp\/v2\/pages\/68084","targetHints":{"allow":["GET"]}}],"collection":[{"href":"https:\/\/www.v-label.com\/br\/wp-json\/wp\/v2\/pages"}],"about":[{"href":"https:\/\/www.v-label.com\/br\/wp-json\/wp\/v2\/types\/page"}],"author":[{"embeddable":true,"href":"https:\/\/www.v-label.com\/br\/wp-json\/wp\/v2\/users\/5"}],"replies":[{"embeddable":true,"href":"https:\/\/www.v-label.com\/br\/wp-json\/wp\/v2\/comments?post=68084"}],"version-history":[{"count":2,"href":"https:\/\/www.v-label.com\/br\/wp-json\/wp\/v2\/pages\/68084\/revisions"}],"predecessor-version":[{"id":68317,"href":"https:\/\/www.v-label.com\/br\/wp-json\/wp\/v2\/pages\/68084\/revisions\/68317"}],"wp:featuredmedia":[{"embeddable":true,"href":"https:\/\/www.v-label.com\/br\/wp-json\/wp\/v2\/media\/68086"}],"wp:attachment":[{"href":"https:\/\/www.v-label.com\/br\/wp-json\/wp\/v2\/media?parent=68084"}],"wp:term":[{"taxonomy":"category","embeddable":true,"href":"https:\/\/www.v-label.com\/br\/wp-json\/wp\/v2\/categories?post=68084"},{"taxonomy":"post_tag","embeddable":true,"href":"https:\/\/www.v-label.com\/br\/wp-json\/wp\/v2\/tags?post=68084"}],"curies":[{"name":"wp","href":"https:\/\/api.w.org\/{rel}","templated":true}]}}