{"id":68264,"date":"2022-05-30T16:15:11","date_gmt":"2022-05-30T14:15:11","guid":{"rendered":"https:\/\/www.v-label.com\/informacao-geral\/comida\/"},"modified":"2023-08-07T12:01:32","modified_gmt":"2023-08-07T10:01:32","slug":"comida","status":"publish","type":"page","link":"https:\/\/www.v-label.com\/br\/informacao-geral\/comida\/","title":{"rendered":"Comida"},"content":{"rendered":"\n<p>Sabia que, segundo o Euromonitor International, o mercado vegan e vegetariano na Europa Ocidental duplicou a sua dimens\u00e3o na \u00faltima d\u00e9cada, representando 38,5% do total da receita global?<\/p>\n\n\n\n<p>Enquanto o mercado mundial de alimentos de base vegetal deve crescer a uma taxa de 8,94%, o setor das proteaginosas deve <strong>aumentar 18%<\/strong>, atingindo o patamar dos 28 mil milh\u00f5es de d\u00f3lares em 2025. A constante cria\u00e7\u00e3o de novas empresas veganas corrobora as estat\u00edsticas \u2013 h\u00e1 um esfor\u00e7o para satisfazer a crescente procura por op\u00e7\u00f5es veganas de carne, peixe, queijo, leite, iogurte, ovos, bolos, vitaminas e suplementos, todos eles nichos em expans\u00e3o. Ali\u00e1s, os produtos de nicho t\u00eam sido vendidos nas cadeias de lojas tradicionais e os produtores de alimentos estabelecidos est\u00e3o a criar gamas de produtos vegetarianos e veganos.<\/p>\n\n\n\n<p>Curiosamente, isto \u00e9 apenas o come\u00e7o. Segundo a ProVeg International, o crescente n\u00famero de investimentos em inova\u00e7\u00e3o tecnol\u00f3gica garante que o sabor, a textura e o paladar destes produtos continuar\u00e1 a melhorar com a descoberta de mais ingredientes e avan\u00e7os no processamento. Quem possui um selo V-Label, o selo vegetariano e vegano mais reconhecido no segmento alimentar, beneficia deste crescimento de mercado sem precedentes.<\/p>\n\n\n\n<div class=\"wp-block-buttons is-content-justification-center is-layout-flex wp-container-core-buttons-is-layout-16018d1d wp-block-buttons-is-layout-flex\">\n<div class=\"wp-block-button\"><a class=\"wp-block-button__link wp-element-button\" href=\"https:\/\/www.v-label.com\/br\/obtenha-o-selo-v-label\/\">Obtenha o selo V-Label<\/a><\/div>\n<\/div>\n","protected":false},"excerpt":{"rendered":"<p>Sabia que, segundo o Euromonitor International, o mercado vegan e vegetariano na Europa Ocidental duplicou a sua dimens\u00e3o na \u00faltima d\u00e9cada, representando 38,5% do total da receita global? Enquanto o mercado mundial de alimentos de base vegetal deve crescer a uma taxa de 8,94%, o setor das proteaginosas deve aumentar 18%, atingindo o patamar dos [&hellip;]<\/p>\n","protected":false},"author":5,"featured_media":68265,"parent":68071,"menu_order":0,"comment_status":"closed","ping_status":"closed","template":"","meta":{"_acf_changed":false,"_editorskit_title_hidden":false,"_editorskit_reading_time":0,"_editorskit_is_block_options_detached":false,"_editorskit_block_options_position":"{}","inline_featured_image":false,"_uag_custom_page_level_css":"","footnotes":""},"categories":[],"tags":[],"class_list":["post-68264","page","type-page","status-publish","has-post-thumbnail","hentry"],"acf":[],"uagb_featured_image_src":{"full":["https:\/\/www.v-label.com\/wp-content\/uploads\/2022\/12\/v-label-food-sector.jpg",1280,857,false],"thumbnail":["https:\/\/www.v-label.com\/wp-content\/uploads\/2022\/12\/v-label-food-sector-500x335.jpg",500,335,true],"medium":["https:\/\/www.v-label.com\/wp-content\/uploads\/2022\/12\/v-label-food-sector-300x201.jpg",300,201,true],"medium_large":["https:\/\/www.v-label.com\/wp-content\/uploads\/2022\/12\/v-label-food-sector-768x514.jpg",768,514,true],"large":["https:\/\/www.v-label.com\/wp-content\/uploads\/2022\/12\/v-label-food-sector-1024x686.jpg",1024,686,true],"1536x1536":["https:\/\/www.v-label.com\/wp-content\/uploads\/2022\/12\/v-label-food-sector.jpg",1280,857,false],"2048x2048":["https:\/\/www.v-label.com\/wp-content\/uploads\/2022\/12\/v-label-food-sector.jpg",1280,857,false],"preview":["https:\/\/www.v-label.com\/wp-content\/uploads\/2022\/12\/v-label-food-sector-904x720.jpg",904,720,true],"header":["https:\/\/www.v-label.com\/wp-content\/uploads\/2022\/12\/v-label-food-sector-1280x720.jpg",1280,720,true],"gform-image-choice-sm":["https:\/\/www.v-label.com\/wp-content\/uploads\/2022\/12\/v-label-food-sector.jpg",300,201,false],"gform-image-choice-md":["https:\/\/www.v-label.com\/wp-content\/uploads\/2022\/12\/v-label-food-sector.jpg",400,268,false],"gform-image-choice-lg":["https:\/\/www.v-label.com\/wp-content\/uploads\/2022\/12\/v-label-food-sector.jpg",600,402,false]},"uagb_author_info":{"display_name":"Can Aslan","author_link":"https:\/\/www.v-label.com\/br"},"uagb_comment_info":0,"uagb_excerpt":"Sabia que, segundo o Euromonitor International, o mercado vegan e vegetariano na Europa Ocidental duplicou a sua dimens\u00e3o na \u00faltima d\u00e9cada, representando 38,5% do total da receita global? Enquanto o mercado mundial de alimentos de base vegetal deve crescer a uma taxa de 8,94%, o setor das proteaginosas deve aumentar 18%, atingindo o patamar dos&hellip;","_links":{"self":[{"href":"https:\/\/www.v-label.com\/br\/wp-json\/wp\/v2\/pages\/68264","targetHints":{"allow":["GET"]}}],"collection":[{"href":"https:\/\/www.v-label.com\/br\/wp-json\/wp\/v2\/pages"}],"about":[{"href":"https:\/\/www.v-label.com\/br\/wp-json\/wp\/v2\/types\/page"}],"author":[{"embeddable":true,"href":"https:\/\/www.v-label.com\/br\/wp-json\/wp\/v2\/users\/5"}],"replies":[{"embeddable":true,"href":"https:\/\/www.v-label.com\/br\/wp-json\/wp\/v2\/comments?post=68264"}],"version-history":[{"count":1,"href":"https:\/\/www.v-label.com\/br\/wp-json\/wp\/v2\/pages\/68264\/revisions"}],"predecessor-version":[{"id":68637,"href":"https:\/\/www.v-label.com\/br\/wp-json\/wp\/v2\/pages\/68264\/revisions\/68637"}],"up":[{"embeddable":true,"href":"https:\/\/www.v-label.com\/br\/wp-json\/wp\/v2\/pages\/68071"}],"wp:featuredmedia":[{"embeddable":true,"href":"https:\/\/www.v-label.com\/br\/wp-json\/wp\/v2\/media\/68265"}],"wp:attachment":[{"href":"https:\/\/www.v-label.com\/br\/wp-json\/wp\/v2\/media?parent=68264"}],"wp:term":[{"taxonomy":"category","embeddable":true,"href":"https:\/\/www.v-label.com\/br\/wp-json\/wp\/v2\/categories?post=68264"},{"taxonomy":"post_tag","embeddable":true,"href":"https:\/\/www.v-label.com\/br\/wp-json\/wp\/v2\/tags?post=68264"}],"curies":[{"name":"wp","href":"https:\/\/api.w.org\/{rel}","templated":true}]}}