{"id":68266,"date":"2022-05-30T16:15:29","date_gmt":"2022-05-30T14:15:29","guid":{"rendered":"https:\/\/www.v-label.com\/informacao-geral\/cosmeticos\/"},"modified":"2023-08-07T12:04:50","modified_gmt":"2023-08-07T10:04:50","slug":"cosmeticos","status":"publish","type":"page","link":"https:\/\/www.v-label.com\/br\/informacao-geral\/cosmeticos\/","title":{"rendered":"Cosm\u00e9ticos e Agentes de limpeza"},"content":{"rendered":"\n<p>Conveni\u00eancia, cuidados com a sa\u00fade e um maior apelo a uma beleza livre de crueldade. Estas s\u00e3o as tr\u00eas principais raz\u00f5es pelas quais a dimens\u00e3o do mercado mundial de cosm\u00e9ticos veganos deve atingir os 20,8 mil milh\u00f5es de d\u00f3lares em 2025, crescendo a uma taxa de 6,3%, de acordo com o Cosmetics Market Size, Share &amp; Trends Analysis Report (Relat\u00f3rio de An\u00e1lise das Tend\u00eancias, Quotas e Dimens\u00e3o do Mercado de Cosm\u00e9ticos Veganos) de 2018.<\/p>\n\n\n\n<p>A Europa det\u00e9m uma parte significativa do mercado, com uma procura elevada de produtos que n\u00e3o foram testados em animais. Desde produtos para cuidar da pele a desodorizantes e champ\u00f4s, cada vez mais consumidores procuram palavras-chave, como &#8220;vegano&#8221;, nas suas compras.<\/p>\n\n\n\n<p>Com os cosm\u00e9ticos veganos a serem uma novidade, os consumidores est\u00e3o extremamente atentos a r\u00f3tulos e a outros elementos que comprovem que a sua escolha \u00e9 vegetariana ou vegana. Sabia que, de acordo com a The Vegan Society, 19% das pessoas verificam se os seus produtos de higiene s\u00e3o testados em animais? Demonstre que o seu produto est\u00e1 livre de crueldade com o selo V-Label e torne-se na escolha \u00f3bvia para os consumidores!<\/p>\n\n\n\n<p>Aparentemente, n\u00e3o s\u00e3o apenas os produtos de higiene pessoal que est\u00e3o a assistir ao desenvolvimento de alternativas vegetarianas e veganas \u2013 mas tamb\u00e9m os produtos de uso dom\u00e9stico! Fa\u00e7a sobressair os seus produtos de limpeza com o apelativo selo V-Label.<\/p>\n\n\n\n<div class=\"wp-block-buttons is-content-justification-center is-layout-flex wp-container-core-buttons-is-layout-16018d1d wp-block-buttons-is-layout-flex\">\n<div class=\"wp-block-button\"><a class=\"wp-block-button__link wp-element-button\" href=\"https:\/\/www.v-label.com\/br\/obtenha-o-selo-v-label\/\">Obtenha o selo V-Label<\/a><\/div>\n<\/div>\n","protected":false},"excerpt":{"rendered":"<p>Conveni\u00eancia, cuidados com a sa\u00fade e um maior apelo a uma beleza livre de crueldade. Estas s\u00e3o as tr\u00eas principais raz\u00f5es pelas quais a dimens\u00e3o do mercado mundial de cosm\u00e9ticos veganos deve atingir os 20,8 mil milh\u00f5es de d\u00f3lares em 2025, crescendo a uma taxa de 6,3%, de acordo com o Cosmetics Market Size, Share [&hellip;]<\/p>\n","protected":false},"author":5,"featured_media":68268,"parent":68071,"menu_order":0,"comment_status":"closed","ping_status":"closed","template":"","meta":{"_acf_changed":false,"_editorskit_title_hidden":false,"_editorskit_reading_time":0,"_editorskit_is_block_options_detached":false,"_editorskit_block_options_position":"{}","inline_featured_image":false,"_uag_custom_page_level_css":"","footnotes":""},"categories":[],"tags":[],"class_list":["post-68266","page","type-page","status-publish","has-post-thumbnail","hentry"],"acf":[],"uagb_featured_image_src":{"full":["https:\/\/www.v-label.com\/wp-content\/uploads\/2022\/12\/cosmetics-1280.jpg",1280,868,false],"thumbnail":["https:\/\/www.v-label.com\/wp-content\/uploads\/2022\/12\/cosmetics-1280-500x339.jpg",500,339,true],"medium":["https:\/\/www.v-label.com\/wp-content\/uploads\/2022\/12\/cosmetics-1280-300x203.jpg",300,203,true],"medium_large":["https:\/\/www.v-label.com\/wp-content\/uploads\/2022\/12\/cosmetics-1280-768x521.jpg",768,521,true],"large":["https:\/\/www.v-label.com\/wp-content\/uploads\/2022\/12\/cosmetics-1280-1024x694.jpg",1024,694,true],"1536x1536":["https:\/\/www.v-label.com\/wp-content\/uploads\/2022\/12\/cosmetics-1280.jpg",1280,868,false],"2048x2048":["https:\/\/www.v-label.com\/wp-content\/uploads\/2022\/12\/cosmetics-1280.jpg",1280,868,false],"preview":["https:\/\/www.v-label.com\/wp-content\/uploads\/2022\/12\/cosmetics-1280-904x720.jpg",904,720,true],"header":["https:\/\/www.v-label.com\/wp-content\/uploads\/2022\/12\/cosmetics-1280-1280x720.jpg",1280,720,true],"gform-image-choice-sm":["https:\/\/www.v-label.com\/wp-content\/uploads\/2022\/12\/cosmetics-1280.jpg",300,203,false],"gform-image-choice-md":["https:\/\/www.v-label.com\/wp-content\/uploads\/2022\/12\/cosmetics-1280.jpg",400,271,false],"gform-image-choice-lg":["https:\/\/www.v-label.com\/wp-content\/uploads\/2022\/12\/cosmetics-1280.jpg",600,407,false]},"uagb_author_info":{"display_name":"Can Aslan","author_link":"https:\/\/www.v-label.com\/br"},"uagb_comment_info":0,"uagb_excerpt":"Conveni\u00eancia, cuidados com a sa\u00fade e um maior apelo a uma beleza livre de crueldade. Estas s\u00e3o as tr\u00eas principais raz\u00f5es pelas quais a dimens\u00e3o do mercado mundial de cosm\u00e9ticos veganos deve atingir os 20,8 mil milh\u00f5es de d\u00f3lares em 2025, crescendo a uma taxa de 6,3%, de acordo com o Cosmetics Market Size, Share&hellip;","_links":{"self":[{"href":"https:\/\/www.v-label.com\/br\/wp-json\/wp\/v2\/pages\/68266","targetHints":{"allow":["GET"]}}],"collection":[{"href":"https:\/\/www.v-label.com\/br\/wp-json\/wp\/v2\/pages"}],"about":[{"href":"https:\/\/www.v-label.com\/br\/wp-json\/wp\/v2\/types\/page"}],"author":[{"embeddable":true,"href":"https:\/\/www.v-label.com\/br\/wp-json\/wp\/v2\/users\/5"}],"replies":[{"embeddable":true,"href":"https:\/\/www.v-label.com\/br\/wp-json\/wp\/v2\/comments?post=68266"}],"version-history":[{"count":1,"href":"https:\/\/www.v-label.com\/br\/wp-json\/wp\/v2\/pages\/68266\/revisions"}],"predecessor-version":[{"id":68662,"href":"https:\/\/www.v-label.com\/br\/wp-json\/wp\/v2\/pages\/68266\/revisions\/68662"}],"up":[{"embeddable":true,"href":"https:\/\/www.v-label.com\/br\/wp-json\/wp\/v2\/pages\/68071"}],"wp:featuredmedia":[{"embeddable":true,"href":"https:\/\/www.v-label.com\/br\/wp-json\/wp\/v2\/media\/68268"}],"wp:attachment":[{"href":"https:\/\/www.v-label.com\/br\/wp-json\/wp\/v2\/media?parent=68266"}],"wp:term":[{"taxonomy":"category","embeddable":true,"href":"https:\/\/www.v-label.com\/br\/wp-json\/wp\/v2\/categories?post=68266"},{"taxonomy":"post_tag","embeddable":true,"href":"https:\/\/www.v-label.com\/br\/wp-json\/wp\/v2\/tags?post=68266"}],"curies":[{"name":"wp","href":"https:\/\/api.w.org\/{rel}","templated":true}]}}