{"id":68272,"date":"2022-05-30T16:15:52","date_gmt":"2022-05-30T14:15:52","guid":{"rendered":"https:\/\/www.v-label.com\/informacao-geral\/nao-alimentares\/"},"modified":"2023-08-07T12:05:10","modified_gmt":"2023-08-07T10:05:10","slug":"nao-alimentares","status":"publish","type":"page","link":"https:\/\/www.v-label.com\/br\/informacao-geral\/nao-alimentares\/","title":{"rendered":"Produtos N\u00e3o Alimentares"},"content":{"rendered":"\n<p>A moda vegana e livre de crueldade, uma ind\u00fastria em crescimento nos pr\u00f3ximos anos, \u00e9 j\u00e1 considerada interessante e glamorosa. Em 2019, o mercado mundial da moda vegana feminina teve uma avalia\u00e7\u00e3o de 396,3 mil milh\u00f5es de d\u00f3lares e deve crescer a uma taxa de 13,6% at\u00e9 2027, de acordo com o portal Statista.com. O mercado de pele vegana \u00e9 a for\u00e7a motriz da ind\u00fastria, especialmente tendo em conta os avan\u00e7os tecnol\u00f3gicos que permitem o aperfei\u00e7oamento de novos materiais e aumentam o tempo de vida \u00fatil da pele vegana. Em vez de pele \u00e0 base de pl\u00e1stico, cada vez mais vemos tecidos naturais e mais sustent\u00e1veis de origens t\u00e3o diversas quanto folhas de ananaseiro, levedura fermentada, subprodutos da ind\u00fastria vin\u00edcola e cogumelos. Est\u00e3o tamb\u00e9m a ser desenvolvidas alternativas \u00e0 l\u00e3 e \u00e0 seda, atrav\u00e9s de fibras de celulose, bem como v\u00e1rios materiais reutilizados a serem convertidos em roupa de desporto vegana, cada vez mais popular.<\/p>\n\n\n\n<p>Por \u00faltimo, mas n\u00e3o menos importante, n\u00e3o se trata apenas de vestu\u00e1rio, bolsas e cal\u00e7ado. Outras ind\u00fastrias n\u00e3o alimentares tamb\u00e9m s\u00e3o desafiadas e motivadas a criar produtos veganos livres de crueldade (livros, joias, velas). O selo de produto vegetariano ou vegano \u00e9 visto como um argumento extra de venda e de diferencia\u00e7\u00e3o. Tamb\u00e9m ajuda os consumidores a descartar as op\u00e7\u00f5es irrelevantes e a encontrar vestu\u00e1rio de confian\u00e7a e sustent\u00e1vel em p\u00e1ginas de com\u00e9rcio eletr\u00f3nico ou em lojas f\u00edsicas.<\/p>\n\n\n\n<div class=\"wp-block-buttons is-content-justification-center is-layout-flex wp-container-core-buttons-is-layout-16018d1d wp-block-buttons-is-layout-flex\">\n<div class=\"wp-block-button\"><a class=\"wp-block-button__link wp-element-button\" href=\"https:\/\/www.v-label.com\/br\/obtenha-o-selo-v-label\/\">Obtenha o selo V-Label<\/a><\/div>\n<\/div>\n","protected":false},"excerpt":{"rendered":"<p>A moda vegana e livre de crueldade, uma ind\u00fastria em crescimento nos pr\u00f3ximos anos, \u00e9 j\u00e1 considerada interessante e glamorosa. Em 2019, o mercado mundial da moda vegana feminina teve uma avalia\u00e7\u00e3o de 396,3 mil milh\u00f5es de d\u00f3lares e deve crescer a uma taxa de 13,6% at\u00e9 2027, de acordo com o portal Statista.com. O [&hellip;]<\/p>\n","protected":false},"author":5,"featured_media":68274,"parent":68071,"menu_order":0,"comment_status":"closed","ping_status":"closed","template":"","meta":{"_acf_changed":false,"_editorskit_title_hidden":false,"_editorskit_reading_time":0,"_editorskit_is_block_options_detached":false,"_editorskit_block_options_position":"{}","inline_featured_image":false,"_uag_custom_page_level_css":"","footnotes":""},"categories":[],"tags":[],"class_list":["post-68272","page","type-page","status-publish","has-post-thumbnail","hentry"],"acf":[],"uagb_featured_image_src":{"full":["https:\/\/www.v-label.com\/wp-content\/uploads\/2022\/12\/v-label-non-food-sectors.jpg",1280,692,false],"thumbnail":["https:\/\/www.v-label.com\/wp-content\/uploads\/2022\/12\/v-label-non-food-sectors-500x270.jpg",500,270,true],"medium":["https:\/\/www.v-label.com\/wp-content\/uploads\/2022\/12\/v-label-non-food-sectors-300x162.jpg",300,162,true],"medium_large":["https:\/\/www.v-label.com\/wp-content\/uploads\/2022\/12\/v-label-non-food-sectors-768x415.jpg",768,415,true],"large":["https:\/\/www.v-label.com\/wp-content\/uploads\/2022\/12\/v-label-non-food-sectors-1024x554.jpg",1024,554,true],"1536x1536":["https:\/\/www.v-label.com\/wp-content\/uploads\/2022\/12\/v-label-non-food-sectors.jpg",1280,692,false],"2048x2048":["https:\/\/www.v-label.com\/wp-content\/uploads\/2022\/12\/v-label-non-food-sectors.jpg",1280,692,false],"preview":["https:\/\/www.v-label.com\/wp-content\/uploads\/2022\/12\/v-label-non-food-sectors-904x692.jpg",904,692,true],"header":["https:\/\/www.v-label.com\/wp-content\/uploads\/2022\/12\/v-label-non-food-sectors.jpg",1280,692,false],"gform-image-choice-sm":["https:\/\/www.v-label.com\/wp-content\/uploads\/2022\/12\/v-label-non-food-sectors.jpg",300,162,false],"gform-image-choice-md":["https:\/\/www.v-label.com\/wp-content\/uploads\/2022\/12\/v-label-non-food-sectors.jpg",400,216,false],"gform-image-choice-lg":["https:\/\/www.v-label.com\/wp-content\/uploads\/2022\/12\/v-label-non-food-sectors.jpg",600,324,false]},"uagb_author_info":{"display_name":"Can Aslan","author_link":"https:\/\/www.v-label.com\/br"},"uagb_comment_info":0,"uagb_excerpt":"A moda vegana e livre de crueldade, uma ind\u00fastria em crescimento nos pr\u00f3ximos anos, \u00e9 j\u00e1 considerada interessante e glamorosa. Em 2019, o mercado mundial da moda vegana feminina teve uma avalia\u00e7\u00e3o de 396,3 mil milh\u00f5es de d\u00f3lares e deve crescer a uma taxa de 13,6% at\u00e9 2027, de acordo com o portal Statista.com. O&hellip;","_links":{"self":[{"href":"https:\/\/www.v-label.com\/br\/wp-json\/wp\/v2\/pages\/68272","targetHints":{"allow":["GET"]}}],"collection":[{"href":"https:\/\/www.v-label.com\/br\/wp-json\/wp\/v2\/pages"}],"about":[{"href":"https:\/\/www.v-label.com\/br\/wp-json\/wp\/v2\/types\/page"}],"author":[{"embeddable":true,"href":"https:\/\/www.v-label.com\/br\/wp-json\/wp\/v2\/users\/5"}],"replies":[{"embeddable":true,"href":"https:\/\/www.v-label.com\/br\/wp-json\/wp\/v2\/comments?post=68272"}],"version-history":[{"count":1,"href":"https:\/\/www.v-label.com\/br\/wp-json\/wp\/v2\/pages\/68272\/revisions"}],"predecessor-version":[{"id":68665,"href":"https:\/\/www.v-label.com\/br\/wp-json\/wp\/v2\/pages\/68272\/revisions\/68665"}],"up":[{"embeddable":true,"href":"https:\/\/www.v-label.com\/br\/wp-json\/wp\/v2\/pages\/68071"}],"wp:featuredmedia":[{"embeddable":true,"href":"https:\/\/www.v-label.com\/br\/wp-json\/wp\/v2\/media\/68274"}],"wp:attachment":[{"href":"https:\/\/www.v-label.com\/br\/wp-json\/wp\/v2\/media?parent=68272"}],"wp:term":[{"taxonomy":"category","embeddable":true,"href":"https:\/\/www.v-label.com\/br\/wp-json\/wp\/v2\/categories?post=68272"},{"taxonomy":"post_tag","embeddable":true,"href":"https:\/\/www.v-label.com\/br\/wp-json\/wp\/v2\/tags?post=68272"}],"curies":[{"name":"wp","href":"https:\/\/api.w.org\/{rel}","templated":true}]}}