{"id":68275,"date":"2022-05-30T16:16:29","date_gmt":"2022-05-30T14:16:29","guid":{"rendered":"https:\/\/www.v-label.com\/informacoes-para-produtores\/vantagens\/"},"modified":"2024-07-09T15:33:29","modified_gmt":"2024-07-09T13:33:29","slug":"vantagens","status":"publish","type":"page","link":"https:\/\/www.v-label.com\/br\/informacoes-para-produtores\/vantagens\/","title":{"rendered":"Vantagens"},"content":{"rendered":"\n<p>Em todo o mundo, as pessoas est\u00e3o a optar cada vez mais por produtos de base vegetal. Esta mudan\u00e7a ocorre pelas mais variadas raz\u00f5es: sa\u00fade ou alergia alimentar, conveni\u00eancia, \u00e9tica, quest\u00f5es ambientais, indulg\u00eancia, ou simplesmente porque os filhos o escolhem. A difus\u00e3o crescente do veganismo tem captado a aten\u00e7\u00e3o de governos e organiza\u00e7\u00f5es. Est\u00e1 a tornar-se cada vez mais evidente que n\u00e3o ser\u00e1 poss\u00edvel alcan\u00e7ar os objetivos definidos pelo acordo clim\u00e1tico de Paris, com o qual quase todos os governos se comprometeram, sem a redu\u00e7\u00e3o do consumo de produtos de origem animal. Estas quest\u00f5es alimentam um ecossistema vital para que os produtores apresentem alternativas inovadoras e sustent\u00e1veis. Obtenha, hoje e nos pr\u00f3ximos anos, um forte dom\u00ednio deste mercado em crescimento com o selo V-Label.<\/p>\n\n\n\n<div class=\"wp-block-media-text is-stacked-on-mobile is-vertically-aligned-center is-image-fill\"><figure class=\"wp-block-media-text__media\" style=\"background-image:url(https:\/\/www.v-label.com\/wp-content\/uploads\/2022\/12\/v-label-consumers-favorite.jpg);background-position:62% 53%\"><img decoding=\"async\" src=\"https:\/\/www.v-label.com\/wp-content\/uploads\/2022\/12\/v-label-consumers-favorite.jpg\" alt=\"\" class=\"wp-image-39649 size-full\"\/><\/figure><div class=\"wp-block-media-text__content\">\n<h3 class=\"wp-block-heading\"><strong><strong><strong><strong>A prefer\u00eancia dos consumidores<\/strong><\/strong><\/strong><\/strong><\/h3>\n\n\n\n<p>Na Alemanha, de acordo com o famoso Selo de Aprova\u00e7\u00e3o Monitor 2020, o V-Label ocupa o 3\u00ba lugar como selo de qualidade alimentar de maior confian\u00e7a e o 8\u00ba lugar como o mais conhecido. Na Uni\u00e3o Europeia, o V-Label \u00e9 agora o selo mais conhecido para identificar produtos vegetarianos e veganos. O selo V-Label j\u00e1 est\u00e1 presente em mais de 70 mil produtos em todo o mundo e possui um vasto apoio na comunidade vegetariana e vegana. Atrav\u00e9s da classifica\u00e7\u00e3o facilmente compreens\u00edvel de produtos vegetarianos ou veganos, o selo V-Label \u00e9 uma forma r\u00e1pida e confi\u00e1vel de indicar \u00e0s pessoas o que est\u00e3o realmente a comprar.<\/p>\n<\/div><\/div>\n\n\n\n<div style=\"height:30px\" aria-hidden=\"true\" class=\"wp-block-spacer\"><\/div>\n\n\n\n<div class=\"wp-block-media-text is-stacked-on-mobile is-vertically-aligned-center is-image-fill\"><figure class=\"wp-block-media-text__media\" style=\"background-image:url(https:\/\/www.v-label.com\/wp-content\/uploads\/2022\/12\/v-label-global-recognition.jpg);background-position:50% 50%\"><img decoding=\"async\" width=\"1280\" height=\"959\" src=\"https:\/\/www.v-label.com\/wp-content\/uploads\/2022\/12\/v-label-global-recognition.jpg\" alt=\"\" class=\"wp-image-17595 size-full\" srcset=\"https:\/\/www.v-label.com\/wp-content\/uploads\/2022\/12\/v-label-global-recognition.jpg 1280w, https:\/\/www.v-label.com\/wp-content\/uploads\/2022\/12\/v-label-global-recognition-300x225.jpg 300w, https:\/\/www.v-label.com\/wp-content\/uploads\/2022\/12\/v-label-global-recognition-1024x767.jpg 1024w, https:\/\/www.v-label.com\/wp-content\/uploads\/2022\/12\/v-label-global-recognition-500x375.jpg 500w, https:\/\/www.v-label.com\/wp-content\/uploads\/2022\/12\/v-label-global-recognition-768x575.jpg 768w\" sizes=\"(max-width: 1280px) 100vw, 1280px\" \/><\/figure><div class=\"wp-block-media-text__content\">\n<h3 class=\"wp-block-heading\"><strong><strong><strong><strong>Mundialmente reconhecida<\/strong><\/strong><\/strong><\/strong><\/h3>\n\n\n\n<p>Fundada h\u00e1 25 anos na Su\u00ed\u00e7a, a marca V-Label conquistou a lideran\u00e7a na valida\u00e7\u00e3o da qualidade dos servi\u00e7os e produtos vegetarianos e veganos. Com a V-Label, obt\u00e9m uma certifica\u00e7\u00e3o \u00fanica, altamente reconhecida em todos os mercados. De Berlim a Buenos Aires, os elementos verdes que emergem no fundo amarelo frequentemente aplicado nas embalagens sustent\u00e1veis dificilmente passam despercebidos a um consumidor consciente.<\/p>\n<\/div><\/div>\n\n\n\n<div style=\"height:30px\" aria-hidden=\"true\" class=\"wp-block-spacer\"><\/div>\n\n\n\n<div class=\"wp-block-media-text is-stacked-on-mobile is-vertically-aligned-center is-image-fill\"><figure class=\"wp-block-media-text__media\" style=\"background-image:url(https:\/\/www.v-label.com\/wp-content\/uploads\/2022\/12\/v-label-business-partnerships.jpg);background-position:50% 50%\"><img decoding=\"async\" width=\"1280\" height=\"853\" src=\"https:\/\/www.v-label.com\/wp-content\/uploads\/2022\/12\/v-label-business-partnerships.jpg\" alt=\"\" class=\"wp-image-17615 size-full\" srcset=\"https:\/\/www.v-label.com\/wp-content\/uploads\/2022\/12\/v-label-business-partnerships.jpg 1280w, https:\/\/www.v-label.com\/wp-content\/uploads\/2022\/12\/v-label-business-partnerships-300x200.jpg 300w, https:\/\/www.v-label.com\/wp-content\/uploads\/2022\/12\/v-label-business-partnerships-1024x682.jpg 1024w, https:\/\/www.v-label.com\/wp-content\/uploads\/2022\/12\/v-label-business-partnerships-500x333.jpg 500w, https:\/\/www.v-label.com\/wp-content\/uploads\/2022\/12\/v-label-business-partnerships-768x512.jpg 768w\" sizes=\"(max-width: 1280px) 100vw, 1280px\" \/><\/figure><div class=\"wp-block-media-text__content\">\n<h3 class=\"wp-block-heading\"><strong><strong><strong><strong>Parceria comercial<\/strong><\/strong><\/strong><\/strong><\/h3>\n\n\n\n<p>V-Label \u00e9 o \u00fanico selo a n\u00edvel mundial com representantes locais em mais de 50 pa\u00edses e servi\u00e7o ao cliente em mais de 30 l\u00ednguas. A marca V-Label convida-o a embarcar numa viagem cujo destino vai muito al\u00e9m da obten\u00e7\u00e3o de um selo. Imagine as possibilidades se a sua empresa dispusesse das ferramentas necess\u00e1rias para construir um neg\u00f3cio not\u00e1vel, tais como estudos do mercado, an\u00e1lises qualitativas, consultoria de ingredientes, parceiros publicit\u00e1rios, e outras diretrizes\u2026. Encontra-se a lan\u00e7ar um novo produto ou est\u00e1 a entrar no mercado vegano pela primeira vez? Temos o prazer de o fazer entrar em contacto com especialistas (em tecnologia alimentar, direito alimentar, gest\u00e3o de qualidade, cosmetologia, publicidade, biotecnologia, nutri\u00e7\u00e3o, pesquisa de mercado e consumidores, entre outros), bem como com pessoas na ind\u00fastria e comunidade vegana.<\/p>\n<\/div><\/div>\n\n\n\n<div style=\"height:30px\" aria-hidden=\"true\" class=\"wp-block-spacer\"><\/div>\n\n\n\n<div class=\"wp-block-media-text is-stacked-on-mobile is-vertically-aligned-center is-image-fill\"><figure class=\"wp-block-media-text__media\" style=\"background-image:url(https:\/\/www.v-label.com\/wp-content\/uploads\/2022\/12\/v-label-inclusive-approach.jpg);background-position:12% 52%\"><img decoding=\"async\" width=\"1280\" height=\"854\" src=\"https:\/\/www.v-label.com\/wp-content\/uploads\/2022\/12\/v-label-inclusive-approach.jpg\" alt=\"\" class=\"wp-image-17635 size-full\" srcset=\"https:\/\/www.v-label.com\/wp-content\/uploads\/2022\/12\/v-label-inclusive-approach.jpg 1280w, https:\/\/www.v-label.com\/wp-content\/uploads\/2022\/12\/v-label-inclusive-approach-300x200.jpg 300w, https:\/\/www.v-label.com\/wp-content\/uploads\/2022\/12\/v-label-inclusive-approach-1024x683.jpg 1024w, https:\/\/www.v-label.com\/wp-content\/uploads\/2022\/12\/v-label-inclusive-approach-500x334.jpg 500w, https:\/\/www.v-label.com\/wp-content\/uploads\/2022\/12\/v-label-inclusive-approach-768x512.jpg 768w\" sizes=\"(max-width: 1280px) 100vw, 1280px\" \/><\/figure><div class=\"wp-block-media-text__content\">\n<h3 class=\"wp-block-heading\"><strong><strong><strong><strong>Abordagem inclusiva<\/strong><\/strong><\/strong><\/strong><\/h3>\n\n\n\n<p>A marca V-Label serve todos os tipos de neg\u00f3cio, desde novas empresas veganas a empresas internacionais como a Unilever, Nestl\u00e9 ou Danone, ao fornecer uma certifica\u00e7\u00e3o vegetariana e vegana aos produtores, tendo como base verifica\u00e7\u00f5es minuciosas e a gest\u00e3o de qualidade. A V-Label, aliada \u00e0 intelig\u00eancia comercial, \u00e9 uma op\u00e7\u00e3o vi\u00e1vel para empresas que n\u00e3o s\u00e3o predominantemente orientadas para o segmento vegetariano, mas que procuram servir a crescente popula\u00e7\u00e3o flexitariana. N\u00e3o se encontra apenas presente na ind\u00fastria alimentar, mas tamb\u00e9m em mercados como o da moda, cosm\u00e9tica, gastronomia, agentes de limpeza, e muito mais.<\/p>\n<\/div><\/div>\n","protected":false},"excerpt":{"rendered":"<p>Em todo o mundo, as pessoas est\u00e3o a optar cada vez mais por produtos de base vegetal. Esta mudan\u00e7a ocorre pelas mais variadas raz\u00f5es: sa\u00fade ou alergia alimentar, conveni\u00eancia, \u00e9tica, quest\u00f5es ambientais, indulg\u00eancia, ou simplesmente porque os filhos o escolhem. A difus\u00e3o crescente do veganismo tem captado a aten\u00e7\u00e3o de governos e organiza\u00e7\u00f5es. Est\u00e1 a [&hellip;]<\/p>\n","protected":false},"author":5,"featured_media":68276,"parent":68078,"menu_order":0,"comment_status":"closed","ping_status":"closed","template":"","meta":{"_acf_changed":false,"_editorskit_title_hidden":false,"_editorskit_reading_time":0,"_editorskit_is_block_options_detached":false,"_editorskit_block_options_position":"{}","inline_featured_image":false,"_uag_custom_page_level_css":"","footnotes":""},"categories":[],"tags":[],"class_list":["post-68275","page","type-page","status-publish","has-post-thumbnail","hentry"],"acf":[],"uagb_featured_image_src":{"full":["https:\/\/www.v-label.com\/wp-content\/uploads\/2022\/12\/v-label-benefits.jpg",1280,878,false],"thumbnail":["https:\/\/www.v-label.com\/wp-content\/uploads\/2022\/12\/v-label-benefits-500x343.jpg",500,343,true],"medium":["https:\/\/www.v-label.com\/wp-content\/uploads\/2022\/12\/v-label-benefits-300x206.jpg",300,206,true],"medium_large":["https:\/\/www.v-label.com\/wp-content\/uploads\/2022\/12\/v-label-benefits-768x527.jpg",768,527,true],"large":["https:\/\/www.v-label.com\/wp-content\/uploads\/2022\/12\/v-label-benefits-1024x702.jpg",1024,702,true],"1536x1536":["https:\/\/www.v-label.com\/wp-content\/uploads\/2022\/12\/v-label-benefits.jpg",1280,878,false],"2048x2048":["https:\/\/www.v-label.com\/wp-content\/uploads\/2022\/12\/v-label-benefits.jpg",1280,878,false],"preview":["https:\/\/www.v-label.com\/wp-content\/uploads\/2022\/12\/v-label-benefits-904x720.jpg",904,720,true],"header":["https:\/\/www.v-label.com\/wp-content\/uploads\/2022\/12\/v-label-benefits-1280x720.jpg",1280,720,true],"gform-image-choice-sm":["https:\/\/www.v-label.com\/wp-content\/uploads\/2022\/12\/v-label-benefits.jpg",300,206,false],"gform-image-choice-md":["https:\/\/www.v-label.com\/wp-content\/uploads\/2022\/12\/v-label-benefits.jpg",400,274,false],"gform-image-choice-lg":["https:\/\/www.v-label.com\/wp-content\/uploads\/2022\/12\/v-label-benefits.jpg",600,412,false]},"uagb_author_info":{"display_name":"Can Aslan","author_link":"https:\/\/www.v-label.com\/br"},"uagb_comment_info":0,"uagb_excerpt":"Em todo o mundo, as pessoas est\u00e3o a optar cada vez mais por produtos de base vegetal. Esta mudan\u00e7a ocorre pelas mais variadas raz\u00f5es: sa\u00fade ou alergia alimentar, conveni\u00eancia, \u00e9tica, quest\u00f5es ambientais, indulg\u00eancia, ou simplesmente porque os filhos o escolhem. A difus\u00e3o crescente do veganismo tem captado a aten\u00e7\u00e3o de governos e organiza\u00e7\u00f5es. Est\u00e1 a&hellip;","_links":{"self":[{"href":"https:\/\/www.v-label.com\/br\/wp-json\/wp\/v2\/pages\/68275","targetHints":{"allow":["GET"]}}],"collection":[{"href":"https:\/\/www.v-label.com\/br\/wp-json\/wp\/v2\/pages"}],"about":[{"href":"https:\/\/www.v-label.com\/br\/wp-json\/wp\/v2\/types\/page"}],"author":[{"embeddable":true,"href":"https:\/\/www.v-label.com\/br\/wp-json\/wp\/v2\/users\/5"}],"replies":[{"embeddable":true,"href":"https:\/\/www.v-label.com\/br\/wp-json\/wp\/v2\/comments?post=68275"}],"version-history":[{"count":1,"href":"https:\/\/www.v-label.com\/br\/wp-json\/wp\/v2\/pages\/68275\/revisions"}],"predecessor-version":[{"id":83932,"href":"https:\/\/www.v-label.com\/br\/wp-json\/wp\/v2\/pages\/68275\/revisions\/83932"}],"up":[{"embeddable":true,"href":"https:\/\/www.v-label.com\/br\/wp-json\/wp\/v2\/pages\/68078"}],"wp:featuredmedia":[{"embeddable":true,"href":"https:\/\/www.v-label.com\/br\/wp-json\/wp\/v2\/media\/68276"}],"wp:attachment":[{"href":"https:\/\/www.v-label.com\/br\/wp-json\/wp\/v2\/media?parent=68275"}],"wp:term":[{"taxonomy":"category","embeddable":true,"href":"https:\/\/www.v-label.com\/br\/wp-json\/wp\/v2\/categories?post=68275"},{"taxonomy":"post_tag","embeddable":true,"href":"https:\/\/www.v-label.com\/br\/wp-json\/wp\/v2\/tags?post=68275"}],"curies":[{"name":"wp","href":"https:\/\/api.w.org\/{rel}","templated":true}]}}