{"id":68277,"date":"2022-05-30T16:17:14","date_gmt":"2022-05-30T14:17:14","guid":{"rendered":"https:\/\/www.v-label.com\/recursos\/"},"modified":"2022-05-30T16:17:14","modified_gmt":"2022-05-30T14:17:14","slug":"recursos","status":"publish","type":"page","link":"https:\/\/www.v-label.com\/br\/recursos\/","title":{"rendered":"Recursos"},"content":{"rendered":"\n<h2 class=\"has-text-align-center wp-block-heading\">Recursos Gratuitos de Informa\u00e7\u00f5es para Empresas e Consumidores<\/h2>\n\n<h3 class=\"has-text-align-center wp-block-heading\">V-Label Bites, estudos de consumidores, artigos B2B, e muito mais para o ajudar a crescer.<\/h3>\n\n<div class=\"wp-block-media-text is-stacked-on-mobile is-image-fill\"><figure class=\"wp-block-media-text__media\" style=\"background-image:url(https:\/\/www.v-label.com\/wp-content\/uploads\/2022\/09\/case-study-1-1-1024x768.jpg);background-position:50% 50%\"><img decoding=\"async\" width=\"1024\" height=\"768\" src=\"https:\/\/www.v-label.com\/wp-content\/uploads\/2022\/09\/case-study-1-1-1024x768.jpg\" alt=\"\" class=\"wp-image-1843 size-large\" srcset=\"https:\/\/www.v-label.com\/wp-content\/uploads\/2022\/09\/case-study-1-1-1024x768.jpg 1024w, https:\/\/www.v-label.com\/wp-content\/uploads\/2022\/09\/case-study-1-1-300x225.jpg 300w, https:\/\/www.v-label.com\/wp-content\/uploads\/2022\/09\/case-study-1-1-768x576.jpg 768w, https:\/\/www.v-label.com\/wp-content\/uploads\/2022\/09\/case-study-1-1-1536x1152.jpg 1536w, https:\/\/www.v-label.com\/wp-content\/uploads\/2022\/09\/case-study-1-1.jpg 2000w\" sizes=\"(max-width: 1024px) 100vw, 1024px\" \/><\/figure><div class=\"wp-block-media-text__content\">\n<h3 class=\"wp-block-heading\"><strong>Como \u00e9 que os consumidores conscientes fazem compras em 2020?<\/strong><\/h3>\n\n\n\n<p>Com uma popula\u00e7\u00e3o crescente de veganos, vegetarianos, e flexitarianos, o mercado de base vegetal est\u00e1 em expans\u00e3o global. Prepare-se para deliciar os seus clientes conscientes, aprenda o que eles procuram e o que impulsiona as suas decis\u00f5es no processo de compra. <\/p>\n\n\n\n<div class=\"wp-block-buttons is-layout-flex wp-block-buttons-is-layout-flex\">\n<div class=\"wp-block-button\"><a class=\"wp-block-button__link wp-element-button\" href=\"https:\/\/www.v-label.com\/pt-pt\/case-studies\/\">Saiba mais<\/a><\/div>\n<\/div>\n<\/div><\/div>\n\n<div style=\"height:20px\" aria-hidden=\"true\" class=\"wp-block-spacer\"><\/div>\n\n<div class=\"wp-block-media-text has-media-on-the-right is-stacked-on-mobile is-image-fill\"><div class=\"wp-block-media-text__content\">\n<h3 class=\"wp-block-heading\"><strong><strong>Relat\u00f3rios V-Label<\/strong><\/strong><\/h3>\n\n\n\n<p>Tomar decis\u00f5es informadas \u00e9 fundamental para o sucesso no crescente mercado vegan e vegetariano. Aprofunde-se nas \u00faltimas tend\u00eancias e conhe\u00e7a em detalhe as diferentes categorias de produtos de base vegetal para criar uma estrat\u00e9gia vencedora. <\/p>\n\n\n\n<div class=\"wp-block-buttons is-layout-flex wp-block-buttons-is-layout-flex\">\n<div class=\"wp-block-button\"><a class=\"wp-block-button__link wp-element-button\" href=\"https:\/\/www.v-label.com\/pt-pt\/white-papers\/\">Descarregar os relat\u00f3rios<\/a><\/div>\n<\/div>\n<\/div><figure class=\"wp-block-media-text__media\" style=\"background-image:url(https:\/\/www.v-label.com\/wp-content\/uploads\/2022\/09\/white-papers-all-1-1024x717.png);background-position:50% 50%\"><img decoding=\"async\" width=\"1024\" height=\"717\" src=\"https:\/\/www.v-label.com\/wp-content\/uploads\/2022\/09\/white-papers-all-1-1024x717.png\" alt=\"\" class=\"wp-image-1861 size-large\" srcset=\"https:\/\/www.v-label.com\/wp-content\/uploads\/2022\/09\/white-papers-all-1-1024x717.png 1024w, https:\/\/www.v-label.com\/wp-content\/uploads\/2022\/09\/white-papers-all-1-300x210.png 300w, https:\/\/www.v-label.com\/wp-content\/uploads\/2022\/09\/white-papers-all-1-768x538.png 768w, https:\/\/www.v-label.com\/wp-content\/uploads\/2022\/09\/white-papers-all-1-1536x1075.png 1536w, https:\/\/www.v-label.com\/wp-content\/uploads\/2022\/09\/white-papers-all-1.png 2000w\" sizes=\"(max-width: 1024px) 100vw, 1024px\" \/><\/figure><\/div>\n\n<div style=\"height:20px\" aria-hidden=\"true\" class=\"wp-block-spacer\"><\/div>\n\n<div class=\"wp-block-media-text is-stacked-on-mobile is-image-fill\"><figure class=\"wp-block-media-text__media\" style=\"background-image:url(https:\/\/www.v-label.com\/wp-content\/uploads\/2022\/09\/v-label-bites-1024x640.jpeg);background-position:50% 50%\"><img decoding=\"async\" width=\"1024\" height=\"640\" src=\"https:\/\/www.v-label.com\/wp-content\/uploads\/2022\/09\/v-label-bites-1024x640.jpeg\" alt=\"\" class=\"wp-image-1868 size-large\" srcset=\"https:\/\/www.v-label.com\/wp-content\/uploads\/2022\/09\/v-label-bites-1024x640.jpeg 1024w, https:\/\/www.v-label.com\/wp-content\/uploads\/2022\/09\/v-label-bites-300x188.jpeg 300w, https:\/\/www.v-label.com\/wp-content\/uploads\/2022\/09\/v-label-bites-768x480.jpeg 768w, https:\/\/www.v-label.com\/wp-content\/uploads\/2022\/09\/v-label-bites-1536x960.jpeg 1536w, https:\/\/www.v-label.com\/wp-content\/uploads\/2022\/09\/v-label-bites.jpeg 2048w\" sizes=\"(max-width: 1024px) 100vw, 1024px\" \/><\/figure><div class=\"wp-block-media-text__content\">\n<h3 class=\"wp-block-heading\"><strong><strong><strong>V-Label Bites<\/strong><\/strong><\/strong><\/h3>\n\n\n\n<p>Venha \u00e0 frente do mercado e descubra o que os seus clientes v\u00e3o querer amanh\u00e3. Aprenda sobre as tend\u00eancias que ir\u00e3o moldar o futuro da ind\u00fastria alimentar com as nossas informa\u00e7\u00f5es de f\u00e1cil leitura. <\/p>\n\n\n\n<div class=\"wp-block-buttons is-layout-flex wp-block-buttons-is-layout-flex\">\n<div class=\"wp-block-button\"><a class=\"wp-block-button__link wp-element-button\" href=\"https:\/\/www.v-label.com\/pt-pt\/recursos\/v-label-bites\/\">Obtenha mais bites.<\/a><\/div>\n<\/div>\n<\/div><\/div>\n\n<div style=\"height:20px\" aria-hidden=\"true\" class=\"wp-block-spacer\"><\/div>\n\n<div class=\"wp-block-media-text has-media-on-the-right is-stacked-on-mobile is-image-fill\"><div class=\"wp-block-media-text__content\">\n<h3 class=\"wp-block-heading\"><strong><strong><strong>Blogs B2B V-Label<\/strong><\/strong><\/strong><\/h3>\n\n\n\n<p>N\u00e3o perca nada! Mantenha-se actualizado com o nosso blogue: saiba o que h\u00e1 de novo no mercado vegano e vegetariano, e conhe\u00e7a os nossos \u00faltimos programas e iniciativas como a nossa popular s\u00e9rie de webinars ou os International V-Label Awards. <\/p>\n\n\n\n<div class=\"wp-block-buttons is-layout-flex wp-block-buttons-is-layout-flex\">\n<div class=\"wp-block-button\"><a class=\"wp-block-button__link wp-element-button\" href=\"https:\/\/www.v-label.com\/br\/news\/\">Leia os nossos blogues<\/a><\/div>\n<\/div>\n<\/div><figure class=\"wp-block-media-text__media\" style=\"background-image:url(https:\/\/www.v-label.com\/wp-content\/uploads\/2022\/09\/b2b-blogs-1024x682.jpeg);background-position:50% 50%\"><img decoding=\"async\" width=\"1024\" height=\"682\" src=\"https:\/\/www.v-label.com\/wp-content\/uploads\/2022\/09\/b2b-blogs-1024x682.jpeg\" alt=\"\" class=\"wp-image-1865 size-large\" srcset=\"https:\/\/www.v-label.com\/wp-content\/uploads\/2022\/09\/b2b-blogs-1024x682.jpeg 1024w, https:\/\/www.v-label.com\/wp-content\/uploads\/2022\/09\/b2b-blogs-300x200.jpeg 300w, https:\/\/www.v-label.com\/wp-content\/uploads\/2022\/09\/b2b-blogs-768x512.jpeg 768w, https:\/\/www.v-label.com\/wp-content\/uploads\/2022\/09\/b2b-blogs-1536x1024.jpeg 1536w, https:\/\/www.v-label.com\/wp-content\/uploads\/2022\/09\/b2b-blogs.jpeg 2000w\" sizes=\"(max-width: 1024px) 100vw, 1024px\" \/><\/figure><\/div>\n","protected":false},"excerpt":{"rendered":"<p>Recursos Gratuitos de Informa\u00e7\u00f5es para Empresas e Consumidores V-Label Bites, estudos de consumidores, artigos B2B, e muito mais para o ajudar a crescer.<\/p>\n","protected":false},"author":5,"featured_media":68279,"parent":0,"menu_order":0,"comment_status":"closed","ping_status":"closed","template":"","meta":{"_acf_changed":false,"_editorskit_title_hidden":false,"_editorskit_reading_time":0,"_editorskit_is_block_options_detached":false,"_editorskit_block_options_position":"{}","inline_featured_image":false,"_uag_custom_page_level_css":"","footnotes":""},"categories":[],"tags":[],"class_list":["post-68277","page","type-page","status-publish","has-post-thumbnail","hentry"],"acf":[],"uagb_featured_image_src":{"full":["https:\/\/www.v-label.com\/wp-content\/uploads\/2022\/12\/v-label-resources.jpg",1280,853,false],"thumbnail":["https:\/\/www.v-label.com\/wp-content\/uploads\/2022\/12\/v-label-resources-500x333.jpg",500,333,true],"medium":["https:\/\/www.v-label.com\/wp-content\/uploads\/2022\/12\/v-label-resources-300x200.jpg",300,200,true],"medium_large":["https:\/\/www.v-label.com\/wp-content\/uploads\/2022\/12\/v-label-resources-768x512.jpg",768,512,true],"large":["https:\/\/www.v-label.com\/wp-content\/uploads\/2022\/12\/v-label-resources-1024x682.jpg",1024,682,true],"1536x1536":["https:\/\/www.v-label.com\/wp-content\/uploads\/2022\/12\/v-label-resources.jpg",1280,853,false],"2048x2048":["https:\/\/www.v-label.com\/wp-content\/uploads\/2022\/12\/v-label-resources.jpg",1280,853,false],"preview":["https:\/\/www.v-label.com\/wp-content\/uploads\/2022\/12\/v-label-resources-904x720.jpg",904,720,true],"header":["https:\/\/www.v-label.com\/wp-content\/uploads\/2022\/12\/v-label-resources-1280x720.jpg",1280,720,true],"gform-image-choice-sm":["https:\/\/www.v-label.com\/wp-content\/uploads\/2022\/12\/v-label-resources.jpg",300,200,false],"gform-image-choice-md":["https:\/\/www.v-label.com\/wp-content\/uploads\/2022\/12\/v-label-resources.jpg",400,267,false],"gform-image-choice-lg":["https:\/\/www.v-label.com\/wp-content\/uploads\/2022\/12\/v-label-resources.jpg",600,400,false]},"uagb_author_info":{"display_name":"Can Aslan","author_link":"https:\/\/www.v-label.com\/br"},"uagb_comment_info":0,"uagb_excerpt":"Recursos Gratuitos de Informa\u00e7\u00f5es para Empresas e Consumidores V-Label Bites, estudos de consumidores, artigos B2B, e muito mais para o ajudar a crescer.","_links":{"self":[{"href":"https:\/\/www.v-label.com\/br\/wp-json\/wp\/v2\/pages\/68277","targetHints":{"allow":["GET"]}}],"collection":[{"href":"https:\/\/www.v-label.com\/br\/wp-json\/wp\/v2\/pages"}],"about":[{"href":"https:\/\/www.v-label.com\/br\/wp-json\/wp\/v2\/types\/page"}],"author":[{"embeddable":true,"href":"https:\/\/www.v-label.com\/br\/wp-json\/wp\/v2\/users\/5"}],"replies":[{"embeddable":true,"href":"https:\/\/www.v-label.com\/br\/wp-json\/wp\/v2\/comments?post=68277"}],"version-history":[{"count":0,"href":"https:\/\/www.v-label.com\/br\/wp-json\/wp\/v2\/pages\/68277\/revisions"}],"wp:featuredmedia":[{"embeddable":true,"href":"https:\/\/www.v-label.com\/br\/wp-json\/wp\/v2\/media\/68279"}],"wp:attachment":[{"href":"https:\/\/www.v-label.com\/br\/wp-json\/wp\/v2\/media?parent=68277"}],"wp:term":[{"taxonomy":"category","embeddable":true,"href":"https:\/\/www.v-label.com\/br\/wp-json\/wp\/v2\/categories?post=68277"},{"taxonomy":"post_tag","embeddable":true,"href":"https:\/\/www.v-label.com\/br\/wp-json\/wp\/v2\/tags?post=68277"}],"curies":[{"name":"wp","href":"https:\/\/api.w.org\/{rel}","templated":true}]}}