{"id":68314,"date":"2022-05-30T16:16:01","date_gmt":"2022-05-30T14:16:01","guid":{"rendered":"https:\/\/www.v-label.com\/informacao-geral-para-consumidores\/"},"modified":"2023-07-20T11:22:06","modified_gmt":"2023-07-20T09:22:06","slug":"informacao-geral-para-consumidores","status":"publish","type":"page","link":"https:\/\/www.v-label.com\/br\/informacao-geral-para-consumidores\/","title":{"rendered":"Informa\u00e7\u00e3o Geral"},"content":{"rendered":"\n<h2 class=\"wp-block-heading has-text-align-center\"><strong>Informa\u00e7\u00e3o para consumidores<\/strong><\/h2>\n\n\n\n<p>\u00c9 vegano, vegetariano, flexitariano, est\u00e1 a tentar diminuir o consumo de comida de origem animal, ou tem apenas curiosidade? Se est\u00e1 a visitar esta p\u00e1gina, \u00e9 prov\u00e1vel que procure um mundo justo, sustent\u00e1vel (e saboroso!). Estamos consigo! A nossa forma de contribuir para esse futuro passa pela difus\u00e3o e f\u00e1cil reconhecimento dos produtos vegetarianos e veganos.<\/p>\n\n\n\n<p>V-Label, um selo reconhecido a n\u00edvel internacional que tem como objetivo identificar os servi\u00e7os e produtos vegetarianos e veganos minuciosamente verificados, \u00e9 o seu maior aliado para viver um estilo de vida &#8220;plant-based&#8221;, com uma compra consciente de cada vez.<\/p>\n\n\n\n<p>Um guia quotidiano simples e de f\u00e1cil compreens\u00e3o, o selo V-Label poupa-lhe tempo e acaba com a indecis\u00e3o. Procure o s\u00edmbolo amarelo da pr\u00f3xima vez que for \u00e0s compras: saber\u00e1 \u00e0 primeira vista que produtos s\u00e3o reconhecidos pela V-Label e seguros de comprar!<\/p>\n\n\n\n<p><strong>Fi\u00e1vel e digno de confian\u00e7a.<\/strong> Quando compra um servi\u00e7o ou produto com o selo V-Label, pode contar com a aplica\u00e7\u00e3o justa e internacional de crit\u00e9rios padronizados a produtos vegetarianos e veganos. N\u00e3o precisa de se preocupar com as empresas procederem a uma rotulagem indevida dos produtos em fun\u00e7\u00e3o dos seus crit\u00e9rios arbitr\u00e1rios. A V-Label, fundada na Su\u00ed\u00e7a em 1996, \u00e9 uma das principais refer\u00eancias no setor.<\/p>\n\n\n\n<div class=\"wp-block-buttons is-content-justification-center is-layout-flex wp-container-core-buttons-is-layout-16018d1d wp-block-buttons-is-layout-flex\">\n<div class=\"wp-block-button\"><a class=\"wp-block-button__link wp-element-button\" href=\"https:\/\/www.v-label.com\/br\/denunciar-um-uso-indevido\/\"><strong>Denunciar um uso indevido<\/strong><\/a><\/div>\n<\/div>\n\n\n\n<h3 class=\"wp-block-heading has-text-align-center\"><strong><strong>O que representamos?<\/strong><\/strong><\/h3>\n\n\n\n<p>Quando compra um servi\u00e7o ou produto com o selo V-Label, pode ter a certeza de que:<\/p>\n\n\n\n<ul class=\"wp-block-list\">\n<li>Se estiverem rotulados como veganos, \u00e9 certo que n\u00e3o foram utilizados ingredientes de origem animal em nenhuma fase da produ\u00e7\u00e3o. Os aditivos e aromas tamb\u00e9m foram contemplados na certifica\u00e7\u00e3o. As an\u00e1lises n\u00e3o ficaram pela lista de ingredientes, tendo sido examinadas subst\u00e2ncias que n\u00e3o t\u00eam de ser indicadas, tais como meios de cultura biotecnol\u00f3gicos e adjuvantes tecnol\u00f3gicos. Desta forma, \u00e9 poss\u00edvel ter a certeza de que o sumo de ma\u00e7\u00e3 ou o vinho n\u00e3o foram clarificados com gelatina, que o a\u00e7\u00facar n\u00e3o foi tratado com farinha de osso e o p\u00e3o com ciste\u00edna feita de cerdas de su\u00ednos.<\/li>\n\n\n\n<li>Os produtos certificados apenas podem conter: leite, colostro, ovos postos sem o uso de gaiolas, mel, cera de abelhas, pr\u00f3polis ou suarda e subst\u00e2ncias gordas dela derivadas.<\/li>\n\n\n\n<li>Todas as fases de produ\u00e7\u00e3o devem ser desenvolvidas de modo a que a presen\u00e7a involunt\u00e1ria de subst\u00e2ncias n\u00e3o vegetarianas ou n\u00e3o veganas seja reduzida ao m\u00ednimo no produto final.<\/li>\n\n\n\n<li>Testes em animais de qualquer tipo n\u00e3o devem ter sido nem devem ser realizados para obter o produto final ou ingredientes individuais, aditivos ou outras subst\u00e2ncias utilizadas durante o processo, se desenvolvidas para o produto final.<\/li>\n<\/ul>\n\n\n\n<p>Por \u00faltimo, mas n\u00e3o menos importante, a maioria das receitas geradas atrav\u00e9s das taxas de licen\u00e7a serve de financiamento para v\u00e1rios projetos e organiza\u00e7\u00f5es n\u00e3o-governamentais defensoras do veganismo e dos direitos dos animais.<\/p>\n\n\n\n<div class=\"wp-block-columns are-vertically-aligned-center is-layout-flex wp-container-core-columns-is-layout-9d6595d7 wp-block-columns-is-layout-flex\">\n<div class=\"wp-block-column is-vertically-aligned-center is-layout-flow wp-block-column-is-layout-flow\">\n<figure class=\"wp-block-image size-full\"><img decoding=\"async\" width=\"720\" height=\"497\" src=\"https:\/\/www.v-label.com\/wp-content\/uploads\/2022\/09\/b2b-info-page-2.webp\" alt=\"\" class=\"wp-image-879\" srcset=\"https:\/\/www.v-label.com\/wp-content\/uploads\/2022\/09\/b2b-info-page-2.webp 720w, https:\/\/www.v-label.com\/wp-content\/uploads\/2022\/09\/b2b-info-page-2-300x207.webp 300w\" sizes=\"(max-width: 720px) 100vw, 720px\" \/><\/figure>\n<\/div>\n\n\n\n<div class=\"wp-block-column is-vertically-aligned-center is-layout-flow wp-block-column-is-layout-flow\">\n<figure class=\"wp-block-image size-full\"><img decoding=\"async\" width=\"720\" height=\"482\" src=\"https:\/\/www.v-label.com\/wp-content\/uploads\/2022\/09\/b2b-info-page-1.webp\" alt=\"\" class=\"wp-image-876\" srcset=\"https:\/\/www.v-label.com\/wp-content\/uploads\/2022\/09\/b2b-info-page-1.webp 720w, https:\/\/www.v-label.com\/wp-content\/uploads\/2022\/09\/b2b-info-page-1-300x201.webp 300w\" sizes=\"(max-width: 720px) 100vw, 720px\" \/><\/figure>\n<\/div>\n\n\n\n<div class=\"wp-block-column is-vertically-aligned-center is-layout-flow wp-block-column-is-layout-flow\">\n<figure class=\"wp-block-image size-full\"><img decoding=\"async\" width=\"720\" height=\"482\" src=\"https:\/\/www.v-label.com\/wp-content\/uploads\/2022\/09\/b2b-info-page-3.webp\" alt=\"\" class=\"wp-image-860\" srcset=\"https:\/\/www.v-label.com\/wp-content\/uploads\/2022\/09\/b2b-info-page-3.webp 720w, https:\/\/www.v-label.com\/wp-content\/uploads\/2022\/09\/b2b-info-page-3-300x201.webp 300w\" sizes=\"(max-width: 720px) 100vw, 720px\" \/><\/figure>\n<\/div>\n<\/div>\n","protected":false},"excerpt":{"rendered":"<p>Informa\u00e7\u00e3o para consumidores \u00c9 vegano, vegetariano, flexitariano, est\u00e1 a tentar diminuir o consumo de comida de origem animal, ou tem apenas curiosidade? Se est\u00e1 a visitar esta p\u00e1gina, \u00e9 prov\u00e1vel que procure um mundo justo, sustent\u00e1vel (e saboroso!). Estamos consigo! A nossa forma de contribuir para esse futuro passa pela difus\u00e3o e f\u00e1cil reconhecimento dos [&hellip;]<\/p>\n","protected":false},"author":5,"featured_media":68315,"parent":0,"menu_order":0,"comment_status":"closed","ping_status":"closed","template":"","meta":{"_acf_changed":false,"_editorskit_title_hidden":false,"_editorskit_reading_time":0,"_editorskit_is_block_options_detached":false,"_editorskit_block_options_position":"{}","inline_featured_image":false,"_uag_custom_page_level_css":"","footnotes":""},"categories":[],"tags":[],"class_list":["post-68314","page","type-page","status-publish","has-post-thumbnail","hentry"],"acf":[],"uagb_featured_image_src":{"full":["https:\/\/www.v-label.com\/wp-content\/uploads\/2022\/12\/v-label-general-info-consumers.jpg",1280,738,false],"thumbnail":["https:\/\/www.v-label.com\/wp-content\/uploads\/2022\/12\/v-label-general-info-consumers-500x288.jpg",500,288,true],"medium":["https:\/\/www.v-label.com\/wp-content\/uploads\/2022\/12\/v-label-general-info-consumers-300x173.jpg",300,173,true],"medium_large":["https:\/\/www.v-label.com\/wp-content\/uploads\/2022\/12\/v-label-general-info-consumers-768x443.jpg",768,443,true],"large":["https:\/\/www.v-label.com\/wp-content\/uploads\/2022\/12\/v-label-general-info-consumers-1024x590.jpg",1024,590,true],"1536x1536":["https:\/\/www.v-label.com\/wp-content\/uploads\/2022\/12\/v-label-general-info-consumers.jpg",1280,738,false],"2048x2048":["https:\/\/www.v-label.com\/wp-content\/uploads\/2022\/12\/v-label-general-info-consumers.jpg",1280,738,false],"preview":["https:\/\/www.v-label.com\/wp-content\/uploads\/2022\/12\/v-label-general-info-consumers-904x720.jpg",904,720,true],"header":["https:\/\/www.v-label.com\/wp-content\/uploads\/2022\/12\/v-label-general-info-consumers-1280x720.jpg",1280,720,true],"gform-image-choice-sm":["https:\/\/www.v-label.com\/wp-content\/uploads\/2022\/12\/v-label-general-info-consumers.jpg",300,173,false],"gform-image-choice-md":["https:\/\/www.v-label.com\/wp-content\/uploads\/2022\/12\/v-label-general-info-consumers.jpg",400,231,false],"gform-image-choice-lg":["https:\/\/www.v-label.com\/wp-content\/uploads\/2022\/12\/v-label-general-info-consumers.jpg",600,346,false]},"uagb_author_info":{"display_name":"Can Aslan","author_link":"https:\/\/www.v-label.com\/br"},"uagb_comment_info":0,"uagb_excerpt":"Informa\u00e7\u00e3o para consumidores \u00c9 vegano, vegetariano, flexitariano, est\u00e1 a tentar diminuir o consumo de comida de origem animal, ou tem apenas curiosidade? Se est\u00e1 a visitar esta p\u00e1gina, \u00e9 prov\u00e1vel que procure um mundo justo, sustent\u00e1vel (e saboroso!). Estamos consigo! A nossa forma de contribuir para esse futuro passa pela difus\u00e3o e f\u00e1cil reconhecimento dos&hellip;","_links":{"self":[{"href":"https:\/\/www.v-label.com\/br\/wp-json\/wp\/v2\/pages\/68314","targetHints":{"allow":["GET"]}}],"collection":[{"href":"https:\/\/www.v-label.com\/br\/wp-json\/wp\/v2\/pages"}],"about":[{"href":"https:\/\/www.v-label.com\/br\/wp-json\/wp\/v2\/types\/page"}],"author":[{"embeddable":true,"href":"https:\/\/www.v-label.com\/br\/wp-json\/wp\/v2\/users\/5"}],"replies":[{"embeddable":true,"href":"https:\/\/www.v-label.com\/br\/wp-json\/wp\/v2\/comments?post=68314"}],"version-history":[{"count":1,"href":"https:\/\/www.v-label.com\/br\/wp-json\/wp\/v2\/pages\/68314\/revisions"}],"predecessor-version":[{"id":68316,"href":"https:\/\/www.v-label.com\/br\/wp-json\/wp\/v2\/pages\/68314\/revisions\/68316"}],"wp:featuredmedia":[{"embeddable":true,"href":"https:\/\/www.v-label.com\/br\/wp-json\/wp\/v2\/media\/68315"}],"wp:attachment":[{"href":"https:\/\/www.v-label.com\/br\/wp-json\/wp\/v2\/media?parent=68314"}],"wp:term":[{"taxonomy":"category","embeddable":true,"href":"https:\/\/www.v-label.com\/br\/wp-json\/wp\/v2\/categories?post=68314"},{"taxonomy":"post_tag","embeddable":true,"href":"https:\/\/www.v-label.com\/br\/wp-json\/wp\/v2\/tags?post=68314"}],"curies":[{"name":"wp","href":"https:\/\/api.w.org\/{rel}","templated":true}]}}