{"id":11281,"date":"2022-09-13T11:05:29","date_gmt":"2022-09-13T09:05:29","guid":{"rendered":"https:\/\/www.v-label.com\/general-information\/certified-products\/dairy-alternatives\/"},"modified":"2022-12-12T09:30:23","modified_gmt":"2022-12-12T08:30:23","slug":"dairy-alternatives","status":"publish","type":"page","link":"https:\/\/www.v-label.com\/bs\/general-information\/certified-products\/dairy-alternatives\/","title":{"rendered":"Mlije\u010dne Alternative"},"content":{"rendered":"\n<p>Prelazak sa soje na mlijeka od zobi, badema i kokosa je predstavljao samo po\u010detak revolucije biljnih mlije\u010dnih proizvoda. Izaberite po Va\u0161oj \u017eelji: jogurti uobi\u010dajene ponude, od gr\u010dkog, do onog za pi\u0107e. Ukusni sladoledi koji ne zaga\u0111uju planetu, puteri i namazi za Va\u0161 doru\u010dak i kri\u0161ka sira na kraju!<\/p>\n\n\n\n<div class=\"wp-block-columns are-vertically-aligned-center is-layout-flex wp-container-core-columns-is-layout-9d6595d7 wp-block-columns-is-layout-flex\">\n<div class=\"wp-block-column is-vertically-aligned-center is-layout-flow wp-block-column-is-layout-flow\">\n<figure class=\"wp-block-image aligncenter size-medium\"><a href=\"https:\/\/www.biona.ba\/\" target=\"_blank\" rel=\"noreferrer noopener\"><img decoding=\"async\" src=\"https:\/\/www.v-label.com\/wp-content\/uploads\/2022\/12\/biona-logo-208x300.png\" alt=\"\" class=\"wp-image-11257\"\/><\/a><\/figure>\n<\/div>\n\n\n\n<div class=\"wp-block-column is-vertically-aligned-center is-layout-flow wp-block-column-is-layout-flow\">\n<figure class=\"wp-block-image aligncenter size-medium\"><a href=\"https:\/\/www.instagram.com\/izaberite_zdravlje\/?hl=en\" target=\"_blank\" rel=\"noreferrer noopener\"><img decoding=\"async\" src=\"https:\/\/www.v-label.com\/wp-content\/uploads\/2022\/12\/nuts-and-seeds-vz-logo-v-label-300x280.png\" alt=\"\" class=\"wp-image-11236\"\/><\/a><\/figure>\n<\/div>\n<\/div>\n","protected":false},"excerpt":{"rendered":"<p>Prelazak sa soje na mlijeka od zobi, badema i kokosa je predstavljao samo po\u010detak revolucije biljnih mlije\u010dnih proizvoda. Izaberite po Va\u0161oj \u017eelji: jogurti uobi\u010dajene ponude, od gr\u010dkog, do onog za pi\u0107e. Ukusni sladoledi koji ne zaga\u0111uju planetu, puteri i namazi za Va\u0161 doru\u010dak i kri\u0161ka sira na kraju!<\/p>\n","protected":false},"author":5,"featured_media":17875,"parent":8511,"menu_order":0,"comment_status":"closed","ping_status":"closed","template":"","meta":{"_acf_changed":false,"_editorskit_title_hidden":false,"_editorskit_reading_time":0,"_editorskit_is_block_options_detached":false,"_editorskit_block_options_position":"{}","inline_featured_image":false,"_uag_custom_page_level_css":"","footnotes":""},"categories":[],"tags":[],"class_list":["post-11281","page","type-page","status-publish","has-post-thumbnail","hentry"],"acf":[],"uagb_featured_image_src":{"full":["https:\/\/www.v-label.com\/wp-content\/uploads\/2022\/12\/milk-alternatives-1280.jpg",1280,853,false],"thumbnail":["https:\/\/www.v-label.com\/wp-content\/uploads\/2022\/12\/milk-alternatives-1280-500x333.jpg",500,333,true],"medium":["https:\/\/www.v-label.com\/wp-content\/uploads\/2022\/12\/milk-alternatives-1280-300x200.jpg",300,200,true],"medium_large":["https:\/\/www.v-label.com\/wp-content\/uploads\/2022\/12\/milk-alternatives-1280-768x512.jpg",768,512,true],"large":["https:\/\/www.v-label.com\/wp-content\/uploads\/2022\/12\/milk-alternatives-1280-1024x682.jpg",1024,682,true],"1536x1536":["https:\/\/www.v-label.com\/wp-content\/uploads\/2022\/12\/milk-alternatives-1280.jpg",1280,853,false],"2048x2048":["https:\/\/www.v-label.com\/wp-content\/uploads\/2022\/12\/milk-alternatives-1280.jpg",1280,853,false],"preview":["https:\/\/www.v-label.com\/wp-content\/uploads\/2022\/12\/milk-alternatives-1280-904x720.jpg",904,720,true],"header":["https:\/\/www.v-label.com\/wp-content\/uploads\/2022\/12\/milk-alternatives-1280-1280x720.jpg",1280,720,true],"gform-image-choice-sm":["https:\/\/www.v-label.com\/wp-content\/uploads\/2022\/12\/milk-alternatives-1280.jpg",300,200,false],"gform-image-choice-md":["https:\/\/www.v-label.com\/wp-content\/uploads\/2022\/12\/milk-alternatives-1280.jpg",400,267,false],"gform-image-choice-lg":["https:\/\/www.v-label.com\/wp-content\/uploads\/2022\/12\/milk-alternatives-1280.jpg",600,400,false]},"uagb_author_info":{"display_name":"Can Aslan","author_link":"https:\/\/www.v-label.com\/bs"},"uagb_comment_info":0,"uagb_excerpt":"Prelazak sa soje na mlijeka od zobi, badema i kokosa je predstavljao samo po\u010detak revolucije biljnih mlije\u010dnih proizvoda. Izaberite po Va\u0161oj \u017eelji: jogurti uobi\u010dajene ponude, od gr\u010dkog, do onog za pi\u0107e. Ukusni sladoledi koji ne zaga\u0111uju planetu, puteri i namazi za Va\u0161 doru\u010dak i kri\u0161ka sira na kraju!","_links":{"self":[{"href":"https:\/\/www.v-label.com\/bs\/wp-json\/wp\/v2\/pages\/11281","targetHints":{"allow":["GET"]}}],"collection":[{"href":"https:\/\/www.v-label.com\/bs\/wp-json\/wp\/v2\/pages"}],"about":[{"href":"https:\/\/www.v-label.com\/bs\/wp-json\/wp\/v2\/types\/page"}],"author":[{"embeddable":true,"href":"https:\/\/www.v-label.com\/bs\/wp-json\/wp\/v2\/users\/5"}],"replies":[{"embeddable":true,"href":"https:\/\/www.v-label.com\/bs\/wp-json\/wp\/v2\/comments?post=11281"}],"version-history":[{"count":1,"href":"https:\/\/www.v-label.com\/bs\/wp-json\/wp\/v2\/pages\/11281\/revisions"}],"predecessor-version":[{"id":11301,"href":"https:\/\/www.v-label.com\/bs\/wp-json\/wp\/v2\/pages\/11281\/revisions\/11301"}],"up":[{"embeddable":true,"href":"https:\/\/www.v-label.com\/bs\/wp-json\/wp\/v2\/pages\/8511"}],"wp:featuredmedia":[{"embeddable":true,"href":"https:\/\/www.v-label.com\/bs\/wp-json\/wp\/v2\/media\/17875"}],"wp:attachment":[{"href":"https:\/\/www.v-label.com\/bs\/wp-json\/wp\/v2\/media?parent=11281"}],"wp:term":[{"taxonomy":"category","embeddable":true,"href":"https:\/\/www.v-label.com\/bs\/wp-json\/wp\/v2\/categories?post=11281"},{"taxonomy":"post_tag","embeddable":true,"href":"https:\/\/www.v-label.com\/bs\/wp-json\/wp\/v2\/tags?post=11281"}],"curies":[{"name":"wp","href":"https:\/\/api.w.org\/{rel}","templated":true}]}}