{"id":11407,"date":"2022-09-13T11:06:38","date_gmt":"2022-09-13T09:06:38","guid":{"rendered":"https:\/\/www.v-label.com\/general-information\/certified-products\/sweets\/"},"modified":"2022-12-12T09:49:55","modified_gmt":"2022-12-12T08:49:55","slug":"sweets","status":"publish","type":"page","link":"https:\/\/www.v-label.com\/bs\/general-information\/certified-products\/sweets\/","title":{"rendered":"Slatki\u0161i"},"content":{"rendered":"\n<p>Provjerite da li su Va\u0161e omiljene grickalice zaista vegetarijanske ili veganske i napunite ostavu sa biljnom \u010dokoladom, \u010dokoladicama, biskvitima i \u010dipsom! I \u010dekajte, ima jo\u0161: tr\u017ei\u0161te proizvoda od tijesta treba dr\u017eati na oku, sa veganskim tortama, kroasanima ili \u010dak rolama kobasica koje imaju ukus onih pravih.<\/p>\n\n\n\n<div class=\"wp-block-columns are-vertically-aligned-center is-layout-flex wp-container-core-columns-is-layout-9d6595d7 wp-block-columns-is-layout-flex\">\n<div class=\"wp-block-column is-vertically-aligned-center is-layout-flow wp-block-column-is-layout-flow\">\n<figure class=\"wp-block-image aligncenter size-medium is-resized\"><a href=\"https:\/\/www.mira.ba\/\" target=\"_blank\" rel=\"noreferrer noopener\"><img decoding=\"async\" src=\"https:\/\/www.v-label.com\/wp-content\/uploads\/2022\/12\/mira-logo-300x108.png\" alt=\"\" class=\"wp-image-11386\" width=\"300\" height=\"108\" srcset=\"https:\/\/www.v-label.com\/wp-content\/uploads\/2022\/12\/mira-logo-300x108.png 300w, https:\/\/www.v-label.com\/wp-content\/uploads\/2022\/12\/mira-logo-500x179.png 500w, https:\/\/www.v-label.com\/wp-content\/uploads\/2022\/12\/mira-logo.png 600w\" sizes=\"(max-width: 300px) 100vw, 300px\" \/><\/a><\/figure>\n<\/div>\n<\/div>\n","protected":false},"excerpt":{"rendered":"<p>Provjerite da li su Va\u0161e omiljene grickalice zaista vegetarijanske ili veganske i napunite ostavu sa biljnom \u010dokoladom, \u010dokoladicama, biskvitima i \u010dipsom! I \u010dekajte, ima jo\u0161: tr\u017ei\u0161te proizvoda od tijesta treba dr\u017eati na oku, sa veganskim tortama, kroasanima ili \u010dak rolama kobasica koje imaju ukus onih pravih.<\/p>\n","protected":false},"author":5,"featured_media":17312,"parent":8511,"menu_order":0,"comment_status":"closed","ping_status":"closed","template":"","meta":{"_acf_changed":false,"_editorskit_title_hidden":false,"_editorskit_reading_time":0,"_editorskit_is_block_options_detached":false,"_editorskit_block_options_position":"{}","inline_featured_image":false,"_uag_custom_page_level_css":"","footnotes":""},"categories":[],"tags":[],"class_list":["post-11407","page","type-page","status-publish","has-post-thumbnail","hentry"],"acf":[],"uagb_featured_image_src":{"full":["https:\/\/www.v-label.com\/wp-content\/uploads\/2022\/12\/sweets-1280.jpg",1280,853,false],"thumbnail":["https:\/\/www.v-label.com\/wp-content\/uploads\/2022\/12\/sweets-1280-500x333.jpg",500,333,true],"medium":["https:\/\/www.v-label.com\/wp-content\/uploads\/2022\/12\/sweets-1280-300x200.jpg",300,200,true],"medium_large":["https:\/\/www.v-label.com\/wp-content\/uploads\/2022\/12\/sweets-1280-768x512.jpg",768,512,true],"large":["https:\/\/www.v-label.com\/wp-content\/uploads\/2022\/12\/sweets-1280-1024x682.jpg",1024,682,true],"1536x1536":["https:\/\/www.v-label.com\/wp-content\/uploads\/2022\/12\/sweets-1280.jpg",1280,853,false],"2048x2048":["https:\/\/www.v-label.com\/wp-content\/uploads\/2022\/12\/sweets-1280.jpg",1280,853,false],"preview":["https:\/\/www.v-label.com\/wp-content\/uploads\/2022\/12\/sweets-1280-904x720.jpg",904,720,true],"header":["https:\/\/www.v-label.com\/wp-content\/uploads\/2022\/12\/sweets-1280-1280x720.jpg",1280,720,true],"gform-image-choice-sm":["https:\/\/www.v-label.com\/wp-content\/uploads\/2022\/12\/sweets-1280.jpg",300,200,false],"gform-image-choice-md":["https:\/\/www.v-label.com\/wp-content\/uploads\/2022\/12\/sweets-1280.jpg",400,267,false],"gform-image-choice-lg":["https:\/\/www.v-label.com\/wp-content\/uploads\/2022\/12\/sweets-1280.jpg",600,400,false]},"uagb_author_info":{"display_name":"Can Aslan","author_link":"https:\/\/www.v-label.com\/bs"},"uagb_comment_info":0,"uagb_excerpt":"Provjerite da li su Va\u0161e omiljene grickalice zaista vegetarijanske ili veganske i napunite ostavu sa biljnom \u010dokoladom, \u010dokoladicama, biskvitima i \u010dipsom! I \u010dekajte, ima jo\u0161: tr\u017ei\u0161te proizvoda od tijesta treba dr\u017eati na oku, sa veganskim tortama, kroasanima ili \u010dak rolama kobasica koje imaju ukus onih pravih.","_links":{"self":[{"href":"https:\/\/www.v-label.com\/bs\/wp-json\/wp\/v2\/pages\/11407","targetHints":{"allow":["GET"]}}],"collection":[{"href":"https:\/\/www.v-label.com\/bs\/wp-json\/wp\/v2\/pages"}],"about":[{"href":"https:\/\/www.v-label.com\/bs\/wp-json\/wp\/v2\/types\/page"}],"author":[{"embeddable":true,"href":"https:\/\/www.v-label.com\/bs\/wp-json\/wp\/v2\/users\/5"}],"replies":[{"embeddable":true,"href":"https:\/\/www.v-label.com\/bs\/wp-json\/wp\/v2\/comments?post=11407"}],"version-history":[{"count":1,"href":"https:\/\/www.v-label.com\/bs\/wp-json\/wp\/v2\/pages\/11407\/revisions"}],"predecessor-version":[{"id":11427,"href":"https:\/\/www.v-label.com\/bs\/wp-json\/wp\/v2\/pages\/11407\/revisions\/11427"}],"up":[{"embeddable":true,"href":"https:\/\/www.v-label.com\/bs\/wp-json\/wp\/v2\/pages\/8511"}],"wp:featuredmedia":[{"embeddable":true,"href":"https:\/\/www.v-label.com\/bs\/wp-json\/wp\/v2\/media\/17312"}],"wp:attachment":[{"href":"https:\/\/www.v-label.com\/bs\/wp-json\/wp\/v2\/media?parent=11407"}],"wp:term":[{"taxonomy":"category","embeddable":true,"href":"https:\/\/www.v-label.com\/bs\/wp-json\/wp\/v2\/categories?post=11407"},{"taxonomy":"post_tag","embeddable":true,"href":"https:\/\/www.v-label.com\/bs\/wp-json\/wp\/v2\/tags?post=11407"}],"curies":[{"name":"wp","href":"https:\/\/api.w.org\/{rel}","templated":true}]}}