{"id":7888,"date":"2022-05-30T16:16:14","date_gmt":"2022-05-30T14:16:14","guid":{"rendered":"https:\/\/www.v-label.com\/info-for-producers\/"},"modified":"2024-07-09T14:29:37","modified_gmt":"2024-07-09T12:29:37","slug":"info-for-producers","status":"publish","type":"page","link":"https:\/\/www.v-label.com\/bs\/info-for-producers\/","title":{"rendered":"Poziv proizvo\u0111a\u010dima"},"content":{"rendered":"\n<p>U cijelom svijetu, vi\u0161e od 70.000 proizvoda sa vi\u0161e od 4.800 licenci sada nosi V-Oznaku, pe\u010dat garatirane kvalitete za vegansku i vegetarijansku robu i usluge. Internacionalno priznata oznaka poma\u017ee kupcima iz cijelog svijeta da identificiraju biljne izbore u tren oka.<\/p>\n\n\n\n<h3 class=\"wp-block-heading has-text-align-center has-greenlightultra-background-color has-background\">Ako ste proizvo\u0111a\u010d, ovdje \u0107ete na\u0107i podatke o tome za\u0161to da zatra\u017eite certifikat V-Oznake:<\/h3>\n\n\n\n<p><strong>Osvojite nova tr\u017ei\u0161ta. <\/strong>Sa pola populacije koja sebe smatra fleksiterijancima u dr\u017eavama kao \u0161to su Njema\u010dka, \u0160panija ili Poljska, u porastu je raznolika baza kupaca koji tra\u017ee veganske i vegetarijanske proizvode iz razloga koji su vezani za zdravlje ili etiku.<\/p>\n\n\n\n<p><strong>Pove\u0107ajte vidljivost Va\u0161e firme. <\/strong>Stavite svoje proizvode pred kupce i olak\u0161ajte im pri kupovnom izboru sa visoko kredibilnom i \u0161iroko prepoznatom oznakom.<\/p>\n\n\n\n<p><strong>Zavrijedite povjerenje. <\/strong>Nema potrebe re\u0107i vi\u0161e; V-Oznaka govori za Vas. Reputacija i prepoznatljivost ove oznake kao profesionalnog, neovisnog pe\u010data kvalitata koji postavlja trendove u industiriji se dobro prodaje.<\/p>\n\n\n\n<div class=\"wp-block-buttons is-content-justification-center is-layout-flex wp-container-core-buttons-is-layout-16018d1d wp-block-buttons-is-layout-flex\">\n<div class=\"wp-block-button\"><a class=\"wp-block-button__link wp-element-button\" href=\"https:\/\/www.v-label.com\/bs\/for-business\/get-certified\/\" rel=\"noopener\">Pristupite certifikaciji<\/a><\/div>\n\n\n\n<div class=\"wp-block-button\"><a class=\"wp-block-button__link wp-element-button\" href=\"https:\/\/www.v-label.com\/bs\/for-business\/benefits\/\">Otkrijte vi\u0161e prednosti<\/a><\/div>\n<\/div>\n\n\n\n<div class=\"wp-block-columns are-vertically-aligned-center is-layout-flex wp-container-core-columns-is-layout-9d6595d7 wp-block-columns-is-layout-flex\">\n<div class=\"wp-block-column is-vertically-aligned-center is-layout-flow wp-block-column-is-layout-flow\">\n<figure class=\"wp-block-image size-full\"><img decoding=\"async\" width=\"720\" height=\"482\" src=\"https:\/\/www.v-label.com\/wp-content\/uploads\/2022\/09\/b2b-info-page-1.webp\" alt=\"\" class=\"wp-image-876\" srcset=\"https:\/\/www.v-label.com\/wp-content\/uploads\/2022\/09\/b2b-info-page-1.webp 720w, https:\/\/www.v-label.com\/wp-content\/uploads\/2022\/09\/b2b-info-page-1-300x201.webp 300w\" sizes=\"(max-width: 720px) 100vw, 720px\" \/><\/figure>\n<\/div>\n\n\n\n<div class=\"wp-block-column is-vertically-aligned-center is-layout-flow wp-block-column-is-layout-flow\">\n<figure class=\"wp-block-image size-full\"><img decoding=\"async\" width=\"720\" height=\"497\" src=\"https:\/\/www.v-label.com\/wp-content\/uploads\/2022\/09\/b2b-info-page-2.webp\" alt=\"\" class=\"wp-image-879\" srcset=\"https:\/\/www.v-label.com\/wp-content\/uploads\/2022\/09\/b2b-info-page-2.webp 720w, https:\/\/www.v-label.com\/wp-content\/uploads\/2022\/09\/b2b-info-page-2-300x207.webp 300w\" sizes=\"(max-width: 720px) 100vw, 720px\" \/><\/figure>\n<\/div>\n\n\n\n<div class=\"wp-block-column is-vertically-aligned-center is-layout-flow wp-block-column-is-layout-flow\">\n<figure class=\"wp-block-image size-full\"><img decoding=\"async\" width=\"720\" height=\"482\" src=\"https:\/\/www.v-label.com\/wp-content\/uploads\/2022\/09\/b2b-info-page-3.webp\" alt=\"\" class=\"wp-image-860\" srcset=\"https:\/\/www.v-label.com\/wp-content\/uploads\/2022\/09\/b2b-info-page-3.webp 720w, https:\/\/www.v-label.com\/wp-content\/uploads\/2022\/09\/b2b-info-page-3-300x201.webp 300w\" sizes=\"(max-width: 720px) 100vw, 720px\" \/><\/figure>\n<\/div>\n<\/div>\n\n\n\n<h3 class=\"wp-block-heading\"><strong>Pristupite certifikaciji<\/strong><\/h3>\n\n\n\n<p><strong>Jeste li spremni da pove\u0107ate vidljivost Va\u0161ih veganskih i vegetarijanskih proizvoda?<\/strong> Sa V-Oznakom kupci lako mogu identifikovati Va\u0161e proizvode kao veganske ili vegetarijanske na prvi pogled &#8211; pa \u0107e ih i kupiti bez zadr\u0161ke ili premi\u0161ljanja o njihovoj veganskoj ili vegetarijanskoj kvaliteti.<\/p>\n\n\n\n<p>Sa poslovnog stajali\u0161ta, partnerstvo sa industrijskim liderom kakva je V-Oznaka pove\u0107ava Va\u0161e povjerenje i transparentnost u vegetarijanskom i veganskom ozna\u010davanju. Za Va\u0161e kupce, V-Oznaka je jednostavan i siguran vodi\u0107 koji im poma\u017ee da donesu dobre, odr\u017eive i dosljedne kupovne odluke.<\/p>\n\n\n\n<div class=\"wp-block-buttons alignwide is-content-justification-center is-layout-flex wp-container-core-buttons-is-layout-16018d1d wp-block-buttons-is-layout-flex\">\n<div class=\"wp-block-button\"><a class=\"wp-block-button__link wp-element-button\" href=\"https:\/\/www.v-label.com\/bs\/for-business\/get-certified\/\" rel=\"noopener\">Pristupite certifikaciji za V-Oznaku<\/a><\/div>\n<\/div>\n\n\n\n<h3 class=\"wp-block-heading\"><strong>Kriteriji i \u010desto postavljena pitanja<\/strong><\/h3>\n\n\n\n<p>Na\u0111ite odgovore na neka od pitanja koja mo\u017eda imate o V-Oznaci.<\/p>\n\n\n\n<div class=\"wp-block-buttons alignwide is-content-justification-center is-layout-flex wp-container-core-buttons-is-layout-16018d1d wp-block-buttons-is-layout-flex\">\n<div class=\"wp-block-button\"><a class=\"wp-block-button__link wp-element-button\" href=\"https:\/\/www.v-label.com\/bs\/faqs\/\">Istra\u017eite \u010desto postavljena pitanja<\/a><\/div>\n<\/div>\n","protected":false},"excerpt":{"rendered":"<p>U cijelom svijetu, vi\u0161e od 70.000 proizvoda sa vi\u0161e od 4.800 licenci sada nosi V-Oznaku, pe\u010dat garatirane kvalitete za vegansku i vegetarijansku robu i usluge. Internacionalno priznata oznaka poma\u017ee kupcima iz cijelog svijeta da identificiraju biljne izbore u tren oka. Ako ste proizvo\u0111a\u010d, ovdje \u0107ete na\u0107i podatke o tome za\u0161to da zatra\u017eite certifikat V-Oznake: Osvojite [&hellip;]<\/p>\n","protected":false},"author":5,"featured_media":39750,"parent":0,"menu_order":0,"comment_status":"closed","ping_status":"closed","template":"","meta":{"_acf_changed":false,"_editorskit_title_hidden":false,"_editorskit_reading_time":0,"_editorskit_is_block_options_detached":false,"_editorskit_block_options_position":"{}","inline_featured_image":false,"_uag_custom_page_level_css":"","footnotes":""},"categories":[],"tags":[],"class_list":["post-7888","page","type-page","status-publish","has-post-thumbnail","hentry"],"acf":[],"uagb_featured_image_src":{"full":["https:\/\/www.v-label.com\/wp-content\/uploads\/2022\/12\/v-label-info-for-producers.jpg",1280,870,false],"thumbnail":["https:\/\/www.v-label.com\/wp-content\/uploads\/2022\/12\/v-label-info-for-producers-500x340.jpg",500,340,true],"medium":["https:\/\/www.v-label.com\/wp-content\/uploads\/2022\/12\/v-label-info-for-producers-300x204.jpg",300,204,true],"medium_large":["https:\/\/www.v-label.com\/wp-content\/uploads\/2022\/12\/v-label-info-for-producers-768x522.jpg",768,522,true],"large":["https:\/\/www.v-label.com\/wp-content\/uploads\/2022\/12\/v-label-info-for-producers-1024x696.jpg",1024,696,true],"1536x1536":["https:\/\/www.v-label.com\/wp-content\/uploads\/2022\/12\/v-label-info-for-producers.jpg",1280,870,false],"2048x2048":["https:\/\/www.v-label.com\/wp-content\/uploads\/2022\/12\/v-label-info-for-producers.jpg",1280,870,false],"preview":["https:\/\/www.v-label.com\/wp-content\/uploads\/2022\/12\/v-label-info-for-producers-904x720.jpg",904,720,true],"header":["https:\/\/www.v-label.com\/wp-content\/uploads\/2022\/12\/v-label-info-for-producers-1280x720.jpg",1280,720,true],"gform-image-choice-sm":["https:\/\/www.v-label.com\/wp-content\/uploads\/2022\/12\/v-label-info-for-producers.jpg",300,204,false],"gform-image-choice-md":["https:\/\/www.v-label.com\/wp-content\/uploads\/2022\/12\/v-label-info-for-producers.jpg",400,272,false],"gform-image-choice-lg":["https:\/\/www.v-label.com\/wp-content\/uploads\/2022\/12\/v-label-info-for-producers.jpg",600,408,false]},"uagb_author_info":{"display_name":"Can Aslan","author_link":"https:\/\/www.v-label.com\/bs"},"uagb_comment_info":0,"uagb_excerpt":"U cijelom svijetu, vi\u0161e od 70.000 proizvoda sa vi\u0161e od 4.800 licenci sada nosi V-Oznaku, pe\u010dat garatirane kvalitete za vegansku i vegetarijansku robu i usluge. Internacionalno priznata oznaka poma\u017ee kupcima iz cijelog svijeta da identificiraju biljne izbore u tren oka. Ako ste proizvo\u0111a\u010d, ovdje \u0107ete na\u0107i podatke o tome za\u0161to da zatra\u017eite certifikat V-Oznake: Osvojite&hellip;","_links":{"self":[{"href":"https:\/\/www.v-label.com\/bs\/wp-json\/wp\/v2\/pages\/7888","targetHints":{"allow":["GET"]}}],"collection":[{"href":"https:\/\/www.v-label.com\/bs\/wp-json\/wp\/v2\/pages"}],"about":[{"href":"https:\/\/www.v-label.com\/bs\/wp-json\/wp\/v2\/types\/page"}],"author":[{"embeddable":true,"href":"https:\/\/www.v-label.com\/bs\/wp-json\/wp\/v2\/users\/5"}],"replies":[{"embeddable":true,"href":"https:\/\/www.v-label.com\/bs\/wp-json\/wp\/v2\/comments?post=7888"}],"version-history":[{"count":10,"href":"https:\/\/www.v-label.com\/bs\/wp-json\/wp\/v2\/pages\/7888\/revisions"}],"predecessor-version":[{"id":83828,"href":"https:\/\/www.v-label.com\/bs\/wp-json\/wp\/v2\/pages\/7888\/revisions\/83828"}],"wp:featuredmedia":[{"embeddable":true,"href":"https:\/\/www.v-label.com\/bs\/wp-json\/wp\/v2\/media\/39750"}],"wp:attachment":[{"href":"https:\/\/www.v-label.com\/bs\/wp-json\/wp\/v2\/media?parent=7888"}],"wp:term":[{"taxonomy":"category","embeddable":true,"href":"https:\/\/www.v-label.com\/bs\/wp-json\/wp\/v2\/categories?post=7888"},{"taxonomy":"post_tag","embeddable":true,"href":"https:\/\/www.v-label.com\/bs\/wp-json\/wp\/v2\/tags?post=7888"}],"curies":[{"name":"wp","href":"https:\/\/api.w.org\/{rel}","templated":true}]}}