{"id":7945,"date":"2022-05-30T16:16:29","date_gmt":"2022-05-30T14:16:29","guid":{"rendered":"https:\/\/www.v-label.com\/info-for-producers\/benefits\/"},"modified":"2024-07-09T14:56:12","modified_gmt":"2024-07-09T12:56:12","slug":"benefits","status":"publish","type":"page","link":"https:\/\/www.v-label.com\/bs\/info-for-producers\/benefits\/","title":{"rendered":"Dobrobiti"},"content":{"rendered":"\n<p>Kupci \u0161irom svijeta sve vi\u0161e tra\u017ee biljne proizvode iz razloga koji se kre\u0107u od onih zdravstvenih, preko intolerancije, pristupa\u010dnosti, etike, u\u017eivanja ili jednostavno zato \u0161to se svi\u0111aju njihovoj djeci. Kako se veganstvo \u0161iri, vlade i razne organizacije postaju toga svjesne. Postaje jasno da se ciljevi Pari\u0161kog ugovora o klimatskim promjenama, na kojeg su se gotovo sve vlade obavezale, ne\u0107e ostvariti bez smanjenja konzumacije \u017eivotinja. Sve ovo pokre\u0107e vitalni ekosistem proizvo\u0111a\u010da u smjeru osmi\u0161ljavanja inovativnih i odr\u017eivih alternativa. Pove\u017eite se sa ovim neprestano rastu\u0107im tr\u017ei\u0161tem danas i u godinama koje su pred Vama preko V-Oznake.<\/p>\n\n\n\n<div class=\"wp-block-media-text is-stacked-on-mobile is-vertically-aligned-center is-image-fill\"><figure class=\"wp-block-media-text__media\" style=\"background-image:url(https:\/\/www.v-label.com\/wp-content\/uploads\/2022\/12\/v-label-consumers-favorite.jpg);background-position:62% 53%\"><img decoding=\"async\" src=\"https:\/\/www.v-label.com\/wp-content\/uploads\/2022\/12\/v-label-consumers-favorite.jpg\" alt=\"\" class=\"wp-image-39649 size-full\"\/><\/figure><div class=\"wp-block-media-text__content\">\n<h3 class=\"wp-block-heading\"><strong>Potro\u0161a\u010dki favorit<\/strong><\/h3>\n\n\n\n<p>U Njema\u010dkoj, po poznatom G\u00fctesiegel Monitor 2020 izvje\u0161taju, V-Oznaka je osma najpoznatija oznaka i tre\u0107i pe\u010dat kvalitete hrane kojem se vjeruje. U Evropskoj uniji V-Oznaka je <a href=\"https:\/\/www.v-label.com\/about-us\/the-history-of-v-label\/\" class=\"ek-link\">sada najpoznatija oznaka<\/a> za vegetarijanske i veganske proizvode. V-Oznaka je certificirala preko 70.000 proizvoda \u0161irom svijeta i ima \u0161iroku podr\u0161ku veganske i vegetarijanske zajednice. Kroz jednostavnu i razumljivu <a href=\"https:\/\/www.v-label.com\/faqs\/\" class=\"ek-link\">kategorizaciju proizvoda kao veganskih ili vegetarijanskih<\/a>, V-Oznaka je brz i siguran na\u010din da ljudima date do znanja \u0161ta ta\u010dno kupuju.<\/p>\n<\/div><\/div>\n\n\n\n<div style=\"height:30px\" aria-hidden=\"true\" class=\"wp-block-spacer\"><\/div>\n\n\n\n<div class=\"wp-block-media-text is-stacked-on-mobile is-vertically-aligned-center is-image-fill\"><figure class=\"wp-block-media-text__media\" style=\"background-image:url(https:\/\/www.v-label.com\/wp-content\/uploads\/2022\/12\/v-label-global-recognition.jpg);background-position:50% 50%\"><img decoding=\"async\" width=\"1280\" height=\"959\" src=\"https:\/\/www.v-label.com\/wp-content\/uploads\/2022\/12\/v-label-global-recognition.jpg\" alt=\"\" class=\"wp-image-17595 size-full\" srcset=\"https:\/\/www.v-label.com\/wp-content\/uploads\/2022\/12\/v-label-global-recognition.jpg 1280w, https:\/\/www.v-label.com\/wp-content\/uploads\/2022\/12\/v-label-global-recognition-300x225.jpg 300w, https:\/\/www.v-label.com\/wp-content\/uploads\/2022\/12\/v-label-global-recognition-1024x767.jpg 1024w, https:\/\/www.v-label.com\/wp-content\/uploads\/2022\/12\/v-label-global-recognition-500x375.jpg 500w, https:\/\/www.v-label.com\/wp-content\/uploads\/2022\/12\/v-label-global-recognition-768x575.jpg 768w\" sizes=\"(max-width: 1280px) 100vw, 1280px\" \/><\/figure><div class=\"wp-block-media-text__content\">\n<h3 class=\"wp-block-heading\"><strong>Globalno poznata<\/strong><\/h3>\n\n\n\n<p>Osnovana prije 25 godina u \u0160vicarskoj, V-Oznaka je zavrijedila vode\u0107e mjesto u potvr\u0111ivanju kvalitete veganskih i vegetarijanskih proizvoda i usluga. Sa V-Oznakom dobijate jedan certifikat koji je veoma prepoznat na raznim tr\u017ei\u0161tima. Od Berlina do Buenos Airesa, svjesnom potro\u0161a\u010du te\u0161ko mo\u017ee proma\u0107i \u017euta boja na zelenim i zemljanim nijansama koje su \u010desto prisutne na odr\u017eivim pakovanjima.<\/p>\n<\/div><\/div>\n\n\n\n<div style=\"height:30px\" aria-hidden=\"true\" class=\"wp-block-spacer\"><\/div>\n\n\n\n<div class=\"wp-block-media-text is-stacked-on-mobile is-vertically-aligned-center is-image-fill\"><figure class=\"wp-block-media-text__media\" style=\"background-image:url(https:\/\/www.v-label.com\/wp-content\/uploads\/2022\/12\/v-label-inclusive-approach.jpg);background-position:12% 52%\"><img decoding=\"async\" width=\"1280\" height=\"854\" src=\"https:\/\/www.v-label.com\/wp-content\/uploads\/2022\/12\/v-label-inclusive-approach.jpg\" alt=\"\" class=\"wp-image-17635 size-full\" srcset=\"https:\/\/www.v-label.com\/wp-content\/uploads\/2022\/12\/v-label-inclusive-approach.jpg 1280w, https:\/\/www.v-label.com\/wp-content\/uploads\/2022\/12\/v-label-inclusive-approach-300x200.jpg 300w, https:\/\/www.v-label.com\/wp-content\/uploads\/2022\/12\/v-label-inclusive-approach-1024x683.jpg 1024w, https:\/\/www.v-label.com\/wp-content\/uploads\/2022\/12\/v-label-inclusive-approach-500x334.jpg 500w, https:\/\/www.v-label.com\/wp-content\/uploads\/2022\/12\/v-label-inclusive-approach-768x512.jpg 768w\" sizes=\"(max-width: 1280px) 100vw, 1280px\" \/><\/figure><div class=\"wp-block-media-text__content\">\n<h3 class=\"wp-block-heading\"><strong>Inkluzivni pristup<\/strong><\/h3>\n\n\n\n<p>Daju\u0107i proizvo\u0111a\u010dima i veganski i vegetarijanski certifikat koji je zasnovan na iscrpnim provjerama i menad\u017ementu kvaliteta, V-Oznaka je za svaku vrstu biznisa, od tek osnovanih veganskih biznisa do internacionalnih kompanija kao \u0161to su Unilever, Nestl\u00e9 ili Danone. Pored inteligentnog poslovanja, ovo je odli\u010dna opcija za kompanije koje nisu dominantno orijentirane ka biljnom, ali koje \u017eele da obuhvate fleksitarijansku populaciju koja je u porastu. Pored hrane, prisutna je u industrijama kao \u0161to su moda, kozmetika, gastronomija, sredstva za \u010di\u0161\u0107enje, itd.<\/p>\n<\/div><\/div>\n","protected":false},"excerpt":{"rendered":"<p>Kupci \u0161irom svijeta sve vi\u0161e tra\u017ee biljne proizvode iz razloga koji se kre\u0107u od onih zdravstvenih, preko intolerancije, pristupa\u010dnosti, etike, u\u017eivanja ili jednostavno zato \u0161to se svi\u0111aju njihovoj djeci. Kako se veganstvo \u0161iri, vlade i razne organizacije postaju toga svjesne. Postaje jasno da se ciljevi Pari\u0161kog ugovora o klimatskim promjenama, na kojeg su se gotovo [&hellip;]<\/p>\n","protected":false},"author":5,"featured_media":17547,"parent":7888,"menu_order":0,"comment_status":"closed","ping_status":"closed","template":"","meta":{"_acf_changed":false,"_editorskit_title_hidden":false,"_editorskit_reading_time":0,"_editorskit_is_block_options_detached":false,"_editorskit_block_options_position":"{}","inline_featured_image":false,"_uag_custom_page_level_css":"","footnotes":""},"categories":[],"tags":[],"class_list":["post-7945","page","type-page","status-publish","has-post-thumbnail","hentry"],"acf":[],"uagb_featured_image_src":{"full":["https:\/\/www.v-label.com\/wp-content\/uploads\/2022\/12\/v-label-benefits.jpg",1280,878,false],"thumbnail":["https:\/\/www.v-label.com\/wp-content\/uploads\/2022\/12\/v-label-benefits-500x343.jpg",500,343,true],"medium":["https:\/\/www.v-label.com\/wp-content\/uploads\/2022\/12\/v-label-benefits-300x206.jpg",300,206,true],"medium_large":["https:\/\/www.v-label.com\/wp-content\/uploads\/2022\/12\/v-label-benefits-768x527.jpg",768,527,true],"large":["https:\/\/www.v-label.com\/wp-content\/uploads\/2022\/12\/v-label-benefits-1024x702.jpg",1024,702,true],"1536x1536":["https:\/\/www.v-label.com\/wp-content\/uploads\/2022\/12\/v-label-benefits.jpg",1280,878,false],"2048x2048":["https:\/\/www.v-label.com\/wp-content\/uploads\/2022\/12\/v-label-benefits.jpg",1280,878,false],"preview":["https:\/\/www.v-label.com\/wp-content\/uploads\/2022\/12\/v-label-benefits-904x720.jpg",904,720,true],"header":["https:\/\/www.v-label.com\/wp-content\/uploads\/2022\/12\/v-label-benefits-1280x720.jpg",1280,720,true],"gform-image-choice-sm":["https:\/\/www.v-label.com\/wp-content\/uploads\/2022\/12\/v-label-benefits.jpg",300,206,false],"gform-image-choice-md":["https:\/\/www.v-label.com\/wp-content\/uploads\/2022\/12\/v-label-benefits.jpg",400,274,false],"gform-image-choice-lg":["https:\/\/www.v-label.com\/wp-content\/uploads\/2022\/12\/v-label-benefits.jpg",600,412,false]},"uagb_author_info":{"display_name":"Can Aslan","author_link":"https:\/\/www.v-label.com\/bs"},"uagb_comment_info":0,"uagb_excerpt":"Kupci \u0161irom svijeta sve vi\u0161e tra\u017ee biljne proizvode iz razloga koji se kre\u0107u od onih zdravstvenih, preko intolerancije, pristupa\u010dnosti, etike, u\u017eivanja ili jednostavno zato \u0161to se svi\u0111aju njihovoj djeci. Kako se veganstvo \u0161iri, vlade i razne organizacije postaju toga svjesne. Postaje jasno da se ciljevi Pari\u0161kog ugovora o klimatskim promjenama, na kojeg su se gotovo&hellip;","_links":{"self":[{"href":"https:\/\/www.v-label.com\/bs\/wp-json\/wp\/v2\/pages\/7945","targetHints":{"allow":["GET"]}}],"collection":[{"href":"https:\/\/www.v-label.com\/bs\/wp-json\/wp\/v2\/pages"}],"about":[{"href":"https:\/\/www.v-label.com\/bs\/wp-json\/wp\/v2\/types\/page"}],"author":[{"embeddable":true,"href":"https:\/\/www.v-label.com\/bs\/wp-json\/wp\/v2\/users\/5"}],"replies":[{"embeddable":true,"href":"https:\/\/www.v-label.com\/bs\/wp-json\/wp\/v2\/comments?post=7945"}],"version-history":[{"count":7,"href":"https:\/\/www.v-label.com\/bs\/wp-json\/wp\/v2\/pages\/7945\/revisions"}],"predecessor-version":[{"id":83860,"href":"https:\/\/www.v-label.com\/bs\/wp-json\/wp\/v2\/pages\/7945\/revisions\/83860"}],"up":[{"embeddable":true,"href":"https:\/\/www.v-label.com\/bs\/wp-json\/wp\/v2\/pages\/7888"}],"wp:featuredmedia":[{"embeddable":true,"href":"https:\/\/www.v-label.com\/bs\/wp-json\/wp\/v2\/media\/17547"}],"wp:attachment":[{"href":"https:\/\/www.v-label.com\/bs\/wp-json\/wp\/v2\/media?parent=7945"}],"wp:term":[{"taxonomy":"category","embeddable":true,"href":"https:\/\/www.v-label.com\/bs\/wp-json\/wp\/v2\/categories?post=7945"},{"taxonomy":"post_tag","embeddable":true,"href":"https:\/\/www.v-label.com\/bs\/wp-json\/wp\/v2\/tags?post=7945"}],"curies":[{"name":"wp","href":"https:\/\/api.w.org\/{rel}","templated":true}]}}