{"id":8009,"date":"2022-05-30T16:14:53","date_gmt":"2022-05-30T14:14:53","guid":{"rendered":"https:\/\/www.v-label.com\/branches\/"},"modified":"2022-12-10T09:32:56","modified_gmt":"2022-12-10T08:32:56","slug":"branches","status":"publish","type":"page","link":"https:\/\/www.v-label.com\/bs\/branches\/","title":{"rendered":"Op\u0161te Informacije"},"content":{"rendered":"\n<p>Globalno tr\u017ei\u0161te biljnih sastojaka u\u017eiva rekordni porast u prodajama ve\u0107 godinama i <strong>o\u010dekuje se da \u0107e nastaviti sa rastom<\/strong> od 8,94% godi\u0161nje tokom perioda od 2019.-2025.g. U 2018. godini je procjenjena zarada od 10,66 milijardi ameri\u010dkih dolara, a o\u010dekuje se \u0107e <strong>do 2027. godine dosegnuti 27,98 milijardi<\/strong>.<\/p>\n\n\n\n<p>Globalno, kupci sve vi\u0161e tra\u017ee zdrave, eti\u010dke i cijenom pristupa\u010dne proizvode sa niskim okoli\u0161nim otiskom, \u0161to <strong>vodi potra\u017enju<\/strong> za veganskim i vegetarijanskim alternativama. Sve vi\u0161e kompanija prepoznaje dobrobiti odgovaranja na rastu\u0107e potrebe tr\u017ei\u0161ta za \u0161irokim izborom proizvoda visoke kvalitete koji ne sadr\u017eavaju \u017eivotinjske sastojke.<\/p>\n\n\n\n<p>Kupci tako\u0111er \u017eele transparentnost u ozna\u010davanju. Oni \u017eele da brzo i sa sigurno\u0161\u0107u identifikuju veganske i vegetarijanske proizvode. G\u00fctesiegel Monitor je rangirao V-Oznaku kao jednu od tri oznake za hranu kojima su u Njema\u010dkoj tokom 2020.g. kupci najvi\u0161e vjerovali. Ozna\u010davanje od strane neovisne organizacije daje kupcima ve\u0107u sigurnost od oznaka koje postavi proizvo\u0111a\u010d &#8211; samo u Njema\u010dkoj, 60% njih vjeruje da ekolo\u0161ke institucije \u010de\u0161\u0107e rade inspekcije od privatnih oznaka.<\/p>\n\n\n\r\n<ul id=\"pagelinks-block_8370b8aea731435b5c8da38c54beb115\" class=\"wp-block-pagelinks\">\r\n\t\t\t\t\t\t<li>\r\n\t\t\t\t<article>\r\n\t\t\t\t\t\t\t\t\t\t\t<a href=\"https:\/\/www.v-label.com\/bs\/branches\/cosmetics\/\" class=\"post_thumbnail\">\r\n\t\t\t\t\t\t\t<img decoding=\"async\" width=\"904\" height=\"720\" src=\"https:\/\/www.v-label.com\/wp-content\/uploads\/2022\/12\/cosmetics-1280-904x720.jpg\" class=\"attachment-preview size-preview wp-post-image\" alt=\"\" \/>\t\t\t\t\t\t<\/a>\r\n\t\t\t\t\t\t\t\t\t\t<div class=\"inner\">\r\n\t\t\t\t\t\t<div class=\"inner_top\">\r\n\t\t\t\t\t\t\t<header>\r\n\t\t\t\t\t\t\t\t<h3>\r\n\t\t\t\t\t\t\t\t\t<a href=\"https:\/\/www.v-label.com\/bs\/branches\/cosmetics\/\">Kozmetika i sredstva za \u010di\u0161\u0107enje<\/a>\r\n\t\t\t\t\t\t\t\t<\/h3>\r\n\t\t\t\t\t\t\t\t\t\t\t\t\t\t\t<\/header>\r\n\t\t\t\t\t\t\t\t\t\t\t\t\t\t\t<div class=\"excerpt\">\r\n\t\t\t\t\t\t\t\t\t<p>Pogodnosti, briga o sopstvenom zdravlju i glasniji poziv za ljepotu bez okrutnosti. Ovo su tri glavna razloga zbog kojih globalno vegansko tr\u017ei\u0161te kozmetike raste i zbog kojih se o\u010dekuje da \u0107e dosegnuti 20,8 milijardi do 2025. godine, uz porast od 6,3%, po procjeni Izvje\u0161taja o veli\u010dini tr\u017ei\u0161ta veganske kozmetike, njegovom udjelu i trendovima iz 2018. [&hellip;]<\/p>\r\n\t\t\t\t\t\t\t\t<\/div>\r\n\t\t\t\t\t\t\t\t\t\t\t\t\t<\/div>\r\n\t\t\t\t\t\t<a href=\"https:\/\/www.v-label.com\/bs\/branches\/cosmetics\/\" class=\"read_more\">Read more<\/a>\r\n\t\t\t\t\t<\/div>\r\n\t\t\t\t<\/article>\r\n\t\t\t<\/li>\r\n\t\t\t\t\t<li>\r\n\t\t\t\t<article>\r\n\t\t\t\t\t\t\t\t\t\t\t<a href=\"https:\/\/www.v-label.com\/bs\/branches\/food\/\" class=\"post_thumbnail\">\r\n\t\t\t\t\t\t\t<img decoding=\"async\" width=\"904\" height=\"720\" src=\"https:\/\/www.v-label.com\/wp-content\/uploads\/2022\/12\/v-label-food-sector-904x720.jpg\" class=\"attachment-preview size-preview wp-post-image\" alt=\"\" \/>\t\t\t\t\t\t<\/a>\r\n\t\t\t\t\t\t\t\t\t\t<div class=\"inner\">\r\n\t\t\t\t\t\t<div class=\"inner_top\">\r\n\t\t\t\t\t\t\t<header>\r\n\t\t\t\t\t\t\t\t<h3>\r\n\t\t\t\t\t\t\t\t\t<a href=\"https:\/\/www.v-label.com\/bs\/branches\/food\/\">Hrana<\/a>\r\n\t\t\t\t\t\t\t\t<\/h3>\r\n\t\t\t\t\t\t\t\t\t\t\t\t\t\t\t<\/header>\r\n\t\t\t\t\t\t\t\t\t\t\t\t\t\t\t<div class=\"excerpt\">\r\n\t\t\t\t\t\t\t\t\t<p>Da li ste znali da je po izvje\u0161taju Euromonitor International tr\u017ei\u0161te proizvodima zasnovanim na biljkama poraslo za duplo samo tokom proteklih deset godina i da sa\u010dinjava 38,5% ukupne globalne zarade? Dok se o\u010dekuje da \u0107e globalno tr\u017ei\u0161te hranom zasnovanom na biljnim sastojcima bilje\u017eiti porast od 8,94%, proteinski sektor \u0107e ubrzati rast sa 18%, i dosegnuti [&hellip;]<\/p>\r\n\t\t\t\t\t\t\t\t<\/div>\r\n\t\t\t\t\t\t\t\t\t\t\t\t\t<\/div>\r\n\t\t\t\t\t\t<a href=\"https:\/\/www.v-label.com\/bs\/branches\/food\/\" class=\"read_more\">Read more<\/a>\r\n\t\t\t\t\t<\/div>\r\n\t\t\t\t<\/article>\r\n\t\t\t<\/li>\r\n\t\t\t\t\t<li>\r\n\t\t\t\t<article>\r\n\t\t\t\t\t\t\t\t\t\t\t<a href=\"https:\/\/www.v-label.com\/bs\/branches\/gastronomy\/\" class=\"post_thumbnail\">\r\n\t\t\t\t\t\t\t<img decoding=\"async\" width=\"904\" height=\"720\" src=\"https:\/\/www.v-label.com\/wp-content\/uploads\/2022\/12\/gastronomy-1280-904x720.jpg\" class=\"attachment-preview size-preview wp-post-image\" alt=\"\" \/>\t\t\t\t\t\t<\/a>\r\n\t\t\t\t\t\t\t\t\t\t<div class=\"inner\">\r\n\t\t\t\t\t\t<div class=\"inner_top\">\r\n\t\t\t\t\t\t\t<header>\r\n\t\t\t\t\t\t\t\t<h3>\r\n\t\t\t\t\t\t\t\t\t<a href=\"https:\/\/www.v-label.com\/bs\/branches\/gastronomy\/\">Gastronomija<\/a>\r\n\t\t\t\t\t\t\t\t<\/h3>\r\n\t\t\t\t\t\t\t\t\t\t\t\t\t\t\t<\/header>\r\n\t\t\t\t\t\t\t\t\t\t\t\t\t\t\t<div class=\"excerpt\">\r\n\t\t\t\t\t\t\t\t\t<p>Od kafi\u0107a do vrhunskih restorana, bistroa i uli\u010dnih prodavnica, industrija uslu\u017eivanja hranom je veli\u010dinom gotovo pa jednaka maloprodaji hrane. Tokom pro\u0161le dekade, kupci mla\u0111i od 40 godina su pove\u0107ali kupovine svje\u017eeg povr\u0107a za 52%, po Izvje\u0161taju o globalnim promjenama u konzumaciji vo\u0107a i povr\u0107a, studiji koja je ura\u0111ena na osnovu Svjetskog istra\u017eivanja zdravlja SZO. Preko [&hellip;]<\/p>\r\n\t\t\t\t\t\t\t\t<\/div>\r\n\t\t\t\t\t\t\t\t\t\t\t\t\t<\/div>\r\n\t\t\t\t\t\t<a href=\"https:\/\/www.v-label.com\/bs\/branches\/gastronomy\/\" class=\"read_more\">Read more<\/a>\r\n\t\t\t\t\t<\/div>\r\n\t\t\t\t<\/article>\r\n\t\t\t<\/li>\r\n\t\t\t\t\t<li>\r\n\t\t\t\t<article>\r\n\t\t\t\t\t\t\t\t\t\t\t<a href=\"https:\/\/www.v-label.com\/bs\/branches\/non-food\/\" class=\"post_thumbnail\">\r\n\t\t\t\t\t\t\t<img decoding=\"async\" width=\"904\" height=\"692\" src=\"https:\/\/www.v-label.com\/wp-content\/uploads\/2022\/12\/v-label-non-food-sectors-904x692.jpg\" class=\"attachment-preview size-preview wp-post-image\" alt=\"\" \/>\t\t\t\t\t\t<\/a>\r\n\t\t\t\t\t\t\t\t\t\t<div class=\"inner\">\r\n\t\t\t\t\t\t<div class=\"inner_top\">\r\n\t\t\t\t\t\t\t<header>\r\n\t\t\t\t\t\t\t\t<h3>\r\n\t\t\t\t\t\t\t\t\t<a href=\"https:\/\/www.v-label.com\/bs\/branches\/non-food\/\">Neprehrambeni<\/a>\r\n\t\t\t\t\t\t\t\t<\/h3>\r\n\t\t\t\t\t\t\t\t\t\t\t\t\t\t\t<\/header>\r\n\t\t\t\t\t\t\t\t\t\t\t\t\t\t\t<div class=\"excerpt\">\r\n\t\t\t\t\t\t\t\t\t<p>Industrija u porastu koja \u0107e sigurno rasti u nadolaze\u0107em periodu je veganska moda i moda bez okrutnosti koja se ve\u0107 smatra cool i luksuznom. Globalno vegansko tr\u017ei\u0161te \u017eenske mode je procjenjeno na 396,3 milijarde ameri\u010dkih dolara u 2019.g. i o\u010dekuje se da \u0107e ostvariti porast od 13,6% do 2027. po Stalista.com. Vegansko tr\u017ei\u0161te ko\u017ee je [&hellip;]<\/p>\r\n\t\t\t\t\t\t\t\t<\/div>\r\n\t\t\t\t\t\t\t\t\t\t\t\t\t<\/div>\r\n\t\t\t\t\t\t<a href=\"https:\/\/www.v-label.com\/bs\/branches\/non-food\/\" class=\"read_more\">Read more<\/a>\r\n\t\t\t\t\t<\/div>\r\n\t\t\t\t<\/article>\r\n\t\t\t<\/li>\r\n\t\t\t<\/ul>","protected":false},"excerpt":{"rendered":"<p>Globalno tr\u017ei\u0161te biljnih sastojaka u\u017eiva rekordni porast u prodajama ve\u0107 godinama i o\u010dekuje se da \u0107e nastaviti sa rastom od 8,94% godi\u0161nje tokom perioda od 2019.-2025.g. U 2018. godini je procjenjena zarada od 10,66 milijardi ameri\u010dkih dolara, a o\u010dekuje se \u0107e do 2027. godine dosegnuti 27,98 milijardi. Globalno, kupci sve vi\u0161e tra\u017ee zdrave, eti\u010dke i [&hellip;]<\/p>\n","protected":false},"author":5,"featured_media":16966,"parent":0,"menu_order":0,"comment_status":"closed","ping_status":"closed","template":"","meta":{"_acf_changed":false,"_editorskit_title_hidden":false,"_editorskit_reading_time":0,"_editorskit_is_block_options_detached":false,"_editorskit_block_options_position":"{}","inline_featured_image":false,"_uag_custom_page_level_css":"","footnotes":""},"categories":[],"tags":[],"class_list":["post-8009","page","type-page","status-publish","has-post-thumbnail","hentry"],"acf":[],"uagb_featured_image_src":{"full":["https:\/\/www.v-label.com\/wp-content\/uploads\/2022\/12\/v-label-general-info-sectors.jpg",1280,716,false],"thumbnail":["https:\/\/www.v-label.com\/wp-content\/uploads\/2022\/12\/v-label-general-info-sectors-500x280.jpg",500,280,true],"medium":["https:\/\/www.v-label.com\/wp-content\/uploads\/2022\/12\/v-label-general-info-sectors-300x168.jpg",300,168,true],"medium_large":["https:\/\/www.v-label.com\/wp-content\/uploads\/2022\/12\/v-label-general-info-sectors-768x430.jpg",768,430,true],"large":["https:\/\/www.v-label.com\/wp-content\/uploads\/2022\/12\/v-label-general-info-sectors-1024x573.jpg",1024,573,true],"1536x1536":["https:\/\/www.v-label.com\/wp-content\/uploads\/2022\/12\/v-label-general-info-sectors.jpg",1280,716,false],"2048x2048":["https:\/\/www.v-label.com\/wp-content\/uploads\/2022\/12\/v-label-general-info-sectors.jpg",1280,716,false],"preview":["https:\/\/www.v-label.com\/wp-content\/uploads\/2022\/12\/v-label-general-info-sectors-904x716.jpg",904,716,true],"header":["https:\/\/www.v-label.com\/wp-content\/uploads\/2022\/12\/v-label-general-info-sectors.jpg",1280,716,false],"gform-image-choice-sm":["https:\/\/www.v-label.com\/wp-content\/uploads\/2022\/12\/v-label-general-info-sectors.jpg",300,168,false],"gform-image-choice-md":["https:\/\/www.v-label.com\/wp-content\/uploads\/2022\/12\/v-label-general-info-sectors.jpg",400,224,false],"gform-image-choice-lg":["https:\/\/www.v-label.com\/wp-content\/uploads\/2022\/12\/v-label-general-info-sectors.jpg",600,336,false]},"uagb_author_info":{"display_name":"Can Aslan","author_link":"https:\/\/www.v-label.com\/bs"},"uagb_comment_info":0,"uagb_excerpt":"Globalno tr\u017ei\u0161te biljnih sastojaka u\u017eiva rekordni porast u prodajama ve\u0107 godinama i o\u010dekuje se da \u0107e nastaviti sa rastom od 8,94% godi\u0161nje tokom perioda od 2019.-2025.g. U 2018. godini je procjenjena zarada od 10,66 milijardi ameri\u010dkih dolara, a o\u010dekuje se \u0107e do 2027. godine dosegnuti 27,98 milijardi. Globalno, kupci sve vi\u0161e tra\u017ee zdrave, eti\u010dke i&hellip;","_links":{"self":[{"href":"https:\/\/www.v-label.com\/bs\/wp-json\/wp\/v2\/pages\/8009","targetHints":{"allow":["GET"]}}],"collection":[{"href":"https:\/\/www.v-label.com\/bs\/wp-json\/wp\/v2\/pages"}],"about":[{"href":"https:\/\/www.v-label.com\/bs\/wp-json\/wp\/v2\/types\/page"}],"author":[{"embeddable":true,"href":"https:\/\/www.v-label.com\/bs\/wp-json\/wp\/v2\/users\/5"}],"replies":[{"embeddable":true,"href":"https:\/\/www.v-label.com\/bs\/wp-json\/wp\/v2\/comments?post=8009"}],"version-history":[{"count":4,"href":"https:\/\/www.v-label.com\/bs\/wp-json\/wp\/v2\/pages\/8009\/revisions"}],"predecessor-version":[{"id":10469,"href":"https:\/\/www.v-label.com\/bs\/wp-json\/wp\/v2\/pages\/8009\/revisions\/10469"}],"wp:featuredmedia":[{"embeddable":true,"href":"https:\/\/www.v-label.com\/bs\/wp-json\/wp\/v2\/media\/16966"}],"wp:attachment":[{"href":"https:\/\/www.v-label.com\/bs\/wp-json\/wp\/v2\/media?parent=8009"}],"wp:term":[{"taxonomy":"category","embeddable":true,"href":"https:\/\/www.v-label.com\/bs\/wp-json\/wp\/v2\/categories?post=8009"},{"taxonomy":"post_tag","embeddable":true,"href":"https:\/\/www.v-label.com\/bs\/wp-json\/wp\/v2\/tags?post=8009"}],"curies":[{"name":"wp","href":"https:\/\/api.w.org\/{rel}","templated":true}]}}