{"id":8048,"date":"2022-05-30T16:15:29","date_gmt":"2022-05-30T14:15:29","guid":{"rendered":"https:\/\/www.v-label.com\/branches\/cosmetics\/"},"modified":"2022-12-25T10:04:52","modified_gmt":"2022-12-25T09:04:52","slug":"cosmetics","status":"publish","type":"page","link":"https:\/\/www.v-label.com\/bs\/branches\/cosmetics\/","title":{"rendered":"Kozmetika i sredstva za \u010di\u0161\u0107enje"},"content":{"rendered":"\n<p>Pogodnosti, briga o sopstvenom zdravlju i glasniji poziv za ljepotu bez okrutnosti. Ovo su tri glavna razloga zbog kojih globalno vegansko tr\u017ei\u0161te kozmetike raste i zbog kojih se o\u010dekuje da \u0107e dosegnuti 20,8 milijardi do 2025. godine, uz porast od 6,3%, po procjeni Izvje\u0161taja o veli\u010dini tr\u017ei\u0161ta veganske kozmetike, njegovom udjelu i trendovima iz 2018.<\/p>\n\n\n\n<p>Evropa dr\u017ei ve\u0107inski dio tr\u017ei\u0161ta, a ujedno bilje\u017ei i ogromnu potra\u017enju za proizvodima koji nisu testirani na \u017eivotinjama. Od proizvoda za brigu o ko\u017ei do dezodoransa ili \u0161ampona, sve vi\u0161e razli\u010ditih potro\u0161a\u010da koristi vegan kao klju\u010dnu rije\u010d kada kupuju.<\/p>\n\n\n\n<p>Veganska kozmetika je jo\u0161 uvjek novitet, pa su potro\u0161a\u010di prigrlili oznake i druge znakove koji potvr\u0111uju da je njihov izbor veganski ili vegetarijanski. Da li ste znali da po Veganskom savezu 19% ljudi provjeri da li su proizvodi za \u010di\u0161\u0107enje koje kupuju testirani na \u017eivotinjama? Napravite ovu osobinu svojih proizvoda vidljivom sa V-Oznakom i budite njihov izvor prirodnih preparata.<\/p>\n\n\n\n<p>Dodatno, ne bilje\u017ei se porast u veganskim i vegetarijanskim alternativama samo u proizvodima za li\u010dnu higijenu &#8211; nego i za ku\u0107nu upotrebu! Neka se va\u0161i proizvodi za \u010di\u0161\u0107enje istaknu sa upadljivom V-Oznakom.<\/p>\n\n\n\n<div class=\"wp-block-buttons is-content-justification-center is-layout-flex wp-container-core-buttons-is-layout-16018d1d wp-block-buttons-is-layout-flex\">\n<div class=\"wp-block-button\"><a class=\"wp-block-button__link wp-element-button\" href=\"https:\/\/www.v-label.com\/bs\/for-business\/get-certified\/\">Pristupite certifikaciji za V-Oznaku<\/a><\/div>\n<\/div>\n","protected":false},"excerpt":{"rendered":"<p>Pogodnosti, briga o sopstvenom zdravlju i glasniji poziv za ljepotu bez okrutnosti. Ovo su tri glavna razloga zbog kojih globalno vegansko tr\u017ei\u0161te kozmetike raste i zbog kojih se o\u010dekuje da \u0107e dosegnuti 20,8 milijardi do 2025. godine, uz porast od 6,3%, po procjeni Izvje\u0161taja o veli\u010dini tr\u017ei\u0161ta veganske kozmetike, njegovom udjelu i trendovima iz 2018. [&hellip;]<\/p>\n","protected":false},"author":5,"featured_media":17272,"parent":8009,"menu_order":0,"comment_status":"closed","ping_status":"closed","template":"","meta":{"_acf_changed":false,"_editorskit_title_hidden":false,"_editorskit_reading_time":0,"_editorskit_is_block_options_detached":false,"_editorskit_block_options_position":"{}","inline_featured_image":false,"_uag_custom_page_level_css":"","footnotes":""},"categories":[],"tags":[],"class_list":["post-8048","page","type-page","status-publish","has-post-thumbnail","hentry"],"acf":[],"uagb_featured_image_src":{"full":["https:\/\/www.v-label.com\/wp-content\/uploads\/2022\/12\/cosmetics-1280.jpg",1280,868,false],"thumbnail":["https:\/\/www.v-label.com\/wp-content\/uploads\/2022\/12\/cosmetics-1280-500x339.jpg",500,339,true],"medium":["https:\/\/www.v-label.com\/wp-content\/uploads\/2022\/12\/cosmetics-1280-300x203.jpg",300,203,true],"medium_large":["https:\/\/www.v-label.com\/wp-content\/uploads\/2022\/12\/cosmetics-1280-768x521.jpg",768,521,true],"large":["https:\/\/www.v-label.com\/wp-content\/uploads\/2022\/12\/cosmetics-1280-1024x694.jpg",1024,694,true],"1536x1536":["https:\/\/www.v-label.com\/wp-content\/uploads\/2022\/12\/cosmetics-1280.jpg",1280,868,false],"2048x2048":["https:\/\/www.v-label.com\/wp-content\/uploads\/2022\/12\/cosmetics-1280.jpg",1280,868,false],"preview":["https:\/\/www.v-label.com\/wp-content\/uploads\/2022\/12\/cosmetics-1280-904x720.jpg",904,720,true],"header":["https:\/\/www.v-label.com\/wp-content\/uploads\/2022\/12\/cosmetics-1280-1280x720.jpg",1280,720,true],"gform-image-choice-sm":["https:\/\/www.v-label.com\/wp-content\/uploads\/2022\/12\/cosmetics-1280.jpg",300,203,false],"gform-image-choice-md":["https:\/\/www.v-label.com\/wp-content\/uploads\/2022\/12\/cosmetics-1280.jpg",400,271,false],"gform-image-choice-lg":["https:\/\/www.v-label.com\/wp-content\/uploads\/2022\/12\/cosmetics-1280.jpg",600,407,false]},"uagb_author_info":{"display_name":"Can Aslan","author_link":"https:\/\/www.v-label.com\/bs"},"uagb_comment_info":0,"uagb_excerpt":"Pogodnosti, briga o sopstvenom zdravlju i glasniji poziv za ljepotu bez okrutnosti. Ovo su tri glavna razloga zbog kojih globalno vegansko tr\u017ei\u0161te kozmetike raste i zbog kojih se o\u010dekuje da \u0107e dosegnuti 20,8 milijardi do 2025. godine, uz porast od 6,3%, po procjeni Izvje\u0161taja o veli\u010dini tr\u017ei\u0161ta veganske kozmetike, njegovom udjelu i trendovima iz 2018.&hellip;","_links":{"self":[{"href":"https:\/\/www.v-label.com\/bs\/wp-json\/wp\/v2\/pages\/8048","targetHints":{"allow":["GET"]}}],"collection":[{"href":"https:\/\/www.v-label.com\/bs\/wp-json\/wp\/v2\/pages"}],"about":[{"href":"https:\/\/www.v-label.com\/bs\/wp-json\/wp\/v2\/types\/page"}],"author":[{"embeddable":true,"href":"https:\/\/www.v-label.com\/bs\/wp-json\/wp\/v2\/users\/5"}],"replies":[{"embeddable":true,"href":"https:\/\/www.v-label.com\/bs\/wp-json\/wp\/v2\/comments?post=8048"}],"version-history":[{"count":8,"href":"https:\/\/www.v-label.com\/bs\/wp-json\/wp\/v2\/pages\/8048\/revisions"}],"predecessor-version":[{"id":34980,"href":"https:\/\/www.v-label.com\/bs\/wp-json\/wp\/v2\/pages\/8048\/revisions\/34980"}],"up":[{"embeddable":true,"href":"https:\/\/www.v-label.com\/bs\/wp-json\/wp\/v2\/pages\/8009"}],"wp:featuredmedia":[{"embeddable":true,"href":"https:\/\/www.v-label.com\/bs\/wp-json\/wp\/v2\/media\/17272"}],"wp:attachment":[{"href":"https:\/\/www.v-label.com\/bs\/wp-json\/wp\/v2\/media?parent=8048"}],"wp:term":[{"taxonomy":"category","embeddable":true,"href":"https:\/\/www.v-label.com\/bs\/wp-json\/wp\/v2\/categories?post=8048"},{"taxonomy":"post_tag","embeddable":true,"href":"https:\/\/www.v-label.com\/bs\/wp-json\/wp\/v2\/tags?post=8048"}],"curies":[{"name":"wp","href":"https:\/\/api.w.org\/{rel}","templated":true}]}}