{"id":8082,"date":"2022-05-30T16:15:11","date_gmt":"2022-05-30T14:15:11","guid":{"rendered":"https:\/\/www.v-label.com\/branches\/food\/"},"modified":"2022-12-25T09:24:50","modified_gmt":"2022-12-25T08:24:50","slug":"food","status":"publish","type":"page","link":"https:\/\/www.v-label.com\/bs\/branches\/food\/","title":{"rendered":"Hrana"},"content":{"rendered":"\n<p>Da li ste znali da je po izvje\u0161taju Euromonitor International tr\u017ei\u0161te proizvodima zasnovanim na biljkama poraslo za duplo samo tokom proteklih deset godina i da sa\u010dinjava 38,5% ukupne globalne zarade?<\/p>\n\n\n\n<p>Dok se o\u010dekuje da \u0107e globalno tr\u017ei\u0161te hranom zasnovanom na biljnim sastojcima bilje\u017eiti porast od 8,94%, proteinski sektor \u0107e <strong>ubrzati rast sa 18%<\/strong>, i dosegnuti prag od 28 milijardi ameri\u010dkih dolara do 2025. godine. Veganski biznisi koji se otvaraju jedan za drugim ve\u0107 ukazuju na ovu statistiku: fokusirani su da daju odgovor na rastu\u0107u potra\u017enju za veganskom teletinom, ribom, sirom, mlijekom, jogurtom, jajima, pastom, vitaminima i suplementima, koji su svaki za sebe rastu\u0107e ni\u0161e tr\u017ei\u0161ta. Tako\u0111er, ovakvi proizvodi su ve\u0107 na\u0161li svoj put do tradicionalnih lanaca ponude, a ve\u0107 poznati proizvo\u0111a\u010di hrane uvode sopstvene veganske i vegetarijanske linije.<\/p>\n\n\n\n<p>Interasantno je pak da je ovo samo po\u010detak. ProVeg International izvje\u0161tava da rastu\u0107e investicije u tehnologiju osiguravaju da \u0107e ukus, tekstura i osje\u0107aj u ustima ovakvih proizvoda biti sve bolji sa dodatnim sastojcima i unaprije\u0111enjima u procesuiranju. Kao najprepoznatljivija veganska i vegetarijanska oznaka u segmentu prehrane, imati V-Oznaku zna\u010di da \u0107ete imati koristi od ovog nezapam\u0107enog rasta tr\u017ei\u0161ta.<\/p>\n\n\n\n<div class=\"wp-block-buttons is-content-justification-center is-layout-flex wp-container-core-buttons-is-layout-16018d1d wp-block-buttons-is-layout-flex\">\n<div class=\"wp-block-button\"><a class=\"wp-block-button__link wp-element-button\" href=\"https:\/\/www.v-label.com\/bs\/for-business\/get-certified\/\">Pristupite certifikaciji za V-Oznaku<\/a><\/div>\n<\/div>\n","protected":false},"excerpt":{"rendered":"<p>Da li ste znali da je po izvje\u0161taju Euromonitor International tr\u017ei\u0161te proizvodima zasnovanim na biljkama poraslo za duplo samo tokom proteklih deset godina i da sa\u010dinjava 38,5% ukupne globalne zarade? Dok se o\u010dekuje da \u0107e globalno tr\u017ei\u0161te hranom zasnovanom na biljnim sastojcima bilje\u017eiti porast od 8,94%, proteinski sektor \u0107e ubrzati rast sa 18%, i dosegnuti [&hellip;]<\/p>\n","protected":false},"author":5,"featured_media":16987,"parent":8009,"menu_order":0,"comment_status":"closed","ping_status":"closed","template":"","meta":{"_acf_changed":false,"_editorskit_title_hidden":false,"_editorskit_reading_time":0,"_editorskit_is_block_options_detached":false,"_editorskit_block_options_position":"{}","inline_featured_image":false,"_uag_custom_page_level_css":"","footnotes":""},"categories":[],"tags":[],"class_list":["post-8082","page","type-page","status-publish","has-post-thumbnail","hentry"],"acf":[],"uagb_featured_image_src":{"full":["https:\/\/www.v-label.com\/wp-content\/uploads\/2022\/12\/v-label-food-sector.jpg",1280,857,false],"thumbnail":["https:\/\/www.v-label.com\/wp-content\/uploads\/2022\/12\/v-label-food-sector-500x335.jpg",500,335,true],"medium":["https:\/\/www.v-label.com\/wp-content\/uploads\/2022\/12\/v-label-food-sector-300x201.jpg",300,201,true],"medium_large":["https:\/\/www.v-label.com\/wp-content\/uploads\/2022\/12\/v-label-food-sector-768x514.jpg",768,514,true],"large":["https:\/\/www.v-label.com\/wp-content\/uploads\/2022\/12\/v-label-food-sector-1024x686.jpg",1024,686,true],"1536x1536":["https:\/\/www.v-label.com\/wp-content\/uploads\/2022\/12\/v-label-food-sector.jpg",1280,857,false],"2048x2048":["https:\/\/www.v-label.com\/wp-content\/uploads\/2022\/12\/v-label-food-sector.jpg",1280,857,false],"preview":["https:\/\/www.v-label.com\/wp-content\/uploads\/2022\/12\/v-label-food-sector-904x720.jpg",904,720,true],"header":["https:\/\/www.v-label.com\/wp-content\/uploads\/2022\/12\/v-label-food-sector-1280x720.jpg",1280,720,true],"gform-image-choice-sm":["https:\/\/www.v-label.com\/wp-content\/uploads\/2022\/12\/v-label-food-sector.jpg",300,201,false],"gform-image-choice-md":["https:\/\/www.v-label.com\/wp-content\/uploads\/2022\/12\/v-label-food-sector.jpg",400,268,false],"gform-image-choice-lg":["https:\/\/www.v-label.com\/wp-content\/uploads\/2022\/12\/v-label-food-sector.jpg",600,402,false]},"uagb_author_info":{"display_name":"Can Aslan","author_link":"https:\/\/www.v-label.com\/bs"},"uagb_comment_info":0,"uagb_excerpt":"Da li ste znali da je po izvje\u0161taju Euromonitor International tr\u017ei\u0161te proizvodima zasnovanim na biljkama poraslo za duplo samo tokom proteklih deset godina i da sa\u010dinjava 38,5% ukupne globalne zarade? Dok se o\u010dekuje da \u0107e globalno tr\u017ei\u0161te hranom zasnovanom na biljnim sastojcima bilje\u017eiti porast od 8,94%, proteinski sektor \u0107e ubrzati rast sa 18%, i dosegnuti&hellip;","_links":{"self":[{"href":"https:\/\/www.v-label.com\/bs\/wp-json\/wp\/v2\/pages\/8082","targetHints":{"allow":["GET"]}}],"collection":[{"href":"https:\/\/www.v-label.com\/bs\/wp-json\/wp\/v2\/pages"}],"about":[{"href":"https:\/\/www.v-label.com\/bs\/wp-json\/wp\/v2\/types\/page"}],"author":[{"embeddable":true,"href":"https:\/\/www.v-label.com\/bs\/wp-json\/wp\/v2\/users\/5"}],"replies":[{"embeddable":true,"href":"https:\/\/www.v-label.com\/bs\/wp-json\/wp\/v2\/comments?post=8082"}],"version-history":[{"count":6,"href":"https:\/\/www.v-label.com\/bs\/wp-json\/wp\/v2\/pages\/8082\/revisions"}],"predecessor-version":[{"id":34941,"href":"https:\/\/www.v-label.com\/bs\/wp-json\/wp\/v2\/pages\/8082\/revisions\/34941"}],"up":[{"embeddable":true,"href":"https:\/\/www.v-label.com\/bs\/wp-json\/wp\/v2\/pages\/8009"}],"wp:featuredmedia":[{"embeddable":true,"href":"https:\/\/www.v-label.com\/bs\/wp-json\/wp\/v2\/media\/16987"}],"wp:attachment":[{"href":"https:\/\/www.v-label.com\/bs\/wp-json\/wp\/v2\/media?parent=8082"}],"wp:term":[{"taxonomy":"category","embeddable":true,"href":"https:\/\/www.v-label.com\/bs\/wp-json\/wp\/v2\/categories?post=8082"},{"taxonomy":"post_tag","embeddable":true,"href":"https:\/\/www.v-label.com\/bs\/wp-json\/wp\/v2\/tags?post=8082"}],"curies":[{"name":"wp","href":"https:\/\/api.w.org\/{rel}","templated":true}]}}