{"id":8116,"date":"2022-05-30T16:15:42","date_gmt":"2022-05-30T14:15:42","guid":{"rendered":"https:\/\/www.v-label.com\/branches\/gastronomy\/"},"modified":"2022-12-25T11:04:58","modified_gmt":"2022-12-25T10:04:58","slug":"gastronomy","status":"publish","type":"page","link":"https:\/\/www.v-label.com\/bs\/branches\/gastronomy\/","title":{"rendered":"Gastronomija"},"content":{"rendered":"\n<p>Od kafi\u0107a do vrhunskih restorana, bistroa i uli\u010dnih prodavnica, industrija uslu\u017eivanja hranom je veli\u010dinom gotovo pa jednaka maloprodaji hrane. Tokom pro\u0161le dekade, kupci mla\u0111i od 40 godina su pove\u0107ali kupovine svje\u017eeg povr\u0107a za 52%, po Izvje\u0161taju o globalnim promjenama u konzumaciji vo\u0107a i povr\u0107a, studiji koja je ura\u0111ena na osnovu Svjetskog istra\u017eivanja zdravlja SZO. <strong>Preko 500.000 ljudi se pridru\u017eilo Veganuary<\/strong> tokom 2021. godine, a pizza od karfiola, vege burgeri ili \u0107ufte bez mesa su postali redovno tra\u017eena hrana. Dodatno, po izvje\u0161taju Veganskog dru\u0161tva, hotelijerstvo, globalna industrija od vi\u0161e biliona dolara, bilje\u017ei porast od 123% u specifi\u010dno veganskim poslovima samo tokom posljednjih 12 mjeseci, \u0161to govori o pove\u0107anju broja tradicionalnih biznisa koji potra\u017euju specijalizirane vje\u0161tine, pored promjena u ponudi na njihovim jelovnicima.<\/p>\n\n\n\n<p>Ali, nije da ljudi samo jedu veganski, oni i putuju veganski. Vi\u0161e od 500 smje\u0161tajnih lokacija u svijetu odgovaraju propisima <strong>&#8220;vege hotela&#8221;<\/strong>. Eti\u010dki hotel je mnogo vi\u0161e od sveobuhvatne ponude zasnovane na biljkama: hoteli, gostionice ili kruzeri dizajniraju vegansko iskustvo od tepiha do krova, sa namje\u0161tajem od ko\u017ee biljnog porijekla kojeg se \u010disti isklju\u010divo sa proizvodima koji nisu testirani na \u017eivotinjama.<\/p>\n\n\n\n<div class=\"wp-block-buttons is-content-justification-center is-layout-flex wp-container-core-buttons-is-layout-16018d1d wp-block-buttons-is-layout-flex\">\n<div class=\"wp-block-button\"><a class=\"wp-block-button__link wp-element-button\" href=\"https:\/\/www.v-label.com\/bs\/for-business\/get-certified\/\">Pristupite certifikaciji za V-Oznaku<\/a><\/div>\n<\/div>\n","protected":false},"excerpt":{"rendered":"<p>Od kafi\u0107a do vrhunskih restorana, bistroa i uli\u010dnih prodavnica, industrija uslu\u017eivanja hranom je veli\u010dinom gotovo pa jednaka maloprodaji hrane. Tokom pro\u0161le dekade, kupci mla\u0111i od 40 godina su pove\u0107ali kupovine svje\u017eeg povr\u0107a za 52%, po Izvje\u0161taju o globalnim promjenama u konzumaciji vo\u0107a i povr\u0107a, studiji koja je ura\u0111ena na osnovu Svjetskog istra\u017eivanja zdravlja SZO. Preko [&hellip;]<\/p>\n","protected":false},"author":5,"featured_media":17855,"parent":8009,"menu_order":0,"comment_status":"closed","ping_status":"closed","template":"","meta":{"_acf_changed":false,"_editorskit_title_hidden":false,"_editorskit_reading_time":0,"_editorskit_is_block_options_detached":false,"_editorskit_block_options_position":"{}","inline_featured_image":false,"_uag_custom_page_level_css":"","footnotes":""},"categories":[],"tags":[],"class_list":["post-8116","page","type-page","status-publish","has-post-thumbnail","hentry"],"acf":[],"uagb_featured_image_src":{"full":["https:\/\/www.v-label.com\/wp-content\/uploads\/2022\/12\/gastronomy-1280.jpg",1280,854,false],"thumbnail":["https:\/\/www.v-label.com\/wp-content\/uploads\/2022\/12\/gastronomy-1280-500x334.jpg",500,334,true],"medium":["https:\/\/www.v-label.com\/wp-content\/uploads\/2022\/12\/gastronomy-1280-300x200.jpg",300,200,true],"medium_large":["https:\/\/www.v-label.com\/wp-content\/uploads\/2022\/12\/gastronomy-1280-768x512.jpg",768,512,true],"large":["https:\/\/www.v-label.com\/wp-content\/uploads\/2022\/12\/gastronomy-1280-1024x683.jpg",1024,683,true],"1536x1536":["https:\/\/www.v-label.com\/wp-content\/uploads\/2022\/12\/gastronomy-1280.jpg",1280,854,false],"2048x2048":["https:\/\/www.v-label.com\/wp-content\/uploads\/2022\/12\/gastronomy-1280.jpg",1280,854,false],"preview":["https:\/\/www.v-label.com\/wp-content\/uploads\/2022\/12\/gastronomy-1280-904x720.jpg",904,720,true],"header":["https:\/\/www.v-label.com\/wp-content\/uploads\/2022\/12\/gastronomy-1280-1280x720.jpg",1280,720,true],"gform-image-choice-sm":["https:\/\/www.v-label.com\/wp-content\/uploads\/2022\/12\/gastronomy-1280.jpg",300,200,false],"gform-image-choice-md":["https:\/\/www.v-label.com\/wp-content\/uploads\/2022\/12\/gastronomy-1280.jpg",400,267,false],"gform-image-choice-lg":["https:\/\/www.v-label.com\/wp-content\/uploads\/2022\/12\/gastronomy-1280.jpg",600,400,false]},"uagb_author_info":{"display_name":"Can Aslan","author_link":"https:\/\/www.v-label.com\/bs"},"uagb_comment_info":0,"uagb_excerpt":"Od kafi\u0107a do vrhunskih restorana, bistroa i uli\u010dnih prodavnica, industrija uslu\u017eivanja hranom je veli\u010dinom gotovo pa jednaka maloprodaji hrane. Tokom pro\u0161le dekade, kupci mla\u0111i od 40 godina su pove\u0107ali kupovine svje\u017eeg povr\u0107a za 52%, po Izvje\u0161taju o globalnim promjenama u konzumaciji vo\u0107a i povr\u0107a, studiji koja je ura\u0111ena na osnovu Svjetskog istra\u017eivanja zdravlja SZO. Preko&hellip;","_links":{"self":[{"href":"https:\/\/www.v-label.com\/bs\/wp-json\/wp\/v2\/pages\/8116","targetHints":{"allow":["GET"]}}],"collection":[{"href":"https:\/\/www.v-label.com\/bs\/wp-json\/wp\/v2\/pages"}],"about":[{"href":"https:\/\/www.v-label.com\/bs\/wp-json\/wp\/v2\/types\/page"}],"author":[{"embeddable":true,"href":"https:\/\/www.v-label.com\/bs\/wp-json\/wp\/v2\/users\/5"}],"replies":[{"embeddable":true,"href":"https:\/\/www.v-label.com\/bs\/wp-json\/wp\/v2\/comments?post=8116"}],"version-history":[{"count":4,"href":"https:\/\/www.v-label.com\/bs\/wp-json\/wp\/v2\/pages\/8116\/revisions"}],"predecessor-version":[{"id":35037,"href":"https:\/\/www.v-label.com\/bs\/wp-json\/wp\/v2\/pages\/8116\/revisions\/35037"}],"up":[{"embeddable":true,"href":"https:\/\/www.v-label.com\/bs\/wp-json\/wp\/v2\/pages\/8009"}],"wp:featuredmedia":[{"embeddable":true,"href":"https:\/\/www.v-label.com\/bs\/wp-json\/wp\/v2\/media\/17855"}],"wp:attachment":[{"href":"https:\/\/www.v-label.com\/bs\/wp-json\/wp\/v2\/media?parent=8116"}],"wp:term":[{"taxonomy":"category","embeddable":true,"href":"https:\/\/www.v-label.com\/bs\/wp-json\/wp\/v2\/categories?post=8116"},{"taxonomy":"post_tag","embeddable":true,"href":"https:\/\/www.v-label.com\/bs\/wp-json\/wp\/v2\/tags?post=8116"}],"curies":[{"name":"wp","href":"https:\/\/api.w.org\/{rel}","templated":true}]}}