{"id":8150,"date":"2022-05-30T16:15:52","date_gmt":"2022-05-30T14:15:52","guid":{"rendered":"https:\/\/www.v-label.com\/branches\/non-food\/"},"modified":"2022-12-25T10:17:08","modified_gmt":"2022-12-25T09:17:08","slug":"non-food","status":"publish","type":"page","link":"https:\/\/www.v-label.com\/bs\/branches\/non-food\/","title":{"rendered":"Neprehrambeni"},"content":{"rendered":"\n<p>Industrija u porastu koja \u0107e sigurno rasti u nadolaze\u0107em periodu je veganska moda i moda bez okrutnosti koja se ve\u0107 smatra cool i luksuznom. Globalno vegansko tr\u017ei\u0161te \u017eenske mode je procjenjeno na 396,3 milijarde ameri\u010dkih dolara u 2019.g. i o\u010dekuje se da \u0107e ostvariti porast od 13,6% do 2027. po Stalista.com. Vegansko tr\u017ei\u0161te ko\u017ee je nositelj porasta, ve\u0107inom radi tehnolo\u0161kih napredaka koji pobolj\u0161avaju nove materijale i produ\u017euju \u017eivotni vijek veganskoj ko\u017ei. Umjesto ko\u017ee zasnovane na plastici, bilje\u017eimo pove\u0107anje odr\u017eivih i prirodnih tekstila iz razli\u010ditih izvora, kao \u0161to je li\u0161\u0107e ananasa, fermentiranog kvasca, nusproizvoda industrije vina i gljiva. Tako\u0111er, u razvoju su alternative vuni i svili izra\u0111ene od celuloznih vlakana, kao i drugih materijala koji se unapre\u0111uju i koriste za proizvodnju sve vi\u0161e popularne veganske odje\u0107e.<\/p>\n\n\n\n<p>Dodatno, nije sve u odje\u0107i, torbama i cipelama. I druge neprehrambene industrije su suo\u010dene sa izazovom i pokrenute u smjeru osmi\u0161ljavanja veganskih kao i proizvoda nastalih bez okrutnosti (knjige, nakit ili svije\u0107e). Veganska ili vegetarijanska oznaka se smatra dodatom vrijedno\u0161\u0107u u prodaji, a ujedno isti\u010de proizvod. Poma\u017ee kupcima da se sna\u0111u i obezbijede sebi sigurnu i odr\u017eivu odje\u0107u na e-commerce stranicama ili u maloprodaji.<\/p>\n\n\n\n<div class=\"wp-block-buttons is-content-justification-center is-layout-flex wp-container-core-buttons-is-layout-16018d1d wp-block-buttons-is-layout-flex\">\n<div class=\"wp-block-button\"><a class=\"wp-block-button__link wp-element-button\" href=\"https:\/\/www.v-label.com\/bs\/for-business\/get-certified\/\">Pristupite certifikaciji za V-Oznaku<\/a><\/div>\n<\/div>\n","protected":false},"excerpt":{"rendered":"<p>Industrija u porastu koja \u0107e sigurno rasti u nadolaze\u0107em periodu je veganska moda i moda bez okrutnosti koja se ve\u0107 smatra cool i luksuznom. Globalno vegansko tr\u017ei\u0161te \u017eenske mode je procjenjeno na 396,3 milijarde ameri\u010dkih dolara u 2019.g. i o\u010dekuje se da \u0107e ostvariti porast od 13,6% do 2027. po Stalista.com. Vegansko tr\u017ei\u0161te ko\u017ee je [&hellip;]<\/p>\n","protected":false},"author":5,"featured_media":17109,"parent":8009,"menu_order":0,"comment_status":"closed","ping_status":"closed","template":"","meta":{"_acf_changed":false,"_editorskit_title_hidden":false,"_editorskit_reading_time":0,"_editorskit_is_block_options_detached":false,"_editorskit_block_options_position":"{}","inline_featured_image":false,"_uag_custom_page_level_css":"","footnotes":""},"categories":[],"tags":[],"class_list":["post-8150","page","type-page","status-publish","has-post-thumbnail","hentry"],"acf":[],"uagb_featured_image_src":{"full":["https:\/\/www.v-label.com\/wp-content\/uploads\/2022\/12\/v-label-non-food-sectors.jpg",1280,692,false],"thumbnail":["https:\/\/www.v-label.com\/wp-content\/uploads\/2022\/12\/v-label-non-food-sectors-500x270.jpg",500,270,true],"medium":["https:\/\/www.v-label.com\/wp-content\/uploads\/2022\/12\/v-label-non-food-sectors-300x162.jpg",300,162,true],"medium_large":["https:\/\/www.v-label.com\/wp-content\/uploads\/2022\/12\/v-label-non-food-sectors-768x415.jpg",768,415,true],"large":["https:\/\/www.v-label.com\/wp-content\/uploads\/2022\/12\/v-label-non-food-sectors-1024x554.jpg",1024,554,true],"1536x1536":["https:\/\/www.v-label.com\/wp-content\/uploads\/2022\/12\/v-label-non-food-sectors.jpg",1280,692,false],"2048x2048":["https:\/\/www.v-label.com\/wp-content\/uploads\/2022\/12\/v-label-non-food-sectors.jpg",1280,692,false],"preview":["https:\/\/www.v-label.com\/wp-content\/uploads\/2022\/12\/v-label-non-food-sectors-904x692.jpg",904,692,true],"header":["https:\/\/www.v-label.com\/wp-content\/uploads\/2022\/12\/v-label-non-food-sectors.jpg",1280,692,false],"gform-image-choice-sm":["https:\/\/www.v-label.com\/wp-content\/uploads\/2022\/12\/v-label-non-food-sectors.jpg",300,162,false],"gform-image-choice-md":["https:\/\/www.v-label.com\/wp-content\/uploads\/2022\/12\/v-label-non-food-sectors.jpg",400,216,false],"gform-image-choice-lg":["https:\/\/www.v-label.com\/wp-content\/uploads\/2022\/12\/v-label-non-food-sectors.jpg",600,324,false]},"uagb_author_info":{"display_name":"Can Aslan","author_link":"https:\/\/www.v-label.com\/bs"},"uagb_comment_info":0,"uagb_excerpt":"Industrija u porastu koja \u0107e sigurno rasti u nadolaze\u0107em periodu je veganska moda i moda bez okrutnosti koja se ve\u0107 smatra cool i luksuznom. Globalno vegansko tr\u017ei\u0161te \u017eenske mode je procjenjeno na 396,3 milijarde ameri\u010dkih dolara u 2019.g. i o\u010dekuje se da \u0107e ostvariti porast od 13,6% do 2027. po Stalista.com. Vegansko tr\u017ei\u0161te ko\u017ee je&hellip;","_links":{"self":[{"href":"https:\/\/www.v-label.com\/bs\/wp-json\/wp\/v2\/pages\/8150","targetHints":{"allow":["GET"]}}],"collection":[{"href":"https:\/\/www.v-label.com\/bs\/wp-json\/wp\/v2\/pages"}],"about":[{"href":"https:\/\/www.v-label.com\/bs\/wp-json\/wp\/v2\/types\/page"}],"author":[{"embeddable":true,"href":"https:\/\/www.v-label.com\/bs\/wp-json\/wp\/v2\/users\/5"}],"replies":[{"embeddable":true,"href":"https:\/\/www.v-label.com\/bs\/wp-json\/wp\/v2\/comments?post=8150"}],"version-history":[{"count":4,"href":"https:\/\/www.v-label.com\/bs\/wp-json\/wp\/v2\/pages\/8150\/revisions"}],"predecessor-version":[{"id":35009,"href":"https:\/\/www.v-label.com\/bs\/wp-json\/wp\/v2\/pages\/8150\/revisions\/35009"}],"up":[{"embeddable":true,"href":"https:\/\/www.v-label.com\/bs\/wp-json\/wp\/v2\/pages\/8009"}],"wp:featuredmedia":[{"embeddable":true,"href":"https:\/\/www.v-label.com\/bs\/wp-json\/wp\/v2\/media\/17109"}],"wp:attachment":[{"href":"https:\/\/www.v-label.com\/bs\/wp-json\/wp\/v2\/media?parent=8150"}],"wp:term":[{"taxonomy":"category","embeddable":true,"href":"https:\/\/www.v-label.com\/bs\/wp-json\/wp\/v2\/categories?post=8150"},{"taxonomy":"post_tag","embeddable":true,"href":"https:\/\/www.v-label.com\/bs\/wp-json\/wp\/v2\/tags?post=8150"}],"curies":[{"name":"wp","href":"https:\/\/api.w.org\/{rel}","templated":true}]}}