{"id":8420,"date":"2022-05-30T16:16:01","date_gmt":"2022-05-30T14:16:01","guid":{"rendered":"https:\/\/www.v-label.com\/general-information\/"},"modified":"2022-10-28T14:48:58","modified_gmt":"2022-10-28T12:48:58","slug":"general-information","status":"publish","type":"page","link":"https:\/\/www.v-label.com\/bs\/general-information\/","title":{"rendered":"Op\u0107e Informacije"},"content":{"rendered":"\n<h2 class=\"has-text-align-center wp-block-heading\"><strong>Informacije za korisnike<\/strong><\/h2>\n\n\n\n<p>Da li ste vegan, vegetarijanac, feksiterijanac, smanjujete unos \u017eivotinjskih proizvoda ili ste samo znati\u017eeljni? Po\u0161to ste na ovoj stranici, vjerovatno \u017eelite fer, odr\u017eiv (i ukusan!) svijet. Sa Vama smo, a na\u0161 na\u010din doprinosa takvoj budu\u0107nosti je u pravljenju veganskih i vegetarijanskih proizvoda \u0161iroko rasprostranjenim i lako prepoznatljivim.<\/p>\n\n\n\n<p><strong>V-Oznaka, internacionalno priznati pe\u010dat <\/strong>za proizvode koji su vegetarijanski ili veganski i koji su pro\u0161li iscrpne provjere, je Va\u0161 suradnik u pravljenju Va\u0161eg \u017eivota vi\u0161e biljnim sa svakom informiranom kupovinom.<\/p>\n\n\n\n<p><strong>Kao jednostavan i razumljiv vodi\u010d, <\/strong>V-Oznaka \u0161tedi Va\u0161e vrijeme i ubrzava dono\u0161enje odluke. Potra\u017eite upadljivi \u017euti logo sljede\u0107i put kada budete kupovali: zna\u0107ete na prvi pogled koji proizvodi su certificirani, a samim time i sigurni za kupovinu!<\/p>\n\n\n\n<p><strong>Pouzdano i sa povjerenjem. <\/strong>Kada kupite proizvod ili uslugu na kojima stoji V-Oznaka, mo\u017eete biti sigurni u standardizirane kriterije za veganske i vegetarijanske proizvode koji se primjenjuju na fer na\u010din i internacionalno. Nema potrebe da se brinete da li kompanije pogre\u0161no ozna\u010davaju proizvode na osnovu sopstvenih proizvoljnih kriterija. V-Oznaka, osnovana jo\u0161 1996. godine u \u0160vicarskoj, je jedan od faktora koji oblikuje ovu industriju.<\/p>\n\n\n\n<div class=\"wp-block-buttons is-content-justification-center is-layout-flex wp-container-core-buttons-is-layout-16018d1d wp-block-buttons-is-layout-flex\">\n<div class=\"wp-block-button\"><a class=\"wp-block-button__link\" href=\"https:\/\/www.v-label.com\/bs\/general-information\/certified-products\/\"><strong>Certificirani proizvodi<\/strong><\/a><\/div>\n\n\n\n<div class=\"wp-block-button\"><a class=\"wp-block-button__link\" href=\"https:\/\/www.v-label.com\/bs\/report-a-misuse\/\"><strong>Prijavite zloupotrebu<\/strong><\/a><\/div>\n<\/div>\n\n\n\n<h3 class=\"has-text-align-center wp-block-heading\"><strong><strong>Za \u0161ta se zala\u017eemo?<\/strong><\/strong><\/h3>\n\n\n\n<p>Kada kupite proizvod ili uslugu sa V-Oznakom, mo\u017eete biti sigurni da:<\/p>\n\n\n\n<ul class=\"wp-block-list\"><li>Ni u jednom stadiju proizvodnje nisu kori\u0161teni sastojci \u017eivotinjskog porijekla ako je proizvod ozna\u010den kao veganski. Tako\u0111er, aditivi i arome su provjereni. Provjere nisu stale na listi sastojaka, nego su pokrile i supstance koje se ne moraju navesti, kao \u0161to je medij biotehnolo\u0161ke kulture i pomo\u0107na sredstva za obradu. Tako da mo\u017eete biti sigurni da u proizvodnji soka od jabuke ili vina nije kori\u0161ten \u017eelatin za bistrinu, da \u0161e\u0107er nije tretiran ko\u0161tanim bra\u0161nom i da hljebu nije dodat cistein koji se dobija od svinjskih \u010dekinja.<\/li><li>Samo mlijeko, kolostrum, jaja iz uzgoja na otvorenom, med, p\u010delinji vosak, propolis ili masno\u0107a sa vune i njihovi proizvodi su dopu\u0161teni u proizvodima sa vegetarijanskom oznakom.&nbsp;<\/li><li>Svi stadiji proizvodnje trebaju biti dizajnirani tako da se neveganske ili nevegetarijanske supstance nalaze samo u tragu u finalnim proizvodima.&nbsp;<\/li><li>Testiranje bilo koje vrste na \u017eivotinjama ne smije biti prisutno ni u jednom od procesa koji vode do finalnog proizvoda, kao ni na sastojcima, pomo\u0107nim ili drugim supstancama za procesuiranje, ako su razvijeni za finalni proizvod.<\/li><\/ul>\n\n\n\n<p>Na kraju, ali ne manje va\u017eno, zarada od nadoknada za licenciranje se uglavnom koristi za finansiranje razli\u010ditih veganskih nevladinih organizacija i projekata za prava \u017eivotinja.<\/p>\n\n\n\n<div class=\"wp-block-columns are-vertically-aligned-center is-layout-flex wp-container-core-columns-is-layout-9d6595d7 wp-block-columns-is-layout-flex\">\n<div class=\"wp-block-column is-vertically-aligned-center is-layout-flow wp-block-column-is-layout-flow\">\n<figure class=\"wp-block-image size-full\"><img decoding=\"async\" width=\"720\" height=\"497\" src=\"https:\/\/www.v-label.com\/wp-content\/uploads\/2022\/09\/b2b-info-page-2.webp\" alt=\"\" class=\"wp-image-879\" srcset=\"https:\/\/www.v-label.com\/wp-content\/uploads\/2022\/09\/b2b-info-page-2.webp 720w, https:\/\/www.v-label.com\/wp-content\/uploads\/2022\/09\/b2b-info-page-2-300x207.webp 300w\" sizes=\"(max-width: 720px) 100vw, 720px\" \/><\/figure>\n<\/div>\n\n\n\n<div class=\"wp-block-column is-vertically-aligned-center is-layout-flow wp-block-column-is-layout-flow\">\n<figure class=\"wp-block-image size-full\"><img decoding=\"async\" width=\"720\" height=\"482\" src=\"https:\/\/www.v-label.com\/wp-content\/uploads\/2022\/09\/b2b-info-page-1.webp\" alt=\"\" class=\"wp-image-876\" srcset=\"https:\/\/www.v-label.com\/wp-content\/uploads\/2022\/09\/b2b-info-page-1.webp 720w, https:\/\/www.v-label.com\/wp-content\/uploads\/2022\/09\/b2b-info-page-1-300x201.webp 300w\" sizes=\"(max-width: 720px) 100vw, 720px\" \/><\/figure>\n<\/div>\n\n\n\n<div class=\"wp-block-column is-vertically-aligned-center is-layout-flow wp-block-column-is-layout-flow\">\n<figure class=\"wp-block-image size-full\"><img decoding=\"async\" width=\"720\" height=\"482\" src=\"https:\/\/www.v-label.com\/wp-content\/uploads\/2022\/09\/b2b-info-page-3.webp\" alt=\"\" class=\"wp-image-860\" srcset=\"https:\/\/www.v-label.com\/wp-content\/uploads\/2022\/09\/b2b-info-page-3.webp 720w, https:\/\/www.v-label.com\/wp-content\/uploads\/2022\/09\/b2b-info-page-3-300x201.webp 300w\" sizes=\"(max-width: 720px) 100vw, 720px\" \/><\/figure>\n<\/div>\n<\/div>\n","protected":false},"excerpt":{"rendered":"<p>Informacije za korisnike Da li ste vegan, vegetarijanac, feksiterijanac, smanjujete unos \u017eivotinjskih proizvoda ili ste samo znati\u017eeljni? Po\u0161to ste na ovoj stranici, vjerovatno \u017eelite fer, odr\u017eiv (i ukusan!) svijet. Sa Vama smo, a na\u0161 na\u010din doprinosa takvoj budu\u0107nosti je u pravljenju veganskih i vegetarijanskih proizvoda \u0161iroko rasprostranjenim i lako prepoznatljivim. V-Oznaka, internacionalno priznati pe\u010dat za [&hellip;]<\/p>\n","protected":false},"author":5,"featured_media":17171,"parent":0,"menu_order":0,"comment_status":"closed","ping_status":"closed","template":"","meta":{"_acf_changed":false,"_editorskit_title_hidden":false,"_editorskit_reading_time":0,"_editorskit_is_block_options_detached":false,"_editorskit_block_options_position":"{}","inline_featured_image":false,"_uag_custom_page_level_css":"","footnotes":""},"categories":[],"tags":[],"class_list":["post-8420","page","type-page","status-publish","has-post-thumbnail","hentry"],"acf":[],"uagb_featured_image_src":{"full":["https:\/\/www.v-label.com\/wp-content\/uploads\/2022\/12\/v-label-general-info-consumers.jpg",1280,738,false],"thumbnail":["https:\/\/www.v-label.com\/wp-content\/uploads\/2022\/12\/v-label-general-info-consumers-500x288.jpg",500,288,true],"medium":["https:\/\/www.v-label.com\/wp-content\/uploads\/2022\/12\/v-label-general-info-consumers-300x173.jpg",300,173,true],"medium_large":["https:\/\/www.v-label.com\/wp-content\/uploads\/2022\/12\/v-label-general-info-consumers-768x443.jpg",768,443,true],"large":["https:\/\/www.v-label.com\/wp-content\/uploads\/2022\/12\/v-label-general-info-consumers-1024x590.jpg",1024,590,true],"1536x1536":["https:\/\/www.v-label.com\/wp-content\/uploads\/2022\/12\/v-label-general-info-consumers.jpg",1280,738,false],"2048x2048":["https:\/\/www.v-label.com\/wp-content\/uploads\/2022\/12\/v-label-general-info-consumers.jpg",1280,738,false],"preview":["https:\/\/www.v-label.com\/wp-content\/uploads\/2022\/12\/v-label-general-info-consumers-904x720.jpg",904,720,true],"header":["https:\/\/www.v-label.com\/wp-content\/uploads\/2022\/12\/v-label-general-info-consumers-1280x720.jpg",1280,720,true],"gform-image-choice-sm":["https:\/\/www.v-label.com\/wp-content\/uploads\/2022\/12\/v-label-general-info-consumers.jpg",300,173,false],"gform-image-choice-md":["https:\/\/www.v-label.com\/wp-content\/uploads\/2022\/12\/v-label-general-info-consumers.jpg",400,231,false],"gform-image-choice-lg":["https:\/\/www.v-label.com\/wp-content\/uploads\/2022\/12\/v-label-general-info-consumers.jpg",600,346,false]},"uagb_author_info":{"display_name":"Can Aslan","author_link":"https:\/\/www.v-label.com\/bs"},"uagb_comment_info":0,"uagb_excerpt":"Informacije za korisnike Da li ste vegan, vegetarijanac, feksiterijanac, smanjujete unos \u017eivotinjskih proizvoda ili ste samo znati\u017eeljni? Po\u0161to ste na ovoj stranici, vjerovatno \u017eelite fer, odr\u017eiv (i ukusan!) svijet. Sa Vama smo, a na\u0161 na\u010din doprinosa takvoj budu\u0107nosti je u pravljenju veganskih i vegetarijanskih proizvoda \u0161iroko rasprostranjenim i lako prepoznatljivim. V-Oznaka, internacionalno priznati pe\u010dat za&hellip;","_links":{"self":[{"href":"https:\/\/www.v-label.com\/bs\/wp-json\/wp\/v2\/pages\/8420","targetHints":{"allow":["GET"]}}],"collection":[{"href":"https:\/\/www.v-label.com\/bs\/wp-json\/wp\/v2\/pages"}],"about":[{"href":"https:\/\/www.v-label.com\/bs\/wp-json\/wp\/v2\/types\/page"}],"author":[{"embeddable":true,"href":"https:\/\/www.v-label.com\/bs\/wp-json\/wp\/v2\/users\/5"}],"replies":[{"embeddable":true,"href":"https:\/\/www.v-label.com\/bs\/wp-json\/wp\/v2\/comments?post=8420"}],"version-history":[{"count":4,"href":"https:\/\/www.v-label.com\/bs\/wp-json\/wp\/v2\/pages\/8420\/revisions"}],"predecessor-version":[{"id":9031,"href":"https:\/\/www.v-label.com\/bs\/wp-json\/wp\/v2\/pages\/8420\/revisions\/9031"}],"wp:featuredmedia":[{"embeddable":true,"href":"https:\/\/www.v-label.com\/bs\/wp-json\/wp\/v2\/media\/17171"}],"wp:attachment":[{"href":"https:\/\/www.v-label.com\/bs\/wp-json\/wp\/v2\/media?parent=8420"}],"wp:term":[{"taxonomy":"category","embeddable":true,"href":"https:\/\/www.v-label.com\/bs\/wp-json\/wp\/v2\/categories?post=8420"},{"taxonomy":"post_tag","embeddable":true,"href":"https:\/\/www.v-label.com\/bs\/wp-json\/wp\/v2\/tags?post=8420"}],"curies":[{"name":"wp","href":"https:\/\/api.w.org\/{rel}","templated":true}]}}