{"id":8511,"date":"2022-09-09T10:47:40","date_gmt":"2022-09-09T08:47:40","guid":{"rendered":"https:\/\/www.v-label.com\/general-information\/certified-products\/"},"modified":"2024-07-09T14:30:26","modified_gmt":"2024-07-09T12:30:26","slug":"certified-products","status":"publish","type":"page","link":"https:\/\/www.v-label.com\/bs\/general-information\/certified-products\/","title":{"rendered":"Certificirani Proizvodi"},"content":{"rendered":"\n<p>Uz proizvodnju hrane koja je odgovorna za jednu \u010detvrtinu emisije stakleni\u010dkih gasova i sa sve vi\u0161e ljudi koji brinu radi klimatskih promjena, nedavno objavljene studije pokazuju da ukoliko \u017eelite smanjiti Va\u0161 li\u010dni stakleni\u010dki otisak, <strong>trebate se fokusirati na ono \u0161to jedete prije nego na to da li je Va\u0161a hrana proizvedena lokalno<\/strong>.<a href=\"https:\/\/ourworldindata.org\/food-choice-vs-eating-local#licence\" target=\"_blank\" rel=\"noopener\"><sup>1<\/sup><\/a><\/p>\n\n\n\n<p>Mo\u017eete, ali ne morate pre\u0107i na 100% vegansku ishranu da bi u\u017eivali u rastu\u0107oj raznovrsnoj ponudi biljnih opcija. Veganska i vegetarijanska hrana je zdrava, zasitna, pogodna, laka za pripremu i privla\u010dna. Pored toga \u0161to je eti\u010dka i odr\u017eiva, ona je i izraz li\u010dnog identiteta.<\/p>\n\n\n\n<p>V-Oznaka je trenutno prisutna na vi\u0161e od 70.000 proizvoda. Ovdje se nalazi izbor nekih od certificiranih proizvoda koji mogu inspirisati Va\u0161u sljede\u0107u kupovinu.<\/p>\n\n\n\n<h3 class=\"wp-block-heading has-text-align-center\"><strong>Neka Va\u0161a kupovina ima smisla<\/strong><\/h3>\n\n\n\n<div class=\"wp-block-group alignwide is-content-justification-center is-nowrap is-layout-flex wp-container-core-group-is-layout-499140ed wp-block-group-is-layout-flex\">\n<figure class=\"wp-block-image size-thumbnail is-resized\"><img decoding=\"async\" width=\"500\" height=\"500\" src=\"https:\/\/www.v-label.com\/wp-content\/uploads\/2022\/07\/logo-vlabel-favicon-500x500.png\" alt=\"\" class=\"wp-image-331\" style=\"width:50px;height:50px\" srcset=\"https:\/\/www.v-label.com\/wp-content\/uploads\/2022\/07\/logo-vlabel-favicon-500x500.png 500w, https:\/\/www.v-label.com\/wp-content\/uploads\/2022\/07\/logo-vlabel-favicon-300x300.png 300w, https:\/\/www.v-label.com\/wp-content\/uploads\/2022\/07\/logo-vlabel-favicon-768x768.png 768w, https:\/\/www.v-label.com\/wp-content\/uploads\/2022\/07\/logo-vlabel-favicon.png 852w\" sizes=\"(max-width: 500px) 100vw, 500px\" \/><\/figure>\n<\/div>\n\n\n\n<div class=\"wp-block-columns is-layout-flex wp-container-core-columns-is-layout-9d6595d7 wp-block-columns-is-layout-flex\">\n<div class=\"wp-block-column is-layout-flow wp-block-column-is-layout-flow\">\n<figure class=\"wp-block-image size-medium\"><img decoding=\"async\" width=\"300\" height=\"200\" src=\"https:\/\/www.v-label.com\/wp-content\/uploads\/2022\/12\/meat-alternatives-1280-300x200.jpg\" alt=\"\" class=\"wp-image-17392\" srcset=\"https:\/\/www.v-label.com\/wp-content\/uploads\/2022\/12\/meat-alternatives-1280-300x200.jpg 300w, https:\/\/www.v-label.com\/wp-content\/uploads\/2022\/12\/meat-alternatives-1280-1024x682.jpg 1024w, https:\/\/www.v-label.com\/wp-content\/uploads\/2022\/12\/meat-alternatives-1280-500x333.jpg 500w, https:\/\/www.v-label.com\/wp-content\/uploads\/2022\/12\/meat-alternatives-1280-768x511.jpg 768w, https:\/\/www.v-label.com\/wp-content\/uploads\/2022\/12\/meat-alternatives-1280.jpg 1280w\" sizes=\"(max-width: 300px) 100vw, 300px\" \/><\/figure>\n\n\n\n<h2 class=\"wp-block-heading\"><a href=\"https:\/\/www.v-label.com\/bs\/general-information\/certified-products\/meat-alternatives\/\" data-type=\"page\" data-id=\"1016\"><strong>Mesne alternative<\/strong><\/a><\/h2>\n\n\n\n<p>Proboj u sastojcima, mainstream priznanja i beskona\u010dni porast mogu\u0107nosti. To su tri razloga zbog kojih mesne alternative ne samo da se pove\u0107avaju eksponencijalno, nego nam i oslikavaju i pribli\u017eavaju budu\u0107nost konzumacije hrane. Pretra\u017eite opcije i zadovoljite svoje \u010dulo okusa.<\/p>\n<\/div>\n\n\n\n<div class=\"wp-block-column is-layout-flow wp-block-column-is-layout-flow\">\n<figure class=\"wp-block-image size-medium\"><img decoding=\"async\" width=\"300\" height=\"200\" src=\"https:\/\/www.v-label.com\/wp-content\/uploads\/2022\/12\/fish-alternatives-1280-300x200.jpg\" alt=\"\" class=\"wp-image-17372\" srcset=\"https:\/\/www.v-label.com\/wp-content\/uploads\/2022\/12\/fish-alternatives-1280-300x200.jpg 300w, https:\/\/www.v-label.com\/wp-content\/uploads\/2022\/12\/fish-alternatives-1280-1024x682.jpg 1024w, https:\/\/www.v-label.com\/wp-content\/uploads\/2022\/12\/fish-alternatives-1280-500x333.jpg 500w, https:\/\/www.v-label.com\/wp-content\/uploads\/2022\/12\/fish-alternatives-1280-768x512.jpg 768w, https:\/\/www.v-label.com\/wp-content\/uploads\/2022\/12\/fish-alternatives-1280.jpg 1280w\" sizes=\"(max-width: 300px) 100vw, 300px\" \/><\/figure>\n\n\n\n<h2 class=\"wp-block-heading\"><a href=\"https:\/\/www.v-label.com\/bs\/general-information\/certified-products\/fish-alternatives\/\" data-type=\"page\" data-id=\"1323\"><strong>Alternative ribe<\/strong><\/a><\/h2>\n\n\n\n<p>Biljna riba i morska hrana nisu samo fileti bez riba na Va\u0161em stolu za praznike i blagdane. Ovo uzbudljivo tr\u017ei\u0161te nudi i razli\u010dite obroke pune proteina, od onih svakodnevnih do sve\u010danih.<\/p>\n<\/div>\n\n\n\n<div class=\"wp-block-column is-layout-flow wp-block-column-is-layout-flow\">\n<figure class=\"wp-block-image size-medium\"><img decoding=\"async\" width=\"300\" height=\"200\" src=\"https:\/\/www.v-label.com\/wp-content\/uploads\/2022\/12\/milk-alternatives-1280-300x200.jpg\" alt=\"\" class=\"wp-image-17875\" srcset=\"https:\/\/www.v-label.com\/wp-content\/uploads\/2022\/12\/milk-alternatives-1280-300x200.jpg 300w, https:\/\/www.v-label.com\/wp-content\/uploads\/2022\/12\/milk-alternatives-1280-1024x682.jpg 1024w, https:\/\/www.v-label.com\/wp-content\/uploads\/2022\/12\/milk-alternatives-1280-500x333.jpg 500w, https:\/\/www.v-label.com\/wp-content\/uploads\/2022\/12\/milk-alternatives-1280-768x512.jpg 768w, https:\/\/www.v-label.com\/wp-content\/uploads\/2022\/12\/milk-alternatives-1280.jpg 1280w\" sizes=\"(max-width: 300px) 100vw, 300px\" \/><\/figure>\n\n\n\n<h2 class=\"wp-block-heading\"><a href=\"https:\/\/www.v-label.com\/bs\/general-information\/certified-products\/dairy-alternatives\/\" data-type=\"page\" data-id=\"1325\"><strong>Mlije\u010dne alternative<\/strong><\/a><\/h2>\n\n\n\n<p>Prelazak sa soje na mlijeka od zobi, badema i kokosa je predstavljao samo po\u010detak revolucije biljnih mlije\u010dnih proizvoda. Izaberite po Va\u0161oj \u017eelji: jogurti uobi\u010dajene ponude, od gr\u010dkog, do onog za pi\u0107e. Ukusni sladoledi koji ne zaga\u0111uju planetu, puteri i namazi za Va\u0161 doru\u010dak i kri\u0161ka sira na kraju!<\/p>\n<\/div>\n<\/div>\n\n\n\n<div class=\"wp-block-columns is-layout-flex wp-container-core-columns-is-layout-9d6595d7 wp-block-columns-is-layout-flex\">\n<div class=\"wp-block-column is-layout-flow wp-block-column-is-layout-flow\">\n<figure class=\"wp-block-image size-full\"><img decoding=\"async\" width=\"1280\" height=\"853\" src=\"https:\/\/www.v-label.com\/wp-content\/uploads\/2022\/12\/sweets-1280.jpg\" alt=\"\" class=\"wp-image-17312\" srcset=\"https:\/\/www.v-label.com\/wp-content\/uploads\/2022\/12\/sweets-1280.jpg 1280w, https:\/\/www.v-label.com\/wp-content\/uploads\/2022\/12\/sweets-1280-300x200.jpg 300w, https:\/\/www.v-label.com\/wp-content\/uploads\/2022\/12\/sweets-1280-1024x682.jpg 1024w, https:\/\/www.v-label.com\/wp-content\/uploads\/2022\/12\/sweets-1280-500x333.jpg 500w, https:\/\/www.v-label.com\/wp-content\/uploads\/2022\/12\/sweets-1280-768x512.jpg 768w\" sizes=\"(max-width: 1280px) 100vw, 1280px\" \/><\/figure>\n\n\n\n<h2 class=\"wp-block-heading\"><a href=\"https:\/\/www.v-label.com\/bs\/general-information\/certified-products\/sweets\/\" data-type=\"page\" data-id=\"1329\"><strong>Slatki\u0161i<\/strong><\/a><\/h2>\n\n\n\n<p>Provjerite da li su Va\u0161e omiljene grickalice zaista vegetarijanske ili veganske i napunite ostavu sa biljnom \u010dokoladom, \u010dokoladicama, biskvitima i \u010dipsom! I \u010dekajte, ima jo\u0161: tr\u017ei\u0161te proizvoda od tijesta treba dr\u017eati na oku, sa veganskim tortama, kroasanima ili \u010dak rolama kobasica koje imaju ukus onih pravih.<\/p>\n<\/div>\n\n\n\n<div class=\"wp-block-column is-layout-flow wp-block-column-is-layout-flow\">\n<figure class=\"wp-block-image size-full\"><img decoding=\"async\" width=\"1280\" height=\"854\" src=\"https:\/\/www.v-label.com\/wp-content\/uploads\/2022\/12\/gastronomy-1280.jpg\" alt=\"\" class=\"wp-image-17855\" srcset=\"https:\/\/www.v-label.com\/wp-content\/uploads\/2022\/12\/gastronomy-1280.jpg 1280w, https:\/\/www.v-label.com\/wp-content\/uploads\/2022\/12\/gastronomy-1280-300x200.jpg 300w, https:\/\/www.v-label.com\/wp-content\/uploads\/2022\/12\/gastronomy-1280-1024x683.jpg 1024w, https:\/\/www.v-label.com\/wp-content\/uploads\/2022\/12\/gastronomy-1280-500x334.jpg 500w, https:\/\/www.v-label.com\/wp-content\/uploads\/2022\/12\/gastronomy-1280-768x512.jpg 768w\" sizes=\"(max-width: 1280px) 100vw, 1280px\" \/><\/figure>\n\n\n\n<h2 class=\"wp-block-heading\"><a href=\"https:\/\/www.v-label.com\/bs\/general-information\/certified-products\/gastronomy\/\" data-type=\"page\" data-id=\"1339\"><strong>Gastronomija<\/strong><\/a><\/h2>\n\n\n\n<p>Iza\u0111ite i kre\u0107ite se bez potrebe za kompromisom: mi \u0107emo Vam re\u0107i koji restorani, bistroi i kafi\u0107i su biljni (i koje vrijedi posjetiti!) i gdje da putujete do veganskog hotela ili iskustva.<\/p>\n<\/div>\n<\/div>\n","protected":false},"excerpt":{"rendered":"<p>Uz proizvodnju hrane koja je odgovorna za jednu \u010detvrtinu emisije stakleni\u010dkih gasova i sa sve vi\u0161e ljudi koji brinu radi klimatskih promjena, nedavno objavljene studije pokazuju da ukoliko \u017eelite smanjiti Va\u0161 li\u010dni stakleni\u010dki otisak, trebate se fokusirati na ono \u0161to jedete prije nego na to da li je Va\u0161a hrana proizvedena lokalno.1 Mo\u017eete, ali ne [&hellip;]<\/p>\n","protected":false},"author":5,"featured_media":17192,"parent":8420,"menu_order":0,"comment_status":"closed","ping_status":"closed","template":"","meta":{"_acf_changed":false,"_editorskit_title_hidden":false,"_editorskit_reading_time":0,"_editorskit_is_block_options_detached":false,"_editorskit_block_options_position":"{}","inline_featured_image":false,"_uag_custom_page_level_css":"","footnotes":""},"categories":[],"tags":[],"class_list":["post-8511","page","type-page","status-publish","has-post-thumbnail","hentry"],"acf":[],"uagb_featured_image_src":{"full":["https:\/\/www.v-label.com\/wp-content\/uploads\/2022\/12\/v-label-cert-products.jpg",2000,1339,false],"thumbnail":["https:\/\/www.v-label.com\/wp-content\/uploads\/2022\/12\/v-label-cert-products-500x335.jpg",500,335,true],"medium":["https:\/\/www.v-label.com\/wp-content\/uploads\/2022\/12\/v-label-cert-products-300x201.jpg",300,201,true],"medium_large":["https:\/\/www.v-label.com\/wp-content\/uploads\/2022\/12\/v-label-cert-products-768x514.jpg",768,514,true],"large":["https:\/\/www.v-label.com\/wp-content\/uploads\/2022\/12\/v-label-cert-products-1024x686.jpg",1024,686,true],"1536x1536":["https:\/\/www.v-label.com\/wp-content\/uploads\/2022\/12\/v-label-cert-products-1536x1028.jpg",1536,1028,true],"2048x2048":["https:\/\/www.v-label.com\/wp-content\/uploads\/2022\/12\/v-label-cert-products.jpg",2000,1339,false],"preview":["https:\/\/www.v-label.com\/wp-content\/uploads\/2022\/12\/v-label-cert-products-904x720.jpg",904,720,true],"header":["https:\/\/www.v-label.com\/wp-content\/uploads\/2022\/12\/v-label-cert-products-2000x720.jpg",2000,720,true],"gform-image-choice-sm":["https:\/\/www.v-label.com\/wp-content\/uploads\/2022\/12\/v-label-cert-products.jpg",300,201,false],"gform-image-choice-md":["https:\/\/www.v-label.com\/wp-content\/uploads\/2022\/12\/v-label-cert-products.jpg",400,268,false],"gform-image-choice-lg":["https:\/\/www.v-label.com\/wp-content\/uploads\/2022\/12\/v-label-cert-products.jpg",600,402,false]},"uagb_author_info":{"display_name":"Can Aslan","author_link":"https:\/\/www.v-label.com\/bs"},"uagb_comment_info":0,"uagb_excerpt":"Uz proizvodnju hrane koja je odgovorna za jednu \u010detvrtinu emisije stakleni\u010dkih gasova i sa sve vi\u0161e ljudi koji brinu radi klimatskih promjena, nedavno objavljene studije pokazuju da ukoliko \u017eelite smanjiti Va\u0161 li\u010dni stakleni\u010dki otisak, trebate se fokusirati na ono \u0161to jedete prije nego na to da li je Va\u0161a hrana proizvedena lokalno.1 Mo\u017eete, ali ne&hellip;","_links":{"self":[{"href":"https:\/\/www.v-label.com\/bs\/wp-json\/wp\/v2\/pages\/8511","targetHints":{"allow":["GET"]}}],"collection":[{"href":"https:\/\/www.v-label.com\/bs\/wp-json\/wp\/v2\/pages"}],"about":[{"href":"https:\/\/www.v-label.com\/bs\/wp-json\/wp\/v2\/types\/page"}],"author":[{"embeddable":true,"href":"https:\/\/www.v-label.com\/bs\/wp-json\/wp\/v2\/users\/5"}],"replies":[{"embeddable":true,"href":"https:\/\/www.v-label.com\/bs\/wp-json\/wp\/v2\/comments?post=8511"}],"version-history":[{"count":7,"href":"https:\/\/www.v-label.com\/bs\/wp-json\/wp\/v2\/pages\/8511\/revisions"}],"predecessor-version":[{"id":83830,"href":"https:\/\/www.v-label.com\/bs\/wp-json\/wp\/v2\/pages\/8511\/revisions\/83830"}],"up":[{"embeddable":true,"href":"https:\/\/www.v-label.com\/bs\/wp-json\/wp\/v2\/pages\/8420"}],"wp:featuredmedia":[{"embeddable":true,"href":"https:\/\/www.v-label.com\/bs\/wp-json\/wp\/v2\/media\/17192"}],"wp:attachment":[{"href":"https:\/\/www.v-label.com\/bs\/wp-json\/wp\/v2\/media?parent=8511"}],"wp:term":[{"taxonomy":"category","embeddable":true,"href":"https:\/\/www.v-label.com\/bs\/wp-json\/wp\/v2\/categories?post=8511"},{"taxonomy":"post_tag","embeddable":true,"href":"https:\/\/www.v-label.com\/bs\/wp-json\/wp\/v2\/tags?post=8511"}],"curies":[{"name":"wp","href":"https:\/\/api.w.org\/{rel}","templated":true}]}}