{"id":21105,"date":"2022-05-30T16:56:50","date_gmt":"2022-05-30T14:56:50","guid":{"rendered":"https:\/\/www.v-label.com\/press-materials\/"},"modified":"2023-10-16T14:26:40","modified_gmt":"2023-10-16T12:26:40","slug":"presse-materialien","status":"publish","type":"page","link":"https:\/\/www.v-label.com\/ch-de\/presse-materialien\/","title":{"rendered":"Presse-Materialien"},"content":{"rendered":"\n<h3 class=\"wp-block-heading has-text-align-center\">Nutzen Sie f\u00fcr Ihre Pressearbeit die Auswahl an Bildern und Logos zum V-Label, die wir Ihnen zur Verf\u00fcgung stellen.<\/h3>\n\n\n\n<h2 class=\"wp-block-heading has-text-align-center\">V-Label-Versionen<\/h2>\n\n\n\n<div class=\"wp-block-columns is-layout-flex wp-container-core-columns-is-layout-9d6595d7 wp-block-columns-is-layout-flex\">\n<div class=\"wp-block-column is-layout-flow wp-block-column-is-layout-flow\">\n<section id=\"download-block_2cb0f74fd2774f833bbd55fc248ef2fb\" class=\"wp-block-download\">\n\t\t\t<div class=\"inner\">\n\t\t\t\t\t\t<a href=\"https:\/\/www.v-label.com\/wp-content\/uploads\/2022\/12\/v-label-vegan-color-1.png\" class=\"post_thumbnail\" download>\n\t\t\t\t<img decoding=\"async\" src=\"https:\/\/www.v-label.com\/wp-content\/uploads\/2022\/12\/v-label-vegan-color-1-375x500.png\" alt=\"V-Label Vegan\">\n\t\t\t<\/a>\n\t\t\t<h4>V-Label Vegan<\/h4>\n\t\t\t<p class=\"meta\">\n\t\t\t\tPNG, 61.06 KB\t\t\t<\/p>\n\t\t<\/div>\n\t\t<a href=\"https:\/\/www.v-label.com\/wp-content\/uploads\/2022\/12\/v-label-vegan-color-1.png\" download>\n\t\t\t<button class=\"wp-block-button__link\">Download<\/button>\n\t\t<\/a>\n\t<\/section><\/div>\n\n\n\n<div class=\"wp-block-column is-layout-flow wp-block-column-is-layout-flow\">\n<section id=\"download-block_82891ff5cccb2107dc651901967002e3\" class=\"wp-block-download\">\n\t\t\t<div class=\"inner\">\n\t\t\t\t\t\t<a href=\"https:\/\/www.v-label.com\/wp-content\/uploads\/2022\/12\/v-label-vegan-color.pdf\" class=\"post_thumbnail\" download>\n\t\t\t\t<img decoding=\"async\" src=\"https:\/\/www.v-label.com\/wp-content\/uploads\/2022\/12\/v-label-vegan-color-1-375x500.png\" alt=\"V-Label Vegan\">\n\t\t\t<\/a>\n\t\t\t<h4>V-Label Vegan<\/h4>\n\t\t\t<p class=\"meta\">\n\t\t\t\tPDF, 29.80 KB\t\t\t<\/p>\n\t\t<\/div>\n\t\t<a href=\"https:\/\/www.v-label.com\/wp-content\/uploads\/2022\/12\/v-label-vegan-color.pdf\" download>\n\t\t\t<button class=\"wp-block-button__link\">Download<\/button>\n\t\t<\/a>\n\t<\/section><\/div>\n\n\n\n<div class=\"wp-block-column is-layout-flow wp-block-column-is-layout-flow\">\n<section id=\"download-block_8d1b3713edf1cb2fcf839f2cc396b0a8\" class=\"wp-block-download\">\n\t\t\t<div class=\"inner\">\n\t\t\t\t\t\t<a href=\"https:\/\/www.v-label.com\/wp-content\/uploads\/2022\/12\/v-label-vegan-color.eps\" class=\"post_thumbnail\" download>\n\t\t\t\t<img decoding=\"async\" src=\"https:\/\/www.v-label.com\/wp-content\/uploads\/2022\/12\/v-label-vegan-color-1-375x500.png\" alt=\"V-Label Vegan\">\n\t\t\t<\/a>\n\t\t\t<h4>V-Label Vegan<\/h4>\n\t\t\t<p class=\"meta\">\n\t\t\t\tEPS, 418.61 KB\t\t\t<\/p>\n\t\t<\/div>\n\t\t<a href=\"https:\/\/www.v-label.com\/wp-content\/uploads\/2022\/12\/v-label-vegan-color.eps\" download>\n\t\t\t<button class=\"wp-block-button__link\">Download<\/button>\n\t\t<\/a>\n\t<\/section><\/div>\n<\/div>\n\n\n\n<div class=\"wp-block-columns is-layout-flex wp-container-core-columns-is-layout-9d6595d7 wp-block-columns-is-layout-flex\">\n<div class=\"wp-block-column is-layout-flow wp-block-column-is-layout-flow\">\n<section id=\"download-block_62035559f955f755b8c169eac90ba34a\" class=\"wp-block-download\">\n\t\t\t<div class=\"inner\">\n\t\t\t\t\t\t<a href=\"https:\/\/www.v-label.com\/wp-content\/uploads\/2022\/12\/v-label-vegetarisch-color.eps\" class=\"post_thumbnail\" download>\n\t\t\t\t<img decoding=\"async\" src=\"https:\/\/www.v-label.com\/wp-content\/uploads\/2022\/12\/v-label-vegetarisch-color-425x500.png\" alt=\"V-Label Vegetarisch\">\n\t\t\t<\/a>\n\t\t\t<h4>V-Label Vegetarisch<\/h4>\n\t\t\t<p class=\"meta\">\n\t\t\t\tEPS, 423.49 KB\t\t\t<\/p>\n\t\t<\/div>\n\t\t<a href=\"https:\/\/www.v-label.com\/wp-content\/uploads\/2022\/12\/v-label-vegetarisch-color.eps\" download>\n\t\t\t<button class=\"wp-block-button__link\">Download<\/button>\n\t\t<\/a>\n\t<\/section><\/div>\n\n\n\n<div class=\"wp-block-column is-layout-flow wp-block-column-is-layout-flow\">\n<section id=\"download-block_731b60c5fa8e8424d660bd6fc4219068\" class=\"wp-block-download\">\n\t\t\t<div class=\"inner\">\n\t\t\t\t\t\t<a href=\"https:\/\/www.v-label.com\/wp-content\/uploads\/2022\/12\/v-label-vegetarisch-color.png\" class=\"post_thumbnail\" download>\n\t\t\t\t<img decoding=\"async\" src=\"https:\/\/www.v-label.com\/wp-content\/uploads\/2022\/12\/v-label-vegetarisch-color-425x500.png\" alt=\"V-Label Vegetarisch\">\n\t\t\t<\/a>\n\t\t\t<h4>V-Label Vegetarisch<\/h4>\n\t\t\t<p class=\"meta\">\n\t\t\t\tPNG, 37.81 KB\t\t\t<\/p>\n\t\t<\/div>\n\t\t<a href=\"https:\/\/www.v-label.com\/wp-content\/uploads\/2022\/12\/v-label-vegetarisch-color.png\" download>\n\t\t\t<button class=\"wp-block-button__link\">Download<\/button>\n\t\t<\/a>\n\t<\/section><\/div>\n\n\n\n<div class=\"wp-block-column is-layout-flow wp-block-column-is-layout-flow\">\n<section id=\"download-block_edfc2758876aaf0b1c4d8d066fab391c\" class=\"wp-block-download\">\n\t\t\t<div class=\"inner\">\n\t\t\t\t\t\t<a href=\"https:\/\/www.v-label.com\/wp-content\/uploads\/2022\/12\/v-label-vegetarisch-color.pdf\" class=\"post_thumbnail\" download>\n\t\t\t\t<img decoding=\"async\" src=\"https:\/\/www.v-label.com\/wp-content\/uploads\/2022\/12\/v-label-vegetarisch-color-425x500.png\" alt=\"V-Label Vegetarisch\">\n\t\t\t<\/a>\n\t\t\t<h4>V-Label Vegetarisch<\/h4>\n\t\t\t<p class=\"meta\">\n\t\t\t\tPDF, 30.95 KB\t\t\t<\/p>\n\t\t<\/div>\n\t\t<a href=\"https:\/\/www.v-label.com\/wp-content\/uploads\/2022\/12\/v-label-vegetarisch-color.pdf\" download>\n\t\t\t<button class=\"wp-block-button__link\">Download<\/button>\n\t\t<\/a>\n\t<\/section><\/div>\n<\/div>\n\n\n\n<div class=\"wp-block-columns is-layout-flex wp-container-core-columns-is-layout-9d6595d7 wp-block-columns-is-layout-flex\">\n<div class=\"wp-block-column is-layout-flow wp-block-column-is-layout-flow\">\n<section id=\"download-block_6d528e0912111cd8e13074f1755ce26a\" class=\"wp-block-download\">\n\t\t\t<div class=\"inner\">\n\t\t\t\t\t\t<a href=\"https:\/\/www.v-label.com\/wp-content\/uploads\/2022\/12\/v-label-color-nocategory-2.png\" class=\"post_thumbnail\" download>\n\t\t\t\t<img decoding=\"async\" src=\"https:\/\/www.v-label.com\/wp-content\/uploads\/2022\/12\/v-label-color-nocategory-2-500x500.png\" alt=\"V-Label\">\n\t\t\t<\/a>\n\t\t\t<h4>V-Label<\/h4>\n\t\t\t<p class=\"meta\">\n\t\t\t\tPNG, 50.57 KB\t\t\t<\/p>\n\t\t<\/div>\n\t\t<a href=\"https:\/\/www.v-label.com\/wp-content\/uploads\/2022\/12\/v-label-color-nocategory-2.png\" download>\n\t\t\t<button class=\"wp-block-button__link\">Download<\/button>\n\t\t<\/a>\n\t<\/section><\/div>\n\n\n\n<div class=\"wp-block-column is-layout-flow wp-block-column-is-layout-flow\">\n<section id=\"download-block_100a5cc1489bcf564a1a9bfe98f2c39f\" class=\"wp-block-download\">\n\t\t\t<div class=\"inner\">\n\t\t\t\t\t\t<a href=\"https:\/\/www.v-label.com\/wp-content\/uploads\/2022\/12\/v-label-color-nocategory.pdf\" class=\"post_thumbnail\" download>\n\t\t\t\t<img decoding=\"async\" src=\"https:\/\/www.v-label.com\/wp-content\/uploads\/2022\/12\/v-label-color-nocategory-2-500x500.png\" alt=\"V-Label\">\n\t\t\t<\/a>\n\t\t\t<h4>V-Label<\/h4>\n\t\t\t<p class=\"meta\">\n\t\t\t\tPDF, 29.13 KB\t\t\t<\/p>\n\t\t<\/div>\n\t\t<a href=\"https:\/\/www.v-label.com\/wp-content\/uploads\/2022\/12\/v-label-color-nocategory.pdf\" download>\n\t\t\t<button class=\"wp-block-button__link\">Download<\/button>\n\t\t<\/a>\n\t<\/section><\/div>\n\n\n\n<div class=\"wp-block-column is-layout-flow wp-block-column-is-layout-flow\">\n<section id=\"download-block_0fc020174f31883c8cb412b1d0d31cdd\" class=\"wp-block-download\">\n\t\t\t<div class=\"inner\">\n\t\t\t\t\t\t<a href=\"https:\/\/www.v-label.com\/wp-content\/uploads\/2022\/12\/v-label-color-nocategory.eps\" class=\"post_thumbnail\" download>\n\t\t\t\t<img decoding=\"async\" src=\"https:\/\/www.v-label.com\/wp-content\/uploads\/2022\/12\/v-label-color-nocategory-2-500x500.png\" alt=\"V-Label\">\n\t\t\t<\/a>\n\t\t\t<h4>V-Label<\/h4>\n\t\t\t<p class=\"meta\">\n\t\t\t\tEPS, 414.70 KB\t\t\t<\/p>\n\t\t<\/div>\n\t\t<a href=\"https:\/\/www.v-label.com\/wp-content\/uploads\/2022\/12\/v-label-color-nocategory.eps\" download>\n\t\t\t<button class=\"wp-block-button__link\">Download<\/button>\n\t\t<\/a>\n\t<\/section><\/div>\n<\/div>\n\n\n\n<h2 class=\"wp-block-heading has-text-align-center\">Zus\u00e4tzliche Dateien<\/h2>\n\n\n\n<div class=\"wp-block-columns is-layout-flex wp-container-core-columns-is-layout-9d6595d7 wp-block-columns-is-layout-flex\">\n<div class=\"wp-block-column is-layout-flow wp-block-column-is-layout-flow\">\n<section id=\"download-block_f7a0e7831137de9e85d8a81918940fbf\" class=\"wp-block-download\">\n\t\t\t<div class=\"inner\">\n\t\t\t\t\t\t<a href=\"https:\/\/www.v-label.com\/wp-content\/uploads\/2022\/09\/manual-for-licensees-int-fwcng08-v101-en-new-label.pdf\" class=\"post_thumbnail\" download>\n\t\t\t\t<img decoding=\"async\" src=\"https:\/\/www.v-label.com\/wp-content\/uploads\/2022\/09\/manual-thumbnail-352x500.png\" alt=\"V-Label Manual for Licensees\">\n\t\t\t<\/a>\n\t\t\t<h4>V-Label Manual for Licensees<\/h4>\n\t\t\t<p class=\"meta\">\n\t\t\t\tPDF, 1.35 MB\t\t\t<\/p>\n\t\t<\/div>\n\t\t<a href=\"https:\/\/www.v-label.com\/wp-content\/uploads\/2022\/09\/manual-for-licensees-int-fwcng08-v101-en-new-label.pdf\" download>\n\t\t\t<button class=\"wp-block-button__link\">Download<\/button>\n\t\t<\/a>\n\t<\/section><\/div>\n\n\n\n<div class=\"wp-block-column is-layout-flow wp-block-column-is-layout-flow\">\n<section id=\"download-block_e7c9eb031202f12d6d6db00557514798\" class=\"wp-block-download\">\n\t\t\t<div class=\"inner\">\n\t\t\t\t\t\t<a href=\"https:\/\/www.v-label.com\/wp-content\/uploads\/2022\/09\/v-label-brochure-en.pdf\" class=\"post_thumbnail\" download>\n\t\t\t\t<img decoding=\"async\" src=\"https:\/\/www.v-label.com\/wp-content\/uploads\/2022\/09\/v-label-brochure-en-237x500.jpg\" alt=\"V-Label Brochure\">\n\t\t\t<\/a>\n\t\t\t<h4>V-Label Brochure<\/h4>\n\t\t\t<p class=\"meta\">\n\t\t\t\tPDF, 827.35 KB\t\t\t<\/p>\n\t\t<\/div>\n\t\t<a href=\"https:\/\/www.v-label.com\/wp-content\/uploads\/2022\/09\/v-label-brochure-en.pdf\" download>\n\t\t\t<button class=\"wp-block-button__link\">Download<\/button>\n\t\t<\/a>\n\t<\/section><\/div>\n\n\n\n<div class=\"wp-block-column is-layout-flow wp-block-column-is-layout-flow\">\n<section id=\"download-block_778cda2bce46f5716ff0856ad1068fde\" class=\"wp-block-download\">\n\t\t\t<div class=\"inner\">\n\t\t\t\t\t\t<a href=\"https:\/\/www.v-label.com\/wp-content\/uploads\/2022\/09\/traces-en.pdf\" class=\"post_thumbnail\" download>\n\t\t\t\t<img decoding=\"async\" src=\"https:\/\/www.v-label.com\/wp-content\/uploads\/2022\/09\/traces-thumbnail-356x500.png\" alt=\"Information on Traces\">\n\t\t\t<\/a>\n\t\t\t<h4>Information on Traces<\/h4>\n\t\t\t<p class=\"meta\">\n\t\t\t\tPDF, 538.09 KB\t\t\t<\/p>\n\t\t<\/div>\n\t\t<a href=\"https:\/\/www.v-label.com\/wp-content\/uploads\/2022\/09\/traces-en.pdf\" download>\n\t\t\t<button class=\"wp-block-button__link\">Download<\/button>\n\t\t<\/a>\n\t<\/section><\/div>\n<\/div>\n\n\n\n<p class=\"has-small-font-size\"><em>Das Logo und das V-Label, die auf dieser Seite angezeigt werden, sind durch Gesetze zum geistigen Eigentum gesch\u00fctzt, einschlie\u00dflich Urheber- und Markenrechte. Wenn Sie unser Logo und das V-Label zur Anzeige oder f\u00fcr jede andere Verwendung in Ihren Lebensmittel-\/Nicht-Lebensmittelprodukten verwenden m\u00f6chten, m\u00fcssen Sie die notwendige Lizenz erwerben.<br>Jede nicht autorisierte Verwendung ist strengstens untersagt, ohne die entsprechende Lizenz zu erhalten. Die nicht autorisierte Verwendung unseres Logos und des V-Labels kann rechtliche Konsequenzen nach sich ziehen, einschlie\u00dflich, aber nicht beschr\u00e4nkt auf zivilrechtliche Haftung, finanzielle Sch\u00e4den und einstweilige Verf\u00fcgung. Wir behalten uns das Recht vor, angemessene rechtliche Schritte gegen Einzelpersonen oder Unternehmen einzuleiten, die gegen unsere Rechte am geistigen Eigentum versto\u00dfen. <a href=\"https:\/\/www.v-label.com\/ch-de\/kontakt\/\" class=\"ek-link\">Kontaktieren Sie uns bitte hier<\/a>, um Informationen zu den geeigneten Lizenzverfahren zu erhalten oder <a href=\"https:\/\/www.v-label.com\/ch-de\/get-certified\/\" class=\"ek-link\">\u00fcber diesen Link<\/a> eine Lizenz zu erwerben.<\/em><\/p>\n","protected":false},"excerpt":{"rendered":"<p>Nutzen Sie f\u00fcr Ihre Pressearbeit die Auswahl an Bildern und Logos zum V-Label, die wir Ihnen zur Verf\u00fcgung stellen. V-Label-Versionen Zus\u00e4tzliche Dateien Das Logo und das V-Label, die auf dieser Seite angezeigt werden, sind durch Gesetze zum geistigen Eigentum gesch\u00fctzt, einschlie\u00dflich Urheber- und Markenrechte. Wenn Sie unser Logo und das V-Label zur Anzeige oder f\u00fcr [&hellip;]<\/p>\n","protected":false},"author":5,"featured_media":21107,"parent":0,"menu_order":0,"comment_status":"closed","ping_status":"closed","template":"","meta":{"_acf_changed":false,"_editorskit_title_hidden":false,"_editorskit_reading_time":0,"_editorskit_is_block_options_detached":false,"_editorskit_block_options_position":"{}","inline_featured_image":false,"_uag_custom_page_level_css":"","footnotes":""},"categories":[],"tags":[],"class_list":["post-21105","page","type-page","status-publish","has-post-thumbnail","hentry"],"acf":[],"uagb_featured_image_src":{"full":["https:\/\/www.v-label.com\/wp-content\/uploads\/2022\/12\/v-label-press-materials-1.jpg",1000,667,false],"thumbnail":["https:\/\/www.v-label.com\/wp-content\/uploads\/2022\/12\/adobestock-157240659-preview-500x334.jpeg",500,334,true],"medium":["https:\/\/www.v-label.com\/wp-content\/uploads\/2022\/12\/adobestock-157240659-preview-300x200.jpeg",300,200,true],"medium_large":["https:\/\/www.v-label.com\/wp-content\/uploads\/2022\/12\/adobestock-157240659-preview-768x512.jpeg",768,512,true],"large":["https:\/\/www.v-label.com\/wp-content\/uploads\/2022\/12\/v-label-press-materials-1.jpg",1000,667,false],"1536x1536":["https:\/\/www.v-label.com\/wp-content\/uploads\/2022\/12\/v-label-press-materials-1.jpg",1000,667,false],"2048x2048":["https:\/\/www.v-label.com\/wp-content\/uploads\/2022\/12\/v-label-press-materials-1.jpg",1000,667,false],"preview":["https:\/\/www.v-label.com\/wp-content\/uploads\/2022\/12\/adobestock-157240659-preview-904x667.jpeg",904,667,true],"header":["https:\/\/www.v-label.com\/wp-content\/uploads\/2022\/12\/v-label-press-materials-1.jpg",1000,667,false],"gform-image-choice-sm":["https:\/\/www.v-label.com\/wp-content\/uploads\/2022\/12\/v-label-press-materials-1.jpg",300,200,false],"gform-image-choice-md":["https:\/\/www.v-label.com\/wp-content\/uploads\/2022\/12\/v-label-press-materials-1.jpg",400,267,false],"gform-image-choice-lg":["https:\/\/www.v-label.com\/wp-content\/uploads\/2022\/12\/v-label-press-materials-1.jpg",600,400,false]},"uagb_author_info":{"display_name":"Can Aslan","author_link":"https:\/\/www.v-label.com\/ch-de"},"uagb_comment_info":0,"uagb_excerpt":"Nutzen Sie f\u00fcr Ihre Pressearbeit die Auswahl an Bildern und Logos zum V-Label, die wir Ihnen zur Verf\u00fcgung stellen. V-Label-Versionen Zus\u00e4tzliche Dateien Das Logo und das V-Label, die auf dieser Seite angezeigt werden, sind durch Gesetze zum geistigen Eigentum gesch\u00fctzt, einschlie\u00dflich Urheber- und Markenrechte. Wenn Sie unser Logo und das V-Label zur Anzeige oder f\u00fcr&hellip;","_links":{"self":[{"href":"https:\/\/www.v-label.com\/ch-de\/wp-json\/wp\/v2\/pages\/21105","targetHints":{"allow":["GET"]}}],"collection":[{"href":"https:\/\/www.v-label.com\/ch-de\/wp-json\/wp\/v2\/pages"}],"about":[{"href":"https:\/\/www.v-label.com\/ch-de\/wp-json\/wp\/v2\/types\/page"}],"author":[{"embeddable":true,"href":"https:\/\/www.v-label.com\/ch-de\/wp-json\/wp\/v2\/users\/5"}],"replies":[{"embeddable":true,"href":"https:\/\/www.v-label.com\/ch-de\/wp-json\/wp\/v2\/comments?post=21105"}],"version-history":[{"count":3,"href":"https:\/\/www.v-label.com\/ch-de\/wp-json\/wp\/v2\/pages\/21105\/revisions"}],"predecessor-version":[{"id":69770,"href":"https:\/\/www.v-label.com\/ch-de\/wp-json\/wp\/v2\/pages\/21105\/revisions\/69770"}],"wp:featuredmedia":[{"embeddable":true,"href":"https:\/\/www.v-label.com\/ch-de\/wp-json\/wp\/v2\/media\/21107"}],"wp:attachment":[{"href":"https:\/\/www.v-label.com\/ch-de\/wp-json\/wp\/v2\/media?parent=21105"}],"wp:term":[{"taxonomy":"category","embeddable":true,"href":"https:\/\/www.v-label.com\/ch-de\/wp-json\/wp\/v2\/categories?post=21105"},{"taxonomy":"post_tag","embeddable":true,"href":"https:\/\/www.v-label.com\/ch-de\/wp-json\/wp\/v2\/tags?post=21105"}],"curies":[{"name":"wp","href":"https:\/\/api.w.org\/{rel}","templated":true}]}}