{"id":21122,"date":"2022-05-30T16:16:14","date_gmt":"2022-05-30T14:16:14","guid":{"rendered":"https:\/\/www.v-label.com\/info-for-producers\/"},"modified":"2024-07-11T11:16:33","modified_gmt":"2024-07-11T09:16:33","slug":"informationen-fur-unternehmen","status":"publish","type":"page","link":"https:\/\/www.v-label.com\/ch-de\/informationen-fur-unternehmen\/","title":{"rendered":"Informationen f\u00fcr Unternehmen"},"content":{"rendered":"\n<p>Mittlerweile sind weltweit \u00fcber <strong>70&#8217;000 Produkte<\/strong> von mehr als <strong>4&#8217;800 Unternehmen<\/strong> mit dem V-Label gekennzeichnet, dem G\u00fctesiegel f\u00fcr vegane und vegetarische Produkte und Dienstleistungen. Diese international anerkannte Marke hilft Konsumenten rund um die Welt pflanzliche Produkte auf den ersten Blick zu erkennen.<\/p>\n\n\n\n<h3 class=\"wp-block-heading has-text-align-center has-greenlightultra-background-color has-background\">Erfahren Sie hier wieso Sie eine V-Label-Zertifizierung in Betracht ziehen sollten:<\/h3>\n\n\n\n<p><strong>Erschliessen Sie neue M\u00e4rkte.<\/strong> Immer mehr Verbraucherinnen und Verbraucher entscheiden sich aus \u00f6kologischen, gesundheitlichen, religi\u00f6sen oder ethischen Gr\u00fcnden f\u00fcr eine flexitarische, vegetarische oder vegane Lebensweise. Damit besteht eine vielf\u00e4ltige, schnell-wachsende Zielgruppe f\u00fcr vegane und vegetarische Produkte.<\/p>\n\n\n\n<p><strong>Erh\u00f6hen Sie die Erkennbarkeit.<\/strong> Machen Sie Ihre Produkte f\u00fcr die Zielgruppe sichtbar und vereinfachen Sie ihnen die Kaufentscheidung dank dem vertrauensw\u00fcrdigen und bekanntem Label.<\/p>\n\n\n\n<p><strong>Schaffen Sie Vertrauen. <\/strong>Das V-Label spricht durch seinen Ruf als professionelles, unabh\u00e4ngiges G\u00fctesiegel und Branchen-Trendsetter f\u00fcr sich.<\/p>\n\n\n\n<div class=\"wp-block-buttons alignwide is-content-justification-center is-layout-flex wp-container-core-buttons-is-layout-16018d1d wp-block-buttons-is-layout-flex\">\n<div class=\"wp-block-button\"><a class=\"wp-block-button__link wp-element-button\" href=\"https:\/\/www.v-label.com\/ch-de\/for-business\/get-certified\/\" rel=\"noopener\">Lizenz beantragen<\/a><\/div>\n\n\n\n<div class=\"wp-block-button\"><a class=\"wp-block-button__link wp-element-button\" href=\"https:\/\/www.v-label.com\/ch-de\/for-business\/benefits\/\">Entdecken Sie mehr Vorteile<\/a><\/div>\n<\/div>\n\n\n\n<div class=\"wp-block-columns are-vertically-aligned-center is-layout-flex wp-container-core-columns-is-layout-9d6595d7 wp-block-columns-is-layout-flex\">\n<div class=\"wp-block-column is-vertically-aligned-center is-layout-flow wp-block-column-is-layout-flow\">\n<figure class=\"wp-block-image size-full\"><img decoding=\"async\" width=\"720\" height=\"482\" src=\"https:\/\/www.v-label.com\/wp-content\/uploads\/2022\/09\/b2b-info-page-1.webp\" alt=\"\" class=\"wp-image-876\" srcset=\"https:\/\/www.v-label.com\/wp-content\/uploads\/2022\/09\/b2b-info-page-1.webp 720w, https:\/\/www.v-label.com\/wp-content\/uploads\/2022\/09\/b2b-info-page-1-300x201.webp 300w\" sizes=\"(max-width: 720px) 100vw, 720px\" \/><\/figure>\n<\/div>\n\n\n\n<div class=\"wp-block-column is-vertically-aligned-center is-layout-flow wp-block-column-is-layout-flow\">\n<figure class=\"wp-block-image size-full\"><img decoding=\"async\" width=\"720\" height=\"497\" src=\"https:\/\/www.v-label.com\/wp-content\/uploads\/2022\/09\/b2b-info-page-2.webp\" alt=\"\" class=\"wp-image-879\" srcset=\"https:\/\/www.v-label.com\/wp-content\/uploads\/2022\/09\/b2b-info-page-2.webp 720w, https:\/\/www.v-label.com\/wp-content\/uploads\/2022\/09\/b2b-info-page-2-300x207.webp 300w\" sizes=\"(max-width: 720px) 100vw, 720px\" \/><\/figure>\n<\/div>\n\n\n\n<div class=\"wp-block-column is-vertically-aligned-center is-layout-flow wp-block-column-is-layout-flow\">\n<figure class=\"wp-block-image size-full\"><img decoding=\"async\" width=\"720\" height=\"482\" src=\"https:\/\/www.v-label.com\/wp-content\/uploads\/2022\/09\/b2b-info-page-3.webp\" alt=\"\" class=\"wp-image-860\" srcset=\"https:\/\/www.v-label.com\/wp-content\/uploads\/2022\/09\/b2b-info-page-3.webp 720w, https:\/\/www.v-label.com\/wp-content\/uploads\/2022\/09\/b2b-info-page-3-300x201.webp 300w\" sizes=\"(max-width: 720px) 100vw, 720px\" \/><\/figure>\n<\/div>\n<\/div>\n\n\n\n<h3 class=\"wp-block-heading\"><strong>Lizenz beantragen<\/strong><\/h3>\n\n\n\n<p><strong>Sind Sie bereit die Sichtbarkeit Ihrer veganen und vegetarischen Produkt zu erh\u00f6hen?<\/strong> Mit dem V-Label kann die Zielgruppe Ihre Produkte auf einen Blick als vegan oder vegetarisch erkennen \u2013 und kauft diese somit ohne lange \u00dcberpr\u00fcfung. Dank dem V-Label bestehen keine Zweifel an der korrekten Einordnung als veganes oder vegetarisches Produkt.<\/p>\n\n\n\n<p>Die Zusammenarbeit mit einer branchenf\u00fchrenden Organisation wie dem V-Label erh\u00f6ht Ihre Vertrauensw\u00fcrdigkeit und Transparenz bei der veganen und vegetarischen Kennzeichnung. F\u00fcr Ihre Kundschaft bietet das V-Label eine einfache und zuverl\u00e4ssige Orientierungshilfe, die dabei hilft, gute, nachhaltige und konsistente Kaufentscheidungen zu treffen.<\/p>\n\n\n\n<div class=\"wp-block-buttons alignwide is-content-justification-center is-layout-flex wp-container-core-buttons-is-layout-16018d1d wp-block-buttons-is-layout-flex\">\n<div class=\"wp-block-button\"><a class=\"wp-block-button__link wp-element-button\" href=\"https:\/\/www.v-label.com\/ch-de\/for-business\/get-certified\/\" rel=\"noopener\">Lizenz beantragen<\/a><\/div>\n<\/div>\n\n\n\n<h3 class=\"wp-block-heading\"><strong>Kriterien und h\u00e4ufig gestellte Fragen (FAQ)<\/strong><\/h3>\n\n\n\n<p>Finden Sie Antworten zu Ihren Fragen zum V-Label.<\/p>\n\n\n\n<div class=\"wp-block-buttons alignwide is-content-justification-center is-layout-flex wp-container-core-buttons-is-layout-16018d1d wp-block-buttons-is-layout-flex\">\n<div class=\"wp-block-button\"><a class=\"wp-block-button__link wp-element-button\" href=\"https:\/\/www.v-label.com\/ch-de\/faqs\/\">Werfen Sie einen Blick auf unsere FAQs<\/a><\/div>\n<\/div>\n","protected":false},"excerpt":{"rendered":"<p>Mittlerweile sind weltweit \u00fcber 70&#8217;000 Produkte von mehr als 4&#8217;800 Unternehmen mit dem V-Label gekennzeichnet, dem G\u00fctesiegel f\u00fcr vegane und vegetarische Produkte und Dienstleistungen. Diese international anerkannte Marke hilft Konsumenten rund um die Welt pflanzliche Produkte auf den ersten Blick zu erkennen. Erfahren Sie hier wieso Sie eine V-Label-Zertifizierung in Betracht ziehen sollten: Erschliessen Sie [&hellip;]<\/p>\n","protected":false},"author":5,"featured_media":39767,"parent":0,"menu_order":0,"comment_status":"closed","ping_status":"closed","template":"","meta":{"_acf_changed":false,"_editorskit_title_hidden":false,"_editorskit_reading_time":0,"_editorskit_is_block_options_detached":false,"_editorskit_block_options_position":"{}","inline_featured_image":false,"_uag_custom_page_level_css":"","footnotes":""},"categories":[],"tags":[],"class_list":["post-21122","page","type-page","status-publish","has-post-thumbnail","hentry"],"acf":[],"uagb_featured_image_src":{"full":["https:\/\/www.v-label.com\/wp-content\/uploads\/2022\/12\/v-label-info-for-producers.jpg",1280,870,false],"thumbnail":["https:\/\/www.v-label.com\/wp-content\/uploads\/2022\/12\/v-label-info-for-producers-500x340.jpg",500,340,true],"medium":["https:\/\/www.v-label.com\/wp-content\/uploads\/2022\/12\/v-label-info-for-producers-300x204.jpg",300,204,true],"medium_large":["https:\/\/www.v-label.com\/wp-content\/uploads\/2022\/12\/v-label-info-for-producers-768x522.jpg",768,522,true],"large":["https:\/\/www.v-label.com\/wp-content\/uploads\/2022\/12\/v-label-info-for-producers-1024x696.jpg",1024,696,true],"1536x1536":["https:\/\/www.v-label.com\/wp-content\/uploads\/2022\/12\/v-label-info-for-producers.jpg",1280,870,false],"2048x2048":["https:\/\/www.v-label.com\/wp-content\/uploads\/2022\/12\/v-label-info-for-producers.jpg",1280,870,false],"preview":["https:\/\/www.v-label.com\/wp-content\/uploads\/2022\/12\/v-label-info-for-producers-904x720.jpg",904,720,true],"header":["https:\/\/www.v-label.com\/wp-content\/uploads\/2022\/12\/v-label-info-for-producers-1280x720.jpg",1280,720,true],"gform-image-choice-sm":["https:\/\/www.v-label.com\/wp-content\/uploads\/2022\/12\/v-label-info-for-producers.jpg",300,204,false],"gform-image-choice-md":["https:\/\/www.v-label.com\/wp-content\/uploads\/2022\/12\/v-label-info-for-producers.jpg",400,272,false],"gform-image-choice-lg":["https:\/\/www.v-label.com\/wp-content\/uploads\/2022\/12\/v-label-info-for-producers.jpg",600,408,false]},"uagb_author_info":{"display_name":"Can Aslan","author_link":"https:\/\/www.v-label.com\/ch-de"},"uagb_comment_info":0,"uagb_excerpt":"Mittlerweile sind weltweit \u00fcber 70&#8217;000 Produkte von mehr als 4&#8217;800 Unternehmen mit dem V-Label gekennzeichnet, dem G\u00fctesiegel f\u00fcr vegane und vegetarische Produkte und Dienstleistungen. Diese international anerkannte Marke hilft Konsumenten rund um die Welt pflanzliche Produkte auf den ersten Blick zu erkennen. Erfahren Sie hier wieso Sie eine V-Label-Zertifizierung in Betracht ziehen sollten: Erschliessen Sie&hellip;","_links":{"self":[{"href":"https:\/\/www.v-label.com\/ch-de\/wp-json\/wp\/v2\/pages\/21122","targetHints":{"allow":["GET"]}}],"collection":[{"href":"https:\/\/www.v-label.com\/ch-de\/wp-json\/wp\/v2\/pages"}],"about":[{"href":"https:\/\/www.v-label.com\/ch-de\/wp-json\/wp\/v2\/types\/page"}],"author":[{"embeddable":true,"href":"https:\/\/www.v-label.com\/ch-de\/wp-json\/wp\/v2\/users\/5"}],"replies":[{"embeddable":true,"href":"https:\/\/www.v-label.com\/ch-de\/wp-json\/wp\/v2\/comments?post=21122"}],"version-history":[{"count":6,"href":"https:\/\/www.v-label.com\/ch-de\/wp-json\/wp\/v2\/pages\/21122\/revisions"}],"predecessor-version":[{"id":83981,"href":"https:\/\/www.v-label.com\/ch-de\/wp-json\/wp\/v2\/pages\/21122\/revisions\/83981"}],"wp:featuredmedia":[{"embeddable":true,"href":"https:\/\/www.v-label.com\/ch-de\/wp-json\/wp\/v2\/media\/39767"}],"wp:attachment":[{"href":"https:\/\/www.v-label.com\/ch-de\/wp-json\/wp\/v2\/media?parent=21122"}],"wp:term":[{"taxonomy":"category","embeddable":true,"href":"https:\/\/www.v-label.com\/ch-de\/wp-json\/wp\/v2\/categories?post=21122"},{"taxonomy":"post_tag","embeddable":true,"href":"https:\/\/www.v-label.com\/ch-de\/wp-json\/wp\/v2\/tags?post=21122"}],"curies":[{"name":"wp","href":"https:\/\/api.w.org\/{rel}","templated":true}]}}