{"id":21127,"date":"2022-05-30T16:16:01","date_gmt":"2022-05-30T14:16:01","guid":{"rendered":"https:\/\/www.v-label.com\/general-information\/"},"modified":"2023-01-17T09:46:04","modified_gmt":"2023-01-17T08:46:04","slug":"allgemeine-informationen-fur-konsumenten","status":"publish","type":"page","link":"https:\/\/www.v-label.com\/ch-de\/allgemeine-informationen-fur-konsumenten\/","title":{"rendered":"Allgemeine Informationen"},"content":{"rendered":"\n<h2 class=\"has-text-align-center wp-block-heading\"><strong>Informationen f\u00fcr Konsumenten<\/strong><\/h2>\n\n\n\n<p>Sind Sie Veganer, Vegetarier, Flexitarier, reduzieren Sie Ihren Konsum an tierischen Lebensmitteln oder sind Sie einfach nur neugierig? Da Sie diese Seite besuchen, stehen die Chancen gut, dass Sie sich eine faire, nachhaltige (und leckere!) Welt w\u00fcnschen. Wir sind mit Ihnen, und unsere Art, zu dieser Zukunft beizutragen, besteht darin, vegane und vegetarische Produkte weit verbreitet und leicht erkennbar zu machen.<\/p>\n\n\n\n<p>V-Label, eine international anerkannte Qualit\u00e4tsmarke f\u00fcr Produkte, die vegetarisch oder vegan sind und gr\u00fcndlich gepr\u00fcft wurden, ist Ihr Verb\u00fcndeter, wenn es darum geht, Ihr Leben pflanzenbasierter zu gestalten, ein informierter Einkauf nach dem anderen.<\/p>\n\n\n\n<p>Als einfacher und leicht verst\u00e4ndlicher Alltagsratgeber spart Ihnen V-Label Zeit und Entscheidungsm\u00fcdigkeit. Achten Sie beim n\u00e4chsten Einkauf auf das auff\u00e4llige gelbe Label: So wissen Sie auf den ersten Blick, welche Produkte zugelassen sind und somit sicher gekauft werden k\u00f6nnen!<\/p>\n\n\n\n<p>Zuverl\u00e4ssig und vertrauensw\u00fcrdig. Wenn Sie ein Produkt oder eine Dienstleistung mit dem V-Label kaufen, k\u00f6nnen Sie sich auf standardisierte Kriterien f\u00fcr vegane und vegetarische Produkte verlassen, die fair und international gelten. Sie m\u00fcssen sich keine Sorgen machen, dass Unternehmen Produkte aufgrund ihrer eigenen, willk\u00fcrlichen Kriterien falsch kennzeichnen. V-Label wurde 1996 in der Schweiz gegr\u00fcndet und ist einer der Vorreiter der Branche.<\/p>\n\n\n\n<div class=\"wp-block-buttons is-content-justification-center is-layout-flex wp-container-core-buttons-is-layout-16018d1d wp-block-buttons-is-layout-flex\">\n<div class=\"wp-block-button\"><a class=\"wp-block-button__link wp-element-button\" href=\"https:\/\/www.v-label.com\/ch-de\/general-information\/certified-products\/\"><strong>Zertifizierte Produkte<\/strong><\/a><\/div>\n\n\n\n<div class=\"wp-block-button\"><a class=\"wp-block-button__link wp-element-button\" href=\"https:\/\/www.v-label.com\/ch-de\/report-a-misuse\/\"><strong>Missbrauch melden<\/strong><\/a><\/div>\n<\/div>\n\n\n\n<h3 class=\"has-text-align-center wp-block-heading\"><strong><strong>Wof\u00fcr stehen wir?<\/strong><\/strong><\/h3>\n\n\n\n<p>Wenn Sie ein Produkt oder eine Dienstleistung von V-Label kaufen, k\u00f6nnen Sie sich auf Folgendes verlassen:<\/p>\n\n\n\n<ul class=\"wp-block-list\">\n<li>Auf keiner Stufe der Produktion wurden Inhalsstoffen tierischen Ursprungs verwendet, wenn sie als vegan gekennzeichnet sind. Auch Zusatzstoffe und Aromen wurden ber\u00fccksichtigt. Die Kontrollen h\u00f6rten nicht bei der Zutatenliste auf, sondern erstreckten sich auch auf nicht kennzeichnungspflichtige Stoffe wie biotechnologische N\u00e4hrmedien und Verarbeitungshilfsstoffe. So k\u00f6nnen Sie sicher sein, dass der Apfelsaft oder Wein nicht mit Gelatine gekl\u00e4rt, der Zucker nicht mit Knochenmehl und das Brot nicht mit Cystein aus Schweineborsten behandelt wurde.<\/li>\n\n\n\n<li>Nur Milch, Kolostrum, Eier aus k\u00e4figfreier Haltung, Honig, Bienenwachs, Propolis oder Wollfett und deren Folgeprodukte sind bei der Herstellung erlaubt, wenn es als vegetarisch gekennzeichnet ist.<\/li>\n\n\n\n<li>Alle Produktionsschritte m\u00fcssen so gestaltet sein, dass unbeabsichtigte Spuren von nicht-veganen oder nicht-vegetarischen Stoffen im Endprodukt auf ein Minimum reduziert werden.<\/li>\n\n\n\n<li>F\u00fcr das Endprodukt sowie f\u00fcr einzelne Inhalts-, Hilfs- und sonstige Stoffe, die zur Verarbeitung verwendet werden, wenn sie f\u00fcr das Endprodukt entwickelt wurden, d\u00fcrfen keine Tierversuche durchgef\u00fchrt werden oder worden sein.<\/li>\n<\/ul>\n\n\n\n<p>Nicht zuletzt werden die Einnahmen aus den Lizenzgeb\u00fchren haupts\u00e4chlich zur Finanzierung verschiedener veganer und tierrechtlicher NGOs und Projekte verwendet.<\/p>\n\n\n\n<div class=\"wp-block-columns are-vertically-aligned-center is-layout-flex wp-container-core-columns-is-layout-9d6595d7 wp-block-columns-is-layout-flex\">\n<div class=\"wp-block-column is-vertically-aligned-center is-layout-flow wp-block-column-is-layout-flow\">\n<figure class=\"wp-block-image size-full\"><img decoding=\"async\" width=\"720\" height=\"497\" src=\"https:\/\/www.v-label.com\/wp-content\/uploads\/2022\/09\/b2b-info-page-2.webp\" alt=\"\" class=\"wp-image-879\" srcset=\"https:\/\/www.v-label.com\/wp-content\/uploads\/2022\/09\/b2b-info-page-2.webp 720w, https:\/\/www.v-label.com\/wp-content\/uploads\/2022\/09\/b2b-info-page-2-300x207.webp 300w\" sizes=\"(max-width: 720px) 100vw, 720px\" \/><\/figure>\n<\/div>\n\n\n\n<div class=\"wp-block-column is-vertically-aligned-center is-layout-flow wp-block-column-is-layout-flow\">\n<figure class=\"wp-block-image size-full\"><img decoding=\"async\" width=\"720\" height=\"482\" src=\"https:\/\/www.v-label.com\/wp-content\/uploads\/2022\/09\/b2b-info-page-1.webp\" alt=\"\" class=\"wp-image-876\" srcset=\"https:\/\/www.v-label.com\/wp-content\/uploads\/2022\/09\/b2b-info-page-1.webp 720w, https:\/\/www.v-label.com\/wp-content\/uploads\/2022\/09\/b2b-info-page-1-300x201.webp 300w\" sizes=\"(max-width: 720px) 100vw, 720px\" \/><\/figure>\n<\/div>\n\n\n\n<div class=\"wp-block-column is-vertically-aligned-center is-layout-flow wp-block-column-is-layout-flow\">\n<figure class=\"wp-block-image size-full\"><img decoding=\"async\" width=\"720\" height=\"482\" src=\"https:\/\/www.v-label.com\/wp-content\/uploads\/2022\/09\/b2b-info-page-3.webp\" alt=\"\" class=\"wp-image-860\" srcset=\"https:\/\/www.v-label.com\/wp-content\/uploads\/2022\/09\/b2b-info-page-3.webp 720w, https:\/\/www.v-label.com\/wp-content\/uploads\/2022\/09\/b2b-info-page-3-300x201.webp 300w\" sizes=\"(max-width: 720px) 100vw, 720px\" \/><\/figure>\n<\/div>\n<\/div>\n","protected":false},"excerpt":{"rendered":"<p>Informationen f\u00fcr Konsumenten Sind Sie Veganer, Vegetarier, Flexitarier, reduzieren Sie Ihren Konsum an tierischen Lebensmitteln oder sind Sie einfach nur neugierig? Da Sie diese Seite besuchen, stehen die Chancen gut, dass Sie sich eine faire, nachhaltige (und leckere!) Welt w\u00fcnschen. Wir sind mit Ihnen, und unsere Art, zu dieser Zukunft beizutragen, besteht darin, vegane und [&hellip;]<\/p>\n","protected":false},"author":5,"featured_media":21128,"parent":0,"menu_order":0,"comment_status":"closed","ping_status":"closed","template":"","meta":{"_acf_changed":false,"_editorskit_title_hidden":false,"_editorskit_reading_time":0,"_editorskit_is_block_options_detached":false,"_editorskit_block_options_position":"{}","inline_featured_image":false,"_uag_custom_page_level_css":"","footnotes":""},"categories":[],"tags":[],"class_list":["post-21127","page","type-page","status-publish","has-post-thumbnail","hentry"],"acf":[],"uagb_featured_image_src":{"full":["https:\/\/www.v-label.com\/wp-content\/uploads\/2022\/12\/v-label-general-info-consumers.jpg",1280,738,false],"thumbnail":["https:\/\/www.v-label.com\/wp-content\/uploads\/2022\/12\/v-label-general-info-consumers-500x288.jpg",500,288,true],"medium":["https:\/\/www.v-label.com\/wp-content\/uploads\/2022\/12\/v-label-general-info-consumers-300x173.jpg",300,173,true],"medium_large":["https:\/\/www.v-label.com\/wp-content\/uploads\/2022\/12\/v-label-general-info-consumers-768x443.jpg",768,443,true],"large":["https:\/\/www.v-label.com\/wp-content\/uploads\/2022\/12\/v-label-general-info-consumers-1024x590.jpg",1024,590,true],"1536x1536":["https:\/\/www.v-label.com\/wp-content\/uploads\/2022\/12\/v-label-general-info-consumers.jpg",1280,738,false],"2048x2048":["https:\/\/www.v-label.com\/wp-content\/uploads\/2022\/12\/v-label-general-info-consumers.jpg",1280,738,false],"preview":["https:\/\/www.v-label.com\/wp-content\/uploads\/2022\/12\/v-label-general-info-consumers-904x720.jpg",904,720,true],"header":["https:\/\/www.v-label.com\/wp-content\/uploads\/2022\/12\/v-label-general-info-consumers-1280x720.jpg",1280,720,true],"gform-image-choice-sm":["https:\/\/www.v-label.com\/wp-content\/uploads\/2022\/12\/v-label-general-info-consumers.jpg",300,173,false],"gform-image-choice-md":["https:\/\/www.v-label.com\/wp-content\/uploads\/2022\/12\/v-label-general-info-consumers.jpg",400,231,false],"gform-image-choice-lg":["https:\/\/www.v-label.com\/wp-content\/uploads\/2022\/12\/v-label-general-info-consumers.jpg",600,346,false]},"uagb_author_info":{"display_name":"Can Aslan","author_link":"https:\/\/www.v-label.com\/ch-de"},"uagb_comment_info":0,"uagb_excerpt":"Informationen f\u00fcr Konsumenten Sind Sie Veganer, Vegetarier, Flexitarier, reduzieren Sie Ihren Konsum an tierischen Lebensmitteln oder sind Sie einfach nur neugierig? Da Sie diese Seite besuchen, stehen die Chancen gut, dass Sie sich eine faire, nachhaltige (und leckere!) Welt w\u00fcnschen. Wir sind mit Ihnen, und unsere Art, zu dieser Zukunft beizutragen, besteht darin, vegane und&hellip;","_links":{"self":[{"href":"https:\/\/www.v-label.com\/ch-de\/wp-json\/wp\/v2\/pages\/21127","targetHints":{"allow":["GET"]}}],"collection":[{"href":"https:\/\/www.v-label.com\/ch-de\/wp-json\/wp\/v2\/pages"}],"about":[{"href":"https:\/\/www.v-label.com\/ch-de\/wp-json\/wp\/v2\/types\/page"}],"author":[{"embeddable":true,"href":"https:\/\/www.v-label.com\/ch-de\/wp-json\/wp\/v2\/users\/5"}],"replies":[{"embeddable":true,"href":"https:\/\/www.v-label.com\/ch-de\/wp-json\/wp\/v2\/comments?post=21127"}],"version-history":[{"count":2,"href":"https:\/\/www.v-label.com\/ch-de\/wp-json\/wp\/v2\/pages\/21127\/revisions"}],"predecessor-version":[{"id":42496,"href":"https:\/\/www.v-label.com\/ch-de\/wp-json\/wp\/v2\/pages\/21127\/revisions\/42496"}],"wp:featuredmedia":[{"embeddable":true,"href":"https:\/\/www.v-label.com\/ch-de\/wp-json\/wp\/v2\/media\/21128"}],"wp:attachment":[{"href":"https:\/\/www.v-label.com\/ch-de\/wp-json\/wp\/v2\/media?parent=21127"}],"wp:term":[{"taxonomy":"category","embeddable":true,"href":"https:\/\/www.v-label.com\/ch-de\/wp-json\/wp\/v2\/categories?post=21127"},{"taxonomy":"post_tag","embeddable":true,"href":"https:\/\/www.v-label.com\/ch-de\/wp-json\/wp\/v2\/tags?post=21127"}],"curies":[{"name":"wp","href":"https:\/\/api.w.org\/{rel}","templated":true}]}}