{"id":21129,"date":"2022-05-30T16:14:53","date_gmt":"2022-05-30T14:14:53","guid":{"rendered":"https:\/\/www.v-label.com\/branches\/"},"modified":"2023-01-17T09:32:46","modified_gmt":"2023-01-17T08:32:46","slug":"allgemeine-informationen","status":"publish","type":"page","link":"https:\/\/www.v-label.com\/ch-de\/allgemeine-informationen\/","title":{"rendered":"Allgemeine Informationen"},"content":{"rendered":"\n<p>Der globale Markt f\u00fcr pflanzliche Inhaltsstoffe verzeichnet seit Jahren Rekordums\u00e4tze und wird im Zeitraum 2019-2025 voraussichtlich j\u00e4hrlich um 8.94 % wachsen. W\u00e4hrend der Umsatz im Jahr 2018 bei 10.66 Mrd. USD lag, wird er bis 2027 voraussichtlich 27.98 Mrd. erreichen.<\/p>\n\n\n\n<p>Weltweit suchen Konsumenten zunehmend nach gesunden, ethischen und kosteng\u00fcnstigen Produkten mit geringer Umweltbelastung, was die Nachfrage nach veganen und vegetarischen Alternativen antreibt. Immer mehr Unternehmen erkennen die Vorteile, die sich aus der Erf\u00fcllung der wachsenden Nachfrage nach vielf\u00e4ltigen, hochwertigen, tierfreien Produkten ergeben.<\/p>\n\n\n\n<p>Auch bei der Kennzeichnung fordern die Verbraucher zunehmend Transparenz. Sie wollen vegane und vegetarische Produkte schnell und sicher identifizieren k\u00f6nnen. In der Schweiz ist das V-Label an der 9. Stelle der trendigsten Marken gem\u00e4ss dem \u00abHavas Brand Predictor 2021\u00bb, welcher 489 Schweizer Marken bewertet hat &#8211; bei der j\u00fcngeren Altersgruppe (15-26 Jahre) haben wir sogar den 5. Platz erreicht.<\/p>\n\n\n\r\n<ul id=\"pagelinks-block_246a39346cbd136584c7c9761893f3f5\" class=\"wp-block-pagelinks alignwide\">\r\n\t\t\t\t\t\t<li>\r\n\t\t\t\t<article>\r\n\t\t\t\t\t\t\t\t\t\t\t<a href=\"https:\/\/www.v-label.com\/ch-de\/allgemeine-informationen\/non-food\/\" class=\"post_thumbnail\">\r\n\t\t\t\t\t\t\t<img decoding=\"async\" width=\"904\" height=\"692\" src=\"https:\/\/www.v-label.com\/wp-content\/uploads\/2022\/12\/v-label-non-food-sectors-904x692.jpg\" class=\"attachment-preview size-preview wp-post-image\" alt=\"\" \/>\t\t\t\t\t\t<\/a>\r\n\t\t\t\t\t\t\t\t\t\t<div class=\"inner\">\r\n\t\t\t\t\t\t<div class=\"inner_top\">\r\n\t\t\t\t\t\t\t<header>\r\n\t\t\t\t\t\t\t\t<h3>\r\n\t\t\t\t\t\t\t\t\t<a href=\"https:\/\/www.v-label.com\/ch-de\/allgemeine-informationen\/non-food\/\">Non-Food<\/a>\r\n\t\t\t\t\t\t\t\t<\/h3>\r\n\t\t\t\t\t\t\t\t\t\t\t\t\t\t\t<\/header>\r\n\t\t\t\t\t\t\t\t\t\t\t\t\t\t\t<div class=\"excerpt\">\r\n\t\t\t\t\t\t\t\t\t<p>Eine boomende Branche f\u00fcr die kommenden Jahre: Vegane und tierleidfreie Mode gilt schon jetzt als cool und luxuri\u00f6s. Der globale Markt f\u00fcr vegane Damenmode wurde 2019 auf 396.3 Milliarden USD gesch\u00e4tzt und wird laut Statista.com bis 2027 voraussichtlich um 13.6 % wachsen. Der Markt f\u00fcr veganes Leder ist die treibende Kraft der Branche, vor allem [&hellip;]<\/p>\r\n\t\t\t\t\t\t\t\t<\/div>\r\n\t\t\t\t\t\t\t\t\t\t\t\t\t<\/div>\r\n\t\t\t\t\t\t<a href=\"https:\/\/www.v-label.com\/ch-de\/allgemeine-informationen\/non-food\/\" class=\"read_more\">Read more<\/a>\r\n\t\t\t\t\t<\/div>\r\n\t\t\t\t<\/article>\r\n\t\t\t<\/li>\r\n\t\t\t\t\t<li>\r\n\t\t\t\t<article>\r\n\t\t\t\t\t\t\t\t\t\t\t<a href=\"https:\/\/www.v-label.com\/ch-de\/allgemeine-informationen\/gastronomie\/\" class=\"post_thumbnail\">\r\n\t\t\t\t\t\t\t<img decoding=\"async\" width=\"904\" height=\"720\" src=\"https:\/\/www.v-label.com\/wp-content\/uploads\/2022\/12\/gastronomy-1280-904x720.jpg\" class=\"attachment-preview size-preview wp-post-image\" alt=\"\" \/>\t\t\t\t\t\t<\/a>\r\n\t\t\t\t\t\t\t\t\t\t<div class=\"inner\">\r\n\t\t\t\t\t\t<div class=\"inner_top\">\r\n\t\t\t\t\t\t\t<header>\r\n\t\t\t\t\t\t\t\t<h3>\r\n\t\t\t\t\t\t\t\t\t<a href=\"https:\/\/www.v-label.com\/ch-de\/allgemeine-informationen\/gastronomie\/\">Gastronomie<\/a>\r\n\t\t\t\t\t\t\t\t<\/h3>\r\n\t\t\t\t\t\t\t\t\t\t\t\t\t\t\t<\/header>\r\n\t\t\t\t\t\t\t\t\t\t\t\t\t\t\t<div class=\"excerpt\">\r\n\t\t\t\t\t\t\t\t\t<p>Von Caf\u00e9s bis hin zu Sterne-Restaurants, Bistros und Pop-Ups &#8211; die Gastronomie-Industrie ist fast genauso gross wie der Lebensmitteleinzelhandel. In den letzten zehn Jahren haben Konsumenten unter 40 Jahren ihren Verzehr von frischem Gem\u00fcse um 52 % gesteigert, so die Studie \u00abGlobal Variability in Fruit and Vegetable Consumption\u00bb, die mit Daten der WHO World Health [&hellip;]<\/p>\r\n\t\t\t\t\t\t\t\t<\/div>\r\n\t\t\t\t\t\t\t\t\t\t\t\t\t<\/div>\r\n\t\t\t\t\t\t<a href=\"https:\/\/www.v-label.com\/ch-de\/allgemeine-informationen\/gastronomie\/\" class=\"read_more\">Read more<\/a>\r\n\t\t\t\t\t<\/div>\r\n\t\t\t\t<\/article>\r\n\t\t\t<\/li>\r\n\t\t\t\t\t<li>\r\n\t\t\t\t<article>\r\n\t\t\t\t\t\t\t\t\t\t\t<a href=\"https:\/\/www.v-label.com\/ch-de\/allgemeine-informationen\/kosmetik-und-reinigungsmittel\/\" class=\"post_thumbnail\">\r\n\t\t\t\t\t\t\t<img decoding=\"async\" width=\"904\" height=\"720\" src=\"https:\/\/www.v-label.com\/wp-content\/uploads\/2022\/12\/cosmetics-1280-904x720.jpg\" class=\"attachment-preview size-preview wp-post-image\" alt=\"\" \/>\t\t\t\t\t\t<\/a>\r\n\t\t\t\t\t\t\t\t\t\t<div class=\"inner\">\r\n\t\t\t\t\t\t<div class=\"inner_top\">\r\n\t\t\t\t\t\t\t<header>\r\n\t\t\t\t\t\t\t\t<h3>\r\n\t\t\t\t\t\t\t\t\t<a href=\"https:\/\/www.v-label.com\/ch-de\/allgemeine-informationen\/kosmetik-und-reinigungsmittel\/\">Kosmetik &#038; Reinigungsmittel<\/a>\r\n\t\t\t\t\t\t\t\t<\/h3>\r\n\t\t\t\t\t\t\t\t\t\t\t\t\t\t\t<\/header>\r\n\t\t\t\t\t\t\t\t\t\t\t\t\t\t\t<div class=\"excerpt\">\r\n\t\t\t\t\t\t\t\t\t<p>Einfachheit, Gesundheitsbewusstsein und ein starkes Bed\u00fcrfnis nach tierleidfreier Sch\u00f6nheit: Das sind die drei Hauptgr\u00fcnde daf\u00fcr, dass der globale Markt f\u00fcr vegane Kosmetika laut dem Vegan Cosmetics Market Size, Share &amp; Trends Analysis Report von 2018 bis zum Jahr 2025 voraussichtlich 20.8 Milliarden US-Dollar erreichen wird, bei einer Wachstumsrate von 6.3 % pro Jahr. Europa h\u00e4lt [&hellip;]<\/p>\r\n\t\t\t\t\t\t\t\t<\/div>\r\n\t\t\t\t\t\t\t\t\t\t\t\t\t<\/div>\r\n\t\t\t\t\t\t<a href=\"https:\/\/www.v-label.com\/ch-de\/allgemeine-informationen\/kosmetik-und-reinigungsmittel\/\" class=\"read_more\">Read more<\/a>\r\n\t\t\t\t\t<\/div>\r\n\t\t\t\t<\/article>\r\n\t\t\t<\/li>\r\n\t\t\t\t\t<li>\r\n\t\t\t\t<article>\r\n\t\t\t\t\t\t\t\t\t\t\t<a href=\"https:\/\/www.v-label.com\/ch-de\/allgemeine-informationen\/lebensmittel\/\" class=\"post_thumbnail\">\r\n\t\t\t\t\t\t\t<img decoding=\"async\" width=\"904\" height=\"720\" src=\"https:\/\/www.v-label.com\/wp-content\/uploads\/2022\/12\/v-label-food-sector-904x720.jpg\" class=\"attachment-preview size-preview wp-post-image\" alt=\"\" \/>\t\t\t\t\t\t<\/a>\r\n\t\t\t\t\t\t\t\t\t\t<div class=\"inner\">\r\n\t\t\t\t\t\t<div class=\"inner_top\">\r\n\t\t\t\t\t\t\t<header>\r\n\t\t\t\t\t\t\t\t<h3>\r\n\t\t\t\t\t\t\t\t\t<a href=\"https:\/\/www.v-label.com\/ch-de\/allgemeine-informationen\/lebensmittel\/\">Lebensmittel<\/a>\r\n\t\t\t\t\t\t\t\t<\/h3>\r\n\t\t\t\t\t\t\t\t\t\t\t\t\t\t\t<\/header>\r\n\t\t\t\t\t\t\t\t\t\t\t\t\t\t\t<div class=\"excerpt\">\r\n\t\t\t\t\t\t\t\t\t<p>Wussten Sie, dass sich laut Euromonitor International, der Markt f\u00fcr pflanzliche Produkte in Westeuropa allein in den letzten zehn Jahren verdoppelt hat und 38.5 % des weltweiten Gesamtumsatzes ausmacht? W\u00e4hrend f\u00fcr den globalen Markt f\u00fcr pflanzliche Lebensmittel eine Wachstumsrate von 8.94 % erwartet wird, wird der Proteinsektor selbst um 18 % zulegen und bis 2025 [&hellip;]<\/p>\r\n\t\t\t\t\t\t\t\t<\/div>\r\n\t\t\t\t\t\t\t\t\t\t\t\t\t<\/div>\r\n\t\t\t\t\t\t<a href=\"https:\/\/www.v-label.com\/ch-de\/allgemeine-informationen\/lebensmittel\/\" class=\"read_more\">Read more<\/a>\r\n\t\t\t\t\t<\/div>\r\n\t\t\t\t<\/article>\r\n\t\t\t<\/li>\r\n\t\t\t<\/ul>","protected":false},"excerpt":{"rendered":"<p>Der globale Markt f\u00fcr pflanzliche Inhaltsstoffe verzeichnet seit Jahren Rekordums\u00e4tze und wird im Zeitraum 2019-2025 voraussichtlich j\u00e4hrlich um 8.94 % wachsen. W\u00e4hrend der Umsatz im Jahr 2018 bei 10.66 Mrd. USD lag, wird er bis 2027 voraussichtlich 27.98 Mrd. erreichen. Weltweit suchen Konsumenten zunehmend nach gesunden, ethischen und kosteng\u00fcnstigen Produkten mit geringer Umweltbelastung, was die [&hellip;]<\/p>\n","protected":false},"author":5,"featured_media":21131,"parent":0,"menu_order":0,"comment_status":"closed","ping_status":"closed","template":"","meta":{"_acf_changed":false,"_editorskit_title_hidden":false,"_editorskit_reading_time":0,"_editorskit_is_block_options_detached":false,"_editorskit_block_options_position":"{}","inline_featured_image":false,"_uag_custom_page_level_css":"","footnotes":""},"categories":[],"tags":[],"class_list":["post-21129","page","type-page","status-publish","has-post-thumbnail","hentry"],"acf":[],"uagb_featured_image_src":{"full":["https:\/\/www.v-label.com\/wp-content\/uploads\/2022\/12\/v-label-general-info-sectors.jpg",1280,716,false],"thumbnail":["https:\/\/www.v-label.com\/wp-content\/uploads\/2022\/12\/v-label-general-info-sectors-500x280.jpg",500,280,true],"medium":["https:\/\/www.v-label.com\/wp-content\/uploads\/2022\/12\/v-label-general-info-sectors-300x168.jpg",300,168,true],"medium_large":["https:\/\/www.v-label.com\/wp-content\/uploads\/2022\/12\/v-label-general-info-sectors-768x430.jpg",768,430,true],"large":["https:\/\/www.v-label.com\/wp-content\/uploads\/2022\/12\/v-label-general-info-sectors-1024x573.jpg",1024,573,true],"1536x1536":["https:\/\/www.v-label.com\/wp-content\/uploads\/2022\/12\/v-label-general-info-sectors.jpg",1280,716,false],"2048x2048":["https:\/\/www.v-label.com\/wp-content\/uploads\/2022\/12\/v-label-general-info-sectors.jpg",1280,716,false],"preview":["https:\/\/www.v-label.com\/wp-content\/uploads\/2022\/12\/v-label-general-info-sectors-904x716.jpg",904,716,true],"header":["https:\/\/www.v-label.com\/wp-content\/uploads\/2022\/12\/v-label-general-info-sectors.jpg",1280,716,false],"gform-image-choice-sm":["https:\/\/www.v-label.com\/wp-content\/uploads\/2022\/12\/v-label-general-info-sectors.jpg",300,168,false],"gform-image-choice-md":["https:\/\/www.v-label.com\/wp-content\/uploads\/2022\/12\/v-label-general-info-sectors.jpg",400,224,false],"gform-image-choice-lg":["https:\/\/www.v-label.com\/wp-content\/uploads\/2022\/12\/v-label-general-info-sectors.jpg",600,336,false]},"uagb_author_info":{"display_name":"Can Aslan","author_link":"https:\/\/www.v-label.com\/ch-de"},"uagb_comment_info":0,"uagb_excerpt":"Der globale Markt f\u00fcr pflanzliche Inhaltsstoffe verzeichnet seit Jahren Rekordums\u00e4tze und wird im Zeitraum 2019-2025 voraussichtlich j\u00e4hrlich um 8.94 % wachsen. W\u00e4hrend der Umsatz im Jahr 2018 bei 10.66 Mrd. USD lag, wird er bis 2027 voraussichtlich 27.98 Mrd. erreichen. Weltweit suchen Konsumenten zunehmend nach gesunden, ethischen und kosteng\u00fcnstigen Produkten mit geringer Umweltbelastung, was die&hellip;","_links":{"self":[{"href":"https:\/\/www.v-label.com\/ch-de\/wp-json\/wp\/v2\/pages\/21129","targetHints":{"allow":["GET"]}}],"collection":[{"href":"https:\/\/www.v-label.com\/ch-de\/wp-json\/wp\/v2\/pages"}],"about":[{"href":"https:\/\/www.v-label.com\/ch-de\/wp-json\/wp\/v2\/types\/page"}],"author":[{"embeddable":true,"href":"https:\/\/www.v-label.com\/ch-de\/wp-json\/wp\/v2\/users\/5"}],"replies":[{"embeddable":true,"href":"https:\/\/www.v-label.com\/ch-de\/wp-json\/wp\/v2\/comments?post=21129"}],"version-history":[{"count":4,"href":"https:\/\/www.v-label.com\/ch-de\/wp-json\/wp\/v2\/pages\/21129\/revisions"}],"predecessor-version":[{"id":42488,"href":"https:\/\/www.v-label.com\/ch-de\/wp-json\/wp\/v2\/pages\/21129\/revisions\/42488"}],"wp:featuredmedia":[{"embeddable":true,"href":"https:\/\/www.v-label.com\/ch-de\/wp-json\/wp\/v2\/media\/21131"}],"wp:attachment":[{"href":"https:\/\/www.v-label.com\/ch-de\/wp-json\/wp\/v2\/media?parent=21129"}],"wp:term":[{"taxonomy":"category","embeddable":true,"href":"https:\/\/www.v-label.com\/ch-de\/wp-json\/wp\/v2\/categories?post=21129"},{"taxonomy":"post_tag","embeddable":true,"href":"https:\/\/www.v-label.com\/ch-de\/wp-json\/wp\/v2\/tags?post=21129"}],"curies":[{"name":"wp","href":"https:\/\/api.w.org\/{rel}","templated":true}]}}