{"id":21138,"date":"2022-09-13T11:09:10","date_gmt":"2022-09-13T09:09:10","guid":{"rendered":"https:\/\/www.v-label.com\/general-information\/certified-products\/gastronomy\/"},"modified":"2023-07-03T13:34:43","modified_gmt":"2023-07-03T11:34:43","slug":"gastronomie","status":"publish","type":"page","link":"https:\/\/www.v-label.com\/ch-de\/allgemeine-informationen-fur-konsumenten\/zertifizierte-produkte\/gastronomie\/","title":{"rendered":"Gastronomie"},"content":{"rendered":"\n<p>Unterwegs sein, ohne Kompromisse eingehen zu m\u00fcssen: Wir sagen Ihnen, welche Restaurants, Bistros und Caf\u00e9s vegane und vegetarische Produkte anbieten (und es sich lohnt, sie auszuprobieren!) und wohin Sie f\u00fcr ein veganes Hotel oder Erlebnis reisen k\u00f6nnen.<\/p>\n\n\n\n<div class=\"wp-block-columns are-vertically-aligned-center is-layout-flex wp-container-core-columns-is-layout-9d6595d7 wp-block-columns-is-layout-flex\">\n<div class=\"wp-block-column is-vertically-aligned-center is-layout-flow wp-block-column-is-layout-flow\">\n<figure class=\"wp-block-image aligncenter size-full is-resized\"><img decoding=\"async\" src=\"https:\/\/www.v-label.com\/wp-content\/uploads\/2023\/07\/fresh-food-and-beverage-group.jpg\" alt=\"\" class=\"wp-image-65465\" width=\"282\" height=\"282\"\/><\/figure>\n<\/div>\n<\/div>\n","protected":false},"excerpt":{"rendered":"<p>Unterwegs sein, ohne Kompromisse eingehen zu m\u00fcssen: Wir sagen Ihnen, welche Restaurants, Bistros und Caf\u00e9s vegane und vegetarische Produkte anbieten (und es sich lohnt, sie auszuprobieren!) und wohin Sie f\u00fcr ein veganes Hotel oder Erlebnis reisen k\u00f6nnen.<\/p>\n","protected":false},"author":5,"featured_media":21139,"parent":21136,"menu_order":0,"comment_status":"closed","ping_status":"closed","template":"","meta":{"_acf_changed":false,"_editorskit_title_hidden":false,"_editorskit_reading_time":0,"_editorskit_is_block_options_detached":false,"_editorskit_block_options_position":"{}","inline_featured_image":false,"_uag_custom_page_level_css":"","footnotes":""},"categories":[],"tags":[],"class_list":["post-21138","page","type-page","status-publish","has-post-thumbnail","hentry"],"acf":[],"uagb_featured_image_src":{"full":["https:\/\/www.v-label.com\/wp-content\/uploads\/2022\/12\/gastronomy-1280.jpg",1280,854,false],"thumbnail":["https:\/\/www.v-label.com\/wp-content\/uploads\/2022\/12\/gastronomy-1280-500x334.jpg",500,334,true],"medium":["https:\/\/www.v-label.com\/wp-content\/uploads\/2022\/12\/gastronomy-1280-300x200.jpg",300,200,true],"medium_large":["https:\/\/www.v-label.com\/wp-content\/uploads\/2022\/12\/gastronomy-1280-768x512.jpg",768,512,true],"large":["https:\/\/www.v-label.com\/wp-content\/uploads\/2022\/12\/gastronomy-1280-1024x683.jpg",1024,683,true],"1536x1536":["https:\/\/www.v-label.com\/wp-content\/uploads\/2022\/12\/gastronomy-1280.jpg",1280,854,false],"2048x2048":["https:\/\/www.v-label.com\/wp-content\/uploads\/2022\/12\/gastronomy-1280.jpg",1280,854,false],"preview":["https:\/\/www.v-label.com\/wp-content\/uploads\/2022\/12\/gastronomy-1280-904x720.jpg",904,720,true],"header":["https:\/\/www.v-label.com\/wp-content\/uploads\/2022\/12\/gastronomy-1280-1280x720.jpg",1280,720,true],"gform-image-choice-sm":["https:\/\/www.v-label.com\/wp-content\/uploads\/2022\/12\/gastronomy-1280.jpg",300,200,false],"gform-image-choice-md":["https:\/\/www.v-label.com\/wp-content\/uploads\/2022\/12\/gastronomy-1280.jpg",400,267,false],"gform-image-choice-lg":["https:\/\/www.v-label.com\/wp-content\/uploads\/2022\/12\/gastronomy-1280.jpg",600,400,false]},"uagb_author_info":{"display_name":"Can Aslan","author_link":"https:\/\/www.v-label.com\/ch-de"},"uagb_comment_info":0,"uagb_excerpt":"Unterwegs sein, ohne Kompromisse eingehen zu m\u00fcssen: Wir sagen Ihnen, welche Restaurants, Bistros und Caf\u00e9s vegane und vegetarische Produkte anbieten (und es sich lohnt, sie auszuprobieren!) und wohin Sie f\u00fcr ein veganes Hotel oder Erlebnis reisen k\u00f6nnen.","_links":{"self":[{"href":"https:\/\/www.v-label.com\/ch-de\/wp-json\/wp\/v2\/pages\/21138","targetHints":{"allow":["GET"]}}],"collection":[{"href":"https:\/\/www.v-label.com\/ch-de\/wp-json\/wp\/v2\/pages"}],"about":[{"href":"https:\/\/www.v-label.com\/ch-de\/wp-json\/wp\/v2\/types\/page"}],"author":[{"embeddable":true,"href":"https:\/\/www.v-label.com\/ch-de\/wp-json\/wp\/v2\/users\/5"}],"replies":[{"embeddable":true,"href":"https:\/\/www.v-label.com\/ch-de\/wp-json\/wp\/v2\/comments?post=21138"}],"version-history":[{"count":4,"href":"https:\/\/www.v-label.com\/ch-de\/wp-json\/wp\/v2\/pages\/21138\/revisions"}],"predecessor-version":[{"id":65504,"href":"https:\/\/www.v-label.com\/ch-de\/wp-json\/wp\/v2\/pages\/21138\/revisions\/65504"}],"up":[{"embeddable":true,"href":"https:\/\/www.v-label.com\/ch-de\/wp-json\/wp\/v2\/pages\/21136"}],"wp:featuredmedia":[{"embeddable":true,"href":"https:\/\/www.v-label.com\/ch-de\/wp-json\/wp\/v2\/media\/21139"}],"wp:attachment":[{"href":"https:\/\/www.v-label.com\/ch-de\/wp-json\/wp\/v2\/media?parent=21138"}],"wp:term":[{"taxonomy":"category","embeddable":true,"href":"https:\/\/www.v-label.com\/ch-de\/wp-json\/wp\/v2\/categories?post=21138"},{"taxonomy":"post_tag","embeddable":true,"href":"https:\/\/www.v-label.com\/ch-de\/wp-json\/wp\/v2\/tags?post=21138"}],"curies":[{"name":"wp","href":"https:\/\/api.w.org\/{rel}","templated":true}]}}