{"id":21151,"date":"2022-09-13T11:06:00","date_gmt":"2022-09-13T09:06:00","guid":{"rendered":"https:\/\/www.v-label.com\/general-information\/certified-products\/ready-made-meals\/"},"modified":"2023-07-03T13:32:05","modified_gmt":"2023-07-03T11:32:05","slug":"fertiggerichte","status":"publish","type":"page","link":"https:\/\/www.v-label.com\/ch-de\/allgemeine-informationen-fur-konsumenten\/zertifizierte-produkte\/fertiggerichte\/","title":{"rendered":"Fertiggerichte"},"content":{"rendered":"\n<p>Das Mittagessen f\u00fcr unterwegs muss kein Kompromiss mehr sein. Gesund, lecker und veggie ist das Motto der meisten grossen Einzelh\u00e4ndler, die die Tiefk\u00fchlabteilungen mit pflanzlichen Pizzen f\u00fcllen und eine breite Palette an Gerichten anbieten, von fertigen Dahlsuppen bis hin zu Chili sin Carne.<\/p>\n\n\n\n<div class=\"wp-block-columns are-vertically-aligned-center is-layout-flex wp-container-core-columns-is-layout-9d6595d7 wp-block-columns-is-layout-flex\">\n<div class=\"wp-block-column is-vertically-aligned-center is-layout-flow wp-block-column-is-layout-flow\">\n<figure class=\"wp-block-image aligncenter size-large\"><img decoding=\"async\" width=\"1024\" height=\"652\" src=\"https:\/\/www.v-label.com\/wp-content\/uploads\/2023\/07\/dr-oetker-1024x652.png\" alt=\"\" class=\"wp-image-65242\" srcset=\"https:\/\/www.v-label.com\/wp-content\/uploads\/2023\/07\/dr-oetker-1024x652.png 1024w, https:\/\/www.v-label.com\/wp-content\/uploads\/2023\/07\/dr-oetker-300x191.png 300w, https:\/\/www.v-label.com\/wp-content\/uploads\/2023\/07\/dr-oetker-500x318.png 500w, https:\/\/www.v-label.com\/wp-content\/uploads\/2023\/07\/dr-oetker-768x489.png 768w, https:\/\/www.v-label.com\/wp-content\/uploads\/2023\/07\/dr-oetker.png 1280w\" sizes=\"(max-width: 1024px) 100vw, 1024px\" \/><\/figure>\n<\/div>\n\n\n\n<div class=\"wp-block-column is-vertically-aligned-center is-layout-flow wp-block-column-is-layout-flow\">\n<figure class=\"wp-block-image aligncenter size-medium\"><a href=\"https:\/\/www.migros.ch\/de\/content\/v-love\" target=\"_blank\" rel=\"noreferrer noopener\"><img decoding=\"async\" width=\"300\" height=\"200\" src=\"https:\/\/www.v-label.com\/wp-content\/uploads\/2022\/12\/v-love-300x200.jpg\" alt=\"\" class=\"wp-image-39018\" srcset=\"https:\/\/www.v-label.com\/wp-content\/uploads\/2022\/12\/v-love-300x200.jpg 300w, https:\/\/www.v-label.com\/wp-content\/uploads\/2022\/12\/v-love-500x333.jpg 500w, https:\/\/www.v-label.com\/wp-content\/uploads\/2022\/12\/v-love.jpg 600w\" sizes=\"(max-width: 300px) 100vw, 300px\" \/><\/a><\/figure>\n<\/div>\n\n\n\n<div class=\"wp-block-column is-vertically-aligned-center is-layout-flow wp-block-column-is-layout-flow\">\n<figure class=\"wp-block-image aligncenter size-full\"><img decoding=\"async\" width=\"200\" height=\"200\" src=\"https:\/\/www.v-label.com\/wp-content\/uploads\/2023\/07\/fresh-food-and-beverage-group.jpg\" alt=\"\" class=\"wp-image-65465\"\/><\/figure>\n<\/div>\n\n\n\n<div class=\"wp-block-column is-vertically-aligned-center is-layout-flow wp-block-column-is-layout-flow\">\n<figure class=\"wp-block-image aligncenter size-medium\"><a href=\"https:\/\/de.hilcona.ch\/\" target=\"_blank\" rel=\"noreferrer noopener\"><img decoding=\"async\" width=\"300\" height=\"158\" src=\"https:\/\/www.v-label.com\/wp-content\/uploads\/2023\/01\/hilcona-300x158.png\" alt=\"\" class=\"wp-image-42616\" srcset=\"https:\/\/www.v-label.com\/wp-content\/uploads\/2023\/01\/hilcona-300x158.png 300w, https:\/\/www.v-label.com\/wp-content\/uploads\/2023\/01\/hilcona-500x263.png 500w, https:\/\/www.v-label.com\/wp-content\/uploads\/2023\/01\/hilcona.png 600w\" sizes=\"(max-width: 300px) 100vw, 300px\" \/><\/a><\/figure>\n<\/div>\n\n\n\n<div class=\"wp-block-column is-vertically-aligned-center is-layout-flow wp-block-column-is-layout-flow\">\n<figure class=\"wp-block-image aligncenter size-medium\"><a href=\"https:\/\/haco.ch\/\" target=\"_blank\" rel=\"noreferrer noopener\"><img decoding=\"async\" width=\"300\" height=\"91\" src=\"https:\/\/www.v-label.com\/wp-content\/uploads\/2023\/01\/haco-300x91.png\" alt=\"\" class=\"wp-image-42646\" srcset=\"https:\/\/www.v-label.com\/wp-content\/uploads\/2023\/01\/haco-300x91.png 300w, https:\/\/www.v-label.com\/wp-content\/uploads\/2023\/01\/haco-500x152.png 500w, https:\/\/www.v-label.com\/wp-content\/uploads\/2023\/01\/haco.png 600w\" sizes=\"(max-width: 300px) 100vw, 300px\" \/><\/a><\/figure>\n<\/div>\n<\/div>\n\n\n\n<div class=\"wp-block-columns are-vertically-aligned-center is-layout-flex wp-container-core-columns-is-layout-9d6595d7 wp-block-columns-is-layout-flex\">\n<div class=\"wp-block-column is-vertically-aligned-center is-layout-flow wp-block-column-is-layout-flow\">\n<figure class=\"wp-block-image aligncenter size-medium\"><a href=\"https:\/\/www.coop.ch\/de\/lebensmittel\/spezielle-ernaehrung\/karma\/karma.html\" target=\"_blank\" rel=\"noreferrer noopener\"><img decoding=\"async\" width=\"300\" height=\"274\" src=\"https:\/\/www.v-label.com\/wp-content\/uploads\/2023\/01\/karma-300x274.png\" alt=\"\" class=\"wp-image-42676\" srcset=\"https:\/\/www.v-label.com\/wp-content\/uploads\/2023\/01\/karma-300x274.png 300w, https:\/\/www.v-label.com\/wp-content\/uploads\/2023\/01\/karma-500x457.png 500w, https:\/\/www.v-label.com\/wp-content\/uploads\/2023\/01\/karma.png 600w\" sizes=\"(max-width: 300px) 100vw, 300px\" \/><\/a><\/figure>\n<\/div>\n\n\n\n<div class=\"wp-block-column is-vertically-aligned-center is-layout-flow wp-block-column-is-layout-flow\">\n<figure class=\"wp-block-image aligncenter size-full\"><img decoding=\"async\" width=\"539\" height=\"343\" src=\"https:\/\/www.v-label.com\/wp-content\/uploads\/2023\/07\/bufis.png\" alt=\"\" class=\"wp-image-65206\" srcset=\"https:\/\/www.v-label.com\/wp-content\/uploads\/2023\/07\/bufis.png 539w, https:\/\/www.v-label.com\/wp-content\/uploads\/2023\/07\/bufis-300x191.png 300w, https:\/\/www.v-label.com\/wp-content\/uploads\/2023\/07\/bufis-500x318.png 500w\" sizes=\"(max-width: 539px) 100vw, 539px\" \/><\/figure>\n<\/div>\n\n\n\n<div class=\"wp-block-column is-vertically-aligned-center is-layout-flow wp-block-column-is-layout-flow\">\n<figure class=\"wp-block-image aligncenter size-full\"><img decoding=\"async\" width=\"202\" height=\"197\" src=\"https:\/\/www.v-label.com\/wp-content\/uploads\/2023\/07\/findus.jpg\" alt=\"\" class=\"wp-image-65279\"\/><\/figure>\n<\/div>\n\n\n\n<div class=\"wp-block-column is-vertically-aligned-center is-layout-flow wp-block-column-is-layout-flow\">\n<figure class=\"wp-block-image aligncenter size-large\"><img decoding=\"async\" width=\"1024\" height=\"852\" src=\"https:\/\/www.v-label.com\/wp-content\/uploads\/2023\/07\/knorr-1024x852.png\" alt=\"\" class=\"wp-image-65315\" srcset=\"https:\/\/www.v-label.com\/wp-content\/uploads\/2023\/07\/knorr-1024x852.png 1024w, https:\/\/www.v-label.com\/wp-content\/uploads\/2023\/07\/knorr-300x250.png 300w, https:\/\/www.v-label.com\/wp-content\/uploads\/2023\/07\/knorr-500x416.png 500w, https:\/\/www.v-label.com\/wp-content\/uploads\/2023\/07\/knorr-768x639.png 768w, https:\/\/www.v-label.com\/wp-content\/uploads\/2023\/07\/knorr.png 1200w\" sizes=\"(max-width: 1024px) 100vw, 1024px\" \/><\/figure>\n<\/div>\n\n\n\n<div class=\"wp-block-column is-vertically-aligned-center is-layout-flow wp-block-column-is-layout-flow\">\n<figure class=\"wp-block-image aligncenter size-large\"><img decoding=\"async\" width=\"1024\" height=\"244\" src=\"https:\/\/www.v-label.com\/wp-content\/uploads\/2023\/07\/thomy-1024x244.webp\" alt=\"\" class=\"wp-image-65351\" srcset=\"https:\/\/www.v-label.com\/wp-content\/uploads\/2023\/07\/thomy-1024x244.webp 1024w, https:\/\/www.v-label.com\/wp-content\/uploads\/2023\/07\/thomy-300x71.webp 300w, https:\/\/www.v-label.com\/wp-content\/uploads\/2023\/07\/thomy-500x119.webp 500w, https:\/\/www.v-label.com\/wp-content\/uploads\/2023\/07\/thomy-768x183.webp 768w, https:\/\/www.v-label.com\/wp-content\/uploads\/2023\/07\/thomy-1536x366.webp 1536w, https:\/\/www.v-label.com\/wp-content\/uploads\/2023\/07\/thomy-2048x488.webp 2048w\" sizes=\"(max-width: 1024px) 100vw, 1024px\" \/><\/figure>\n<\/div>\n<\/div>\n","protected":false},"excerpt":{"rendered":"<p>Das Mittagessen f\u00fcr unterwegs muss kein Kompromiss mehr sein. Gesund, lecker und veggie ist das Motto der meisten grossen Einzelh\u00e4ndler, die die Tiefk\u00fchlabteilungen mit pflanzlichen Pizzen f\u00fcllen und eine breite Palette an Gerichten anbieten, von fertigen Dahlsuppen bis hin zu Chili sin Carne.<\/p>\n","protected":false},"author":5,"featured_media":21152,"parent":21136,"menu_order":0,"comment_status":"closed","ping_status":"closed","template":"","meta":{"_acf_changed":false,"_editorskit_title_hidden":false,"_editorskit_reading_time":0,"_editorskit_is_block_options_detached":false,"_editorskit_block_options_position":"{}","inline_featured_image":false,"_uag_custom_page_level_css":"","footnotes":""},"categories":[],"tags":[],"class_list":["post-21151","page","type-page","status-publish","has-post-thumbnail","hentry"],"acf":[],"uagb_featured_image_src":{"full":["https:\/\/www.v-label.com\/wp-content\/uploads\/2022\/12\/ready-meals-1280.jpg",1280,852,false],"thumbnail":["https:\/\/www.v-label.com\/wp-content\/uploads\/2022\/12\/ready-meals-1280-500x333.jpg",500,333,true],"medium":["https:\/\/www.v-label.com\/wp-content\/uploads\/2022\/12\/ready-meals-1280-300x200.jpg",300,200,true],"medium_large":["https:\/\/www.v-label.com\/wp-content\/uploads\/2022\/12\/ready-meals-1280-768x511.jpg",768,511,true],"large":["https:\/\/www.v-label.com\/wp-content\/uploads\/2022\/12\/ready-meals-1280-1024x682.jpg",1024,682,true],"1536x1536":["https:\/\/www.v-label.com\/wp-content\/uploads\/2022\/12\/ready-meals-1280.jpg",1280,852,false],"2048x2048":["https:\/\/www.v-label.com\/wp-content\/uploads\/2022\/12\/ready-meals-1280.jpg",1280,852,false],"preview":["https:\/\/www.v-label.com\/wp-content\/uploads\/2022\/12\/ready-meals-1280-904x720.jpg",904,720,true],"header":["https:\/\/www.v-label.com\/wp-content\/uploads\/2022\/12\/ready-meals-1280-1280x720.jpg",1280,720,true],"gform-image-choice-sm":["https:\/\/www.v-label.com\/wp-content\/uploads\/2022\/12\/ready-meals-1280.jpg",300,200,false],"gform-image-choice-md":["https:\/\/www.v-label.com\/wp-content\/uploads\/2022\/12\/ready-meals-1280.jpg",400,266,false],"gform-image-choice-lg":["https:\/\/www.v-label.com\/wp-content\/uploads\/2022\/12\/ready-meals-1280.jpg",600,399,false]},"uagb_author_info":{"display_name":"Can Aslan","author_link":"https:\/\/www.v-label.com\/ch-de"},"uagb_comment_info":0,"uagb_excerpt":"Das Mittagessen f\u00fcr unterwegs muss kein Kompromiss mehr sein. Gesund, lecker und veggie ist das Motto der meisten grossen Einzelh\u00e4ndler, die die Tiefk\u00fchlabteilungen mit pflanzlichen Pizzen f\u00fcllen und eine breite Palette an Gerichten anbieten, von fertigen Dahlsuppen bis hin zu Chili sin Carne.","_links":{"self":[{"href":"https:\/\/www.v-label.com\/ch-de\/wp-json\/wp\/v2\/pages\/21151","targetHints":{"allow":["GET"]}}],"collection":[{"href":"https:\/\/www.v-label.com\/ch-de\/wp-json\/wp\/v2\/pages"}],"about":[{"href":"https:\/\/www.v-label.com\/ch-de\/wp-json\/wp\/v2\/types\/page"}],"author":[{"embeddable":true,"href":"https:\/\/www.v-label.com\/ch-de\/wp-json\/wp\/v2\/users\/5"}],"replies":[{"embeddable":true,"href":"https:\/\/www.v-label.com\/ch-de\/wp-json\/wp\/v2\/comments?post=21151"}],"version-history":[{"count":5,"href":"https:\/\/www.v-label.com\/ch-de\/wp-json\/wp\/v2\/pages\/21151\/revisions"}],"predecessor-version":[{"id":65501,"href":"https:\/\/www.v-label.com\/ch-de\/wp-json\/wp\/v2\/pages\/21151\/revisions\/65501"}],"up":[{"embeddable":true,"href":"https:\/\/www.v-label.com\/ch-de\/wp-json\/wp\/v2\/pages\/21136"}],"wp:featuredmedia":[{"embeddable":true,"href":"https:\/\/www.v-label.com\/ch-de\/wp-json\/wp\/v2\/media\/21152"}],"wp:attachment":[{"href":"https:\/\/www.v-label.com\/ch-de\/wp-json\/wp\/v2\/media?parent=21151"}],"wp:term":[{"taxonomy":"category","embeddable":true,"href":"https:\/\/www.v-label.com\/ch-de\/wp-json\/wp\/v2\/categories?post=21151"},{"taxonomy":"post_tag","embeddable":true,"href":"https:\/\/www.v-label.com\/ch-de\/wp-json\/wp\/v2\/tags?post=21151"}],"curies":[{"name":"wp","href":"https:\/\/api.w.org\/{rel}","templated":true}]}}