{"id":21160,"date":"2022-05-30T16:15:52","date_gmt":"2022-05-30T14:15:52","guid":{"rendered":"https:\/\/www.v-label.com\/branches\/non-food\/"},"modified":"2023-01-17T09:33:43","modified_gmt":"2023-01-17T08:33:43","slug":"non-food","status":"publish","type":"page","link":"https:\/\/www.v-label.com\/ch-de\/allgemeine-informationen\/non-food\/","title":{"rendered":"Non-Food"},"content":{"rendered":"\n<p>Eine boomende Branche f\u00fcr die kommenden Jahre: Vegane und tierleidfreie Mode gilt schon jetzt als cool und luxuri\u00f6s. Der globale Markt f\u00fcr vegane Damenmode wurde 2019 auf 396.3 Milliarden USD gesch\u00e4tzt und wird laut Statista.com bis 2027 voraussichtlich um 13.6 % wachsen. Der Markt f\u00fcr veganes Leder ist die treibende Kraft der Branche, vor allem aufgrund des technischen Fortschritts, der neue Materialien perfektioniert und die Lebensdauer von veganem Leder erh\u00f6ht. Anstelle von kunststoffbasiertem Leder sehen wir zunehmend nachhaltigere, nat\u00fcrliche Stoffe aus so unterschiedlichen Quellen wie Ananasbl\u00e4ttern, fermentierter Hefe, Nebenprodukten der Weinindustrie und Pilzen. Auch Alternativen zu Wolle und Seide aus Zellulosefasern werden entwickelt, ebenso wie verschiedene Upcycling-Materialien, die zu immer beliebterer veganer Sportkleidung aufgewertet werden.<\/p>\n\n\n\n<p>Und nicht zuletzt geht es nicht nur um Kleidung, Handtaschen und Schuhe. Auch andere Non-Food-Branchen werden herausgefordert und inspiriert, vegane, tierleidfreie Produkte zu entwickeln (wie B\u00fccher, Schmuck und Kerzen). Die Kennzeichnung als vegan und vegetarisch wird als zus\u00e4tzliches Verkaufsargument und als Unterscheidungsmerkmal angesehen. Ausserdem hilft es Konsumenten, leichter nachhaltige Kleidung auf E-Commerce-Seiten oder in Einzelhandelsgesch\u00e4ften zu finden.<\/p>\n\n\n\n<div class=\"wp-block-buttons is-content-justification-center is-layout-flex wp-container-core-buttons-is-layout-16018d1d wp-block-buttons-is-layout-flex\">\n<div class=\"wp-block-button\"><a class=\"wp-block-button__link wp-element-button\" href=\"https:\/\/www.v-label.com\/ch-de\/for-business\/get-certified\/\">Lizenz beantragen<\/a><\/div>\n<\/div>\n","protected":false},"excerpt":{"rendered":"<p>Eine boomende Branche f\u00fcr die kommenden Jahre: Vegane und tierleidfreie Mode gilt schon jetzt als cool und luxuri\u00f6s. Der globale Markt f\u00fcr vegane Damenmode wurde 2019 auf 396.3 Milliarden USD gesch\u00e4tzt und wird laut Statista.com bis 2027 voraussichtlich um 13.6 % wachsen. Der Markt f\u00fcr veganes Leder ist die treibende Kraft der Branche, vor allem [&hellip;]<\/p>\n","protected":false},"author":5,"featured_media":21162,"parent":21129,"menu_order":0,"comment_status":"closed","ping_status":"closed","template":"","meta":{"_acf_changed":false,"_editorskit_title_hidden":false,"_editorskit_reading_time":0,"_editorskit_is_block_options_detached":false,"_editorskit_block_options_position":"{}","inline_featured_image":false,"_uag_custom_page_level_css":"","footnotes":""},"categories":[],"tags":[],"class_list":["post-21160","page","type-page","status-publish","has-post-thumbnail","hentry"],"acf":[],"uagb_featured_image_src":{"full":["https:\/\/www.v-label.com\/wp-content\/uploads\/2022\/12\/v-label-non-food-sectors.jpg",1280,692,false],"thumbnail":["https:\/\/www.v-label.com\/wp-content\/uploads\/2022\/12\/v-label-non-food-sectors-500x270.jpg",500,270,true],"medium":["https:\/\/www.v-label.com\/wp-content\/uploads\/2022\/12\/v-label-non-food-sectors-300x162.jpg",300,162,true],"medium_large":["https:\/\/www.v-label.com\/wp-content\/uploads\/2022\/12\/v-label-non-food-sectors-768x415.jpg",768,415,true],"large":["https:\/\/www.v-label.com\/wp-content\/uploads\/2022\/12\/v-label-non-food-sectors-1024x554.jpg",1024,554,true],"1536x1536":["https:\/\/www.v-label.com\/wp-content\/uploads\/2022\/12\/v-label-non-food-sectors.jpg",1280,692,false],"2048x2048":["https:\/\/www.v-label.com\/wp-content\/uploads\/2022\/12\/v-label-non-food-sectors.jpg",1280,692,false],"preview":["https:\/\/www.v-label.com\/wp-content\/uploads\/2022\/12\/v-label-non-food-sectors-904x692.jpg",904,692,true],"header":["https:\/\/www.v-label.com\/wp-content\/uploads\/2022\/12\/v-label-non-food-sectors.jpg",1280,692,false],"gform-image-choice-sm":["https:\/\/www.v-label.com\/wp-content\/uploads\/2022\/12\/v-label-non-food-sectors.jpg",300,162,false],"gform-image-choice-md":["https:\/\/www.v-label.com\/wp-content\/uploads\/2022\/12\/v-label-non-food-sectors.jpg",400,216,false],"gform-image-choice-lg":["https:\/\/www.v-label.com\/wp-content\/uploads\/2022\/12\/v-label-non-food-sectors.jpg",600,324,false]},"uagb_author_info":{"display_name":"Can Aslan","author_link":"https:\/\/www.v-label.com\/ch-de"},"uagb_comment_info":0,"uagb_excerpt":"Eine boomende Branche f\u00fcr die kommenden Jahre: Vegane und tierleidfreie Mode gilt schon jetzt als cool und luxuri\u00f6s. Der globale Markt f\u00fcr vegane Damenmode wurde 2019 auf 396.3 Milliarden USD gesch\u00e4tzt und wird laut Statista.com bis 2027 voraussichtlich um 13.6 % wachsen. Der Markt f\u00fcr veganes Leder ist die treibende Kraft der Branche, vor allem&hellip;","_links":{"self":[{"href":"https:\/\/www.v-label.com\/ch-de\/wp-json\/wp\/v2\/pages\/21160","targetHints":{"allow":["GET"]}}],"collection":[{"href":"https:\/\/www.v-label.com\/ch-de\/wp-json\/wp\/v2\/pages"}],"about":[{"href":"https:\/\/www.v-label.com\/ch-de\/wp-json\/wp\/v2\/types\/page"}],"author":[{"embeddable":true,"href":"https:\/\/www.v-label.com\/ch-de\/wp-json\/wp\/v2\/users\/5"}],"replies":[{"embeddable":true,"href":"https:\/\/www.v-label.com\/ch-de\/wp-json\/wp\/v2\/comments?post=21160"}],"version-history":[{"count":3,"href":"https:\/\/www.v-label.com\/ch-de\/wp-json\/wp\/v2\/pages\/21160\/revisions"}],"predecessor-version":[{"id":42489,"href":"https:\/\/www.v-label.com\/ch-de\/wp-json\/wp\/v2\/pages\/21160\/revisions\/42489"}],"up":[{"embeddable":true,"href":"https:\/\/www.v-label.com\/ch-de\/wp-json\/wp\/v2\/pages\/21129"}],"wp:featuredmedia":[{"embeddable":true,"href":"https:\/\/www.v-label.com\/ch-de\/wp-json\/wp\/v2\/media\/21162"}],"wp:attachment":[{"href":"https:\/\/www.v-label.com\/ch-de\/wp-json\/wp\/v2\/media?parent=21160"}],"wp:term":[{"taxonomy":"category","embeddable":true,"href":"https:\/\/www.v-label.com\/ch-de\/wp-json\/wp\/v2\/categories?post=21160"},{"taxonomy":"post_tag","embeddable":true,"href":"https:\/\/www.v-label.com\/ch-de\/wp-json\/wp\/v2\/tags?post=21160"}],"curies":[{"name":"wp","href":"https:\/\/api.w.org\/{rel}","templated":true}]}}