{"id":21165,"date":"2022-05-30T16:15:29","date_gmt":"2022-05-30T14:15:29","guid":{"rendered":"https:\/\/www.v-label.com\/branches\/cosmetics\/"},"modified":"2023-01-17T09:38:14","modified_gmt":"2023-01-17T08:38:14","slug":"kosmetik-und-reinigungsmittel","status":"publish","type":"page","link":"https:\/\/www.v-label.com\/ch-de\/allgemeine-informationen\/kosmetik-und-reinigungsmittel\/","title":{"rendered":"Kosmetik &#038; Reinigungsmittel"},"content":{"rendered":"\n<p>Einfachheit, Gesundheitsbewusstsein und ein starkes Bed\u00fcrfnis nach tierleidfreier Sch\u00f6nheit: Das sind die drei Hauptgr\u00fcnde daf\u00fcr, dass der globale Markt f\u00fcr vegane Kosmetika laut dem Vegan Cosmetics Market Size, Share &amp; Trends Analysis Report von 2018 bis zum Jahr 2025 voraussichtlich 20.8 Milliarden US-Dollar erreichen wird, bei einer Wachstumsrate von 6.3 % pro Jahr.<\/p>\n\n\n\n<p>Europa h\u00e4lt einen grossen Anteil am Markt und verzeichnet eine rasant steigende Nachfrage nach Produkten, die nicht an Tieren getestet wurden. Von Hautpflege \u00fcber Deodorants bis hin zu Shampoos suchen immer mehr Verbrauchergruppen beim Kauf nach Stichworten wie \u00abvegan\u00bb.<\/p>\n\n\n\n<p>Da vegane Kosmetik immer noch eine Neuheit ist, sind Konsumenten sehr aufgeschlossen f\u00fcr Kennzeichnungen und andere Zeichen, die beweisen, dass ihre Wahl vegan oder vegetarisch ist. Wussten Sie, dass laut der Vegan Society 19 % der Menschen \u00fcberpr\u00fcfen, ob ihre Kosmetikartikel an Tieren getestet wurden? Machen Sie dieses Merkmal Ihres Produkts mit V-Label sichtbar und werden Sie zur Anlaufstelle f\u00fcr vegane Produkte!<\/p>\n\n\n\n<p>Nicht nur der Bereich K\u00f6rperpflegeprodukte erlebt den Aufstieg veganer und vegetarischer Alternativen, sondern auch Haushaltprodukte! Lassen Sie Ihre Reinigungsprodukte mit dem auff\u00e4lligen V-Label gl\u00e4nzen.<\/p>\n\n\n\n<div class=\"wp-block-buttons is-content-justification-center is-layout-flex wp-container-core-buttons-is-layout-16018d1d wp-block-buttons-is-layout-flex\">\n<div class=\"wp-block-button\"><a class=\"wp-block-button__link wp-element-button\" href=\"https:\/\/www.v-label.com\/ch-de\/for-business\/get-certified\/\">Lizenz beantragen<\/a><\/div>\n<\/div>\n","protected":false},"excerpt":{"rendered":"<p>Einfachheit, Gesundheitsbewusstsein und ein starkes Bed\u00fcrfnis nach tierleidfreier Sch\u00f6nheit: Das sind die drei Hauptgr\u00fcnde daf\u00fcr, dass der globale Markt f\u00fcr vegane Kosmetika laut dem Vegan Cosmetics Market Size, Share &amp; Trends Analysis Report von 2018 bis zum Jahr 2025 voraussichtlich 20.8 Milliarden US-Dollar erreichen wird, bei einer Wachstumsrate von 6.3 % pro Jahr. Europa h\u00e4lt [&hellip;]<\/p>\n","protected":false},"author":5,"featured_media":21167,"parent":21129,"menu_order":0,"comment_status":"closed","ping_status":"closed","template":"","meta":{"_acf_changed":false,"_editorskit_title_hidden":false,"_editorskit_reading_time":0,"_editorskit_is_block_options_detached":false,"_editorskit_block_options_position":"{}","inline_featured_image":false,"_uag_custom_page_level_css":"","footnotes":""},"categories":[],"tags":[],"class_list":["post-21165","page","type-page","status-publish","has-post-thumbnail","hentry"],"acf":[],"uagb_featured_image_src":{"full":["https:\/\/www.v-label.com\/wp-content\/uploads\/2022\/12\/cosmetics-1280.jpg",1280,868,false],"thumbnail":["https:\/\/www.v-label.com\/wp-content\/uploads\/2022\/12\/cosmetics-1280-500x339.jpg",500,339,true],"medium":["https:\/\/www.v-label.com\/wp-content\/uploads\/2022\/12\/cosmetics-1280-300x203.jpg",300,203,true],"medium_large":["https:\/\/www.v-label.com\/wp-content\/uploads\/2022\/12\/cosmetics-1280-768x521.jpg",768,521,true],"large":["https:\/\/www.v-label.com\/wp-content\/uploads\/2022\/12\/cosmetics-1280-1024x694.jpg",1024,694,true],"1536x1536":["https:\/\/www.v-label.com\/wp-content\/uploads\/2022\/12\/cosmetics-1280.jpg",1280,868,false],"2048x2048":["https:\/\/www.v-label.com\/wp-content\/uploads\/2022\/12\/cosmetics-1280.jpg",1280,868,false],"preview":["https:\/\/www.v-label.com\/wp-content\/uploads\/2022\/12\/cosmetics-1280-904x720.jpg",904,720,true],"header":["https:\/\/www.v-label.com\/wp-content\/uploads\/2022\/12\/cosmetics-1280-1280x720.jpg",1280,720,true],"gform-image-choice-sm":["https:\/\/www.v-label.com\/wp-content\/uploads\/2022\/12\/cosmetics-1280.jpg",300,203,false],"gform-image-choice-md":["https:\/\/www.v-label.com\/wp-content\/uploads\/2022\/12\/cosmetics-1280.jpg",400,271,false],"gform-image-choice-lg":["https:\/\/www.v-label.com\/wp-content\/uploads\/2022\/12\/cosmetics-1280.jpg",600,407,false]},"uagb_author_info":{"display_name":"Can Aslan","author_link":"https:\/\/www.v-label.com\/ch-de"},"uagb_comment_info":0,"uagb_excerpt":"Einfachheit, Gesundheitsbewusstsein und ein starkes Bed\u00fcrfnis nach tierleidfreier Sch\u00f6nheit: Das sind die drei Hauptgr\u00fcnde daf\u00fcr, dass der globale Markt f\u00fcr vegane Kosmetika laut dem Vegan Cosmetics Market Size, Share &amp; Trends Analysis Report von 2018 bis zum Jahr 2025 voraussichtlich 20.8 Milliarden US-Dollar erreichen wird, bei einer Wachstumsrate von 6.3 % pro Jahr. Europa h\u00e4lt&hellip;","_links":{"self":[{"href":"https:\/\/www.v-label.com\/ch-de\/wp-json\/wp\/v2\/pages\/21165","targetHints":{"allow":["GET"]}}],"collection":[{"href":"https:\/\/www.v-label.com\/ch-de\/wp-json\/wp\/v2\/pages"}],"about":[{"href":"https:\/\/www.v-label.com\/ch-de\/wp-json\/wp\/v2\/types\/page"}],"author":[{"embeddable":true,"href":"https:\/\/www.v-label.com\/ch-de\/wp-json\/wp\/v2\/users\/5"}],"replies":[{"embeddable":true,"href":"https:\/\/www.v-label.com\/ch-de\/wp-json\/wp\/v2\/comments?post=21165"}],"version-history":[{"count":3,"href":"https:\/\/www.v-label.com\/ch-de\/wp-json\/wp\/v2\/pages\/21165\/revisions"}],"predecessor-version":[{"id":42493,"href":"https:\/\/www.v-label.com\/ch-de\/wp-json\/wp\/v2\/pages\/21165\/revisions\/42493"}],"up":[{"embeddable":true,"href":"https:\/\/www.v-label.com\/ch-de\/wp-json\/wp\/v2\/pages\/21129"}],"wp:featuredmedia":[{"embeddable":true,"href":"https:\/\/www.v-label.com\/ch-de\/wp-json\/wp\/v2\/media\/21167"}],"wp:attachment":[{"href":"https:\/\/www.v-label.com\/ch-de\/wp-json\/wp\/v2\/media?parent=21165"}],"wp:term":[{"taxonomy":"category","embeddable":true,"href":"https:\/\/www.v-label.com\/ch-de\/wp-json\/wp\/v2\/categories?post=21165"},{"taxonomy":"post_tag","embeddable":true,"href":"https:\/\/www.v-label.com\/ch-de\/wp-json\/wp\/v2\/tags?post=21165"}],"curies":[{"name":"wp","href":"https:\/\/api.w.org\/{rel}","templated":true}]}}