{"id":47497,"date":"2023-02-12T13:15:49","date_gmt":"2023-02-12T12:15:49","guid":{"rendered":"https:\/\/www.v-label.com\/?page_id=47497"},"modified":"2024-10-25T11:44:02","modified_gmt":"2024-10-25T09:44:02","slug":"detailhandel-und-eigenmarken","status":"publish","type":"page","link":"https:\/\/www.v-label.com\/ch-de\/detailhandel-und-eigenmarken\/","title":{"rendered":"Marktf\u00fchrer f\u00fcr Eigenmarkenprodukte"},"content":{"rendered":"\n<p><strong>Mehr als die H\u00e4lfte der Verbraucher ist einem Gesch\u00e4ft wegen seiner Eigenmarkenauswahl treu. In den letzten Jahren haben sie an Beliebtheit und Bedeutung gewonnen und machen in den wichtigsten europ\u00e4ischen M\u00e4rkten mehr als 40 % des Gesamtumsatzes aus. Mit dem Trend zu Nachhaltigkeit und Authentizit\u00e4t sind Eigenmarken Ihre Eintrittskarte, um 87 % der wiederkehrenden Verbraucher zu gewinnen. M\u00f6chten Sie, dass diese Ihre Produkte auf einen Blick erkennen? V-Label ist die einzige vegane Zertifizierung, die mit allen grossen europ\u00e4ischen Einzelh\u00e4ndlern zusammenarbeitet.<\/strong><\/p>\n\n\n\n<div class=\"wp-block-columns are-vertically-aligned-center is-layout-flex wp-container-core-columns-is-layout-9d6595d7 wp-block-columns-is-layout-flex\">\n<div class=\"wp-block-column is-vertically-aligned-center is-layout-flow wp-block-column-is-layout-flow\">\n<h3 class=\"wp-block-heading\">Der Favorit der Einzelh\u00e4ndler<\/h3>\n\n\n\n<p>Mehr als 25 Eigenmarken von f\u00fchrenden europ\u00e4ischen Einzelh\u00e4ndlern f\u00fchren das V-Label.<\/p>\n\n\n\n<div class=\"wp-block-buttons is-layout-flex wp-block-buttons-is-layout-flex\">\n<div class=\"wp-block-button\"><a class=\"wp-block-button__link wp-element-button\" href=\"#download\">Laden Sie das White Paper herunter<\/a><\/div>\n<\/div>\n<\/div>\n\n\n\n<div class=\"wp-block-column is-vertically-aligned-center is-layout-flow wp-block-column-is-layout-flow\">\n<figure class=\"wp-block-image size-large\"><img decoding=\"async\" width=\"1024\" height=\"717\" src=\"https:\/\/www.v-label.com\/wp-content\/uploads\/2023\/02\/white-paper-graphic-retail-4-1024x717.png\" alt=\"Retail Private Label: V-Label is the only vegan and vegetarian trademark working with all major European retailers. \" class=\"wp-image-48180\" srcset=\"https:\/\/www.v-label.com\/wp-content\/uploads\/2023\/02\/white-paper-graphic-retail-4-1024x717.png 1024w, https:\/\/www.v-label.com\/wp-content\/uploads\/2023\/02\/white-paper-graphic-retail-4-300x210.png 300w, https:\/\/www.v-label.com\/wp-content\/uploads\/2023\/02\/white-paper-graphic-retail-4-500x350.png 500w, https:\/\/www.v-label.com\/wp-content\/uploads\/2023\/02\/white-paper-graphic-retail-4-768x538.png 768w, https:\/\/www.v-label.com\/wp-content\/uploads\/2023\/02\/white-paper-graphic-retail-4-1536x1075.png 1536w, https:\/\/www.v-label.com\/wp-content\/uploads\/2023\/02\/white-paper-graphic-retail-4.png 2000w\" sizes=\"(max-width: 1024px) 100vw, 1024px\" \/><\/figure>\n<\/div>\n<\/div>\n\n\n\n<h2 class=\"wp-block-heading\">Ausgew\u00e4hlte Einzelh\u00e4ndler, die stolz darauf sind, V-Label zu f\u00fchren<\/h2>\n\n\n\r\n<section id=\"carousel-block_93fb9843370bae2451e47709bef202aa\" class=\"carousel-block_93fb9843370bae2451e47709bef202aa wp-block-carousel\">\r\n    <ul class=\"posts_list_carousel\" data-slick='{\"slidesToShow\": 7, \"slidesToScroll\": 7, \"autoplay\": 1, \"autoplaySpeed\": 3000, \"infinite\": 1, \"speed\": 1000}'>\r\n                    <li><img decoding=\"async\" src=\"https:\/\/www.v-label.com\/wp-content\/uploads\/2023\/02\/lidl-logo.png\" alt=\"Lidl logo\" \/><\/li>\r\n                    <li><img decoding=\"async\" src=\"https:\/\/www.v-label.com\/wp-content\/uploads\/2023\/02\/kaufland-logo.png\" alt=\"Kaufland - Logo\" \/><\/li>\r\n                    <li><img decoding=\"async\" src=\"https:\/\/www.v-label.com\/wp-content\/uploads\/2023\/02\/aldi-logo.png\" alt=\"Aldi logo\" \/><\/li>\r\n                    <li><img decoding=\"async\" src=\"https:\/\/www.v-label.com\/wp-content\/uploads\/2023\/02\/hoffer-logo.png\" alt=\"hoffer logo\" \/><\/li>\r\n                    <li><img decoding=\"async\" src=\"https:\/\/www.v-label.com\/wp-content\/uploads\/2023\/02\/spar-logo.png\" alt=\"spar logo\" \/><\/li>\r\n                    <li><img decoding=\"async\" src=\"https:\/\/www.v-label.com\/wp-content\/uploads\/2023\/02\/carrefour-logo.png\" alt=\"carrefour logo\" \/><\/li>\r\n                    <li><img decoding=\"async\" src=\"https:\/\/www.v-label.com\/wp-content\/uploads\/2024\/07\/coop.png\" alt=\"Coop\" \/><\/li>\r\n                    <li><img decoding=\"async\" src=\"https:\/\/www.v-label.com\/wp-content\/uploads\/2023\/02\/tesco-logo.png\" alt=\"tesco logo\" \/><\/li>\r\n                    <li><img decoding=\"async\" src=\"https:\/\/www.v-label.com\/wp-content\/uploads\/2023\/02\/migros-logo.png\" alt=\"migros logo\" \/><\/li>\r\n                    <li><img decoding=\"async\" src=\"https:\/\/www.v-label.com\/wp-content\/uploads\/2023\/02\/albert-logo.png\" alt=\"albert logo\" \/><\/li>\r\n                    <li><img decoding=\"async\" src=\"https:\/\/www.v-label.com\/wp-content\/uploads\/2023\/02\/edeka-logo.png\" alt=\"edeka logo\" \/><\/li>\r\n                    <li><img decoding=\"async\" src=\"https:\/\/www.v-label.com\/wp-content\/uploads\/2023\/02\/rewe-logo.png\" alt=\"rewe logo\" \/><\/li>\r\n                    <li><img decoding=\"async\" src=\"https:\/\/www.v-label.com\/wp-content\/uploads\/2023\/02\/penny-logo.png\" alt=\"penny logo\" \/><\/li>\r\n                    <li><img decoding=\"async\" src=\"https:\/\/www.v-label.com\/wp-content\/uploads\/2023\/02\/billa-logo.png\" alt=\"billa logo\" \/><\/li>\r\n                    <li><img decoding=\"async\" src=\"https:\/\/www.v-label.com\/wp-content\/uploads\/2023\/02\/dm-drogerie-markt-logo.png\" alt=\"dm drogerie markt logo\" \/><\/li>\r\n                    <li><img decoding=\"async\" src=\"https:\/\/www.v-label.com\/wp-content\/uploads\/2023\/02\/norma-logo.png\" alt=\"norma logo\" \/><\/li>\r\n            <\/ul>\r\n<\/section>\n\n\n<h2 class=\"wp-block-heading\">Eigenmarken &#8211; bei Einzelh\u00e4ndlern und Verbrauchern gleichermassen beliebt<\/h2>\n\n\n\n<p>Die Beliebtheit von Eigenmarken hat sich fest etabliert: Im Jahr 2020 machten Eigenmarken mehr als 40 % des Gesamtumsatzes in den europ\u00e4ischen Spitzenm\u00e4rkten aus. Im Jahr 2021 machten Eigenmarken durchschnittlich 31 % der neu eingef\u00fchrten Lebensmittelprodukte in Europa aus, im Vereinigten K\u00f6nigreich sogar 50 %, wie Daten von McKinsey zeigen. Noch wichtiger ist, dass sich \u00fcber 87 % der Verbraucher f\u00fcr Eigenmarkenprodukte entscheiden und bereit sind, daf\u00fcr in verschiedenen Gesch\u00e4ften einzukaufen, wie ein <a href=\"https:\/\/www.forbes.com\/sites\/errolschweizer\/2022\/06\/30\/why-store-brands-are-having-their-moment\/?sh=42d8e64738bf\" target=\"_blank\" data-type=\"link\" data-id=\"https:\/\/www.forbes.com\/sites\/errolschweizer\/2022\/06\/30\/why-store-brands-are-having-their-moment\/?sh=42d8e64738bf\" rel=\"noreferrer noopener\">Forbes-Artikel aus dem Jahr 2022<\/a> zeigt. Und warum? Loyalit\u00e4t. Menschen m\u00f6gen, was sie m\u00f6gen.<\/p>\n\n\n\n<p>Fr\u00fcher waren es vor allem die niedrigeren Preise, die die Verbraucher zu den Eigenmarken trieben. Und obwohl die Verbraucher immer noch &#8211; zu Recht &#8211; denken, dass sie mit Eigenmarken Geld sparen, wird ihre Wahl durch eine Kombination von Faktoren beeinflusst. Heute assoziieren die K\u00e4ufer dank der Ausweitung des Portfolios Eigenmarken mit Premiumqualit\u00e4t.<\/p>\n\n\n\n<p>Dies geschah in der zweiten Welle der Eigenmarken, als die Einzelh\u00e4ndler es wagten, eine Reihe von Produktlinien (vegan, biologisch, frei von) auf den Markt zu bringen, mit verbesserten Rezepten und verst\u00e4rktem Fokus auf Authentizit\u00e4t, Nachhaltigkeit und Herkunft. Von Tesco&#8217;s Finest \u00fcber Nature&#8217;s Promise bis hin zu K-take it veggie waren in den letzten Jahren vor allem h\u00f6herwertige Eigenmarken erfolgreich, insbesondere solche, die sich an gesundheitsbewusste Kunden richten.<\/p>\n\n\n\n<p>Bei der dritten Welle ging es vor allem darum, dies durch mehr M\u00f6glichkeiten der Markenbildung zu zeigen. Dies verhalf den Handelsmarken zu mehr Zugkraft. Mit neuen, verbesserten Verpackungen und Fernsehwerbung wurden sie zum Trend, nicht mehr etwas, was man zu unterst im Einkaufswagen versteckt.<\/p>\n\n\n\n<p>Der Detailhandel ist nun in der Lage, eine vierte Eigenmarkenwelle anzustossen, die darauf beruht, sich auf innovative Weise mit den sich \u00e4ndernden Verbraucherpr\u00e4ferenzen und -gewohnheiten auseinanderzusetzen, so der <a href=\"https:\/\/www.mckinsey.com\/industries\/retail\/our-insights\/the-path-forward-for-european-grocery-retailers\" target=\"_blank\" data-type=\"link\" data-id=\"https:\/\/www.mckinsey.com\/industries\/retail\/our-insights\/the-path-forward-for-european-grocery-retailers\" rel=\"noreferrer noopener\">McKinsey-Bericht 2021<\/a>. In den kommenden Jahren werden die Handelsmarken von den Ver\u00e4nderungen in der Lebensmittelbranche profitieren, wie z. B. davon, dass der Online-Einkauf zum Mainstream wird, dass Lifestyle-Erw\u00e4gungen (wie Gesundheit, Nachhaltigkeit und Bequemlichkeit) die Nachfrage nach Lebensmitteln antreiben und dass der Wert als oberste Priorit\u00e4t gilt.<\/p>\n\n\n\n<h2 class=\"wp-block-heading\">Mehr als die H\u00e4lfte der Bev\u00f6lkerung ist einem Gesch\u00e4ft aufgrund von Eigenmarken treu<\/h2>\n\n\n\n<p>All das bedeutet: Eigenmarken sind der Schl\u00fcssel f\u00fcr die Treue der Verbraucher. McKinsey argumentiert, dass der Hauptgrund, warum Kunden zu einem Einzelh\u00e4ndler zur\u00fcckkehren, dessen Standort ist &#8211; derjenige, der ihnen am n\u00e4chsten liegt -, andere wichtige Motivatoren sind das Preis-Leistungs-Verh\u00e4ltnis und die Auswahl an Eigenmarken. Mehr als 54 % der Verbraucher in 10 EU-L\u00e4ndern gaben an, dass sie regelm\u00e4ssig in ein Gesch\u00e4ft gehen, wenn die Produkte der Eigenmarken von guter Qualit\u00e4t sind. Best-Practice-Lebensmittelh\u00e4ndler identifizieren heute aktiv unbefriedigte Verbraucherbed\u00fcrfnisse und setzen dann agile Produktentwicklungsprozesse ein, um diese Bed\u00fcrfnisse so schnell wie m\u00f6glich zu befriedigen, wie ein weiteres <a href=\"https:\/\/www.mckinsey.com\/industries\/retail\/our-insights\/building-distinctive-european-powerhouse-brands\" target=\"_blank\" data-type=\"link\" data-id=\"https:\/\/www.mckinsey.com\/industries\/retail\/our-insights\/building-distinctive-european-powerhouse-brands\" rel=\"noreferrer noopener\">McKinsey-Papier<\/a> zeigt, um den Trend zu nutzen.<\/p>\n\n\n\n<figure class=\"wp-block-image size-large\"><img decoding=\"async\" width=\"1024\" height=\"717\" src=\"https:\/\/www.v-label.com\/wp-content\/uploads\/2023\/02\/white-paper-graphic-retail-3-1024x717.png\" alt=\"\" class=\"wp-image-48145\" srcset=\"https:\/\/www.v-label.com\/wp-content\/uploads\/2023\/02\/white-paper-graphic-retail-3-1024x717.png 1024w, https:\/\/www.v-label.com\/wp-content\/uploads\/2023\/02\/white-paper-graphic-retail-3-300x210.png 300w, https:\/\/www.v-label.com\/wp-content\/uploads\/2023\/02\/white-paper-graphic-retail-3-500x350.png 500w, https:\/\/www.v-label.com\/wp-content\/uploads\/2023\/02\/white-paper-graphic-retail-3-768x538.png 768w, https:\/\/www.v-label.com\/wp-content\/uploads\/2023\/02\/white-paper-graphic-retail-3-1536x1075.png 1536w, https:\/\/www.v-label.com\/wp-content\/uploads\/2023\/02\/white-paper-graphic-retail-3.png 2000w\" sizes=\"(max-width: 1024px) 100vw, 1024px\" \/><\/figure>\n\n\n\n<h2 class=\"wp-block-heading\" id=\"download\">White Paper: Retail Private Labels<\/h2>\n\n\n\n<script charset=\"utf-8\" type=\"text\/javascript\" src=\"\/\/js-eu1.hsforms.net\/forms\/embed\/v2.js\"><\/script>\n<script>\n  hbspt.forms.create({\n    portalId: \"9342260\",\n    formId: \"ce8b450f-b246-4159-89bf-fccb454adc6d\"\n  });\n<\/script>\n","protected":false},"excerpt":{"rendered":"<p>V-Label is the only vegan and vegetarian trademark working with all major European retailers.<\/p>\n","protected":false},"author":5,"featured_media":21131,"parent":0,"menu_order":0,"comment_status":"closed","ping_status":"closed","template":"","meta":{"_acf_changed":false,"_editorskit_title_hidden":false,"_editorskit_reading_time":0,"_editorskit_is_block_options_detached":false,"_editorskit_block_options_position":"{}","inline_featured_image":false,"_uag_custom_page_level_css":"","footnotes":""},"categories":[],"tags":[3308],"class_list":["post-47497","page","type-page","status-publish","has-post-thumbnail","hentry","tag-whitepaper-general-ch-de"],"acf":[],"uagb_featured_image_src":{"full":["https:\/\/www.v-label.com\/wp-content\/uploads\/2022\/12\/v-label-general-info-sectors.jpg",1280,716,false],"thumbnail":["https:\/\/www.v-label.com\/wp-content\/uploads\/2022\/12\/v-label-general-info-sectors-500x280.jpg",500,280,true],"medium":["https:\/\/www.v-label.com\/wp-content\/uploads\/2022\/12\/v-label-general-info-sectors-300x168.jpg",300,168,true],"medium_large":["https:\/\/www.v-label.com\/wp-content\/uploads\/2022\/12\/v-label-general-info-sectors-768x430.jpg",768,430,true],"large":["https:\/\/www.v-label.com\/wp-content\/uploads\/2022\/12\/v-label-general-info-sectors-1024x573.jpg",1024,573,true],"1536x1536":["https:\/\/www.v-label.com\/wp-content\/uploads\/2022\/12\/v-label-general-info-sectors.jpg",1280,716,false],"2048x2048":["https:\/\/www.v-label.com\/wp-content\/uploads\/2022\/12\/v-label-general-info-sectors.jpg",1280,716,false],"preview":["https:\/\/www.v-label.com\/wp-content\/uploads\/2022\/12\/v-label-general-info-sectors-904x716.jpg",904,716,true],"header":["https:\/\/www.v-label.com\/wp-content\/uploads\/2022\/12\/v-label-general-info-sectors.jpg",1280,716,false],"gform-image-choice-sm":["https:\/\/www.v-label.com\/wp-content\/uploads\/2022\/12\/v-label-general-info-sectors.jpg",300,168,false],"gform-image-choice-md":["https:\/\/www.v-label.com\/wp-content\/uploads\/2022\/12\/v-label-general-info-sectors.jpg",400,224,false],"gform-image-choice-lg":["https:\/\/www.v-label.com\/wp-content\/uploads\/2022\/12\/v-label-general-info-sectors.jpg",600,336,false]},"uagb_author_info":{"display_name":"Can Aslan","author_link":"https:\/\/www.v-label.com\/ch-de"},"uagb_comment_info":0,"uagb_excerpt":"V-Label is the only vegan and vegetarian trademark working with all major European retailers.","_links":{"self":[{"href":"https:\/\/www.v-label.com\/ch-de\/wp-json\/wp\/v2\/pages\/47497","targetHints":{"allow":["GET"]}}],"collection":[{"href":"https:\/\/www.v-label.com\/ch-de\/wp-json\/wp\/v2\/pages"}],"about":[{"href":"https:\/\/www.v-label.com\/ch-de\/wp-json\/wp\/v2\/types\/page"}],"author":[{"embeddable":true,"href":"https:\/\/www.v-label.com\/ch-de\/wp-json\/wp\/v2\/users\/5"}],"replies":[{"embeddable":true,"href":"https:\/\/www.v-label.com\/ch-de\/wp-json\/wp\/v2\/comments?post=47497"}],"version-history":[{"count":5,"href":"https:\/\/www.v-label.com\/ch-de\/wp-json\/wp\/v2\/pages\/47497\/revisions"}],"predecessor-version":[{"id":87093,"href":"https:\/\/www.v-label.com\/ch-de\/wp-json\/wp\/v2\/pages\/47497\/revisions\/87093"}],"wp:featuredmedia":[{"embeddable":true,"href":"https:\/\/www.v-label.com\/ch-de\/wp-json\/wp\/v2\/media\/21131"}],"wp:attachment":[{"href":"https:\/\/www.v-label.com\/ch-de\/wp-json\/wp\/v2\/media?parent=47497"}],"wp:term":[{"taxonomy":"category","embeddable":true,"href":"https:\/\/www.v-label.com\/ch-de\/wp-json\/wp\/v2\/categories?post=47497"},{"taxonomy":"post_tag","embeddable":true,"href":"https:\/\/www.v-label.com\/ch-de\/wp-json\/wp\/v2\/tags?post=47497"}],"curies":[{"name":"wp","href":"https:\/\/api.w.org\/{rel}","templated":true}]}}