{"id":18326,"date":"2022-05-30T16:16:14","date_gmt":"2022-05-30T14:16:14","guid":{"rendered":"https:\/\/www.v-label.com\/info-for-producers\/"},"modified":"2024-07-11T11:18:26","modified_gmt":"2024-07-11T09:18:26","slug":"info-for-producers","status":"publish","type":"page","link":"https:\/\/www.v-label.com\/ch-fr\/info-for-producers\/","title":{"rendered":"Informations pour les producteurs"},"content":{"rendered":"\n<p>Dans le monde entier, plus de <strong>70 000 produits<\/strong> de plus de <strong>4 800 titulaires<\/strong> de licence portent d\u00e9sormais le V-Label, un label de qualit\u00e9 accord\u00e9 aux produits et services v\u00e9ganes et v\u00e9g\u00e9tariens. Ce label, reconnu au niveau international, guide les clients du monde entier pour qu&#8217;ils puissent identifier d&#8217;un seul coup d&#8217;\u0153il les options v\u00e9ganes et v\u00e9g\u00e9tariennes.<\/p>\n\n\n\n<h3 class=\"wp-block-heading has-text-align-center has-greenlightultra-background-color has-background\">Si vous \u00eates producteur, voici pourquoi vous pouvez envisager de faire certifier votre produit par le V-Label :<\/h3>\n\n\n\n<p><strong>Gagner de nouveaux march\u00e9s. <\/strong>La moiti\u00e9 de la population se consid\u00e9rant comme flexitarienne dans des pays comme l&#8217;Allemagne, l&#8217;Espagne ou la Pologne, il existe une client\u00e8le diversifi\u00e9e et en forte croissance qui recherche des produits v\u00e9ganes et v\u00e9g\u00e9tariens, pour des raisons aussi bien de sant\u00e9, que d&#8217;\u00e9thique.<\/p>\n\n\n\n<p><strong>Augmenter votre visibilit\u00e9. <\/strong>Mettez vos produits sous les yeux des consommateurs et facilitez leurs choix d&#8217;achat gr\u00e2ce \u00e0 un label cr\u00e9dible et largement reconnu.<\/p>\n\n\n\n<p><strong>Obtenir la confiance.<\/strong> Il n&#8217;est pas n\u00e9cessaire d&#8217;en dire plus, le V-Label le dit pour vous. Sa r\u00e9putation et sa reconnaissance en tant que label de qualit\u00e9 professionnel et ind\u00e9pendant, et en tant que pr\u00e9curseur dans le secteur, font que les consommateurs ont confiance en ce label.<\/p>\n\n\n\n<div class=\"wp-block-buttons alignwide is-content-justification-center is-layout-flex wp-container-core-buttons-is-layout-16018d1d wp-block-buttons-is-layout-flex\">\n<div class=\"wp-block-button\"><a class=\"wp-block-button__link wp-element-button\" href=\"https:\/\/www.v-label.com\/ch-fr\/for-business\/get-certified\/\" rel=\"noopener\">Obtenir la certification<\/a><\/div>\n\n\n\n<div class=\"wp-block-button\"><a class=\"wp-block-button__link wp-element-button\" href=\"https:\/\/www.v-label.com\/ch-fr\/for-business\/benefits\/\">D\u00e9couvrir plus d&#8217;avantages<\/a><\/div>\n<\/div>\n\n\n\n<div class=\"wp-block-columns are-vertically-aligned-center is-layout-flex wp-container-core-columns-is-layout-9d6595d7 wp-block-columns-is-layout-flex\">\n<div class=\"wp-block-column is-vertically-aligned-center is-layout-flow wp-block-column-is-layout-flow\">\n<figure class=\"wp-block-image size-full\"><img decoding=\"async\" width=\"720\" height=\"482\" src=\"https:\/\/www.v-label.com\/wp-content\/uploads\/2022\/09\/b2b-info-page-1.webp\" alt=\"\" class=\"wp-image-876\" srcset=\"https:\/\/www.v-label.com\/wp-content\/uploads\/2022\/09\/b2b-info-page-1.webp 720w, https:\/\/www.v-label.com\/wp-content\/uploads\/2022\/09\/b2b-info-page-1-300x201.webp 300w\" sizes=\"(max-width: 720px) 100vw, 720px\" \/><\/figure>\n<\/div>\n\n\n\n<div class=\"wp-block-column is-vertically-aligned-center is-layout-flow wp-block-column-is-layout-flow\">\n<figure class=\"wp-block-image size-full\"><img decoding=\"async\" width=\"720\" height=\"497\" src=\"https:\/\/www.v-label.com\/wp-content\/uploads\/2022\/09\/b2b-info-page-2.webp\" alt=\"\" class=\"wp-image-879\" srcset=\"https:\/\/www.v-label.com\/wp-content\/uploads\/2022\/09\/b2b-info-page-2.webp 720w, https:\/\/www.v-label.com\/wp-content\/uploads\/2022\/09\/b2b-info-page-2-300x207.webp 300w\" sizes=\"(max-width: 720px) 100vw, 720px\" \/><\/figure>\n<\/div>\n\n\n\n<div class=\"wp-block-column is-vertically-aligned-center is-layout-flow wp-block-column-is-layout-flow\">\n<figure class=\"wp-block-image size-full\"><img decoding=\"async\" width=\"720\" height=\"482\" src=\"https:\/\/www.v-label.com\/wp-content\/uploads\/2022\/09\/b2b-info-page-3.webp\" alt=\"\" class=\"wp-image-860\" srcset=\"https:\/\/www.v-label.com\/wp-content\/uploads\/2022\/09\/b2b-info-page-3.webp 720w, https:\/\/www.v-label.com\/wp-content\/uploads\/2022\/09\/b2b-info-page-3-300x201.webp 300w\" sizes=\"(max-width: 720px) 100vw, 720px\" \/><\/figure>\n<\/div>\n<\/div>\n\n\n\n<h3 class=\"wp-block-heading\"><strong>Obtenez la certification<\/strong><\/h3>\n\n\n\n<p><strong>Pr\u00eat \u00e0 accro\u00eetre la visibilit\u00e9 de vos produits v\u00e9ganes et v\u00e9g\u00e9tariens ? <\/strong>Avec le V-Label, les clients pourront identifier vos produits comme \u00e9tant v\u00e9ganes ou v\u00e9g\u00e9tariens en un coup d&#8217;\u0153il. Ils pourront ainsi les acheter sans h\u00e9siter ni se questionner si leur composition est v\u00e9gane ou v\u00e9g\u00e9tarienne.<\/p>\n\n\n\n<p>D&#8217;un point de vue commercial, un partenariat avec un label leader comme le V-Label augmente votre fiabilit\u00e9 et votre transparence en mati\u00e8re de labelisation v\u00e9g\u00e9tarienne et v\u00e9gane. Pour vos clients, le V-Label est un guide simple et fiable qui les aide \u00e0 prendre de bonnes d\u00e9cisions d&#8217;achat, durables et coh\u00e9rentes.<\/p>\n\n\n\n<div class=\"wp-block-buttons alignwide is-content-justification-center is-layout-flex wp-container-core-buttons-is-layout-16018d1d wp-block-buttons-is-layout-flex\">\n<div class=\"wp-block-button\"><a class=\"wp-block-button__link wp-element-button\" href=\"https:\/\/www.v-label.com\/ch-fr\/for-business\/get-certified\/\" rel=\"noopener\">Obtenir la certification V-Label<\/a><\/div>\n<\/div>\n\n\n\n<h3 class=\"wp-block-heading\"><strong>Crit\u00e8res et questions fr\u00e9quemment pos\u00e9es (FAQ)<\/strong><\/h3>\n\n\n\n<p>Trouvez les r\u00e9ponses \u00e0 certaines des questions que vous vous posez<s> <\/s>sur le V-Label.<\/p>\n\n\n\n<div class=\"wp-block-buttons alignwide is-content-justification-center is-layout-flex wp-container-core-buttons-is-layout-16018d1d wp-block-buttons-is-layout-flex\">\n<div class=\"wp-block-button\"><a class=\"wp-block-button__link wp-element-button\" href=\"https:\/\/www.v-label.com\/ch-fr\/faqs\/\">Consulter les r\u00e9ponses aux FAQ<\/a><\/div>\n<\/div>\n","protected":false},"excerpt":{"rendered":"<p>Dans le monde entier, plus de 70 000 produits de plus de 4 800 titulaires de licence portent d\u00e9sormais le V-Label, un label de qualit\u00e9 accord\u00e9 aux produits et services v\u00e9ganes et v\u00e9g\u00e9tariens. Ce label, reconnu au niveau international, guide les clients du monde entier pour qu&#8217;ils puissent identifier d&#8217;un seul coup d&#8217;\u0153il les options [&hellip;]<\/p>\n","protected":false},"author":5,"featured_media":39772,"parent":0,"menu_order":0,"comment_status":"closed","ping_status":"closed","template":"","meta":{"_acf_changed":false,"_editorskit_title_hidden":false,"_editorskit_reading_time":0,"_editorskit_is_block_options_detached":false,"_editorskit_block_options_position":"{}","inline_featured_image":false,"_uag_custom_page_level_css":"","footnotes":""},"categories":[],"tags":[],"class_list":["post-18326","page","type-page","status-publish","has-post-thumbnail","hentry"],"acf":[],"uagb_featured_image_src":{"full":["https:\/\/www.v-label.com\/wp-content\/uploads\/2022\/12\/v-label-info-for-producers.jpg",1280,870,false],"thumbnail":["https:\/\/www.v-label.com\/wp-content\/uploads\/2022\/12\/v-label-info-for-producers-500x340.jpg",500,340,true],"medium":["https:\/\/www.v-label.com\/wp-content\/uploads\/2022\/12\/v-label-info-for-producers-300x204.jpg",300,204,true],"medium_large":["https:\/\/www.v-label.com\/wp-content\/uploads\/2022\/12\/v-label-info-for-producers-768x522.jpg",768,522,true],"large":["https:\/\/www.v-label.com\/wp-content\/uploads\/2022\/12\/v-label-info-for-producers-1024x696.jpg",1024,696,true],"1536x1536":["https:\/\/www.v-label.com\/wp-content\/uploads\/2022\/12\/v-label-info-for-producers.jpg",1280,870,false],"2048x2048":["https:\/\/www.v-label.com\/wp-content\/uploads\/2022\/12\/v-label-info-for-producers.jpg",1280,870,false],"preview":["https:\/\/www.v-label.com\/wp-content\/uploads\/2022\/12\/v-label-info-for-producers-904x720.jpg",904,720,true],"header":["https:\/\/www.v-label.com\/wp-content\/uploads\/2022\/12\/v-label-info-for-producers-1280x720.jpg",1280,720,true],"gform-image-choice-sm":["https:\/\/www.v-label.com\/wp-content\/uploads\/2022\/12\/v-label-info-for-producers.jpg",300,204,false],"gform-image-choice-md":["https:\/\/www.v-label.com\/wp-content\/uploads\/2022\/12\/v-label-info-for-producers.jpg",400,272,false],"gform-image-choice-lg":["https:\/\/www.v-label.com\/wp-content\/uploads\/2022\/12\/v-label-info-for-producers.jpg",600,408,false]},"uagb_author_info":{"display_name":"Can Aslan","author_link":"https:\/\/www.v-label.com\/ch-fr"},"uagb_comment_info":0,"uagb_excerpt":"Dans le monde entier, plus de 70 000 produits de plus de 4 800 titulaires de licence portent d\u00e9sormais le V-Label, un label de qualit\u00e9 accord\u00e9 aux produits et services v\u00e9ganes et v\u00e9g\u00e9tariens. Ce label, reconnu au niveau international, guide les clients du monde entier pour qu&#8217;ils puissent identifier d&#8217;un seul coup d&#8217;\u0153il les options&hellip;","_links":{"self":[{"href":"https:\/\/www.v-label.com\/ch-fr\/wp-json\/wp\/v2\/pages\/18326","targetHints":{"allow":["GET"]}}],"collection":[{"href":"https:\/\/www.v-label.com\/ch-fr\/wp-json\/wp\/v2\/pages"}],"about":[{"href":"https:\/\/www.v-label.com\/ch-fr\/wp-json\/wp\/v2\/types\/page"}],"author":[{"embeddable":true,"href":"https:\/\/www.v-label.com\/ch-fr\/wp-json\/wp\/v2\/users\/5"}],"replies":[{"embeddable":true,"href":"https:\/\/www.v-label.com\/ch-fr\/wp-json\/wp\/v2\/comments?post=18326"}],"version-history":[{"count":3,"href":"https:\/\/www.v-label.com\/ch-fr\/wp-json\/wp\/v2\/pages\/18326\/revisions"}],"predecessor-version":[{"id":83986,"href":"https:\/\/www.v-label.com\/ch-fr\/wp-json\/wp\/v2\/pages\/18326\/revisions\/83986"}],"wp:featuredmedia":[{"embeddable":true,"href":"https:\/\/www.v-label.com\/ch-fr\/wp-json\/wp\/v2\/media\/39772"}],"wp:attachment":[{"href":"https:\/\/www.v-label.com\/ch-fr\/wp-json\/wp\/v2\/media?parent=18326"}],"wp:term":[{"taxonomy":"category","embeddable":true,"href":"https:\/\/www.v-label.com\/ch-fr\/wp-json\/wp\/v2\/categories?post=18326"},{"taxonomy":"post_tag","embeddable":true,"href":"https:\/\/www.v-label.com\/ch-fr\/wp-json\/wp\/v2\/tags?post=18326"}],"curies":[{"name":"wp","href":"https:\/\/api.w.org\/{rel}","templated":true}]}}