{"id":18348,"date":"2022-09-13T11:07:37","date_gmt":"2022-09-13T09:07:37","guid":{"rendered":"https:\/\/www.v-label.com\/general-information\/certified-products\/cosmetics\/"},"modified":"2022-12-26T17:19:31","modified_gmt":"2022-12-26T16:19:31","slug":"cosmetics","status":"publish","type":"page","link":"https:\/\/www.v-label.com\/ch-fr\/informations-generales-pour-les-consommateurs\/produits-certifies\/cosmetics\/","title":{"rendered":"Cosm\u00e9tiques"},"content":{"rendered":"\n<p>Faites votre rituel beaut\u00e9 avec notre s\u00e9lection de soins capillaires et corporels v\u00e9ganes. Des savons et shampoings solides aux produits coiffants, choisissez parmi des marques utilisant des ingr\u00e9dients uniquement min\u00e9raux ou v\u00e9g\u00e9taux.<\/p>\n\n\n\n<div class=\"wp-block-columns are-vertically-aligned-center is-layout-flex wp-container-core-columns-is-layout-9d6595d7 wp-block-columns-is-layout-flex\">\n<div class=\"wp-block-column is-vertically-aligned-center is-layout-flow wp-block-column-is-layout-flow\">\n<figure class=\"wp-block-image size-medium\"><a href=\"https:\/\/www.andreabal.ch\/g\/Home.html\" target=\"_blank\" rel=\"noreferrer noopener\"><img decoding=\"async\" width=\"294\" height=\"300\" src=\"https:\/\/www.v-label.com\/wp-content\/uploads\/2022\/12\/andreabal-294x300.png\" alt=\"\" class=\"wp-image-11054\" srcset=\"https:\/\/www.v-label.com\/wp-content\/uploads\/2022\/12\/andreabal-294x300.png 294w, https:\/\/www.v-label.com\/wp-content\/uploads\/2022\/12\/andreabal-489x500.png 489w, https:\/\/www.v-label.com\/wp-content\/uploads\/2022\/12\/andreabal.png 600w\" sizes=\"(max-width: 294px) 100vw, 294px\" \/><\/a><\/figure>\n<\/div>\n\n\n\n<div class=\"wp-block-column is-vertically-aligned-center is-layout-flow wp-block-column-is-layout-flow\">\n<figure class=\"wp-block-image size-full\"><a href=\"https:\/\/pharmalp.ch\/de\/produits-de\/\" target=\"_blank\" rel=\"noreferrer noopener\"><img decoding=\"async\" width=\"300\" height=\"128\" src=\"https:\/\/www.v-label.com\/wp-content\/uploads\/2022\/12\/pharmalp2.png\" alt=\"\" class=\"wp-image-11167\"\/><\/a><\/figure>\n<\/div>\n\n\n\n<div class=\"wp-block-column is-vertically-aligned-center is-layout-flow wp-block-column-is-layout-flow\">\n<figure class=\"wp-block-image size-full is-resized\"><a href=\"https:\/\/www.migros.ch\/de\/content\/v-love\" target=\"_blank\" rel=\"noreferrer noopener\"><img decoding=\"async\" src=\"https:\/\/www.v-label.com\/wp-content\/uploads\/2022\/12\/pureproduction2.png\" alt=\"\" class=\"wp-image-11187\" width=\"134\" height=\"41\" srcset=\"https:\/\/www.v-label.com\/wp-content\/uploads\/2022\/12\/pureproduction2.png 400w, https:\/\/www.v-label.com\/wp-content\/uploads\/2022\/12\/pureproduction2-300x92.png 300w\" sizes=\"(max-width: 134px) 100vw, 134px\" \/><\/a><\/figure>\n<\/div>\n\n\n\n<div class=\"wp-block-column is-vertically-aligned-center is-layout-flow wp-block-column-is-layout-flow\">\n<figure class=\"wp-block-image size-full\"><a href=\"https:\/\/rivoli.ch\/de\/\" target=\"_blank\" rel=\"noreferrer noopener\"><img decoding=\"async\" width=\"150\" height=\"46\" src=\"https:\/\/www.v-label.com\/wp-content\/uploads\/2022\/12\/rivoli.png\" alt=\"\" class=\"wp-image-11114\"\/><\/a><\/figure>\n<\/div>\n\n\n\n<div class=\"wp-block-column is-vertically-aligned-center is-layout-flow wp-block-column-is-layout-flow\">\n<figure class=\"wp-block-image size-medium\"><a href=\"https:\/\/www.streuli-pharma.ch\/de\/\" target=\"_blank\" rel=\"noreferrer noopener\"><img decoding=\"async\" width=\"300\" height=\"177\" src=\"https:\/\/www.v-label.com\/wp-content\/uploads\/2022\/12\/streulipharma-300x177.jpg\" alt=\"\" class=\"wp-image-11134\" srcset=\"https:\/\/www.v-label.com\/wp-content\/uploads\/2022\/12\/streulipharma-300x177.jpg 300w, https:\/\/www.v-label.com\/wp-content\/uploads\/2022\/12\/streulipharma-1024x604.jpg 1024w, https:\/\/www.v-label.com\/wp-content\/uploads\/2022\/12\/streulipharma-500x295.jpg 500w, https:\/\/www.v-label.com\/wp-content\/uploads\/2022\/12\/streulipharma-768x453.jpg 768w, https:\/\/www.v-label.com\/wp-content\/uploads\/2022\/12\/streulipharma-1536x906.jpg 1536w, https:\/\/www.v-label.com\/wp-content\/uploads\/2022\/12\/streulipharma.jpg 2000w\" sizes=\"(max-width: 300px) 100vw, 300px\" \/><\/a><\/figure>\n<\/div>\n<\/div>\n","protected":false},"excerpt":{"rendered":"<p>Faites votre rituel beaut\u00e9 avec notre s\u00e9lection de soins capillaires et corporels v\u00e9ganes. Des savons et shampoings solides aux produits coiffants, choisissez parmi des marques utilisant des ingr\u00e9dients uniquement min\u00e9raux ou v\u00e9g\u00e9taux.<\/p>\n","protected":false},"author":5,"featured_media":18349,"parent":18340,"menu_order":0,"comment_status":"closed","ping_status":"closed","template":"","meta":{"_acf_changed":false,"_editorskit_title_hidden":false,"_editorskit_reading_time":0,"_editorskit_is_block_options_detached":false,"_editorskit_block_options_position":"{}","inline_featured_image":false,"_uag_custom_page_level_css":"","footnotes":""},"categories":[],"tags":[],"class_list":["post-18348","page","type-page","status-publish","has-post-thumbnail","hentry"],"acf":[],"uagb_featured_image_src":{"full":["https:\/\/www.v-label.com\/wp-content\/uploads\/2022\/12\/cosmetics-1280-1.jpg",1280,868,false],"thumbnail":["https:\/\/www.v-label.com\/wp-content\/uploads\/2022\/12\/cosmetics-1280-1-500x339.jpg",500,339,true],"medium":["https:\/\/www.v-label.com\/wp-content\/uploads\/2022\/12\/cosmetics-1280-1-300x203.jpg",300,203,true],"medium_large":["https:\/\/www.v-label.com\/wp-content\/uploads\/2022\/12\/cosmetics-1280-1-768x521.jpg",768,521,true],"large":["https:\/\/www.v-label.com\/wp-content\/uploads\/2022\/12\/cosmetics-1280-1-1024x694.jpg",1024,694,true],"1536x1536":["https:\/\/www.v-label.com\/wp-content\/uploads\/2022\/12\/cosmetics-1280-1.jpg",1280,868,false],"2048x2048":["https:\/\/www.v-label.com\/wp-content\/uploads\/2022\/12\/cosmetics-1280-1.jpg",1280,868,false],"preview":["https:\/\/www.v-label.com\/wp-content\/uploads\/2022\/12\/cosmetics-1280-1-904x720.jpg",904,720,true],"header":["https:\/\/www.v-label.com\/wp-content\/uploads\/2022\/12\/cosmetics-1280-1-1280x720.jpg",1280,720,true],"gform-image-choice-sm":["https:\/\/www.v-label.com\/wp-content\/uploads\/2022\/12\/cosmetics-1280-1.jpg",300,203,false],"gform-image-choice-md":["https:\/\/www.v-label.com\/wp-content\/uploads\/2022\/12\/cosmetics-1280-1.jpg",400,271,false],"gform-image-choice-lg":["https:\/\/www.v-label.com\/wp-content\/uploads\/2022\/12\/cosmetics-1280-1.jpg",600,407,false]},"uagb_author_info":{"display_name":"Can Aslan","author_link":"https:\/\/www.v-label.com\/ch-fr"},"uagb_comment_info":0,"uagb_excerpt":"Faites votre rituel beaut\u00e9 avec notre s\u00e9lection de soins capillaires et corporels v\u00e9ganes. Des savons et shampoings solides aux produits coiffants, choisissez parmi des marques utilisant des ingr\u00e9dients uniquement min\u00e9raux ou v\u00e9g\u00e9taux.","_links":{"self":[{"href":"https:\/\/www.v-label.com\/ch-fr\/wp-json\/wp\/v2\/pages\/18348","targetHints":{"allow":["GET"]}}],"collection":[{"href":"https:\/\/www.v-label.com\/ch-fr\/wp-json\/wp\/v2\/pages"}],"about":[{"href":"https:\/\/www.v-label.com\/ch-fr\/wp-json\/wp\/v2\/types\/page"}],"author":[{"embeddable":true,"href":"https:\/\/www.v-label.com\/ch-fr\/wp-json\/wp\/v2\/users\/5"}],"replies":[{"embeddable":true,"href":"https:\/\/www.v-label.com\/ch-fr\/wp-json\/wp\/v2\/comments?post=18348"}],"version-history":[{"count":1,"href":"https:\/\/www.v-label.com\/ch-fr\/wp-json\/wp\/v2\/pages\/18348\/revisions"}],"predecessor-version":[{"id":39195,"href":"https:\/\/www.v-label.com\/ch-fr\/wp-json\/wp\/v2\/pages\/18348\/revisions\/39195"}],"up":[{"embeddable":true,"href":"https:\/\/www.v-label.com\/ch-fr\/wp-json\/wp\/v2\/pages\/18340"}],"wp:featuredmedia":[{"embeddable":true,"href":"https:\/\/www.v-label.com\/ch-fr\/wp-json\/wp\/v2\/media\/18349"}],"wp:attachment":[{"href":"https:\/\/www.v-label.com\/ch-fr\/wp-json\/wp\/v2\/media?parent=18348"}],"wp:term":[{"taxonomy":"category","embeddable":true,"href":"https:\/\/www.v-label.com\/ch-fr\/wp-json\/wp\/v2\/categories?post=18348"},{"taxonomy":"post_tag","embeddable":true,"href":"https:\/\/www.v-label.com\/ch-fr\/wp-json\/wp\/v2\/tags?post=18348"}],"curies":[{"name":"wp","href":"https:\/\/api.w.org\/{rel}","templated":true}]}}