{"id":18359,"date":"2022-09-13T11:04:54","date_gmt":"2022-09-13T09:04:54","guid":{"rendered":"https:\/\/www.v-label.com\/general-information\/certified-products\/fish-alternatives\/"},"modified":"2023-01-21T13:21:45","modified_gmt":"2023-01-21T12:21:45","slug":"fish-alternatives","status":"publish","type":"page","link":"https:\/\/www.v-label.com\/ch-fr\/informations-generales-pour-les-consommateurs\/produits-certifies\/fish-alternatives\/","title":{"rendered":"Les Alternatives au Poisson"},"content":{"rendered":"\n<p>Les poissons et fruits de mer d\u2019origine v\u00e9g\u00e9tale ne sont pas seulement des filets sans poisson \u00e0 votre table de No\u00ebl. Ce march\u00e9 \u00e0 suivre offre une vari\u00e9t\u00e9 de repas riches en prot\u00e9ines, du plus simple au plus sophistiqu\u00e9.<\/p>\n\n\n\n<div class=\"wp-block-columns are-vertically-aligned-center is-layout-flex wp-container-core-columns-is-layout-9d6595d7 wp-block-columns-is-layout-flex\">\n<div class=\"wp-block-column is-vertically-aligned-center is-layout-flow wp-block-column-is-layout-flow\">\n<figure class=\"wp-block-image aligncenter size-medium\"><a href=\"https:\/\/www.migros.ch\/de\/content\/v-love\" target=\"_blank\" rel=\"noreferrer noopener\"><img decoding=\"async\" width=\"300\" height=\"200\" src=\"https:\/\/www.v-label.com\/wp-content\/uploads\/2022\/12\/v-love-300x200.jpg\" alt=\"\" class=\"wp-image-39018\" srcset=\"https:\/\/www.v-label.com\/wp-content\/uploads\/2022\/12\/v-love-300x200.jpg 300w, https:\/\/www.v-label.com\/wp-content\/uploads\/2022\/12\/v-love-500x333.jpg 500w, https:\/\/www.v-label.com\/wp-content\/uploads\/2022\/12\/v-love.jpg 600w\" sizes=\"(max-width: 300px) 100vw, 300px\" \/><\/a><\/figure>\n<\/div>\n\n\n\n<div class=\"wp-block-column is-vertically-aligned-center is-layout-flow wp-block-column-is-layout-flow\">\n<figure class=\"wp-block-image aligncenter size-medium\"><a href=\"https:\/\/www.coop.ch\/de\/lebensmittel\/spezielle-ernaehrung\/karma\/karma.html\" target=\"_blank\" rel=\"noreferrer noopener\"><img decoding=\"async\" width=\"300\" height=\"274\" src=\"https:\/\/www.v-label.com\/wp-content\/uploads\/2023\/01\/karma-300x274.png\" alt=\"\" class=\"wp-image-42676\" srcset=\"https:\/\/www.v-label.com\/wp-content\/uploads\/2023\/01\/karma-300x274.png 300w, https:\/\/www.v-label.com\/wp-content\/uploads\/2023\/01\/karma-500x457.png 500w, https:\/\/www.v-label.com\/wp-content\/uploads\/2023\/01\/karma.png 600w\" sizes=\"(max-width: 300px) 100vw, 300px\" \/><\/a><\/figure>\n<\/div>\n\n\n\n<div class=\"wp-block-column is-vertically-aligned-center is-layout-flow wp-block-column-is-layout-flow\">\n<figure class=\"wp-block-image aligncenter size-medium\"><a href=\"https:\/\/de.hilcona.ch\/\" target=\"_blank\" rel=\"noreferrer noopener\"><img decoding=\"async\" width=\"300\" height=\"158\" src=\"https:\/\/www.v-label.com\/wp-content\/uploads\/2023\/01\/hilcona-300x158.png\" alt=\"\" class=\"wp-image-42616\" srcset=\"https:\/\/www.v-label.com\/wp-content\/uploads\/2023\/01\/hilcona-300x158.png 300w, https:\/\/www.v-label.com\/wp-content\/uploads\/2023\/01\/hilcona-500x263.png 500w, https:\/\/www.v-label.com\/wp-content\/uploads\/2023\/01\/hilcona.png 600w\" sizes=\"(max-width: 300px) 100vw, 300px\" \/><\/a><\/figure>\n<\/div>\n\n\n\n<div class=\"wp-block-column is-vertically-aligned-center is-layout-flow wp-block-column-is-layout-flow\">\n<figure class=\"wp-block-image aligncenter size-medium\"><a href=\"https:\/\/haco.ch\/\" target=\"_blank\" rel=\"noreferrer noopener\"><img decoding=\"async\" width=\"300\" height=\"91\" src=\"https:\/\/www.v-label.com\/wp-content\/uploads\/2023\/01\/haco-300x91.png\" alt=\"\" class=\"wp-image-42646\" srcset=\"https:\/\/www.v-label.com\/wp-content\/uploads\/2023\/01\/haco-300x91.png 300w, https:\/\/www.v-label.com\/wp-content\/uploads\/2023\/01\/haco-500x152.png 500w, https:\/\/www.v-label.com\/wp-content\/uploads\/2023\/01\/haco.png 600w\" sizes=\"(max-width: 300px) 100vw, 300px\" \/><\/a><\/figure>\n<\/div>\n<\/div>\n","protected":false},"excerpt":{"rendered":"<p>Les poissons et fruits de mer d\u2019origine v\u00e9g\u00e9tale ne sont pas seulement des filets sans poisson \u00e0 votre table de No\u00ebl. Ce march\u00e9 \u00e0 suivre offre une vari\u00e9t\u00e9 de repas riches en prot\u00e9ines, du plus simple au plus sophistiqu\u00e9.<\/p>\n","protected":false},"author":5,"featured_media":18360,"parent":18340,"menu_order":0,"comment_status":"closed","ping_status":"closed","template":"","meta":{"_acf_changed":false,"_editorskit_title_hidden":false,"_editorskit_reading_time":0,"_editorskit_is_block_options_detached":false,"_editorskit_block_options_position":"{}","inline_featured_image":false,"_uag_custom_page_level_css":"","footnotes":""},"categories":[],"tags":[],"class_list":["post-18359","page","type-page","status-publish","has-post-thumbnail","hentry"],"acf":[],"uagb_featured_image_src":{"full":["https:\/\/www.v-label.com\/wp-content\/uploads\/2022\/12\/fish-alternatives-1280.jpg",1280,853,false],"thumbnail":["https:\/\/www.v-label.com\/wp-content\/uploads\/2022\/12\/fish-alternatives-1280-500x333.jpg",500,333,true],"medium":["https:\/\/www.v-label.com\/wp-content\/uploads\/2022\/12\/fish-alternatives-1280-300x200.jpg",300,200,true],"medium_large":["https:\/\/www.v-label.com\/wp-content\/uploads\/2022\/12\/fish-alternatives-1280-768x512.jpg",768,512,true],"large":["https:\/\/www.v-label.com\/wp-content\/uploads\/2022\/12\/fish-alternatives-1280-1024x682.jpg",1024,682,true],"1536x1536":["https:\/\/www.v-label.com\/wp-content\/uploads\/2022\/12\/fish-alternatives-1280.jpg",1280,853,false],"2048x2048":["https:\/\/www.v-label.com\/wp-content\/uploads\/2022\/12\/fish-alternatives-1280.jpg",1280,853,false],"preview":["https:\/\/www.v-label.com\/wp-content\/uploads\/2022\/12\/fish-alternatives-1280-904x720.jpg",904,720,true],"header":["https:\/\/www.v-label.com\/wp-content\/uploads\/2022\/12\/fish-alternatives-1280-1280x720.jpg",1280,720,true],"gform-image-choice-sm":["https:\/\/www.v-label.com\/wp-content\/uploads\/2022\/12\/fish-alternatives-1280.jpg",300,200,false],"gform-image-choice-md":["https:\/\/www.v-label.com\/wp-content\/uploads\/2022\/12\/fish-alternatives-1280.jpg",400,267,false],"gform-image-choice-lg":["https:\/\/www.v-label.com\/wp-content\/uploads\/2022\/12\/fish-alternatives-1280.jpg",600,400,false]},"uagb_author_info":{"display_name":"Can Aslan","author_link":"https:\/\/www.v-label.com\/ch-fr"},"uagb_comment_info":0,"uagb_excerpt":"Les poissons et fruits de mer d\u2019origine v\u00e9g\u00e9tale ne sont pas seulement des filets sans poisson \u00e0 votre table de No\u00ebl. Ce march\u00e9 \u00e0 suivre offre une vari\u00e9t\u00e9 de repas riches en prot\u00e9ines, du plus simple au plus sophistiqu\u00e9.","_links":{"self":[{"href":"https:\/\/www.v-label.com\/ch-fr\/wp-json\/wp\/v2\/pages\/18359","targetHints":{"allow":["GET"]}}],"collection":[{"href":"https:\/\/www.v-label.com\/ch-fr\/wp-json\/wp\/v2\/pages"}],"about":[{"href":"https:\/\/www.v-label.com\/ch-fr\/wp-json\/wp\/v2\/types\/page"}],"author":[{"embeddable":true,"href":"https:\/\/www.v-label.com\/ch-fr\/wp-json\/wp\/v2\/users\/5"}],"replies":[{"embeddable":true,"href":"https:\/\/www.v-label.com\/ch-fr\/wp-json\/wp\/v2\/comments?post=18359"}],"version-history":[{"count":2,"href":"https:\/\/www.v-label.com\/ch-fr\/wp-json\/wp\/v2\/pages\/18359\/revisions"}],"predecessor-version":[{"id":42756,"href":"https:\/\/www.v-label.com\/ch-fr\/wp-json\/wp\/v2\/pages\/18359\/revisions\/42756"}],"up":[{"embeddable":true,"href":"https:\/\/www.v-label.com\/ch-fr\/wp-json\/wp\/v2\/pages\/18340"}],"wp:featuredmedia":[{"embeddable":true,"href":"https:\/\/www.v-label.com\/ch-fr\/wp-json\/wp\/v2\/media\/18360"}],"wp:attachment":[{"href":"https:\/\/www.v-label.com\/ch-fr\/wp-json\/wp\/v2\/media?parent=18359"}],"wp:term":[{"taxonomy":"category","embeddable":true,"href":"https:\/\/www.v-label.com\/ch-fr\/wp-json\/wp\/v2\/categories?post=18359"},{"taxonomy":"post_tag","embeddable":true,"href":"https:\/\/www.v-label.com\/ch-fr\/wp-json\/wp\/v2\/tags?post=18359"}],"curies":[{"name":"wp","href":"https:\/\/api.w.org\/{rel}","templated":true}]}}