{"id":79809,"date":"2024-05-07T16:20:25","date_gmt":"2024-05-07T14:20:25","guid":{"rendered":"https:\/\/www.v-label.com\/?page_id=79809"},"modified":"2024-05-07T16:22:55","modified_gmt":"2024-05-07T14:22:55","slug":"obtenir-la-certification-v-label-test","status":"publish","type":"page","link":"https:\/\/www.v-label.com\/ch-fr\/obtenir-la-certification-v-label-test\/","title":{"rendered":"Obtenir la certification V-Label"},"content":{"rendered":"\n<p>Pour obtenir une licence et apposer le V-Label sur vos produits v\u00e9ganes et v\u00e9g\u00e9tariens, vous devez commencer par vous inscrire comme nouveau client. Afin de vous proposer une offre non-contractuelle, nous avons besoin d\u2019informations sur votre entreprise ainsi que des informations g\u00e9n\u00e9rales sur les produits pour lesquels vous souhaiteriez obtenir une licence.<\/p>\n\n\n\n<p>Les informations d\u00e9taill\u00e9es sur les produits en vue de leur inspection ne sont n\u00e9cessaires qu\u2019apr\u00e8s la proposition d\u2019offre et la signature du contrat. Pour ce faire, remplissez le formulaire de sp\u00e9cification que votre conc\u00e9dant peut partager avec vous et renvoyez-le nous. Apr\u00e8s la v\u00e9rification des sp\u00e9cifications des produits, vous recevrez la licence pour l\u2019utilisation du V-Label.<\/p>\n\n\n\n<script charset=\"utf-8\" type=\"text\/javascript\" src=\"\/\/js-eu1.hsforms.net\/forms\/embed\/v2.js\"><\/script>\n<script>\n  hbspt.forms.create({\n    region: \"eu1\",\n    portalId: \"9342260\",\n    formId: \"fefb9e6d-e2a1-436e-ba36-1274ef2977a0\"\n  });\n<\/script>\n","protected":false},"excerpt":{"rendered":"<p>Pour obtenir une licence et apposer le V-Label sur vos produits v\u00e9ganes et v\u00e9g\u00e9tariens, vous devez commencer par vous inscrire comme nouveau client. Afin de vous proposer une offre non-contractuelle, nous avons besoin d\u2019informations sur votre entreprise ainsi que des informations g\u00e9n\u00e9rales sur les produits pour lesquels vous souhaiteriez obtenir une licence. Les informations d\u00e9taill\u00e9es [&hellip;]<\/p>\n","protected":false},"author":1,"featured_media":39931,"parent":0,"menu_order":0,"comment_status":"closed","ping_status":"closed","template":"","meta":{"_acf_changed":false,"_editorskit_title_hidden":false,"_editorskit_reading_time":0,"_editorskit_is_block_options_detached":false,"_editorskit_block_options_position":"{}","inline_featured_image":false,"_uag_custom_page_level_css":"","footnotes":""},"categories":[],"tags":[],"class_list":["post-79809","page","type-page","status-publish","has-post-thumbnail","hentry"],"acf":[],"uagb_featured_image_src":{"full":["https:\/\/www.v-label.com\/wp-content\/uploads\/2022\/12\/v-label-get-certified-2.jpg",1280,854,false],"thumbnail":["https:\/\/www.v-label.com\/wp-content\/uploads\/2022\/12\/v-label-get-certified-2-500x334.jpg",500,334,true],"medium":["https:\/\/www.v-label.com\/wp-content\/uploads\/2022\/12\/v-label-get-certified-2-300x200.jpg",300,200,true],"medium_large":["https:\/\/www.v-label.com\/wp-content\/uploads\/2022\/12\/v-label-get-certified-2-768x512.jpg",768,512,true],"large":["https:\/\/www.v-label.com\/wp-content\/uploads\/2022\/12\/v-label-get-certified-2-1024x683.jpg",1024,683,true],"1536x1536":["https:\/\/www.v-label.com\/wp-content\/uploads\/2022\/12\/v-label-get-certified-2.jpg",1280,854,false],"2048x2048":["https:\/\/www.v-label.com\/wp-content\/uploads\/2022\/12\/v-label-get-certified-2.jpg",1280,854,false],"preview":["https:\/\/www.v-label.com\/wp-content\/uploads\/2022\/12\/v-label-get-certified-2-904x720.jpg",904,720,true],"header":["https:\/\/www.v-label.com\/wp-content\/uploads\/2022\/12\/v-label-get-certified-2-1280x720.jpg",1280,720,true],"gform-image-choice-sm":["https:\/\/www.v-label.com\/wp-content\/uploads\/2022\/12\/v-label-get-certified-2.jpg",300,200,false],"gform-image-choice-md":["https:\/\/www.v-label.com\/wp-content\/uploads\/2022\/12\/v-label-get-certified-2.jpg",400,267,false],"gform-image-choice-lg":["https:\/\/www.v-label.com\/wp-content\/uploads\/2022\/12\/v-label-get-certified-2.jpg",600,400,false]},"uagb_author_info":{"display_name":"eno","author_link":"https:\/\/www.v-label.com\/ch-fr"},"uagb_comment_info":0,"uagb_excerpt":"Pour obtenir une licence et apposer le V-Label sur vos produits v\u00e9ganes et v\u00e9g\u00e9tariens, vous devez commencer par vous inscrire comme nouveau client. Afin de vous proposer une offre non-contractuelle, nous avons besoin d\u2019informations sur votre entreprise ainsi que des informations g\u00e9n\u00e9rales sur les produits pour lesquels vous souhaiteriez obtenir une licence. Les informations d\u00e9taill\u00e9es&hellip;","_links":{"self":[{"href":"https:\/\/www.v-label.com\/ch-fr\/wp-json\/wp\/v2\/pages\/79809","targetHints":{"allow":["GET"]}}],"collection":[{"href":"https:\/\/www.v-label.com\/ch-fr\/wp-json\/wp\/v2\/pages"}],"about":[{"href":"https:\/\/www.v-label.com\/ch-fr\/wp-json\/wp\/v2\/types\/page"}],"author":[{"embeddable":true,"href":"https:\/\/www.v-label.com\/ch-fr\/wp-json\/wp\/v2\/users\/1"}],"replies":[{"embeddable":true,"href":"https:\/\/www.v-label.com\/ch-fr\/wp-json\/wp\/v2\/comments?post=79809"}],"version-history":[{"count":1,"href":"https:\/\/www.v-label.com\/ch-fr\/wp-json\/wp\/v2\/pages\/79809\/revisions"}],"predecessor-version":[{"id":79839,"href":"https:\/\/www.v-label.com\/ch-fr\/wp-json\/wp\/v2\/pages\/79809\/revisions\/79839"}],"wp:featuredmedia":[{"embeddable":true,"href":"https:\/\/www.v-label.com\/ch-fr\/wp-json\/wp\/v2\/media\/39931"}],"wp:attachment":[{"href":"https:\/\/www.v-label.com\/ch-fr\/wp-json\/wp\/v2\/media?parent=79809"}],"wp:term":[{"taxonomy":"category","embeddable":true,"href":"https:\/\/www.v-label.com\/ch-fr\/wp-json\/wp\/v2\/categories?post=79809"},{"taxonomy":"post_tag","embeddable":true,"href":"https:\/\/www.v-label.com\/ch-fr\/wp-json\/wp\/v2\/tags?post=79809"}],"curies":[{"name":"wp","href":"https:\/\/api.w.org\/{rel}","templated":true}]}}